{"id":8969,"date":"2020-12-08T17:32:33","date_gmt":"2020-12-08T17:32:33","guid":{"rendered":"https:\/\/dolanzarote.com\/?page_id=8969"},"modified":"2021-01-08T12:34:25","modified_gmt":"2021-01-08T12:34:25","slug":"calificacion-de-anadas","status":"publish","type":"page","link":"https:\/\/dolanzarote.com\/fr\/calificacion-de-anadas\/","title":{"rendered":"COTES DE MILL\u00c9SIME"},"content":{"rendered":"<p>[vc_row row_type=\u00a0\u00bbrow\u00a0\u00bb use_row_as_full_screen_section=\u00a0\u00bbno\u00a0\u00bb type=\u00a0\u00bbfull_width\u00a0\u00bb angled_section=\u00a0\u00bbno\u00a0\u00bb text_align=\u00a0\u00bbleft\u00a0\u00bb background_image_as_pattern=\u00a0\u00bbwithout_pattern\u00a0\u00bb css_animation=\u00a0\u00bb\u00a0\u00bb][vc_column width=\u00a0\u00bb2\/3&Prime;][vc_column_text]\n<table id=\"tablepress-14\" class=\"tablepress tablepress-id-14\">\n<thead>\n<tr class=\"row-1\">\n\t<th class=\"column-1\">Ann\u00e9e<\/th><th class=\"column-2\">COTES<\/th>\n<\/tr>\n<\/thead>\n<tbody class=\"row-striping\">\n<tr class=\"row-2\">\n\t<td class=\"column-1\">1994<\/td><td class=\"column-2\">Muy Buena<\/td>\n<\/tr>\n<tr class=\"row-3\">\n\t<td class=\"column-1\">1995<\/td><td class=\"column-2\">Muy Buena<\/td>\n<\/tr>\n<tr class=\"row-4\">\n\t<td class=\"column-1\">1996<\/td><td class=\"column-2\">Muy Buena<\/td>\n<\/tr>\n<tr class=\"row-5\">\n\t<td class=\"column-1\">1997<\/td><td class=\"column-2\">Muy Buena<\/td>\n<\/tr>\n<tr class=\"row-6\">\n\t<td class=\"column-1\">1998<\/td><td class=\"column-2\">Muy Buena<\/td>\n<\/tr>\n<tr class=\"row-7\">\n\t<td class=\"column-1\">1999<\/td><td class=\"column-2\">Excelente<\/td>\n<\/tr>\n<tr class=\"row-8\">\n\t<td class=\"column-1\">2000<\/td><td class=\"column-2\">Muy Buena<\/td>\n<\/tr>\n<tr class=\"row-9\">\n\t<td class=\"column-1\">2001<\/td><td class=\"column-2\">Muy Buena<\/td>\n<\/tr>\n<tr class=\"row-10\">\n\t<td class=\"column-1\">2001<\/td><td class=\"column-2\">Muy Buena<\/td>\n<\/tr>\n<tr class=\"row-11\">\n\t<td class=\"column-1\">2002<\/td><td class=\"column-2\">Excelente<\/td>\n<\/tr>\n<tr class=\"row-12\">\n\t<td class=\"column-1\">2003<\/td><td class=\"column-2\">Muy Buena<\/td>\n<\/tr>\n<tr class=\"row-13\">\n\t<td class=\"column-1\">2004<\/td><td class=\"column-2\">Muy Buena<\/td>\n<\/tr>\n<tr class=\"row-14\">\n\t<td class=\"column-1\">2005<\/td><td class=\"column-2\">Muy Buena<\/td>\n<\/tr>\n<tr class=\"row-15\">\n\t<td class=\"column-1\">2006<\/td><td class=\"column-2\">Muy Buena<\/td>\n<\/tr>\n<tr class=\"row-16\">\n\t<td class=\"column-1\">2007<\/td><td class=\"column-2\">Muy Buena<\/td>\n<\/tr>\n<tr class=\"row-17\">\n\t<td class=\"column-1\">2008<\/td><td class=\"column-2\">Buena<\/td>\n<\/tr>\n<tr class=\"row-18\">\n\t<td class=\"column-1\">2009<\/td><td class=\"column-2\">Muy Buena<\/td>\n<\/tr>\n<tr class=\"row-19\">\n\t<td class=\"column-1\">2010<\/td><td class=\"column-2\">Excelente<\/td>\n<\/tr>\n<tr class=\"row-20\">\n\t<td class=\"column-1\">2011<\/td><td class=\"column-2\">Muy Buena<\/td>\n<\/tr>\n<tr class=\"row-21\">\n\t<td class=\"column-1\">2012<\/td><td class=\"column-2\">Excelente<\/td>\n<\/tr>\n<tr class=\"row-22\">\n\t<td class=\"column-1\">2013<\/td><td class=\"column-2\">Excelente<\/td>\n<\/tr>\n<tr class=\"row-23\">\n\t<td class=\"column-1\">2014<\/td><td class=\"column-2\">Excelente<\/td>\n<\/tr>\n<tr class=\"row-24\">\n\t<td class=\"column-1\">2015<\/td><td class=\"column-2\">Muy Buena<\/td>\n<\/tr>\n<tr class=\"row-25\">\n\t<td class=\"column-1\">2016<\/td><td class=\"column-2\">Muy Buena<\/td>\n<\/tr>\n<tr class=\"row-26\">\n\t<td class=\"column-1\">2017<\/td><td class=\"column-2\">Excelente<\/td>\n<\/tr>\n<tr class=\"row-27\">\n\t<td class=\"column-1\">2018<\/td><td class=\"column-2\">Muy Buena<\/td>\n<\/tr>\n<tr class=\"row-28\">\n\t<td class=\"column-1\">2019<\/td><td class=\"column-2\">Muy Buena<\/td>\n<\/tr>\n<tr class=\"row-29\">\n\t<td class=\"column-1\">2020<\/td><td class=\"column-2\">Muy Buena<\/td>\n<\/tr>\n<tr class=\"row-30\">\n\t<td class=\"column-1\">2021<\/td><td class=\"column-2\">Muy Buena<\/td>\n<\/tr>\n<tr class=\"row-31\">\n\t<td class=\"column-1\">2022<\/td><td class=\"column-2\">Muy Buena<\/td>\n<\/tr>\n<tr class=\"row-32\">\n\t<td class=\"column-1\">2023<\/td><td class=\"column-2\">Muy Buena<\/td>\n<\/tr>\n<tr class=\"row-33\">\n\t<td class=\"column-1\">2024<\/td><td class=\"column-2\">Muy Buena<\/td>\n<\/tr>\n<\/tbody>\n<\/table>\n<!-- #tablepress-14 from cache -->[\/vc_column_text][\/vc_column][vc_column width=\u00a0\u00bb1\/3&Prime;][vc_widget_sidebar sidebar_id=\u00a0\u00bbsidebar_page\u00a0\u00bb][\/vc_column][\/vc_row]<\/p>\n<!-- Begin Yuzo --><div class='yuzo_related_post style-1'  data-version='5.12.89'><!-- without result --><div class='yuzo_clearfixed yuzo__title yuzo__title'><h3>Noticias relacionadas<\/h3><\/div>\n\t\t\t\t\t\t  <div class=\"relatedthumb \" style=\"width:215px;float:left;overflow:hidden;\">  \n\t\t\t\t\t\t\t  \n\t\t\t\t\t\t\t  <a rel='nofollow' href=\"https:\/\/dolanzarote.com\/fr\/las-seis-bodegas-participantes-sirvieron-400-litros-de-vino-en-la-feria-del-queso-de-playa-blanca\/\"  >\n\t\t\t\t\t\t\t\t\t  <div class=\"yuzo-img-wrap \" style=\"width: 215px;height:180px;\">\n\t\t\t\t\t\t\t\t\t\t\n\t\t\t\t\t\t\t\t\t\t<div class=\"yuzo-img\" style=\"background:url('https:\/\/dolanzarote.com\/wp-content\/uploads\/2013\/03\/2013-03-02_12.14.32-300x225.jpg') 50% 50% no-repeat;width: 215px;height:180px;margin-bottom: 5px;background-size: cover; \"><\/div>\n\t\t\t\t\t\t\t\t\t  <\/div>\n\t\t\t\t\t\t\t\t\t  \n\t\t\t\t\t\t\t\t   <span class=\"yuzo__text--title\" style=\"font-size:18px;font-weight:bold;\">Las seis bodegas participantes sirvieron 400 litros de vino en la Feria ...<\/span>\n\t\t\t\t\t\t\t  <span class=\"yuzo_text\" style=\"font-size:14px;\" >Las 2.500 personas asistentes consumieron un total de 14.000 degustaciones de las que 3.000 fueron d...<\/span>\n\t\t\t\t\t\t\t  \n\t\t\t\t\t\t\t  <\/a>\n\n\t\t\t\t\t\t  <\/div>\n\t\t\t\t\t\t  <div class=\"relatedthumb \" style=\"width:215px;float:left;overflow:hidden;\">  \n\t\t\t\t\t\t\t  \n\t\t\t\t\t\t\t  <a rel='nofollow' href=\"https:\/\/dolanzarote.com\/fr\/medalla-de-plata-para-el-rubicon-moscatel-de-2015-en-el-concurso-vinalies-internationales\/\"  >\n\t\t\t\t\t\t\t\t\t  <div class=\"yuzo-img-wrap \" style=\"width: 215px;height:180px;\">\n\t\t\t\t\t\t\t\t\t\t\n\t\t\t\t\t\t\t\t\t\t<div class=\"yuzo-img\" style=\"background:url('https:\/\/dolanzarote.com\/wp-content\/uploads\/2016\/05\/Rubicon-Moscatel-300x294.jpg') 50% 50% no-repeat;width: 215px;height:180px;margin-bottom: 5px;background-size: cover; \"><\/div>\n\t\t\t\t\t\t\t\t\t  <\/div>\n\t\t\t\t\t\t\t\t\t  \n\t\t\t\t\t\t\t\t   <span class=\"yuzo__text--title\" style=\"font-size:18px;font-weight:bold;\">Medalla de plata para el Rubic\u00f3n Moscatel de 2015 en el concurso Vinalie...<\/span>\n\t\t\t\t\t\t\t  <span class=\"yuzo_text\" style=\"font-size:14px;\" >D\u00e9sol\u00e9, cet article est seulement disponible en Espa\u00f1ol et English.<\/span>\n\t\t\t\t\t\t\t  \n\t\t\t\t\t\t\t  <\/a>\n\n\t\t\t\t\t\t  <\/div>\n\t\t\t\t\t\t  <div class=\"relatedthumb \" style=\"width:215px;float:left;overflow:hidden;\">  \n\t\t\t\t\t\t\t  \n\t\t\t\t\t\t\t  <a rel='nofollow' href=\"https:\/\/dolanzarote.com\/fr\/la-version-digital-de-el-mundo-se-hace-eco-de-un-libro-que-resalta-las-excelencias-vitivinicolas-de-lanzarote\/\"  >\n\t\t\t\t\t\t\t\t\t  <div class=\"yuzo-img-wrap \" style=\"width: 215px;height:180px;\">\n\t\t\t\t\t\t\t\t\t\t\n\t\t\t\t\t\t\t\t\t\t<div class=\"yuzo-img\" style=\"background:url('http:\/\/dolanzarote.lztic.com\/wp-content\/plugins\/yuzo-related-post\/assets\/images\/default.png') 50% 50% no-repeat;width: 215px;height:180px;margin-bottom: 5px;background-size: cover; \"><\/div>\n\t\t\t\t\t\t\t\t\t  <\/div>\n\t\t\t\t\t\t\t\t\t  \n\t\t\t\t\t\t\t\t   <span class=\"yuzo__text--title\" style=\"font-size:18px;font-weight:bold;\">La versi\u00f3n digital de El Mundo se hace eco de un libro que resalta las e...<\/span>\n\t\t\t\t\t\t\t  <span class=\"yuzo_text\" style=\"font-size:14px;\" >El art\u00edculo se basa en el contenido de \u2018Rutas del Vino\u2019, obra de Manel Colmenero\n\"Obtener el vino en...<\/span>\n\t\t\t\t\t\t\t  \n\t\t\t\t\t\t\t  <\/a>\n\n\t\t\t\t\t\t  <\/div>\n<\/div> <script>\n\t\t\t\t\t\t  jQuery(document).ready(function( $ ){\n\t\t\t\t\t\t\t\/\/jQuery('.yuzo_related_post').equalizer({ overflow : 'relatedthumb' });\n\t\t\t\t\t\t\tjQuery('.yuzo_related_post .yuzo_wraps').equalizer({ columns : '> div' });\n\t\t\t\t\t\t   })\n\t\t\t\t\t\t  <\/script> <!-- End Yuzo :) --><!-- AddThis Advanced Settings generic via filter on the_content --><!-- AddThis Share Buttons generic via filter on the_content -->","protected":false},"excerpt":{"rendered":"<p>[vc_row row_type=\u00a0\u00bbrow\u00a0\u00bb use_row_as_full_screen_section=\u00a0\u00bbno\u00a0\u00bb type=\u00a0\u00bbfull_width\u00a0\u00bb angled_section=\u00a0\u00bbno\u00a0\u00bb text_align=\u00a0\u00bbleft\u00a0\u00bb background_image_as_pattern=\u00a0\u00bbwithout_pattern\u00a0\u00bb css_animation=\u00a0\u00bb\u00a0\u00bb][vc_column width=\u00a0\u00bb2\/3&Prime;][vc_column_text][\/vc_column_text][\/vc_column][vc_column width=\u00a0\u00bb1\/3&Prime;][vc_widget_sidebar sidebar_id=\u00a0\u00bbsidebar_page\u00a0\u00bb][\/vc_column][\/vc_row] Noticias relacionadas Bodegas Rubic\u00f3n vender\u00e1 sus vinos en Estados Unidos de la mano de Skurni&#8230; Bodegas Rubic\u00f3n, adscrita a la Denominaci\u00f3n de Origen Vinos de Lanzarote, ha firmado recientemente u&#8230; Maridaje con vinos lanzarote\u00f1os&#8230;<!-- AddThis Advanced Settings generic via filter on get_the_excerpt --><!-- AddThis Share Buttons generic via filter on get_the_excerpt --><\/p>\n","protected":false},"author":2,"featured_media":0,"parent":0,"menu_order":0,"comment_status":"closed","ping_status":"closed","template":"","meta":{"_mc_calendar":[],"footnotes":""},"class_list":["post-8969","page","type-page","status-publish","hentry"],"yoast_head":"<!-- This site is optimized with the Yoast SEO plugin v27.6 - https:\/\/yoast.com\/product\/yoast-seo-wordpress\/ -->\n<title>COTES DE MILL\u00c9SIME - D.O. Lanzarote<\/title>\n<meta name=\"robots\" content=\"index, follow, max-snippet:-1, max-image-preview:large, max-video-preview:-1\" \/>\n<link rel=\"canonical\" href=\"https:\/\/dolanzarote.com\/calificacion-de-anadas\/\" \/>\n<meta property=\"og:locale\" content=\"fr_FR\" \/>\n<meta property=\"og:type\" content=\"article\" \/>\n<meta property=\"og:title\" content=\"COTES DE MILL\u00c9SIME - D.O. Lanzarote\" \/>\n<meta property=\"og:description\" content=\"[vc_row row_type=\u00a0\u00bbrow\u00a0\u00bb use_row_as_full_screen_section=\u00a0\u00bbno\u00a0\u00bb type=\u00a0\u00bbfull_width\u00a0\u00bb angled_section=\u00a0\u00bbno\u00a0\u00bb text_align=\u00a0\u00bbleft\u00a0\u00bb background_image_as_pattern=\u00a0\u00bbwithout_pattern\u00a0\u00bb css_animation=\u00a0\u00bb\u00a0\u00bb][vc_column width=\u00a0\u00bb2\/3&Prime;][vc_column_text][\/vc_column_text][\/vc_column][vc_column width=\u00a0\u00bb1\/3&Prime;][vc_widget_sidebar sidebar_id=\u00a0\u00bbsidebar_page\u00a0\u00bb][\/vc_column][\/vc_row] Noticias relacionadas El Consejo Regulador alerta de la posible p\u00e9rdida de 3,6 millones de eur... Lamenta que la inacci\u00f3n pol\u00edtica de las instituciones lanzarote\u00f1as pueda provocar la devoluci\u00f3n de e... (Espa\u00f1ol) Club de Cata...\" \/>\n<meta property=\"og:url\" content=\"https:\/\/dolanzarote.com\/calificacion-de-anadas\/\" \/>\n<meta property=\"og:site_name\" content=\"D.O. Lanzarote\" \/>\n<meta property=\"article:modified_time\" content=\"2021-01-08T12:34:25+00:00\" \/>\n<meta name=\"twitter:card\" content=\"summary_large_image\" \/>\n<script type=\"application\/ld+json\" class=\"yoast-schema-graph\">{\"@context\":\"https:\\\/\\\/schema.org\",\"@graph\":[{\"@type\":\"WebPage\",\"@id\":\"https:\\\/\\\/dolanzarote.com\\\/calificacion-de-anadas\\\/\",\"url\":\"https:\\\/\\\/dolanzarote.com\\\/calificacion-de-anadas\\\/\",\"name\":\"COTES DE MILL\u00c9SIME - D.O. Lanzarote\",\"isPartOf\":{\"@id\":\"https:\\\/\\\/dolanzarote.com\\\/de\\\/#website\"},\"datePublished\":\"2020-12-08T17:32:33+00:00\",\"dateModified\":\"2021-01-08T12:34:25+00:00\",\"breadcrumb\":{\"@id\":\"https:\\\/\\\/dolanzarote.com\\\/calificacion-de-anadas\\\/#breadcrumb\"},\"inLanguage\":\"fr-FR\",\"potentialAction\":[{\"@type\":\"ReadAction\",\"target\":[\"https:\\\/\\\/dolanzarote.com\\\/calificacion-de-anadas\\\/\"]}]},{\"@type\":\"BreadcrumbList\",\"@id\":\"https:\\\/\\\/dolanzarote.com\\\/calificacion-de-anadas\\\/#breadcrumb\",\"itemListElement\":[{\"@type\":\"ListItem\",\"position\":1,\"name\":\"Portada\",\"item\":\"https:\\\/\\\/dolanzarote.com\\\/\"},{\"@type\":\"ListItem\",\"position\":2,\"name\":\"Calificaci\u00f3n de a\u00f1adas\"}]},{\"@type\":\"WebSite\",\"@id\":\"https:\\\/\\\/dolanzarote.com\\\/de\\\/#website\",\"url\":\"https:\\\/\\\/dolanzarote.com\\\/de\\\/\",\"name\":\"D.O. Lanzarote\",\"description\":\"Vinos de Lanzarote\",\"potentialAction\":[{\"@type\":\"SearchAction\",\"target\":{\"@type\":\"EntryPoint\",\"urlTemplate\":\"https:\\\/\\\/dolanzarote.com\\\/de\\\/?s={search_term_string}\"},\"query-input\":{\"@type\":\"PropertyValueSpecification\",\"valueRequired\":true,\"valueName\":\"search_term_string\"}}],\"inLanguage\":\"fr-FR\"}]}<\/script>\n<!-- \/ Yoast SEO plugin. -->","yoast_head_json":{"title":"COTES DE MILL\u00c9SIME - D.O. Lanzarote","robots":{"index":"index","follow":"follow","max-snippet":"max-snippet:-1","max-image-preview":"max-image-preview:large","max-video-preview":"max-video-preview:-1"},"canonical":"https:\/\/dolanzarote.com\/calificacion-de-anadas\/","og_locale":"fr_FR","og_type":"article","og_title":"COTES DE MILL\u00c9SIME - D.O. Lanzarote","og_description":"[vc_row row_type=\u00a0\u00bbrow\u00a0\u00bb use_row_as_full_screen_section=\u00a0\u00bbno\u00a0\u00bb type=\u00a0\u00bbfull_width\u00a0\u00bb angled_section=\u00a0\u00bbno\u00a0\u00bb text_align=\u00a0\u00bbleft\u00a0\u00bb background_image_as_pattern=\u00a0\u00bbwithout_pattern\u00a0\u00bb css_animation=\u00a0\u00bb\u00a0\u00bb][vc_column width=\u00a0\u00bb2\/3&Prime;][vc_column_text][\/vc_column_text][\/vc_column][vc_column width=\u00a0\u00bb1\/3&Prime;][vc_widget_sidebar sidebar_id=\u00a0\u00bbsidebar_page\u00a0\u00bb][\/vc_column][\/vc_row] Noticias relacionadas El Consejo Regulador alerta de la posible p\u00e9rdida de 3,6 millones de eur... Lamenta que la inacci\u00f3n pol\u00edtica de las instituciones lanzarote\u00f1as pueda provocar la devoluci\u00f3n de e... (Espa\u00f1ol) Club de Cata...","og_url":"https:\/\/dolanzarote.com\/calificacion-de-anadas\/","og_site_name":"D.O. Lanzarote","article_modified_time":"2021-01-08T12:34:25+00:00","twitter_card":"summary_large_image","schema":{"@context":"https:\/\/schema.org","@graph":[{"@type":"WebPage","@id":"https:\/\/dolanzarote.com\/calificacion-de-anadas\/","url":"https:\/\/dolanzarote.com\/calificacion-de-anadas\/","name":"COTES DE MILL\u00c9SIME - D.O. Lanzarote","isPartOf":{"@id":"https:\/\/dolanzarote.com\/de\/#website"},"datePublished":"2020-12-08T17:32:33+00:00","dateModified":"2021-01-08T12:34:25+00:00","breadcrumb":{"@id":"https:\/\/dolanzarote.com\/calificacion-de-anadas\/#breadcrumb"},"inLanguage":"fr-FR","potentialAction":[{"@type":"ReadAction","target":["https:\/\/dolanzarote.com\/calificacion-de-anadas\/"]}]},{"@type":"BreadcrumbList","@id":"https:\/\/dolanzarote.com\/calificacion-de-anadas\/#breadcrumb","itemListElement":[{"@type":"ListItem","position":1,"name":"Portada","item":"https:\/\/dolanzarote.com\/"},{"@type":"ListItem","position":2,"name":"Calificaci\u00f3n de a\u00f1adas"}]},{"@type":"WebSite","@id":"https:\/\/dolanzarote.com\/de\/#website","url":"https:\/\/dolanzarote.com\/de\/","name":"D.O. Lanzarote","description":"Vinos de Lanzarote","potentialAction":[{"@type":"SearchAction","target":{"@type":"EntryPoint","urlTemplate":"https:\/\/dolanzarote.com\/de\/?s={search_term_string}"},"query-input":{"@type":"PropertyValueSpecification","valueRequired":true,"valueName":"search_term_string"}}],"inLanguage":"fr-FR"}]}},"_links":{"self":[{"href":"https:\/\/dolanzarote.com\/fr\/wp-json\/wp\/v2\/pages\/8969","targetHints":{"allow":["GET"]}}],"collection":[{"href":"https:\/\/dolanzarote.com\/fr\/wp-json\/wp\/v2\/pages"}],"about":[{"href":"https:\/\/dolanzarote.com\/fr\/wp-json\/wp\/v2\/types\/page"}],"author":[{"embeddable":true,"href":"https:\/\/dolanzarote.com\/fr\/wp-json\/wp\/v2\/users\/2"}],"replies":[{"embeddable":true,"href":"https:\/\/dolanzarote.com\/fr\/wp-json\/wp\/v2\/comments?post=8969"}],"version-history":[{"count":5,"href":"https:\/\/dolanzarote.com\/fr\/wp-json\/wp\/v2\/pages\/8969\/revisions"}],"predecessor-version":[{"id":8987,"href":"https:\/\/dolanzarote.com\/fr\/wp-json\/wp\/v2\/pages\/8969\/revisions\/8987"}],"wp:attachment":[{"href":"https:\/\/dolanzarote.com\/fr\/wp-json\/wp\/v2\/media?parent=8969"}],"curies":[{"name":"wp","href":"https:\/\/api.w.org\/{rel}","templated":true}]}}