{"id":4682,"date":"2016-08-17T12:10:20","date_gmt":"2016-08-17T12:10:20","guid":{"rendered":"https:\/\/dolanzarote.com\/?page_id=4682"},"modified":"2020-03-09T10:23:57","modified_gmt":"2020-03-09T10:23:57","slug":"suelo","status":"publish","type":"page","link":"https:\/\/dolanzarote.com\/fr\/vino\/lanzarote\/suelo\/","title":{"rendered":"Sol"},"content":{"rendered":"<p>[vc_row row_type=\u00a0\u00bbrow\u00a0\u00bb use_row_as_full_screen_section=\u00a0\u00bbno\u00a0\u00bb type=\u00a0\u00bbgrid\u00a0\u00bb angled_section=\u00a0\u00bbno\u00a0\u00bb text_align=\u00a0\u00bbleft\u00a0\u00bb background_image_as_pattern=\u00a0\u00bbwithout_pattern\u00a0\u00bb css_animation=\u00a0\u00bb\u00a0\u00bb css=\u00a0\u00bb.vc_custom_1474290427671{margin-top: 20px !important;}\u00a0\u00bb][vc_column width=\u00a0\u00bb1\/2&Prime; css=\u00a0\u00bb.vc_custom_1508153039627{margin-bottom: 30px !important;}\u00a0\u00bb][vc_column_text]<\/p>\n<p style=\"text-align: justify;\">Les plantations se trouvent dans un sol sableux, dans des trous ou des tranch\u00e9es pouvant \u00eatre p\u00e9rim\u00e9trales ou longer l\u2019exploitation.<\/p>\n<p style=\"text-align: justify;\">Le relief est faible, entre 200 et 500 m par rapport au niveau de la mer, l\u2019altitude maximale de l\u2019\u00eele \u00e9tant de 670 m.<\/p>\n<p style=\"text-align: justify;\">Les sols sont tr\u00e8s diff\u00e9rents, avec m\u00eame des sols rouges profonds sur d\u2019anciennes formations basaltiques. Ces sols apparaissent comme des sols fossiles qui ont \u00e9t\u00e9 recouverts par les \u00e9ruptions volcaniques les plus r\u00e9centes ou par des d\u00e9p\u00f4ts colluviaux.<\/p>\n<p style=\"text-align: justify;\">Ils pr\u00e9sentent une couleur rouge\u00e2tre, une texture loameuse, limoneuse et argileuse, une teneur en mati\u00e8re organique moyenne qui assure un apport en azote adapt\u00e9 aux exigences de la vigne, une concentration des principaux macronutriments (NPK) optimale et une pr\u00e9sence de carbonates libres qui rendent le pH basique.<\/p>\n<p>[\/vc_column_text][\/vc_column][vc_column width=\u00a0\u00bb1\/2&Prime;][vc_single_image image=\u00a0\u00bb5208&Prime; img_size=\u00a0\u00bblarge\u00a0\u00bb qode_css_animation=\u00a0\u00bb\u00a0\u00bb][\/vc_column][\/vc_row][vc_row row_type=\u00a0\u00bbrow\u00a0\u00bb use_row_as_full_screen_section=\u00a0\u00bbyes\u00a0\u00bb type=\u00a0\u00bbgrid\u00a0\u00bb angled_section=\u00a0\u00bbno\u00a0\u00bb text_align=\u00a0\u00bbleft\u00a0\u00bb background_image_as_pattern=\u00a0\u00bbwithout_pattern\u00a0\u00bb css_animation=\u00a0\u00bb\u00a0\u00bb css=\u00a0\u00bb.vc_custom_1474289596542{margin-bottom: 20px !important;padding-top: 30px !important;padding-right: 20px !important;padding-bottom: 30px !important;padding-left: 20px !important;background-color: #5e5e5e !important;}\u00a0\u00bb][vc_column width=\u00a0\u00bb1\/2&Prime;][vc_column_text]<span style=\"color: #ffffff;\">Selon la classification propos\u00e9e par la Soil Taxonomy, l\u2019\u00eele de Lanzarote comprend quatre types de sols:<\/span><\/p>\n<p><span style=\"color: #ffffff;\"><strong>1) \u00a0 Aridisols<br \/>\n<\/strong><strong>2) \u00a0Entisols<br \/>\n<\/strong><strong>3) \u00a0Andisols<br \/>\n<\/strong><strong>4) \u00a0Vertisols<\/strong><\/span>[\/vc_column_text][\/vc_column][vc_column width=\u00a0\u00bb1\/2&Prime;][vc_column_text]<span style=\"color: #ffffff;\">Ces sols se caract\u00e9risent par les aspects communs suivants:<\/span><\/p>\n<ul>\n<li><span style=\"color: #ffffff;\">Faible teneur en mati\u00e8re organique<\/span><\/li>\n<li><span style=\"color: #ffffff;\">Faible activit\u00e9 biologique<\/span><\/li>\n<li><span style=\"color: #ffffff;\">R\u00e9action alcaline<\/span><\/li>\n<li><span style=\"color: #ffffff;\">Textures superficielles \u00e0 tendance sableuse<\/span><\/li>\n<li><span style=\"color: #ffffff;\">Accumulation de carbonates et de sulfates<\/span><\/li>\n<li><span style=\"color: #ffffff;\">Modifications de la surface du sol<br \/>\n(comme la pr\u00e9sence de reg, cro\u00fbtes, etc.)<\/span><\/li>\n<\/ul>\n<p>[\/vc_column_text][\/vc_column][\/vc_row][vc_row row_type=\u00a0\u00bbrow\u00a0\u00bb use_row_as_full_screen_section=\u00a0\u00bbno\u00a0\u00bb type=\u00a0\u00bbgrid\u00a0\u00bb angled_section=\u00a0\u00bbno\u00a0\u00bb text_align=\u00a0\u00bbleft\u00a0\u00bb background_image_as_pattern=\u00a0\u00bbwithout_pattern\u00a0\u00bb css_animation=\u00a0\u00bb\u00a0\u00bb css=\u00a0\u00bb.vc_custom_1474290515922{margin-bottom: 50px !important;}\u00a0\u00bb][vc_column width=\u00a0\u00bb1\/2&Prime;][vc_column_text css=\u00a0\u00bb.vc_custom_1582709552553{margin-bottom: 30px !important;}\u00a0\u00bb]<\/p>\n<p style=\"text-align: justify;\">Les sols dans lesquels poussent les vignes sont des sols volcaniques vari\u00e9s, avec m\u00eame des sols rouges profonds sur d\u2019anciennes formations basaltiques. Ils apparaissent comme des sols fossiles qui ont \u00e9t\u00e9 recouverts par les \u00e9ruptions volcaniques les plus r\u00e9centes ou par des d\u00e9p\u00f4ts diluviaux. La couche de lapilli (ou pic\u00f3n) recouvre le sol v\u00e9g\u00e9tal de la vigne et facilite la filtration rapide de la pluie, ce qui \u00e9vite l\u2019\u00e9vaporation de la terre v\u00e9g\u00e9tale et maintient une temp\u00e9rature de sol constante (effet thermor\u00e9gulateur).<\/p>\n<p>[\/vc_column_text][\/vc_column][vc_column width=\u00a0\u00bb1\/2&Prime;][vc_column_text css=\u00a0\u00bb.vc_custom_1582709584271{margin-bottom: 30px !important;}\u00a0\u00bb]<\/p>\n<p style=\"text-align: justify;\">La surface de la plupart des vignobles est recouverte de cendre noire volcanique qui emp\u00eache la croissance d\u2019autres plantes, mais qui poss\u00e8de d\u2019excellentes propri\u00e9t\u00e9s de r\u00e9tention de l\u2019eau de la ros\u00e9e. Cela signifie que les vignes y \u00e9tant plant\u00e9es prosp\u00e8rent, \u00e9galement parce que sous la cendre, le sol, form\u00e9 d\u2019argile ou de sable sur une couche de roche calcaire, est fertile.<\/p>\n<p>[\/vc_column_text][\/vc_column][\/vc_row]<\/p>\n<!-- Begin Yuzo --><div class='yuzo_related_post style-1'  data-version='5.12.89'><!-- without result --><div class='yuzo_clearfixed yuzo__title yuzo__title'><h3>Noticias relacionadas<\/h3><\/div>\n\t\t\t\t\t\t  <div class=\"relatedthumb \" style=\"width:215px;float:left;overflow:hidden;\">  \n\t\t\t\t\t\t\t  \n\t\t\t\t\t\t\t  <a rel='nofollow' href=\"https:\/\/dolanzarote.com\/fr\/464-2\/\"  >\n\t\t\t\t\t\t\t\t\t  <div class=\"yuzo-img-wrap \" style=\"width: 215px;height:180px;\">\n\t\t\t\t\t\t\t\t\t\t\n\t\t\t\t\t\t\t\t\t\t<div class=\"yuzo-img\" style=\"background:url('http:\/\/dolanzarote.lztic.com\/wp-content\/plugins\/yuzo-related-post\/assets\/images\/default.png') 50% 50% no-repeat;width: 215px;height:180px;margin-bottom: 5px;background-size: cover; \"><\/div>\n\t\t\t\t\t\t\t\t\t  <\/div>\n\t\t\t\t\t\t\t\t\t  \n\t\t\t\t\t\t\t\t   <span class=\"yuzo__text--title\" style=\"font-size:18px;font-weight:bold;\">La banda lanzarote\u00f1a Sur inaugura este domingo \u2018Sonidos L\u00edquidos\u2019, acci\u00f3...<\/span>\n\t\t\t\t\t\t\t  <span class=\"yuzo_text\" style=\"font-size:14px;\" ><\/span>\n\t\t\t\t\t\t\t  \n\t\t\t\t\t\t\t  <\/a>\n\n\t\t\t\t\t\t  <\/div>\n\t\t\t\t\t\t  <div class=\"relatedthumb \" style=\"width:215px;float:left;overflow:hidden;\">  \n\t\t\t\t\t\t\t  \n\t\t\t\t\t\t\t  <a rel='nofollow' href=\"https:\/\/dolanzarote.com\/fr\/la-prestigiosa-guia-penin-califica-de-excepcional-al-canari-dulce-de-licor-de-bodegas-el-grifo\/\"  >\n\t\t\t\t\t\t\t\t\t  <div class=\"yuzo-img-wrap \" style=\"width: 215px;height:180px;\">\n\t\t\t\t\t\t\t\t\t\t\n\t\t\t\t\t\t\t\t\t\t<div class=\"yuzo-img\" style=\"background:url('http:\/\/dolanzarote.lztic.com\/wp-content\/plugins\/yuzo-related-post\/assets\/images\/default.png') 50% 50% no-repeat;width: 215px;height:180px;margin-bottom: 5px;background-size: cover; \"><\/div>\n\t\t\t\t\t\t\t\t\t  <\/div>\n\t\t\t\t\t\t\t\t\t  \n\t\t\t\t\t\t\t\t   <span class=\"yuzo__text--title\" style=\"font-size:18px;font-weight:bold;\">La prestigiosa Gu\u00eda Pe\u00f1\u00edn califica de excepcional al Canari Dulce de Lic...<\/span>\n\t\t\t\t\t\t\t  <span class=\"yuzo_text\" style=\"font-size:14px;\" >Otorga en su edici\u00f3n de 2013 el calificativo de \u201cexcelente\u201d a otros diez vinos Denominaci\u00f3n de Orige...<\/span>\n\t\t\t\t\t\t\t  \n\t\t\t\t\t\t\t  <\/a>\n\n\t\t\t\t\t\t  <\/div>\n\t\t\t\t\t\t  <div class=\"relatedthumb \" style=\"width:215px;float:left;overflow:hidden;\">  \n\t\t\t\t\t\t\t  \n\t\t\t\t\t\t\t  <a rel='nofollow' href=\"https:\/\/dolanzarote.com\/fr\/alrededor-de-700-escolares-participaron-en-una-campana-de-concienciacion-sobre-la-importancia-del-sector-vitivinicola-para-la-isla\/\"  >\n\t\t\t\t\t\t\t\t\t  <div class=\"yuzo-img-wrap \" style=\"width: 215px;height:180px;\">\n\t\t\t\t\t\t\t\t\t\t\n\t\t\t\t\t\t\t\t\t\t<div class=\"yuzo-img\" style=\"background:url('https:\/\/dolanzarote.com\/wp-content\/uploads\/2014\/06\/IMG-20140622-WA0002-300x225.jpg') 50% 50% no-repeat;width: 215px;height:180px;margin-bottom: 5px;background-size: cover; \"><\/div>\n\t\t\t\t\t\t\t\t\t  <\/div>\n\t\t\t\t\t\t\t\t\t  \n\t\t\t\t\t\t\t\t   <span class=\"yuzo__text--title\" style=\"font-size:18px;font-weight:bold;\">Alrededor de 700 escolares lanzarote\u00f1os participaron en una campa\u00f1a de c...<\/span>\n\t\t\t\t\t\t\t  <span class=\"yuzo_text\" style=\"font-size:14px;\" >\nUnos 700 escolares de 3\u00ba y 4\u00ba de Ense\u00f1anza Primaria, pertenecientes a una quincena de colegios lanz...<\/span>\n\t\t\t\t\t\t\t  \n\t\t\t\t\t\t\t  <\/a>\n\n\t\t\t\t\t\t  <\/div>\n<\/div> <script>\n\t\t\t\t\t\t  jQuery(document).ready(function( $ ){\n\t\t\t\t\t\t\t\/\/jQuery('.yuzo_related_post').equalizer({ overflow : 'relatedthumb' });\n\t\t\t\t\t\t\tjQuery('.yuzo_related_post .yuzo_wraps').equalizer({ columns : '> div' });\n\t\t\t\t\t\t   })\n\t\t\t\t\t\t  <\/script> <!-- End Yuzo :) --><!-- AddThis Advanced Settings generic via filter on the_content --><!-- AddThis Share Buttons generic via filter on the_content -->","protected":false},"excerpt":{"rendered":"<p>[vc_row row_type=\u00a0\u00bbrow\u00a0\u00bb use_row_as_full_screen_section=\u00a0\u00bbno\u00a0\u00bb type=\u00a0\u00bbgrid\u00a0\u00bb angled_section=\u00a0\u00bbno\u00a0\u00bb text_align=\u00a0\u00bbleft\u00a0\u00bb background_image_as_pattern=\u00a0\u00bbwithout_pattern\u00a0\u00bb css_animation=\u00a0\u00bb\u00a0\u00bb css=\u00a0\u00bb.vc_custom_1474290427671{margin-top: 20px !important;}\u00a0\u00bb][vc_column width=\u00a0\u00bb1\/2&Prime; css=\u00a0\u00bb.vc_custom_1508153039627{margin-bottom: 30px !important;}\u00a0\u00bb][vc_column_text] Les plantations se trouvent dans un sol sableux, dans des trous ou des tranch\u00e9es pouvant \u00eatre p\u00e9rim\u00e9trales ou longer l\u2019exploitation. Le relief est faible, entre 200 et 500 m par&#8230;<!-- AddThis Advanced Settings generic via filter on get_the_excerpt --><!-- AddThis Share Buttons generic via filter on get_the_excerpt --><\/p>\n","protected":false},"author":1,"featured_media":0,"parent":4643,"menu_order":0,"comment_status":"closed","ping_status":"closed","template":"full_width.php","meta":{"_mc_calendar":[],"footnotes":""},"class_list":["post-4682","page","type-page","status-publish","hentry"],"yoast_head":"<!-- This site is optimized with the Yoast SEO plugin v27.6 - https:\/\/yoast.com\/product\/yoast-seo-wordpress\/ -->\n<title>Sol - D.O. Lanzarote<\/title>\n<meta name=\"robots\" content=\"index, follow, max-snippet:-1, max-image-preview:large, max-video-preview:-1\" \/>\n<link rel=\"canonical\" href=\"https:\/\/dolanzarote.com\/de\/vino\/lanzarote\/suelo\/\" \/>\n<meta property=\"og:locale\" content=\"fr_FR\" \/>\n<meta property=\"og:type\" content=\"article\" \/>\n<meta property=\"og:title\" content=\"Sol - D.O. Lanzarote\" \/>\n<meta property=\"og:description\" content=\"[vc_row row_type=\u00a0\u00bbrow\u00a0\u00bb use_row_as_full_screen_section=\u00a0\u00bbno\u00a0\u00bb type=\u00a0\u00bbgrid\u00a0\u00bb angled_section=\u00a0\u00bbno\u00a0\u00bb text_align=\u00a0\u00bbleft\u00a0\u00bb background_image_as_pattern=\u00a0\u00bbwithout_pattern\u00a0\u00bb css_animation=\u00a0\u00bb\u00a0\u00bb css=\u00a0\u00bb.vc_custom_1474290427671{margin-top: 20px !important;}\u00a0\u00bb][vc_column width=\u00a0\u00bb1\/2&Prime; css=\u00a0\u00bb.vc_custom_1508153039627{margin-bottom: 30px !important;}\u00a0\u00bb][vc_column_text] Les plantations se trouvent dans un sol sableux, dans des trous ou des tranch\u00e9es pouvant \u00eatre p\u00e9rim\u00e9trales ou longer l\u2019exploitation. Le relief est faible, entre 200 et 500 m par...\" \/>\n<meta property=\"og:url\" content=\"https:\/\/dolanzarote.com\/de\/vino\/lanzarote\/suelo\/\" \/>\n<meta property=\"og:site_name\" content=\"D.O. Lanzarote\" \/>\n<meta property=\"article:modified_time\" content=\"2020-03-09T10:23:57+00:00\" \/>\n<meta name=\"twitter:card\" content=\"summary_large_image\" \/>\n<meta name=\"twitter:label1\" content=\"Dur\u00e9e de lecture estim\u00e9e\" \/>\n\t<meta name=\"twitter:data1\" content=\"3 minutes\" \/>\n<script type=\"application\/ld+json\" class=\"yoast-schema-graph\">{\"@context\":\"https:\\\/\\\/schema.org\",\"@graph\":[{\"@type\":\"WebPage\",\"@id\":\"https:\\\/\\\/dolanzarote.com\\\/de\\\/vino\\\/lanzarote\\\/suelo\\\/\",\"url\":\"https:\\\/\\\/dolanzarote.com\\\/de\\\/vino\\\/lanzarote\\\/suelo\\\/\",\"name\":\"Sol - D.O. Lanzarote\",\"isPartOf\":{\"@id\":\"https:\\\/\\\/dolanzarote.com\\\/de\\\/#website\"},\"datePublished\":\"2016-08-17T12:10:20+00:00\",\"dateModified\":\"2020-03-09T10:23:57+00:00\",\"breadcrumb\":{\"@id\":\"https:\\\/\\\/dolanzarote.com\\\/de\\\/vino\\\/lanzarote\\\/suelo\\\/#breadcrumb\"},\"inLanguage\":\"fr-FR\",\"potentialAction\":[{\"@type\":\"ReadAction\",\"target\":[\"https:\\\/\\\/dolanzarote.com\\\/de\\\/vino\\\/lanzarote\\\/suelo\\\/\"]}]},{\"@type\":\"BreadcrumbList\",\"@id\":\"https:\\\/\\\/dolanzarote.com\\\/de\\\/vino\\\/lanzarote\\\/suelo\\\/#breadcrumb\",\"itemListElement\":[{\"@type\":\"ListItem\",\"position\":1,\"name\":\"Portada\",\"item\":\"https:\\\/\\\/dolanzarote.com\\\/\"},{\"@type\":\"ListItem\",\"position\":2,\"name\":\"(Espa\u00f1ol) Vino\",\"item\":\"https:\\\/\\\/dolanzarote.com\\\/de\\\/vino\\\/\"},{\"@type\":\"ListItem\",\"position\":3,\"name\":\"Lanzarote\",\"item\":\"https:\\\/\\\/dolanzarote.com\\\/de\\\/vino\\\/lanzarote\\\/\"},{\"@type\":\"ListItem\",\"position\":4,\"name\":\"Boden\"}]},{\"@type\":\"WebSite\",\"@id\":\"https:\\\/\\\/dolanzarote.com\\\/de\\\/#website\",\"url\":\"https:\\\/\\\/dolanzarote.com\\\/de\\\/\",\"name\":\"D.O. Lanzarote\",\"description\":\"Vinos de Lanzarote\",\"potentialAction\":[{\"@type\":\"SearchAction\",\"target\":{\"@type\":\"EntryPoint\",\"urlTemplate\":\"https:\\\/\\\/dolanzarote.com\\\/de\\\/?s={search_term_string}\"},\"query-input\":{\"@type\":\"PropertyValueSpecification\",\"valueRequired\":true,\"valueName\":\"search_term_string\"}}],\"inLanguage\":\"fr-FR\"}]}<\/script>\n<!-- \/ Yoast SEO plugin. -->","yoast_head_json":{"title":"Sol - D.O. Lanzarote","robots":{"index":"index","follow":"follow","max-snippet":"max-snippet:-1","max-image-preview":"max-image-preview:large","max-video-preview":"max-video-preview:-1"},"canonical":"https:\/\/dolanzarote.com\/de\/vino\/lanzarote\/suelo\/","og_locale":"fr_FR","og_type":"article","og_title":"Sol - D.O. Lanzarote","og_description":"[vc_row row_type=\u00a0\u00bbrow\u00a0\u00bb use_row_as_full_screen_section=\u00a0\u00bbno\u00a0\u00bb type=\u00a0\u00bbgrid\u00a0\u00bb angled_section=\u00a0\u00bbno\u00a0\u00bb text_align=\u00a0\u00bbleft\u00a0\u00bb background_image_as_pattern=\u00a0\u00bbwithout_pattern\u00a0\u00bb css_animation=\u00a0\u00bb\u00a0\u00bb css=\u00a0\u00bb.vc_custom_1474290427671{margin-top: 20px !important;}\u00a0\u00bb][vc_column width=\u00a0\u00bb1\/2&Prime; css=\u00a0\u00bb.vc_custom_1508153039627{margin-bottom: 30px !important;}\u00a0\u00bb][vc_column_text] Les plantations se trouvent dans un sol sableux, dans des trous ou des tranch\u00e9es pouvant \u00eatre p\u00e9rim\u00e9trales ou longer l\u2019exploitation. Le relief est faible, entre 200 et 500 m par...","og_url":"https:\/\/dolanzarote.com\/de\/vino\/lanzarote\/suelo\/","og_site_name":"D.O. Lanzarote","article_modified_time":"2020-03-09T10:23:57+00:00","twitter_card":"summary_large_image","twitter_misc":{"Dur\u00e9e de lecture estim\u00e9e":"3 minutes"},"schema":{"@context":"https:\/\/schema.org","@graph":[{"@type":"WebPage","@id":"https:\/\/dolanzarote.com\/de\/vino\/lanzarote\/suelo\/","url":"https:\/\/dolanzarote.com\/de\/vino\/lanzarote\/suelo\/","name":"Sol - D.O. Lanzarote","isPartOf":{"@id":"https:\/\/dolanzarote.com\/de\/#website"},"datePublished":"2016-08-17T12:10:20+00:00","dateModified":"2020-03-09T10:23:57+00:00","breadcrumb":{"@id":"https:\/\/dolanzarote.com\/de\/vino\/lanzarote\/suelo\/#breadcrumb"},"inLanguage":"fr-FR","potentialAction":[{"@type":"ReadAction","target":["https:\/\/dolanzarote.com\/de\/vino\/lanzarote\/suelo\/"]}]},{"@type":"BreadcrumbList","@id":"https:\/\/dolanzarote.com\/de\/vino\/lanzarote\/suelo\/#breadcrumb","itemListElement":[{"@type":"ListItem","position":1,"name":"Portada","item":"https:\/\/dolanzarote.com\/"},{"@type":"ListItem","position":2,"name":"(Espa\u00f1ol) Vino","item":"https:\/\/dolanzarote.com\/de\/vino\/"},{"@type":"ListItem","position":3,"name":"Lanzarote","item":"https:\/\/dolanzarote.com\/de\/vino\/lanzarote\/"},{"@type":"ListItem","position":4,"name":"Boden"}]},{"@type":"WebSite","@id":"https:\/\/dolanzarote.com\/de\/#website","url":"https:\/\/dolanzarote.com\/de\/","name":"D.O. Lanzarote","description":"Vinos de Lanzarote","potentialAction":[{"@type":"SearchAction","target":{"@type":"EntryPoint","urlTemplate":"https:\/\/dolanzarote.com\/de\/?s={search_term_string}"},"query-input":{"@type":"PropertyValueSpecification","valueRequired":true,"valueName":"search_term_string"}}],"inLanguage":"fr-FR"}]}},"_links":{"self":[{"href":"https:\/\/dolanzarote.com\/fr\/wp-json\/wp\/v2\/pages\/4682","targetHints":{"allow":["GET"]}}],"collection":[{"href":"https:\/\/dolanzarote.com\/fr\/wp-json\/wp\/v2\/pages"}],"about":[{"href":"https:\/\/dolanzarote.com\/fr\/wp-json\/wp\/v2\/types\/page"}],"author":[{"embeddable":true,"href":"https:\/\/dolanzarote.com\/fr\/wp-json\/wp\/v2\/users\/1"}],"replies":[{"embeddable":true,"href":"https:\/\/dolanzarote.com\/fr\/wp-json\/wp\/v2\/comments?post=4682"}],"version-history":[{"count":17,"href":"https:\/\/dolanzarote.com\/fr\/wp-json\/wp\/v2\/pages\/4682\/revisions"}],"predecessor-version":[{"id":8780,"href":"https:\/\/dolanzarote.com\/fr\/wp-json\/wp\/v2\/pages\/4682\/revisions\/8780"}],"up":[{"embeddable":true,"href":"https:\/\/dolanzarote.com\/fr\/wp-json\/wp\/v2\/pages\/4643"}],"wp:attachment":[{"href":"https:\/\/dolanzarote.com\/fr\/wp-json\/wp\/v2\/media?parent=4682"}],"curies":[{"name":"wp","href":"https:\/\/api.w.org\/{rel}","templated":true}]}}