{"id":4680,"date":"2016-08-17T12:08:57","date_gmt":"2016-08-17T12:08:57","guid":{"rendered":"https:\/\/dolanzarote.com\/?page_id=4680"},"modified":"2022-07-14T10:25:37","modified_gmt":"2022-07-14T10:25:37","slug":"entorno","status":"publish","type":"page","link":"https:\/\/dolanzarote.com\/fr\/vino\/lanzarote\/entorno\/","title":{"rendered":"Environnement"},"content":{"rendered":"<p>[vc_row row_type=\u00a0\u00bbrow\u00a0\u00bb use_row_as_full_screen_section=\u00a0\u00bbno\u00a0\u00bb type=\u00a0\u00bbfull_width\u00a0\u00bb angled_section=\u00a0\u00bbno\u00a0\u00bb text_align=\u00a0\u00bbleft\u00a0\u00bb background_image_as_pattern=\u00a0\u00bbwithout_pattern\u00a0\u00bb css_animation=\u00a0\u00bb\u00a0\u00bb][vc_column width=\u00a0\u00bb1\/2&Prime;][vc_column_text]<\/p>\n<p style=\"text-align: justify;\">Lanzarote poss\u00e8de le paysage le plus singulier de l\u2019archipel canarien, fa\u00e7onn\u00e9 par la lave des nombreux volcans, et un aspect lunaire atteignant des nuances spectaculaires au parc national de Timanfaya.<\/p>\n<p style=\"text-align: justify;\">Malgr\u00e9 le manque de pluie end\u00e9mique et la proximit\u00e9 de l\u2019Afrique chaude, l\u2019\u00eele r\u00e9unit les conditions pour la viticulture, un miracle en partie d\u00fb au travail incessant des viticulteurs et \u00e0 l\u2019action b\u00e9n\u00e9fique des vents aliz\u00e9s qui transportent l\u2019humidit\u00e9 de l\u2019Atlantique dans sa g\u00e9ographie tourment\u00e9e. La viticulture de Lanzarote est l\u2019un des exemples les plus \u00e9vidents de la lutte poignante entre l\u2019homme et l\u2019environnement.<\/p>\n<p style=\"text-align: justify;\">Apr\u00e8s une longue bataille contre la lave en qu\u00eate de terre v\u00e9g\u00e9tale, le viticulteur a \u00e9galement d\u00fb affronter le manque de pluie (pr\u00e9cipitation moyenne annuelle de 150 mm), malgr\u00e9 la pr\u00e9sence des vents aliz\u00e9s condensant l\u2019humidit\u00e9 de l\u2019oc\u00e9an sur la couche volcanique poreuse, qui agit telle une \u00e9ponge obscure qui retient la ros\u00e9e et la transmet \u00e0 la vigne durant la journ\u00e9e ; une osmose tr\u00e8s lente qui permet de produire d\u2019excellents fruits sur la cendre volcanique, quelque chose que les conejeros (habitants de Lanzarote) ont su exploiter savamment.<\/p>\n<p>[\/vc_column_text][vc_separator type=\u00a0\u00bbtransparent\u00a0\u00bb up=\u00a0\u00bb20&Prime; down=\u00a0\u00bb20&Prime;][\/vc_column][vc_column width=\u00a0\u00bb1\/2&Prime;][vc_gallery interval=\u00a0\u00bb3&Prime; images=\u00a0\u00bb4977,4953,4952,4950&Prime; img_size=\u00a0\u00bblarge\u00a0\u00bb][\/vc_column][\/vc_row][vc_row row_type=\u00a0\u00bbrow\u00a0\u00bb use_row_as_full_screen_section=\u00a0\u00bbno\u00a0\u00bb type=\u00a0\u00bbfull_width\u00a0\u00bb angled_section=\u00a0\u00bbno\u00a0\u00bb text_align=\u00a0\u00bbleft\u00a0\u00bb background_image_as_pattern=\u00a0\u00bbwithout_pattern\u00a0\u00bb css_animation=\u00a0\u00bb\u00a0\u00bb][vc_column width=\u00a0\u00bb1\/2&Prime;][vc_column_text]<\/p>\n<p style=\"text-align: justify;\">L\u2019agriculteur a pratiqu\u00e9 des trous en forme d\u2019entonnoir dans la couche de cendre volcanique jusqu\u2019\u00e0 se rapprocher de la terre v\u00e9g\u00e9tale, et au fond des trous, parfois de plus de deux m\u00e8tres de profondeur, il plante une \u00e0 trois vignes par trou et construit des murets semi-circulaires en pierre, de 60-70 cm de haut, pour prot\u00e9ger les trous du vent constant et \u00e9viter que les plantes soient recouvertes par la cendre volcanique. Dans les zones o\u00f9 la couche de lapilli est moins \u00e9paisse (Tinajo, Masdache, Ye-Lajares), ces murets semi-circulaires sont construits pour prot\u00e9ger la vigne du vent.<\/p>\n<p>[\/vc_column_text][\/vc_column][vc_column width=\u00a0\u00bb1\/2&Prime;][vc_column_text]<\/p>\n<p style=\"text-align: justify;\">En g\u00e9n\u00e9ral, le viticulteur de Lanzarote, gr\u00e2ce \u00e0 son travail constant et tenace, a su s\u2019int\u00e9grer pleinement au paysage naturel en respectant la nature rude et chaotique dans des milieux fascinants capables de produire une activit\u00e9 impensable.<\/p>\n<p style=\"text-align: justify;\">Chaque syst\u00e8me se distingue par son originalit\u00e9 et sa beaut\u00e9, notamment dans la zone de La Geria. Cela a permis de parsemer le paysage de l\u2019\u00eele de vignobles sur un total de 2 000 ha. Des vignobles qui produisent logiquement, apr\u00e8s tant d\u2019efforts et d\u2019ing\u00e9niosit\u00e9, d\u2019excellents vins.<\/p>\n<p>[\/vc_column_text][\/vc_column][\/vc_row][vc_row row_type=\u00a0\u00bbrow\u00a0\u00bb use_row_as_full_screen_section=\u00a0\u00bbno\u00a0\u00bb type=\u00a0\u00bbfull_width\u00a0\u00bb angled_section=\u00a0\u00bbno\u00a0\u00bb text_align=\u00a0\u00bbleft\u00a0\u00bb background_image_as_pattern=\u00a0\u00bbwithout_pattern\u00a0\u00bb css_animation=\u00a0\u00bb\u00a0\u00bb css=\u00a0\u00bb.vc_custom_1492519059320{margin-top: 20px !important;margin-bottom: 20px !important;padding-top: 30px !important;padding-right: 20px !important;padding-bottom: 30px !important;padding-left: 20px !important;background-color: #5e5e5e !important;}\u00a0\u00bb][vc_column][vc_column_text]<\/p>\n<p style=\"text-align: justify;\"><span style=\"color: #ffffff;\"><strong>La zone de production de cette appellation d\u2019origine s\u2019\u00e9tend sur les communes de l\u2019\u00eele, notamment dans trois zones viticoles principales:<\/strong><\/span><\/p>\n<style> .zonas li { margin:10px 0;}<\/style>\n<ul class=\"zonas\" >\n<li><span style=\"color: #ffffff; text-align: justify;\"><strong>La Geria:<\/strong> Cette zone viticole est situ\u00e9e entre les municipalit\u00e9s de Yaiza et de T\u00edas. \u00c0 La Geria, en raison de l&rsquo;\u00e9paisseur de la couche de lapilli, \u00e9galement appel\u00e9e gravier ou rofe, qui peut parfois atteindre une hauteur de trois m\u00e8tres, le syst\u00e8me de fosse est utilis\u00e9. C&rsquo;est la raison pour laquelle la densit\u00e9 de la r\u00e9colte est moindre que dans d&rsquo;autres parties de l&rsquo;\u00eele..<br \/>\n<\/span><\/li>\n<li><span style=\"color: #ffffff; text-align: justify;\"><strong>Masdache:<\/strong> Zone situ\u00e9e entre les villes de T\u00edas et San Bartolom\u00e9. Le syst\u00e8me de culture est principalement d&rsquo;h\u00f4tels, bien que la couche est d&rsquo;une \u00e9paisseur picon \u00e0 moins que la zone Geria.<\/span><\/li>\n<li><span style=\"color: #ffffff; text-align: justify;\"><strong>Tinajo :<\/strong> Zone de vignobles o\u00f9 la culture est de foss\u00e9s de p\u00e9rim\u00e8tre.<\/span><\/li>\n<li><span style=\"color: #ffffff; text-align: justify;\"><strong>Ye-Lajares:<\/strong> Zone dans la municipalit\u00e9 de Har\u00eda, et les caract\u00e9ristiques du sol est de faible production.<\/span><\/li>\n<\/ul>\n<p>[\/vc_column_text][\/vc_column][\/vc_row][vc_row row_type=\u00a0\u00bbrow\u00a0\u00bb use_row_as_full_screen_section=\u00a0\u00bbno\u00a0\u00bb type=\u00a0\u00bbfull_width\u00a0\u00bb angled_section=\u00a0\u00bbno\u00a0\u00bb text_align=\u00a0\u00bbleft\u00a0\u00bb background_image_as_pattern=\u00a0\u00bbwithout_pattern\u00a0\u00bb css_animation=\u00a0\u00bb\u00a0\u00bb][vc_column][vc_column_text]<\/p>\n<p style=\"text-align: justify;\">Les vari\u00e9t\u00e9s avec lesquelles sont produits les excellents crus \u00e0 Lanzarote sont : malvoisie, listan blanc, muscat, vigiriega, burra blanca, breval, pedro xim\u00e9nez, listan noir et negramoll. La vigne, majoritairement de la vari\u00e9t\u00e9 malvoisie, est parfaitement adapt\u00e9e \u00e0 l\u2019environnement et donne de petits raisins, \u00e0 faible rendement, mais de grande qualit\u00e9 pour l\u2019\u00e9quilibre, le go\u00fbt et l\u2019ar\u00f4me qu\u2019ils transmettent au vin. La vari\u00e9t\u00e9 vigiriega, \u00e0 maturation lente, donne aussi des vins tr\u00e8s aromatiques.<\/p>\n<p style=\"text-align: justify;\">La plupart de la r\u00e9colte est destin\u00e9e \u00e0 la production de vins blancs (secs, demi-secs, demi-doux, doux), liquoreux, crianzas et effervescents, sans oublier les ros\u00e9s, mais aussi les rouges, de grande qualit\u00e9. Les vins blancs jeunes pr\u00e9sentent une couleur jaune paille, un ar\u00f4me intense et un caract\u00e8re propre du malvoisie. Ils sont agr\u00e9ables en bouche, \u00e9quilibr\u00e9s avec une fin s\u00e8che amand\u00e9e.<\/p>\n<p style=\"text-align: justify;\">Les ros\u00e9s sont des vins rose groseille frais, fruit\u00e9s et persistants. Les rouges sont g\u00e9n\u00e9ralement des vins \u00e0 robe moyenne, chaleureux et bien structur\u00e9s. Les vins liquoreux issus de la vari\u00e9t\u00e9 muscat sont tr\u00e8s g\u00e9n\u00e9reux, aromatiques et d\u2019excellente qualit\u00e9 pour l\u2019ap\u00e9ritif ou le dessert.<\/p>\n<p style=\"text-align: justify;\">Le rendement par hectare est un v\u00e9ritable record n\u00e9gatif, oscillant entre 1 000 et 1 500 kg. La production de l\u2019\u00eele est soumise aux caprices climatiques, oscillant entre un et trois millions de kilos.<\/p>\n<p>[\/vc_column_text][vc_separator type=\u00a0\u00bbtransparent\u00a0\u00bb up=\u00a0\u00bb20&Prime; down=\u00a0\u00bb20&Prime;][\/vc_column][\/vc_row]<\/p>\n<!-- Begin Yuzo --><div class='yuzo_related_post style-1'  data-version='5.12.89'><!-- without result --><div class='yuzo_clearfixed yuzo__title yuzo__title'><h3>Noticias relacionadas<\/h3><\/div>\n\t\t\t\t\t\t  <div class=\"relatedthumb \" style=\"width:215px;float:left;overflow:hidden;\">  \n\t\t\t\t\t\t\t  \n\t\t\t\t\t\t\t  <a rel='nofollow' href=\"https:\/\/dolanzarote.com\/fr\/consejo-regulador-y-camara-de-comercio-de-lanzarote-clausuran-un-curso-que-fomenta-el-enoturismo-como-atractivo-turistico\/\"  >\n\t\t\t\t\t\t\t\t\t  <div class=\"yuzo-img-wrap \" style=\"width: 215px;height:180px;\">\n\t\t\t\t\t\t\t\t\t\t\n\t\t\t\t\t\t\t\t\t\t<div class=\"yuzo-img\" style=\"background:url('https:\/\/dolanzarote.com\/wp-content\/uploads\/2013\/04\/0.jpg') 50% 50% no-repeat;width: 215px;height:180px;margin-bottom: 5px;background-size: cover; \"><\/div>\n\t\t\t\t\t\t\t\t\t  <\/div>\n\t\t\t\t\t\t\t\t\t  \n\t\t\t\t\t\t\t\t   <span class=\"yuzo__text--title\" style=\"font-size:18px;font-weight:bold;\">Consejo Regulador y C\u00e1mara de Comercio de Lanzarote clausuran un curso q...<\/span>\n\t\t\t\t\t\t\t  <span class=\"yuzo_text\" style=\"font-size:14px;\" >Patrocinado por CajaSiete, los 14 participantes recibieron el pasado mi\u00e9rcoles sus diplomas acredita...<\/span>\n\t\t\t\t\t\t\t  \n\t\t\t\t\t\t\t  <\/a>\n\n\t\t\t\t\t\t  <\/div>\n\t\t\t\t\t\t  <div class=\"relatedthumb \" style=\"width:215px;float:left;overflow:hidden;\">  \n\t\t\t\t\t\t\t  \n\t\t\t\t\t\t\t  <a rel='nofollow' href=\"https:\/\/dolanzarote.com\/fr\/la-calidad-de-los-vinos-lanzarotenos-sorprende-a-una-delegacion-empresarial-china-de-viaje-por-la-isla\/\"  >\n\t\t\t\t\t\t\t\t\t  <div class=\"yuzo-img-wrap \" style=\"width: 215px;height:180px;\">\n\t\t\t\t\t\t\t\t\t\t\n\t\t\t\t\t\t\t\t\t\t<div class=\"yuzo-img\" style=\"background:url('http:\/\/dolanzarote.lztic.com\/wp-content\/plugins\/yuzo-related-post\/assets\/images\/default.png') 50% 50% no-repeat;width: 215px;height:180px;margin-bottom: 5px;background-size: cover; \"><\/div>\n\t\t\t\t\t\t\t\t\t  <\/div>\n\t\t\t\t\t\t\t\t\t  \n\t\t\t\t\t\t\t\t   <span class=\"yuzo__text--title\" style=\"font-size:18px;font-weight:bold;\">La calidad de los vinos lanzarote\u00f1os sorprende a una delegaci\u00f3n empresar...<\/span>\n\t\t\t\t\t\t\t  <span class=\"yuzo_text\" style=\"font-size:14px;\" >Est\u00e1 formada en su mayor\u00eda por mujeres emprendedoras que disfrutaron de los caldos DO Lanzarote en B...<\/span>\n\t\t\t\t\t\t\t  \n\t\t\t\t\t\t\t  <\/a>\n\n\t\t\t\t\t\t  <\/div>\n\t\t\t\t\t\t  <div class=\"relatedthumb \" style=\"width:215px;float:left;overflow:hidden;\">  \n\t\t\t\t\t\t\t  \n\t\t\t\t\t\t\t  <a rel='nofollow' href=\"https:\/\/dolanzarote.com\/fr\/mas-de-150-personas-asisten-en-gran-canaria-al-encuentro-de-bodegas-d-o-lanzarote-con-restauradores-y-hoteleros\/\"  >\n\t\t\t\t\t\t\t\t\t  <div class=\"yuzo-img-wrap \" style=\"width: 215px;height:180px;\">\n\t\t\t\t\t\t\t\t\t\t\n\t\t\t\t\t\t\t\t\t\t<div class=\"yuzo-img\" style=\"background:url('http:\/\/dolanzarote.lztic.com\/wp-content\/plugins\/yuzo-related-post\/assets\/images\/default.png') 50% 50% no-repeat;width: 215px;height:180px;margin-bottom: 5px;background-size: cover; \"><\/div>\n\t\t\t\t\t\t\t\t\t  <\/div>\n\t\t\t\t\t\t\t\t\t  \n\t\t\t\t\t\t\t\t   <span class=\"yuzo__text--title\" style=\"font-size:18px;font-weight:bold;\">M\u00e1s de 150 personas asisten en Gran Canaria al encuentro de bodegas D.O....<\/span>\n\t\t\t\t\t\t\t  <span class=\"yuzo_text\" style=\"font-size:14px;\" ><\/span>\n\t\t\t\t\t\t\t  \n\t\t\t\t\t\t\t  <\/a>\n\n\t\t\t\t\t\t  <\/div>\n<\/div> <script>\n\t\t\t\t\t\t  jQuery(document).ready(function( $ ){\n\t\t\t\t\t\t\t\/\/jQuery('.yuzo_related_post').equalizer({ overflow : 'relatedthumb' });\n\t\t\t\t\t\t\tjQuery('.yuzo_related_post .yuzo_wraps').equalizer({ columns : '> div' });\n\t\t\t\t\t\t   })\n\t\t\t\t\t\t  <\/script> <!-- End Yuzo :) --><!-- AddThis Advanced Settings generic via filter on the_content --><!-- AddThis Share Buttons generic via filter on the_content -->","protected":false},"excerpt":{"rendered":"<p>[vc_row row_type=\u00a0\u00bbrow\u00a0\u00bb use_row_as_full_screen_section=\u00a0\u00bbno\u00a0\u00bb type=\u00a0\u00bbfull_width\u00a0\u00bb angled_section=\u00a0\u00bbno\u00a0\u00bb text_align=\u00a0\u00bbleft\u00a0\u00bb background_image_as_pattern=\u00a0\u00bbwithout_pattern\u00a0\u00bb css_animation=\u00a0\u00bb\u00a0\u00bb][vc_column width=\u00a0\u00bb1\/2&Prime;][vc_column_text] Lanzarote poss\u00e8de le paysage le plus singulier de l\u2019archipel canarien, fa\u00e7onn\u00e9 par la lave des nombreux volcans, et un aspect lunaire atteignant des nuances spectaculaires au parc national de Timanfaya. Malgr\u00e9 le manque de pluie end\u00e9mique&#8230;<!-- AddThis Advanced Settings generic via filter on get_the_excerpt --><!-- AddThis Share Buttons generic via filter on get_the_excerpt --><\/p>\n","protected":false},"author":1,"featured_media":0,"parent":4643,"menu_order":0,"comment_status":"closed","ping_status":"closed","template":"","meta":{"_mc_calendar":[],"footnotes":""},"class_list":["post-4680","page","type-page","status-publish","hentry"],"yoast_head":"<!-- This site is optimized with the Yoast SEO plugin v27.4 - https:\/\/yoast.com\/product\/yoast-seo-wordpress\/ -->\n<title>Environnement - D.O. Lanzarote<\/title>\n<meta name=\"robots\" content=\"index, follow, max-snippet:-1, max-image-preview:large, max-video-preview:-1\" \/>\n<link rel=\"canonical\" href=\"https:\/\/dolanzarote.com\/vino\/lanzarote\/entorno\/\" \/>\n<meta property=\"og:locale\" content=\"fr_FR\" \/>\n<meta property=\"og:type\" content=\"article\" \/>\n<meta property=\"og:title\" content=\"Environnement - D.O. Lanzarote\" \/>\n<meta property=\"og:description\" content=\"[vc_row row_type=\u00a0\u00bbrow\u00a0\u00bb use_row_as_full_screen_section=\u00a0\u00bbno\u00a0\u00bb type=\u00a0\u00bbfull_width\u00a0\u00bb angled_section=\u00a0\u00bbno\u00a0\u00bb text_align=\u00a0\u00bbleft\u00a0\u00bb background_image_as_pattern=\u00a0\u00bbwithout_pattern\u00a0\u00bb css_animation=\u00a0\u00bb\u00a0\u00bb][vc_column width=\u00a0\u00bb1\/2&Prime;][vc_column_text] Lanzarote poss\u00e8de le paysage le plus singulier de l\u2019archipel canarien, fa\u00e7onn\u00e9 par la lave des nombreux volcans, et un aspect lunaire atteignant des nuances spectaculaires au parc national de Timanfaya. Malgr\u00e9 le manque de pluie end\u00e9mique...\" \/>\n<meta property=\"og:url\" content=\"https:\/\/dolanzarote.com\/vino\/lanzarote\/entorno\/\" \/>\n<meta property=\"og:site_name\" content=\"D.O. Lanzarote\" \/>\n<meta property=\"article:modified_time\" content=\"2022-07-14T10:25:37+00:00\" \/>\n<meta name=\"twitter:card\" content=\"summary_large_image\" \/>\n<meta name=\"twitter:label1\" content=\"Dur\u00e9e de lecture estim\u00e9e\" \/>\n\t<meta name=\"twitter:data1\" content=\"15 minutes\" \/>\n<script type=\"application\/ld+json\" class=\"yoast-schema-graph\">{\"@context\":\"https:\\\/\\\/schema.org\",\"@graph\":[{\"@type\":\"WebPage\",\"@id\":\"https:\\\/\\\/dolanzarote.com\\\/vino\\\/lanzarote\\\/entorno\\\/\",\"url\":\"https:\\\/\\\/dolanzarote.com\\\/vino\\\/lanzarote\\\/entorno\\\/\",\"name\":\"Environnement - D.O. Lanzarote\",\"isPartOf\":{\"@id\":\"https:\\\/\\\/dolanzarote.com\\\/de\\\/#website\"},\"datePublished\":\"2016-08-17T12:08:57+00:00\",\"dateModified\":\"2022-07-14T10:25:37+00:00\",\"breadcrumb\":{\"@id\":\"https:\\\/\\\/dolanzarote.com\\\/vino\\\/lanzarote\\\/entorno\\\/#breadcrumb\"},\"inLanguage\":\"fr-FR\",\"potentialAction\":[{\"@type\":\"ReadAction\",\"target\":[\"https:\\\/\\\/dolanzarote.com\\\/vino\\\/lanzarote\\\/entorno\\\/\"]}]},{\"@type\":\"BreadcrumbList\",\"@id\":\"https:\\\/\\\/dolanzarote.com\\\/vino\\\/lanzarote\\\/entorno\\\/#breadcrumb\",\"itemListElement\":[{\"@type\":\"ListItem\",\"position\":1,\"name\":\"Portada\",\"item\":\"https:\\\/\\\/dolanzarote.com\\\/\"},{\"@type\":\"ListItem\",\"position\":2,\"name\":\"(Espa\u00f1ol) Vino\",\"item\":\"https:\\\/\\\/dolanzarote.com\\\/de\\\/vino\\\/\"},{\"@type\":\"ListItem\",\"position\":3,\"name\":\"Lanzarote\",\"item\":\"https:\\\/\\\/dolanzarote.com\\\/de\\\/vino\\\/lanzarote\\\/\"},{\"@type\":\"ListItem\",\"position\":4,\"name\":\"Entorno\"}]},{\"@type\":\"WebSite\",\"@id\":\"https:\\\/\\\/dolanzarote.com\\\/de\\\/#website\",\"url\":\"https:\\\/\\\/dolanzarote.com\\\/de\\\/\",\"name\":\"D.O. Lanzarote\",\"description\":\"Vinos de Lanzarote\",\"potentialAction\":[{\"@type\":\"SearchAction\",\"target\":{\"@type\":\"EntryPoint\",\"urlTemplate\":\"https:\\\/\\\/dolanzarote.com\\\/de\\\/?s={search_term_string}\"},\"query-input\":{\"@type\":\"PropertyValueSpecification\",\"valueRequired\":true,\"valueName\":\"search_term_string\"}}],\"inLanguage\":\"fr-FR\"}]}<\/script>\n<!-- \/ Yoast SEO plugin. -->","yoast_head_json":{"title":"Environnement - D.O. Lanzarote","robots":{"index":"index","follow":"follow","max-snippet":"max-snippet:-1","max-image-preview":"max-image-preview:large","max-video-preview":"max-video-preview:-1"},"canonical":"https:\/\/dolanzarote.com\/vino\/lanzarote\/entorno\/","og_locale":"fr_FR","og_type":"article","og_title":"Environnement - D.O. Lanzarote","og_description":"[vc_row row_type=\u00a0\u00bbrow\u00a0\u00bb use_row_as_full_screen_section=\u00a0\u00bbno\u00a0\u00bb type=\u00a0\u00bbfull_width\u00a0\u00bb angled_section=\u00a0\u00bbno\u00a0\u00bb text_align=\u00a0\u00bbleft\u00a0\u00bb background_image_as_pattern=\u00a0\u00bbwithout_pattern\u00a0\u00bb css_animation=\u00a0\u00bb\u00a0\u00bb][vc_column width=\u00a0\u00bb1\/2&Prime;][vc_column_text] Lanzarote poss\u00e8de le paysage le plus singulier de l\u2019archipel canarien, fa\u00e7onn\u00e9 par la lave des nombreux volcans, et un aspect lunaire atteignant des nuances spectaculaires au parc national de Timanfaya. Malgr\u00e9 le manque de pluie end\u00e9mique...","og_url":"https:\/\/dolanzarote.com\/vino\/lanzarote\/entorno\/","og_site_name":"D.O. Lanzarote","article_modified_time":"2022-07-14T10:25:37+00:00","twitter_card":"summary_large_image","twitter_misc":{"Dur\u00e9e de lecture estim\u00e9e":"15 minutes"},"schema":{"@context":"https:\/\/schema.org","@graph":[{"@type":"WebPage","@id":"https:\/\/dolanzarote.com\/vino\/lanzarote\/entorno\/","url":"https:\/\/dolanzarote.com\/vino\/lanzarote\/entorno\/","name":"Environnement - D.O. Lanzarote","isPartOf":{"@id":"https:\/\/dolanzarote.com\/de\/#website"},"datePublished":"2016-08-17T12:08:57+00:00","dateModified":"2022-07-14T10:25:37+00:00","breadcrumb":{"@id":"https:\/\/dolanzarote.com\/vino\/lanzarote\/entorno\/#breadcrumb"},"inLanguage":"fr-FR","potentialAction":[{"@type":"ReadAction","target":["https:\/\/dolanzarote.com\/vino\/lanzarote\/entorno\/"]}]},{"@type":"BreadcrumbList","@id":"https:\/\/dolanzarote.com\/vino\/lanzarote\/entorno\/#breadcrumb","itemListElement":[{"@type":"ListItem","position":1,"name":"Portada","item":"https:\/\/dolanzarote.com\/"},{"@type":"ListItem","position":2,"name":"(Espa\u00f1ol) Vino","item":"https:\/\/dolanzarote.com\/de\/vino\/"},{"@type":"ListItem","position":3,"name":"Lanzarote","item":"https:\/\/dolanzarote.com\/de\/vino\/lanzarote\/"},{"@type":"ListItem","position":4,"name":"Entorno"}]},{"@type":"WebSite","@id":"https:\/\/dolanzarote.com\/de\/#website","url":"https:\/\/dolanzarote.com\/de\/","name":"D.O. Lanzarote","description":"Vinos de Lanzarote","potentialAction":[{"@type":"SearchAction","target":{"@type":"EntryPoint","urlTemplate":"https:\/\/dolanzarote.com\/de\/?s={search_term_string}"},"query-input":{"@type":"PropertyValueSpecification","valueRequired":true,"valueName":"search_term_string"}}],"inLanguage":"fr-FR"}]}},"_links":{"self":[{"href":"https:\/\/dolanzarote.com\/fr\/wp-json\/wp\/v2\/pages\/4680","targetHints":{"allow":["GET"]}}],"collection":[{"href":"https:\/\/dolanzarote.com\/fr\/wp-json\/wp\/v2\/pages"}],"about":[{"href":"https:\/\/dolanzarote.com\/fr\/wp-json\/wp\/v2\/types\/page"}],"author":[{"embeddable":true,"href":"https:\/\/dolanzarote.com\/fr\/wp-json\/wp\/v2\/users\/1"}],"replies":[{"embeddable":true,"href":"https:\/\/dolanzarote.com\/fr\/wp-json\/wp\/v2\/comments?post=4680"}],"version-history":[{"count":27,"href":"https:\/\/dolanzarote.com\/fr\/wp-json\/wp\/v2\/pages\/4680\/revisions"}],"predecessor-version":[{"id":9576,"href":"https:\/\/dolanzarote.com\/fr\/wp-json\/wp\/v2\/pages\/4680\/revisions\/9576"}],"up":[{"embeddable":true,"href":"https:\/\/dolanzarote.com\/fr\/wp-json\/wp\/v2\/pages\/4643"}],"wp:attachment":[{"href":"https:\/\/dolanzarote.com\/fr\/wp-json\/wp\/v2\/media?parent=4680"}],"curies":[{"name":"wp","href":"https:\/\/api.w.org\/{rel}","templated":true}]}}