{"id":4678,"date":"2016-08-17T12:07:28","date_gmt":"2016-08-17T12:07:28","guid":{"rendered":"https:\/\/dolanzarote.com\/?page_id=4678"},"modified":"2020-03-06T13:54:38","modified_gmt":"2020-03-06T13:54:38","slug":"clima","status":"publish","type":"page","link":"https:\/\/dolanzarote.com\/fr\/vino\/lanzarote\/clima\/","title":{"rendered":"Climat"},"content":{"rendered":"<p>[vc_row row_type=\u00a0\u00bbrow\u00a0\u00bb use_row_as_full_screen_section=\u00a0\u00bbno\u00a0\u00bb type=\u00a0\u00bbfull_width\u00a0\u00bb angled_section=\u00a0\u00bbno\u00a0\u00bb text_align=\u00a0\u00bbleft\u00a0\u00bb background_image_as_pattern=\u00a0\u00bbwithout_pattern\u00a0\u00bb css_animation=\u00a0\u00bb\u00a0\u00bb][vc_column width=\u00a0\u00bb1\/2&Prime;][vc_column_text]<\/p>\n<p style=\"text-align: justify;\">Le climat de Lanzarote peut \u00eatre class\u00e9 d\u00e9sertique selon le facteur de pluie de Lang, hyper-aride selon l\u2019indice de Martonne, et m\u00e9diterran\u00e9en semi-aride subtropical selon le classement de Papadakis.<\/p>\n<p style=\"text-align: justify;\">La temp\u00e9rature moyenne de la zone g\u00e9ographique est de 20 \u00b0C, avec des variations thermiques entre les mois les plus froids et les plus chauds, la diff\u00e9rence moyenne de temp\u00e9rature entre janvier et ao\u00fbt \u00e9tant d\u2019environ 7 \u00b0C.<\/p>\n<p style=\"text-align: justify;\">Sur cette \u00eele, le contraste thermique diurne peut atteindre 17 \u00b0C au cours d\u2019une m\u00eame journ\u00e9e, des variations entre le jour et la nuit typiques des r\u00e9gions d\u00e9sertiques.<\/p>\n<p style=\"text-align: justify;\">La pr\u00e9cipitation moyenne annuelle est inf\u00e9rieure \u00e0 150 mm. Quant \u00e0 la variation saisonni\u00e8re, le mois le plus pluvieux est d\u00e9cembre, les pr\u00e9cipitations annuelles ayant majoritairement lieu entre novembre et mars et sont pratiquement nulles entre juin et ao\u00fbt.<\/p>\n<p>[\/vc_column_text][\/vc_column][vc_column width=\u00a0\u00bb1\/2&Prime;][vc_gallery interval=\u00a0\u00bb3&Prime; images=\u00a0\u00bb5210,5207,5206&Prime; img_size=\u00a0\u00bblarge\u00a0\u00bb][\/vc_column][\/vc_row][vc_row row_type=\u00a0\u00bbrow\u00a0\u00bb use_row_as_full_screen_section=\u00a0\u00bbno\u00a0\u00bb type=\u00a0\u00bbfull_width\u00a0\u00bb angled_section=\u00a0\u00bbno\u00a0\u00bb text_align=\u00a0\u00bbleft\u00a0\u00bb background_image_as_pattern=\u00a0\u00bbwithout_pattern\u00a0\u00bb css_animation=\u00a0\u00bb\u00a0\u00bb css=\u00a0\u00bb.vc_custom_1492518088930{margin-bottom: 20px !important;padding-top: 30px !important;padding-right: 20px !important;padding-bottom: 30px !important;padding-left: 20px !important;background-color: #5e5e5e !important;}\u00a0\u00bb][vc_column width=\u00a0\u00bb1\/2&Prime;][vc_column_text]<\/p>\n<p style=\"text-align: justify;\"><span style=\"color: #ffffff;\">En raison du manque de barri\u00e8res g\u00e9ographiques et de l\u2019influence des vents aliz\u00e9s et des brises marines, le vent est un facteur caract\u00e9ristique de Lanzarote en particulier. Il est presque constant toute l\u2019ann\u00e9e et donne lieu \u00e0 certaines pratiques agricoles typiques de Lanzarote.<br \/>\n<\/span><\/p>\n<p>[\/vc_column_text][\/vc_column][vc_column width=\u00a0\u00bb1\/2&Prime;][vc_column_text]<\/p>\n<p style=\"text-align: justify;\"><span style=\"color: #ffffff;\">Le sens pr\u00e9dominant du vent est N-NE et sa concentration et sa vitesse maximales ont lieu en \u00e9t\u00e9, o\u00f9 les vents aliz\u00e9s sont les plus intenses, la vitesse moyenne annuelle oscillant entre 5 et 7 m\/s.\/span&gt;<\/span><\/p>\n<p>[\/vc_column_text][\/vc_column][\/vc_row][vc_row row_type=\u00a0\u00bbrow\u00a0\u00bb use_row_as_full_screen_section=\u00a0\u00bbno\u00a0\u00bb type=\u00a0\u00bbfull_width\u00a0\u00bb angled_section=\u00a0\u00bbno\u00a0\u00bb text_align=\u00a0\u00bbleft\u00a0\u00bb background_image_as_pattern=\u00a0\u00bbwithout_pattern\u00a0\u00bb css_animation=\u00a0\u00bb\u00a0\u00bb][vc_column width=\u00a0\u00bb1\/2&Prime;][vc_column_text]<\/p>\n<p style=\"text-align: justify;\">L\u2019humidit\u00e9 relative en tant que variable climatique peut \u00eatre consid\u00e9r\u00e9e comme relativement \u00e9lev\u00e9e, avec une moyenne annuelle allant jusqu\u2019\u00e0 69 %, d\u2019importantes variations saisonni\u00e8res et des valeurs maximales de 72 % au cours des mois aux moyennes les plus hautes (d\u00e9cembre et janvier) et des minimales de 66 % pendant les mois aux moyennes les plus basses (avril et mai).<\/p>\n<p style=\"text-align: justify;\">Les variations journali\u00e8res sont \u00e9galement importantes, avec des valeurs maximales sup\u00e9rieures \u00e0 80 % \u00e0 l\u2019aube et des minimales inf\u00e9rieures \u00e0 40 % \u00e0 midi, aux heures d\u2019ensoleillement maximum.<\/p>\n<p>[\/vc_column_text][\/vc_column][vc_column width=\u00a0\u00bb1\/2&Prime;][vc_column_text]<\/p>\n<p style=\"text-align: justify;\">La faible n\u00e9bulosit\u00e9 tout au long de l\u2019ann\u00e9e favorise le nombre d\u2019heures d\u2019ensoleillement, avec une moyenne de 7,8 h\/jour. Il existe toutefois des variations en termes de nombre d\u2019heures d\u2019ensoleillement en fonction des saisons, les maximales ayant lieu en \u00e9t\u00e9 (9,5 h\/jour), les valeurs interm\u00e9diaires au printemps et en automne (8 h\/jour et 7 h\/jour respectivement) et les minimales en hiver (6 h\/jour) (source : AEMET, 2010).<\/p>\n<p style=\"text-align: justify;\">Les temp\u00e9ratures \u00e9lev\u00e9es, l\u2019influence des vents et les hautes valeurs d\u2019ensoleillement d\u00e9terminent un taux d\u2019\u00e9vaporation moyen annuel en cuve \u00e9vaporim\u00e9trique d\u2019environ 1 800 mm, et de pr\u00e8s de 960 mm avec la m\u00e9thode de Thornthwaite, ces variations entre le jour et la nuit \u00e9tant caract\u00e9ristiques des r\u00e9gions d\u00e9sertiques.<\/p>\n<p>[\/vc_column_text][\/vc_column][\/vc_row][vc_row row_type=\u00a0\u00bbrow\u00a0\u00bb use_row_as_full_screen_section=\u00a0\u00bbno\u00a0\u00bb type=\u00a0\u00bbfull_width\u00a0\u00bb angled_section=\u00a0\u00bbno\u00a0\u00bb text_align=\u00a0\u00bbleft\u00a0\u00bb background_image_as_pattern=\u00a0\u00bbwithout_pattern\u00a0\u00bb css_animation=\u00a0\u00bb\u00a0\u00bb][vc_column][vc_separator type=\u00a0\u00bbtransparent\u00a0\u00bb up=\u00a0\u00bb20&Prime; down=\u00a0\u00bb20&Prime;][\/vc_column][\/vc_row]<\/p>\n<!-- Begin Yuzo --><div class='yuzo_related_post style-1'  data-version='5.12.89'><!-- without result --><div class='yuzo_clearfixed yuzo__title yuzo__title'><h3>Noticias relacionadas<\/h3><\/div>\n\t\t\t\t\t\t  <div class=\"relatedthumb \" style=\"width:215px;float:left;overflow:hidden;\">  \n\t\t\t\t\t\t\t  \n\t\t\t\t\t\t\t  <a rel='nofollow' href=\"https:\/\/dolanzarote.com\/fr\/el-consejo-regulador-informara-a-los-viticultores-del-seguro-de-la-vina-y-de-la-subvencion-del-posei\/\"  >\n\t\t\t\t\t\t\t\t\t  <div class=\"yuzo-img-wrap \" style=\"width: 215px;height:180px;\">\n\t\t\t\t\t\t\t\t\t\t\n\t\t\t\t\t\t\t\t\t\t<div class=\"yuzo-img\" style=\"background:url('http:\/\/dolanzarote.lztic.com\/wp-content\/plugins\/yuzo-related-post\/assets\/images\/default.png') 50% 50% no-repeat;width: 215px;height:180px;margin-bottom: 5px;background-size: cover; \"><\/div>\n\t\t\t\t\t\t\t\t\t  <\/div>\n\t\t\t\t\t\t\t\t\t  \n\t\t\t\t\t\t\t\t   <span class=\"yuzo__text--title\" style=\"font-size:18px;font-weight:bold;\">El Consejo Regulador informar\u00e1 a los viticultores del seguro de la vi\u00f1a ...<\/span>\n\t\t\t\t\t\t\t  <span class=\"yuzo_text\" style=\"font-size:14px;\" >Las reuniones se celebrar\u00e1n este mi\u00e9rcoles en la Sociedad de M\u00e1guez, jueves en el Teatro de San Bart...<\/span>\n\t\t\t\t\t\t\t  \n\t\t\t\t\t\t\t  <\/a>\n\n\t\t\t\t\t\t  <\/div>\n\t\t\t\t\t\t  <div class=\"relatedthumb \" style=\"width:215px;float:left;overflow:hidden;\">  \n\t\t\t\t\t\t\t  \n\t\t\t\t\t\t\t  <a rel='nofollow' href=\"https:\/\/dolanzarote.com\/fr\/la-vi-semana-de-los-vinos-del-volcan-comienza-manana-martes-con-una-cata-destinada-a-restauradores-y-periodistas\/\"  >\n\t\t\t\t\t\t\t\t\t  <div class=\"yuzo-img-wrap \" style=\"width: 215px;height:180px;\">\n\t\t\t\t\t\t\t\t\t\t\n\t\t\t\t\t\t\t\t\t\t<div class=\"yuzo-img\" style=\"background:url('http:\/\/dolanzarote.lztic.com\/wp-content\/plugins\/yuzo-related-post\/assets\/images\/default.png') 50% 50% no-repeat;width: 215px;height:180px;margin-bottom: 5px;background-size: cover; \"><\/div>\n\t\t\t\t\t\t\t\t\t  <\/div>\n\t\t\t\t\t\t\t\t\t  \n\t\t\t\t\t\t\t\t   <span class=\"yuzo__text--title\" style=\"font-size:18px;font-weight:bold;\">La VI Semana de los Vinos del Volc\u00e1n comienza ma\u00f1ana martes con una cata...<\/span>\n\t\t\t\t\t\t\t  <span class=\"yuzo_text\" style=\"font-size:14px;\" ><\/span>\n\t\t\t\t\t\t\t  \n\t\t\t\t\t\t\t  <\/a>\n\n\t\t\t\t\t\t  <\/div>\n\t\t\t\t\t\t  <div class=\"relatedthumb \" style=\"width:215px;float:left;overflow:hidden;\">  \n\t\t\t\t\t\t\t  \n\t\t\t\t\t\t\t  <a rel='nofollow' href=\"https:\/\/dolanzarote.com\/fr\/bodegas-el-grifo-acoge-este-domingo-dia-10-un-maridaje-con-vinos-d-o-lanzarote-y-la-actuacion-de-oscartienealas\/\"  >\n\t\t\t\t\t\t\t\t\t  <div class=\"yuzo-img-wrap \" style=\"width: 215px;height:180px;\">\n\t\t\t\t\t\t\t\t\t\t\n\t\t\t\t\t\t\t\t\t\t<div class=\"yuzo-img\" style=\"background:url('http:\/\/dolanzarote.lztic.com\/wp-content\/plugins\/yuzo-related-post\/assets\/images\/default.png') 50% 50% no-repeat;width: 215px;height:180px;margin-bottom: 5px;background-size: cover; \"><\/div>\n\t\t\t\t\t\t\t\t\t  <\/div>\n\t\t\t\t\t\t\t\t\t  \n\t\t\t\t\t\t\t\t   <span class=\"yuzo__text--title\" style=\"font-size:18px;font-weight:bold;\">Bodegas El Grifo acoge este domingo d\u00eda 10 un maridaje con vinos D.O. La...<\/span>\n\t\t\t\t\t\t\t  <span class=\"yuzo_text\" style=\"font-size:14px;\" ><\/span>\n\t\t\t\t\t\t\t  \n\t\t\t\t\t\t\t  <\/a>\n\n\t\t\t\t\t\t  <\/div>\n<\/div> <script>\n\t\t\t\t\t\t  jQuery(document).ready(function( $ ){\n\t\t\t\t\t\t\t\/\/jQuery('.yuzo_related_post').equalizer({ overflow : 'relatedthumb' });\n\t\t\t\t\t\t\tjQuery('.yuzo_related_post .yuzo_wraps').equalizer({ columns : '> div' });\n\t\t\t\t\t\t   })\n\t\t\t\t\t\t  <\/script> <!-- End Yuzo :) --><!-- AddThis Advanced Settings generic via filter on the_content --><!-- AddThis Share Buttons generic via filter on the_content -->","protected":false},"excerpt":{"rendered":"<p>[vc_row row_type=\u00a0\u00bbrow\u00a0\u00bb use_row_as_full_screen_section=\u00a0\u00bbno\u00a0\u00bb type=\u00a0\u00bbfull_width\u00a0\u00bb angled_section=\u00a0\u00bbno\u00a0\u00bb text_align=\u00a0\u00bbleft\u00a0\u00bb background_image_as_pattern=\u00a0\u00bbwithout_pattern\u00a0\u00bb css_animation=\u00a0\u00bb\u00a0\u00bb][vc_column width=\u00a0\u00bb1\/2&Prime;][vc_column_text] Le climat de Lanzarote peut \u00eatre class\u00e9 d\u00e9sertique selon le facteur de pluie de Lang, hyper-aride selon l\u2019indice de Martonne, et m\u00e9diterran\u00e9en semi-aride subtropical selon le classement de Papadakis. La temp\u00e9rature moyenne de la zone g\u00e9ographique&#8230;<!-- AddThis Advanced Settings generic via filter on get_the_excerpt --><!-- AddThis Share Buttons generic via filter on get_the_excerpt --><\/p>\n","protected":false},"author":1,"featured_media":0,"parent":4643,"menu_order":0,"comment_status":"closed","ping_status":"closed","template":"","meta":{"_mc_calendar":[],"footnotes":""},"class_list":["post-4678","page","type-page","status-publish","hentry"],"yoast_head":"<!-- This site is optimized with the Yoast SEO plugin v27.3 - https:\/\/yoast.com\/product\/yoast-seo-wordpress\/ -->\n<title>Climat - D.O. Lanzarote<\/title>\n<meta name=\"robots\" content=\"index, follow, max-snippet:-1, max-image-preview:large, max-video-preview:-1\" \/>\n<link rel=\"canonical\" href=\"https:\/\/dolanzarote.com\/de\/vino\/lanzarote\/clima\/\" \/>\n<meta property=\"og:locale\" content=\"fr_FR\" \/>\n<meta property=\"og:type\" content=\"article\" \/>\n<meta property=\"og:title\" content=\"Climat - D.O. Lanzarote\" \/>\n<meta property=\"og:description\" content=\"[vc_row row_type=\u00a0\u00bbrow\u00a0\u00bb use_row_as_full_screen_section=\u00a0\u00bbno\u00a0\u00bb type=\u00a0\u00bbfull_width\u00a0\u00bb angled_section=\u00a0\u00bbno\u00a0\u00bb text_align=\u00a0\u00bbleft\u00a0\u00bb background_image_as_pattern=\u00a0\u00bbwithout_pattern\u00a0\u00bb css_animation=\u00a0\u00bb\u00a0\u00bb][vc_column width=\u00a0\u00bb1\/2&Prime;][vc_column_text] Le climat de Lanzarote peut \u00eatre class\u00e9 d\u00e9sertique selon le facteur de pluie de Lang, hyper-aride selon l\u2019indice de Martonne, et m\u00e9diterran\u00e9en semi-aride subtropical selon le classement de Papadakis. La temp\u00e9rature moyenne de la zone g\u00e9ographique...\" \/>\n<meta property=\"og:url\" content=\"https:\/\/dolanzarote.com\/de\/vino\/lanzarote\/clima\/\" \/>\n<meta property=\"og:site_name\" content=\"D.O. Lanzarote\" \/>\n<meta property=\"article:modified_time\" content=\"2020-03-06T13:54:38+00:00\" \/>\n<meta name=\"twitter:card\" content=\"summary_large_image\" \/>\n<meta name=\"twitter:label1\" content=\"Dur\u00e9e de lecture estim\u00e9e\" \/>\n\t<meta name=\"twitter:data1\" content=\"3 minutes\" \/>\n<script type=\"application\/ld+json\" class=\"yoast-schema-graph\">{\"@context\":\"https:\\\/\\\/schema.org\",\"@graph\":[{\"@type\":\"WebPage\",\"@id\":\"https:\\\/\\\/dolanzarote.com\\\/de\\\/vino\\\/lanzarote\\\/clima\\\/\",\"url\":\"https:\\\/\\\/dolanzarote.com\\\/de\\\/vino\\\/lanzarote\\\/clima\\\/\",\"name\":\"Climat - D.O. Lanzarote\",\"isPartOf\":{\"@id\":\"https:\\\/\\\/dolanzarote.com\\\/de\\\/#website\"},\"datePublished\":\"2016-08-17T12:07:28+00:00\",\"dateModified\":\"2020-03-06T13:54:38+00:00\",\"breadcrumb\":{\"@id\":\"https:\\\/\\\/dolanzarote.com\\\/de\\\/vino\\\/lanzarote\\\/clima\\\/#breadcrumb\"},\"inLanguage\":\"fr-FR\",\"potentialAction\":[{\"@type\":\"ReadAction\",\"target\":[\"https:\\\/\\\/dolanzarote.com\\\/de\\\/vino\\\/lanzarote\\\/clima\\\/\"]}]},{\"@type\":\"BreadcrumbList\",\"@id\":\"https:\\\/\\\/dolanzarote.com\\\/de\\\/vino\\\/lanzarote\\\/clima\\\/#breadcrumb\",\"itemListElement\":[{\"@type\":\"ListItem\",\"position\":1,\"name\":\"Portada\",\"item\":\"https:\\\/\\\/dolanzarote.com\\\/\"},{\"@type\":\"ListItem\",\"position\":2,\"name\":\"(Espa\u00f1ol) Vino\",\"item\":\"https:\\\/\\\/dolanzarote.com\\\/de\\\/vino\\\/\"},{\"@type\":\"ListItem\",\"position\":3,\"name\":\"Lanzarote\",\"item\":\"https:\\\/\\\/dolanzarote.com\\\/de\\\/vino\\\/lanzarote\\\/\"},{\"@type\":\"ListItem\",\"position\":4,\"name\":\"Klima\"}]},{\"@type\":\"WebSite\",\"@id\":\"https:\\\/\\\/dolanzarote.com\\\/de\\\/#website\",\"url\":\"https:\\\/\\\/dolanzarote.com\\\/de\\\/\",\"name\":\"D.O. Lanzarote\",\"description\":\"Vinos de Lanzarote\",\"potentialAction\":[{\"@type\":\"SearchAction\",\"target\":{\"@type\":\"EntryPoint\",\"urlTemplate\":\"https:\\\/\\\/dolanzarote.com\\\/de\\\/?s={search_term_string}\"},\"query-input\":{\"@type\":\"PropertyValueSpecification\",\"valueRequired\":true,\"valueName\":\"search_term_string\"}}],\"inLanguage\":\"fr-FR\"}]}<\/script>\n<!-- \/ Yoast SEO plugin. -->","yoast_head_json":{"title":"Climat - D.O. Lanzarote","robots":{"index":"index","follow":"follow","max-snippet":"max-snippet:-1","max-image-preview":"max-image-preview:large","max-video-preview":"max-video-preview:-1"},"canonical":"https:\/\/dolanzarote.com\/de\/vino\/lanzarote\/clima\/","og_locale":"fr_FR","og_type":"article","og_title":"Climat - D.O. Lanzarote","og_description":"[vc_row row_type=\u00a0\u00bbrow\u00a0\u00bb use_row_as_full_screen_section=\u00a0\u00bbno\u00a0\u00bb type=\u00a0\u00bbfull_width\u00a0\u00bb angled_section=\u00a0\u00bbno\u00a0\u00bb text_align=\u00a0\u00bbleft\u00a0\u00bb background_image_as_pattern=\u00a0\u00bbwithout_pattern\u00a0\u00bb css_animation=\u00a0\u00bb\u00a0\u00bb][vc_column width=\u00a0\u00bb1\/2&Prime;][vc_column_text] Le climat de Lanzarote peut \u00eatre class\u00e9 d\u00e9sertique selon le facteur de pluie de Lang, hyper-aride selon l\u2019indice de Martonne, et m\u00e9diterran\u00e9en semi-aride subtropical selon le classement de Papadakis. La temp\u00e9rature moyenne de la zone g\u00e9ographique...","og_url":"https:\/\/dolanzarote.com\/de\/vino\/lanzarote\/clima\/","og_site_name":"D.O. Lanzarote","article_modified_time":"2020-03-06T13:54:38+00:00","twitter_card":"summary_large_image","twitter_misc":{"Dur\u00e9e de lecture estim\u00e9e":"3 minutes"},"schema":{"@context":"https:\/\/schema.org","@graph":[{"@type":"WebPage","@id":"https:\/\/dolanzarote.com\/de\/vino\/lanzarote\/clima\/","url":"https:\/\/dolanzarote.com\/de\/vino\/lanzarote\/clima\/","name":"Climat - D.O. Lanzarote","isPartOf":{"@id":"https:\/\/dolanzarote.com\/de\/#website"},"datePublished":"2016-08-17T12:07:28+00:00","dateModified":"2020-03-06T13:54:38+00:00","breadcrumb":{"@id":"https:\/\/dolanzarote.com\/de\/vino\/lanzarote\/clima\/#breadcrumb"},"inLanguage":"fr-FR","potentialAction":[{"@type":"ReadAction","target":["https:\/\/dolanzarote.com\/de\/vino\/lanzarote\/clima\/"]}]},{"@type":"BreadcrumbList","@id":"https:\/\/dolanzarote.com\/de\/vino\/lanzarote\/clima\/#breadcrumb","itemListElement":[{"@type":"ListItem","position":1,"name":"Portada","item":"https:\/\/dolanzarote.com\/"},{"@type":"ListItem","position":2,"name":"(Espa\u00f1ol) Vino","item":"https:\/\/dolanzarote.com\/de\/vino\/"},{"@type":"ListItem","position":3,"name":"Lanzarote","item":"https:\/\/dolanzarote.com\/de\/vino\/lanzarote\/"},{"@type":"ListItem","position":4,"name":"Klima"}]},{"@type":"WebSite","@id":"https:\/\/dolanzarote.com\/de\/#website","url":"https:\/\/dolanzarote.com\/de\/","name":"D.O. Lanzarote","description":"Vinos de Lanzarote","potentialAction":[{"@type":"SearchAction","target":{"@type":"EntryPoint","urlTemplate":"https:\/\/dolanzarote.com\/de\/?s={search_term_string}"},"query-input":{"@type":"PropertyValueSpecification","valueRequired":true,"valueName":"search_term_string"}}],"inLanguage":"fr-FR"}]}},"_links":{"self":[{"href":"https:\/\/dolanzarote.com\/fr\/wp-json\/wp\/v2\/pages\/4678","targetHints":{"allow":["GET"]}}],"collection":[{"href":"https:\/\/dolanzarote.com\/fr\/wp-json\/wp\/v2\/pages"}],"about":[{"href":"https:\/\/dolanzarote.com\/fr\/wp-json\/wp\/v2\/types\/page"}],"author":[{"embeddable":true,"href":"https:\/\/dolanzarote.com\/fr\/wp-json\/wp\/v2\/users\/1"}],"replies":[{"embeddable":true,"href":"https:\/\/dolanzarote.com\/fr\/wp-json\/wp\/v2\/comments?post=4678"}],"version-history":[{"count":12,"href":"https:\/\/dolanzarote.com\/fr\/wp-json\/wp\/v2\/pages\/4678\/revisions"}],"predecessor-version":[{"id":8766,"href":"https:\/\/dolanzarote.com\/fr\/wp-json\/wp\/v2\/pages\/4678\/revisions\/8766"}],"up":[{"embeddable":true,"href":"https:\/\/dolanzarote.com\/fr\/wp-json\/wp\/v2\/pages\/4643"}],"wp:attachment":[{"href":"https:\/\/dolanzarote.com\/fr\/wp-json\/wp\/v2\/media?parent=4678"}],"curies":[{"name":"wp","href":"https:\/\/api.w.org\/{rel}","templated":true}]}}