{"id":4645,"date":"2016-08-17T11:22:21","date_gmt":"2016-08-17T11:22:21","guid":{"rendered":"https:\/\/dolanzarote.com\/?page_id=4645"},"modified":"2020-03-09T10:40:45","modified_gmt":"2020-03-09T10:40:45","slug":"cultivo","status":"publish","type":"page","link":"https:\/\/dolanzarote.com\/fr\/vino\/cultivo\/","title":{"rendered":"Culture"},"content":{"rendered":"<p>[vc_row row_type=\u00a0\u00bbrow\u00a0\u00bb use_row_as_full_screen_section=\u00a0\u00bbno\u00a0\u00bb type=\u00a0\u00bbfull_width\u00a0\u00bb angled_section=\u00a0\u00bbno\u00a0\u00bb text_align=\u00a0\u00bbleft\u00a0\u00bb background_image_as_pattern=\u00a0\u00bbwithout_pattern\u00a0\u00bb css_animation=\u00a0\u00bb\u00a0\u00bb css=\u00a0\u00bb.vc_custom_1474288986846{margin-bottom: 40px !important;}\u00a0\u00bb][vc_column width=\u00a0\u00bb2\/3&Prime;][vc_column_text]<\/p>\n<h3>DENSIT\u00c9 ET DISTANCE DE PLANTATION APPROXIMATIVES<\/h3>\n<p>&nbsp;<\/p>\n<ul>\n<li><strong>Au nord<\/strong>, la distance de plantation oscille entre <strong>1,5 et 2 m entre chaque cep<\/strong>.<\/li>\n<li><strong>Dans la zone de Tinajo,<\/strong> environ <strong>1,5 m.<\/strong><\/li>\n<li><strong>\u00c0 La Geria<\/strong> jusqu\u2019\u00e0 <strong>4m.<\/strong><\/li>\n<\/ul>\n<p>&nbsp;<\/p>\n<p>Ces diff\u00e9rences de distance de plantation s\u2019expliquent par le syst\u00e8me de culture employ\u00e9.<\/p>\n<p>Dans la zone de La Geria, le syst\u00e8me de trous est employ\u00e9, du fait de l\u2019\u00e9paisseur de la couche de lapilli, qui peut atteindre 3 m de profondeur dans certaines zones. Cela explique que la densit\u00e9 de plantation soit inf\u00e9rieure au reste de l\u2019\u00eele.<\/p>\n<p>Dans la zone de Tinajo et Har\u00eda, le syst\u00e8me de tranch\u00e9es est utilis\u00e9, de fa\u00e7on p\u00e9rim\u00e9trale ou dans toute la parcelle. La couche de lapilli est moins \u00e9paisse dans cette zone, notamment \u00e0 Har\u00eda, et peut \u00eatre presque absente \u00e0 certains endroits. Ye-Lajares est la principale zone de Har\u00eda.<\/p>\n<blockquote><p>&nbsp;<\/p>\n<p><span style=\"color: #333333;\"><em><strong>Remarque<\/strong>: plus d\u2019informations sur la densit\u00e9 de plantation en fonction du type de taille employ\u00e9 sont disponibles au chapitre II, article 6, section 5.1 du r\u00e8glement.<\/em>.<\/span><\/p><\/blockquote>\n<h3><\/h3>\n<p>[\/vc_column_text][\/vc_column][vc_column width=\u00a0\u00bb1\/3&Prime; css=\u00a0\u00bb.vc_custom_1474288970998{padding-top: 30px !important;padding-right: 20px !important;padding-bottom: 30px !important;padding-left: 20px !important;background-color: #e2e2e2 !important;}\u00a0\u00bb][vc_column_text]<\/p>\n<h3><\/h3>\n<h3>PRODUCTION MAXIMALE AUTORIS\u00c9E<\/h3>\n<p>(en kg\/ha) : 7 000 kg\/ha.<\/p>\n<h3><strong>\u00c2GE MOYEN<\/strong><\/h3>\n<p>G\u00e9n\u00e9ralement entre 30 et 50 ans, avec des vignes tr\u00e8s anciennes, mais aussi de nouvelles plantations d\u2019environ 5-6 ans.<\/p>\n<h3>TYPE DE TAILLE<\/h3>\n<p>En chaintre.<\/p>\n<h3>TYPE DE VENDANGE<\/h3>\n<p>Traditionnel, sans m\u00e9canisation, avec le plus grand soin possible, pour l\u2019\u00e9laboration de vins prot\u00e9g\u00e9s avec les parties saines du raisin. La vendange est effectu\u00e9e en accord avec la capacit\u00e9 d\u2019absorption des domaines pour \u00e9viter la perte de qualit\u00e9.[\/vc_column_text][\/vc_column][\/vc_row]<\/p>\n<!-- Begin Yuzo --><div class='yuzo_related_post style-1'  data-version='5.12.89'><!-- without result --><div class='yuzo_clearfixed yuzo__title yuzo__title'><h3>Noticias relacionadas<\/h3><\/div>\n\t\t\t\t\t\t  <div class=\"relatedthumb \" style=\"width:215px;float:left;overflow:hidden;\">  \n\t\t\t\t\t\t\t  \n\t\t\t\t\t\t\t  <a rel='nofollow' href=\"https:\/\/dolanzarote.com\/fr\/los-viticultores-adscritos-al-consejo-regulador-tienen-hasta-el-17-de-febrero-para-acogerse-a-la-campana-de-injertos\/\"  >\n\t\t\t\t\t\t\t\t\t  <div class=\"yuzo-img-wrap \" style=\"width: 215px;height:180px;\">\n\t\t\t\t\t\t\t\t\t\t\n\t\t\t\t\t\t\t\t\t\t<div class=\"yuzo-img\" style=\"background:url('http:\/\/dolanzarote.lztic.com\/wp-content\/plugins\/yuzo-related-post\/assets\/images\/default.png') 50% 50% no-repeat;width: 215px;height:180px;margin-bottom: 5px;background-size: cover; \"><\/div>\n\t\t\t\t\t\t\t\t\t  <\/div>\n\t\t\t\t\t\t\t\t\t  \n\t\t\t\t\t\t\t\t   <span class=\"yuzo__text--title\" style=\"font-size:18px;font-weight:bold;\">Los viticultores adscritos al Consejo Regulador tienen hasta el 17 de fe...<\/span>\n\t\t\t\t\t\t\t  <span class=\"yuzo_text\" style=\"font-size:14px;\" >El fin es sustituir determinadas variedades de uvas por otras que tengan mayor salida en los mercado...<\/span>\n\t\t\t\t\t\t\t  \n\t\t\t\t\t\t\t  <\/a>\n\n\t\t\t\t\t\t  <\/div>\n\t\t\t\t\t\t  <div class=\"relatedthumb \" style=\"width:215px;float:left;overflow:hidden;\">  \n\t\t\t\t\t\t\t  \n\t\t\t\t\t\t\t  <a rel='nofollow' href=\"https:\/\/dolanzarote.com\/fr\/noche-de-vino-2015-entrega-de-premios\/\"  >\n\t\t\t\t\t\t\t\t\t  <div class=\"yuzo-img-wrap \" style=\"width: 215px;height:180px;\">\n\t\t\t\t\t\t\t\t\t\t\n\t\t\t\t\t\t\t\t\t\t<div class=\"yuzo-img\" style=\"background:url('https:\/\/dolanzarote.com\/wp-content\/uploads\/2015\/03\/TABLA-CANTINA-WINE-AWARDS-2015-POSTERr.jpg') 50% 50% no-repeat;width: 215px;height:180px;margin-bottom: 5px;background-size: cover; \"><\/div>\n\t\t\t\t\t\t\t\t\t  <\/div>\n\t\t\t\t\t\t\t\t\t  \n\t\t\t\t\t\t\t\t   <span class=\"yuzo__text--title\" style=\"font-size:18px;font-weight:bold;\">Noche de Vino 2015. Entrega de premios<\/span>\n\t\t\t\t\t\t\t  <span class=\"yuzo_text\" style=\"font-size:14px;\" >El Lanzarote wine awards 2015.\n\nEl objetivo del evento es celebrar una cata de vinos de la isla en l...<\/span>\n\t\t\t\t\t\t\t  \n\t\t\t\t\t\t\t  <\/a>\n\n\t\t\t\t\t\t  <\/div>\n\t\t\t\t\t\t  <div class=\"relatedthumb \" style=\"width:215px;float:left;overflow:hidden;\">  \n\t\t\t\t\t\t\t  \n\t\t\t\t\t\t\t  <a rel='nofollow' href=\"https:\/\/dolanzarote.com\/fr\/la-bodega-stratvs-obtiene-tres-medallas-en-el-concurso-wine-masters-challenge-de-estoril\/\"  >\n\t\t\t\t\t\t\t\t\t  <div class=\"yuzo-img-wrap \" style=\"width: 215px;height:180px;\">\n\t\t\t\t\t\t\t\t\t\t\n\t\t\t\t\t\t\t\t\t\t<div class=\"yuzo-img\" style=\"background:url('https:\/\/dolanzarote.com\/wp-content\/uploads\/2013\/04\/image001.jpg') 50% 50% no-repeat;width: 215px;height:180px;margin-bottom: 5px;background-size: cover; \"><\/div>\n\t\t\t\t\t\t\t\t\t  <\/div>\n\t\t\t\t\t\t\t\t\t  \n\t\t\t\t\t\t\t\t   <span class=\"yuzo__text--title\" style=\"font-size:18px;font-weight:bold;\">La bodega Stratvs obtiene tres medallas en el Concurso Wine Masters Chal...<\/span>\n\t\t\t\t\t\t\t  <span class=\"yuzo_text\" style=\"font-size:14px;\" >Una Medalla de Oro y dos de Plata \nEl Stratvs Malvas\u00eda Selecci\u00f3n 2011 fue galardonado con una Medall...<\/span>\n\t\t\t\t\t\t\t  \n\t\t\t\t\t\t\t  <\/a>\n\n\t\t\t\t\t\t  <\/div>\n<\/div> <script>\n\t\t\t\t\t\t  jQuery(document).ready(function( $ ){\n\t\t\t\t\t\t\t\/\/jQuery('.yuzo_related_post').equalizer({ overflow : 'relatedthumb' });\n\t\t\t\t\t\t\tjQuery('.yuzo_related_post .yuzo_wraps').equalizer({ columns : '> div' });\n\t\t\t\t\t\t   })\n\t\t\t\t\t\t  <\/script> <!-- End Yuzo :) --><!-- AddThis Advanced Settings generic via filter on the_content --><!-- AddThis Share Buttons generic via filter on the_content -->","protected":false},"excerpt":{"rendered":"<p>[vc_row row_type=\u00a0\u00bbrow\u00a0\u00bb use_row_as_full_screen_section=\u00a0\u00bbno\u00a0\u00bb type=\u00a0\u00bbfull_width\u00a0\u00bb angled_section=\u00a0\u00bbno\u00a0\u00bb text_align=\u00a0\u00bbleft\u00a0\u00bb background_image_as_pattern=\u00a0\u00bbwithout_pattern\u00a0\u00bb css_animation=\u00a0\u00bb\u00a0\u00bb css=\u00a0\u00bb.vc_custom_1474288986846{margin-bottom: 40px !important;}\u00a0\u00bb][vc_column width=\u00a0\u00bb2\/3&Prime;][vc_column_text] DENSIT\u00c9 ET DISTANCE DE PLANTATION APPROXIMATIVES &nbsp; Au nord, la distance de plantation oscille entre 1,5 et 2 m entre chaque cep. Dans la zone de Tinajo, environ 1,5 m. \u00c0 La Geria&#8230;<!-- AddThis Advanced Settings generic via filter on get_the_excerpt --><!-- AddThis Share Buttons generic via filter on get_the_excerpt --><\/p>\n","protected":false},"author":1,"featured_media":0,"parent":4596,"menu_order":0,"comment_status":"closed","ping_status":"closed","template":"","meta":{"_mc_calendar":[],"footnotes":""},"class_list":["post-4645","page","type-page","status-publish","hentry"],"yoast_head":"<!-- This site is optimized with the Yoast SEO plugin v27.4 - https:\/\/yoast.com\/product\/yoast-seo-wordpress\/ -->\n<title>Culture - D.O. Lanzarote<\/title>\n<meta name=\"robots\" content=\"index, follow, max-snippet:-1, max-image-preview:large, max-video-preview:-1\" \/>\n<link rel=\"canonical\" href=\"https:\/\/dolanzarote.com\/de\/vino\/cultivo\/\" \/>\n<meta property=\"og:locale\" content=\"fr_FR\" \/>\n<meta property=\"og:type\" content=\"article\" \/>\n<meta property=\"og:title\" content=\"Culture - D.O. Lanzarote\" \/>\n<meta property=\"og:description\" content=\"[vc_row row_type=\u00a0\u00bbrow\u00a0\u00bb use_row_as_full_screen_section=\u00a0\u00bbno\u00a0\u00bb type=\u00a0\u00bbfull_width\u00a0\u00bb angled_section=\u00a0\u00bbno\u00a0\u00bb text_align=\u00a0\u00bbleft\u00a0\u00bb background_image_as_pattern=\u00a0\u00bbwithout_pattern\u00a0\u00bb css_animation=\u00a0\u00bb\u00a0\u00bb css=\u00a0\u00bb.vc_custom_1474288986846{margin-bottom: 40px !important;}\u00a0\u00bb][vc_column width=\u00a0\u00bb2\/3&Prime;][vc_column_text] DENSIT\u00c9 ET DISTANCE DE PLANTATION APPROXIMATIVES &nbsp; Au nord, la distance de plantation oscille entre 1,5 et 2 m entre chaque cep. Dans la zone de Tinajo, environ 1,5 m. \u00c0 La Geria...\" \/>\n<meta property=\"og:url\" content=\"https:\/\/dolanzarote.com\/de\/vino\/cultivo\/\" \/>\n<meta property=\"og:site_name\" content=\"D.O. Lanzarote\" \/>\n<meta property=\"article:modified_time\" content=\"2020-03-09T10:40:45+00:00\" \/>\n<meta name=\"twitter:card\" content=\"summary_large_image\" \/>\n<meta name=\"twitter:label1\" content=\"Dur\u00e9e de lecture estim\u00e9e\" \/>\n\t<meta name=\"twitter:data1\" content=\"2 minutes\" \/>\n<script type=\"application\/ld+json\" class=\"yoast-schema-graph\">{\"@context\":\"https:\\\/\\\/schema.org\",\"@graph\":[{\"@type\":\"WebPage\",\"@id\":\"https:\\\/\\\/dolanzarote.com\\\/de\\\/vino\\\/cultivo\\\/\",\"url\":\"https:\\\/\\\/dolanzarote.com\\\/de\\\/vino\\\/cultivo\\\/\",\"name\":\"Culture - D.O. Lanzarote\",\"isPartOf\":{\"@id\":\"https:\\\/\\\/dolanzarote.com\\\/de\\\/#website\"},\"datePublished\":\"2016-08-17T11:22:21+00:00\",\"dateModified\":\"2020-03-09T10:40:45+00:00\",\"breadcrumb\":{\"@id\":\"https:\\\/\\\/dolanzarote.com\\\/de\\\/vino\\\/cultivo\\\/#breadcrumb\"},\"inLanguage\":\"fr-FR\",\"potentialAction\":[{\"@type\":\"ReadAction\",\"target\":[\"https:\\\/\\\/dolanzarote.com\\\/de\\\/vino\\\/cultivo\\\/\"]}]},{\"@type\":\"BreadcrumbList\",\"@id\":\"https:\\\/\\\/dolanzarote.com\\\/de\\\/vino\\\/cultivo\\\/#breadcrumb\",\"itemListElement\":[{\"@type\":\"ListItem\",\"position\":1,\"name\":\"Portada\",\"item\":\"https:\\\/\\\/dolanzarote.com\\\/\"},{\"@type\":\"ListItem\",\"position\":2,\"name\":\"(Espa\u00f1ol) Vino\",\"item\":\"https:\\\/\\\/dolanzarote.com\\\/de\\\/vino\\\/\"},{\"@type\":\"ListItem\",\"position\":3,\"name\":\"Anbau\"}]},{\"@type\":\"WebSite\",\"@id\":\"https:\\\/\\\/dolanzarote.com\\\/de\\\/#website\",\"url\":\"https:\\\/\\\/dolanzarote.com\\\/de\\\/\",\"name\":\"D.O. Lanzarote\",\"description\":\"Vinos de Lanzarote\",\"potentialAction\":[{\"@type\":\"SearchAction\",\"target\":{\"@type\":\"EntryPoint\",\"urlTemplate\":\"https:\\\/\\\/dolanzarote.com\\\/de\\\/?s={search_term_string}\"},\"query-input\":{\"@type\":\"PropertyValueSpecification\",\"valueRequired\":true,\"valueName\":\"search_term_string\"}}],\"inLanguage\":\"fr-FR\"}]}<\/script>\n<!-- \/ Yoast SEO plugin. -->","yoast_head_json":{"title":"Culture - D.O. Lanzarote","robots":{"index":"index","follow":"follow","max-snippet":"max-snippet:-1","max-image-preview":"max-image-preview:large","max-video-preview":"max-video-preview:-1"},"canonical":"https:\/\/dolanzarote.com\/de\/vino\/cultivo\/","og_locale":"fr_FR","og_type":"article","og_title":"Culture - D.O. Lanzarote","og_description":"[vc_row row_type=\u00a0\u00bbrow\u00a0\u00bb use_row_as_full_screen_section=\u00a0\u00bbno\u00a0\u00bb type=\u00a0\u00bbfull_width\u00a0\u00bb angled_section=\u00a0\u00bbno\u00a0\u00bb text_align=\u00a0\u00bbleft\u00a0\u00bb background_image_as_pattern=\u00a0\u00bbwithout_pattern\u00a0\u00bb css_animation=\u00a0\u00bb\u00a0\u00bb css=\u00a0\u00bb.vc_custom_1474288986846{margin-bottom: 40px !important;}\u00a0\u00bb][vc_column width=\u00a0\u00bb2\/3&Prime;][vc_column_text] DENSIT\u00c9 ET DISTANCE DE PLANTATION APPROXIMATIVES &nbsp; Au nord, la distance de plantation oscille entre 1,5 et 2 m entre chaque cep. Dans la zone de Tinajo, environ 1,5 m. \u00c0 La Geria...","og_url":"https:\/\/dolanzarote.com\/de\/vino\/cultivo\/","og_site_name":"D.O. Lanzarote","article_modified_time":"2020-03-09T10:40:45+00:00","twitter_card":"summary_large_image","twitter_misc":{"Dur\u00e9e de lecture estim\u00e9e":"2 minutes"},"schema":{"@context":"https:\/\/schema.org","@graph":[{"@type":"WebPage","@id":"https:\/\/dolanzarote.com\/de\/vino\/cultivo\/","url":"https:\/\/dolanzarote.com\/de\/vino\/cultivo\/","name":"Culture - D.O. Lanzarote","isPartOf":{"@id":"https:\/\/dolanzarote.com\/de\/#website"},"datePublished":"2016-08-17T11:22:21+00:00","dateModified":"2020-03-09T10:40:45+00:00","breadcrumb":{"@id":"https:\/\/dolanzarote.com\/de\/vino\/cultivo\/#breadcrumb"},"inLanguage":"fr-FR","potentialAction":[{"@type":"ReadAction","target":["https:\/\/dolanzarote.com\/de\/vino\/cultivo\/"]}]},{"@type":"BreadcrumbList","@id":"https:\/\/dolanzarote.com\/de\/vino\/cultivo\/#breadcrumb","itemListElement":[{"@type":"ListItem","position":1,"name":"Portada","item":"https:\/\/dolanzarote.com\/"},{"@type":"ListItem","position":2,"name":"(Espa\u00f1ol) Vino","item":"https:\/\/dolanzarote.com\/de\/vino\/"},{"@type":"ListItem","position":3,"name":"Anbau"}]},{"@type":"WebSite","@id":"https:\/\/dolanzarote.com\/de\/#website","url":"https:\/\/dolanzarote.com\/de\/","name":"D.O. Lanzarote","description":"Vinos de Lanzarote","potentialAction":[{"@type":"SearchAction","target":{"@type":"EntryPoint","urlTemplate":"https:\/\/dolanzarote.com\/de\/?s={search_term_string}"},"query-input":{"@type":"PropertyValueSpecification","valueRequired":true,"valueName":"search_term_string"}}],"inLanguage":"fr-FR"}]}},"_links":{"self":[{"href":"https:\/\/dolanzarote.com\/fr\/wp-json\/wp\/v2\/pages\/4645","targetHints":{"allow":["GET"]}}],"collection":[{"href":"https:\/\/dolanzarote.com\/fr\/wp-json\/wp\/v2\/pages"}],"about":[{"href":"https:\/\/dolanzarote.com\/fr\/wp-json\/wp\/v2\/types\/page"}],"author":[{"embeddable":true,"href":"https:\/\/dolanzarote.com\/fr\/wp-json\/wp\/v2\/users\/1"}],"replies":[{"embeddable":true,"href":"https:\/\/dolanzarote.com\/fr\/wp-json\/wp\/v2\/comments?post=4645"}],"version-history":[{"count":10,"href":"https:\/\/dolanzarote.com\/fr\/wp-json\/wp\/v2\/pages\/4645\/revisions"}],"predecessor-version":[{"id":8782,"href":"https:\/\/dolanzarote.com\/fr\/wp-json\/wp\/v2\/pages\/4645\/revisions\/8782"}],"up":[{"embeddable":true,"href":"https:\/\/dolanzarote.com\/fr\/wp-json\/wp\/v2\/pages\/4596"}],"wp:attachment":[{"href":"https:\/\/dolanzarote.com\/fr\/wp-json\/wp\/v2\/media?parent=4645"}],"curies":[{"name":"wp","href":"https:\/\/api.w.org\/{rel}","templated":true}]}}