{"id":4643,"date":"2016-08-17T11:22:04","date_gmt":"2016-08-17T11:22:04","guid":{"rendered":"https:\/\/dolanzarote.com\/?page_id=4643"},"modified":"2020-06-10T15:53:03","modified_gmt":"2020-06-10T15:53:03","slug":"lanzarote","status":"publish","type":"page","link":"https:\/\/dolanzarote.com\/fr\/vino\/lanzarote\/","title":{"rendered":"Lanzarote"},"content":{"rendered":"<p>[vc_row row_type=\u00a0\u00bbrow\u00a0\u00bb use_row_as_full_screen_section=\u00a0\u00bbno\u00a0\u00bb type=\u00a0\u00bbgrid\u00a0\u00bb angled_section=\u00a0\u00bbno\u00a0\u00bb text_align=\u00a0\u00bbleft\u00a0\u00bb background_image_as_pattern=\u00a0\u00bbwithout_pattern\u00a0\u00bb css_animation=\u00a0\u00bb\u00a0\u00bb][vc_column][vc_separator type=\u00a0\u00bbtransparent\u00a0\u00bb up=\u00a0\u00bb20&Prime; down=\u00a0\u00bb20&Prime;][vc_column_text]<\/p>\n<p style=\"text-align: justify;\"><strong>Lanzarote est l\u2019\u00eele la plus \u00e0 l\u2019est de l\u2019archipel des Canaries<\/strong>. Elle se trouve entre les latitudes 28\u00b014\u2019 et 28\u00b049\u2019 N et les longitudes 7\u00b013\u2019 et 7\u00b041\u2019, \u00e0 1 000 km du sud-ouest de la p\u00e9ninsule ib\u00e9rique et \u00e0 environ 100 km \u00e0 l\u2019ouest du Maroc.<\/p>\n<p style=\"text-align: justify;\">La <strong>climatologie de Lanzarote<\/strong> se caract\u00e9rise principalement par son <strong>aridit\u00e9<\/strong>, du fait de sa faible altitude et de son orographie homog\u00e8ne, qui emp\u00eachent d\u2019atteindre la couche d\u2019inversion de l\u2019aliz\u00e9 et donc d\u2019intercepter la mer de nuages et l\u2019humidit\u00e9 qui en d\u00e9coule, comme c\u2019est le cas dans la plupart des \u00eeles Canaries. \u00c0 moindre \u00e9chelle, l\u2019orientation et la proximit\u00e9 g\u00e9ographique du continent africain sont d\u2019autres facteurs qui d\u00e9terminent l\u2019aridit\u00e9 de certaines zones de l\u2019\u00eele.<\/p>\n<p>[\/vc_column_text][\/vc_column][\/vc_row][vc_row row_type=\u00a0\u00bbrow\u00a0\u00bb use_row_as_full_screen_section=\u00a0\u00bbyes\u00a0\u00bb type=\u00a0\u00bbgrid\u00a0\u00bb angled_section=\u00a0\u00bbno\u00a0\u00bb text_align=\u00a0\u00bbleft\u00a0\u00bb background_image_as_pattern=\u00a0\u00bbwithout_pattern\u00a0\u00bb css_animation=\u00a0\u00bb\u00a0\u00bb css=\u00a0\u00bb.vc_custom_1474359238895{margin-top: 40px !important;margin-bottom: 40px !important;padding-top: 30px !important;padding-bottom: 30px !important;background-color: #dbdbdb !important;}\u00a0\u00bb][vc_column width=\u00a0\u00bb1\/2&Prime;][vc_column_text]<\/p>\n<h4 style=\"text-align: justify;\">La culture de la vigne se d\u00e9veloppe dans les zones o\u00f9 le sol a \u00e9t\u00e9 recouvert d\u2019une couche tr\u00e8s \u00e9paisse de lapilli..<\/h4>\n<p style=\"text-align: justify;\">Ces conditions se sont produites dans des zones proches de c\u00f4nes d\u2019\u00e9mission, notamment celles qui ont eu lieu entre 1730 et 1736. La fa\u00e7on de d\u00e9velopper la culture consiste \u00e0 creuser un trou d\u2019environ 3 m de diam\u00e8tre et de 2-2,5 m de profondeur pour atteindre la surface du sol enterr\u00e9, o\u00f9 la vigne est plant\u00e9e avec des syst\u00e8mes radiculaires profonds. Le trou est souvent accompagn\u00e9 d\u2019une structure en pierre qui sert de coupe-vent pour prot\u00e9ger la plante. Ces deux \u00e9l\u00e9ments composent ainsi <strong>le paysage viticole typique de Lanzarote, qui prend toute sa splendeur \u00e0 La Geria.<\/strong><\/p>\n<p style=\"text-align: justify;\">Ce mod\u00e8le de culture ne permet pas l\u2019utilisation de machines ; <strong>les t\u00e2ches sont donc effectu\u00e9es manuellement<\/strong>. Cela emp\u00eache \u00e9galement l\u2019emploi de densit\u00e9s de plantation hautes, et le faible rendement que cela implique ; <strong>la production est donc basse, mais de qualit\u00e9<\/strong>.<\/p>\n<p>[\/vc_column_text][\/vc_column][vc_column width=\u00a0\u00bb1\/2&Prime;][vc_gallery interval=\u00a0\u00bb3&Prime; images=\u00a0\u00bb4734,5206,5207,5209,5210&Prime; img_size=\u00a0\u00bbfull\u00a0\u00bb direction_nav=\u00a0\u00bbno\u00a0\u00bb control_nav=\u00a0\u00bbyes\u00a0\u00bb css=\u00a0\u00bb.vc_custom_1492517127925{margin-top: 20px !important;}\u00a0\u00bb][\/vc_column][\/vc_row][vc_row row_type=\u00a0\u00bbrow\u00a0\u00bb use_row_as_full_screen_section=\u00a0\u00bbno\u00a0\u00bb type=\u00a0\u00bbgrid\u00a0\u00bb angled_section=\u00a0\u00bbno\u00a0\u00bb text_align=\u00a0\u00bbleft\u00a0\u00bb background_image_as_pattern=\u00a0\u00bbwithout_pattern\u00a0\u00bb css_animation=\u00a0\u00bb\u00a0\u00bb css=\u00a0\u00bb.vc_custom_1474359211882{margin-top: 40px !important;margin-bottom: 40px !important;}\u00a0\u00bb][vc_column width=\u00a0\u00bb1\/3&Prime;][vc_single_image image=\u00a0\u00bb4992&Prime; img_size=\u00a0\u00bbfull\u00a0\u00bb onclick=\u00a0\u00bblink_image\u00a0\u00bb qode_css_animation=\u00a0\u00bb\u00a0\u00bb css=\u00a0\u00bb.vc_custom_1474359201662{margin-top: 60px !important;}\u00a0\u00bb][\/vc_column][vc_column width=\u00a0\u00bb2\/3&Prime;][vc_column_text]<\/p>\n<h4 style=\"text-align: justify;\">Les vins de l\u2019appellation d\u2019origine Lanzarote se caract\u00e9risent par leur go\u00fbt volcanico-min\u00e9ral prononc\u00e9, en parfait \u00e9quilibre avec leur acidit\u00e9 relativement \u00e9lev\u00e9e<\/h4>\n<p style=\"text-align: justify;\">Il existe de <strong>nombreuses vari\u00e9t\u00e9s<\/strong> de vignes avec une pr\u00e9dominance de c\u00e9pages blancs, <strong>le malvoisie volcanique en \u00e9tant le principal repr\u00e9sentant<\/strong>. Il s\u2019agit d\u2019une vari\u00e9t\u00e9 autochtone, majoritaire dans l\u2019appellation d\u2019origine Lanzarote, parfaitement adapt\u00e9e aux conditions \u00e9dapho-climatiques de l\u2019\u00eele, et dont le bin\u00f4me acidit\u00e9-go\u00fbt volcanico-min\u00e9ral vient d\u00e9terminer par extension le signe distinctif de ses vins.<\/p>\n<p style=\"text-align: justify;\">Il ne fait aucun doute que dans un climat subd\u00e9sertique comme celui de Lanzarote, accentu\u00e9 par les vents sahariens br\u00fblants et la terre volcanique, le d\u00e9veloppement de la viticulture en tant qu\u2019\u00eatre vivant requiert acuit\u00e9, d\u00e9termination et originalit\u00e9. Raison pour laquelle il s\u2019agit des vignobles les plus singuliers de la g\u00e9ographie espagnole, certains enterr\u00e9s dans des trous en forme d\u2019entonnoir pour que les racines trouvent une terre fertile, d\u2019autres prot\u00e9g\u00e9s des vents par des murets semi-circulaires en pierre volcanique, mais tous amortis par une couche de cendre volcanique (lapilli ou pic\u00f3n) pour retenir l\u2019humidit\u00e9 ambiante.<\/p>\n<p style=\"text-align: justify;\">Cette forme de culture rend viable la survie des vignes sur un sol volcanique et a permis la pr\u00e9sence d\u2019une vari\u00e9t\u00e9 autochtone, le malvoisie volcanique, ainsi que l\u2019adaptation d\u2019autres c\u00e9pages, pour obtenir des vins avec un \u00e9quilibre volcanico-min\u00e9ral-acidit\u00e9 parfait qui constitue le signe distinctif du vin de Lanzarote.<\/p>\n<p>[\/vc_column_text][\/vc_column][\/vc_row][vc_row row_type=\u00a0\u00bbrow\u00a0\u00bb use_row_as_full_screen_section=\u00a0\u00bbno\u00a0\u00bb type=\u00a0\u00bbfull_width\u00a0\u00bb angled_section=\u00a0\u00bbno\u00a0\u00bb text_align=\u00a0\u00bbleft\u00a0\u00bb background_image_as_pattern=\u00a0\u00bbwithout_pattern\u00a0\u00bb css_animation=\u00a0\u00bb\u00a0\u00bb][vc_column][vc_separator type=\u00a0\u00bbtransparent\u00a0\u00bb up=\u00a0\u00bb20&Prime; down=\u00a0\u00bb20&Prime;][\/vc_column][\/vc_row][vc_row row_type=\u00a0\u00bbrow\u00a0\u00bb use_row_as_full_screen_section=\u00a0\u00bbno\u00a0\u00bb type=\u00a0\u00bbfull_width\u00a0\u00bb angled_section=\u00a0\u00bbno\u00a0\u00bb text_align=\u00a0\u00bbleft\u00a0\u00bb background_image_as_pattern=\u00a0\u00bbwithout_pattern\u00a0\u00bb css_animation=\u00a0\u00bb\u00a0\u00bb][vc_column][\/vc_column][\/vc_row]<\/p>\n<!-- Begin Yuzo --><div class='yuzo_related_post style-1'  data-version='5.12.89'><!-- without result --><div class='yuzo_clearfixed yuzo__title yuzo__title'><h3>Noticias relacionadas<\/h3><\/div>\n\t\t\t\t\t\t  <div class=\"relatedthumb \" style=\"width:215px;float:left;overflow:hidden;\">  \n\t\t\t\t\t\t\t  \n\t\t\t\t\t\t\t  <a rel='nofollow' href=\"https:\/\/dolanzarote.com\/fr\/nuevos-reconocimientos-vinespana-berliner-wine-trophy-2026\/\"  >\n\t\t\t\t\t\t\t\t\t  <div class=\"yuzo-img-wrap \" style=\"width: 215px;height:180px;\">\n\t\t\t\t\t\t\t\t\t\t\n\t\t\t\t\t\t\t\t\t\t<div class=\"yuzo-img\" style=\"background:url('https:\/\/dolanzarote.com\/wp-content\/uploads\/2025\/04\/NOTICIAS-1-2-300x205.png') 50% 50% no-repeat;width: 215px;height:180px;margin-bottom: 5px;background-size: cover; \"><\/div>\n\t\t\t\t\t\t\t\t\t  <\/div>\n\t\t\t\t\t\t\t\t\t  \n\t\t\t\t\t\t\t\t   <span class=\"yuzo__text--title\" style=\"font-size:18px;font-weight:bold;\">(Espa\u00f1ol) Los vinos de Lanzarote cosechan nuevos reconocimientos en Vine...<\/span>\n\t\t\t\t\t\t\t  <span class=\"yuzo_text\" style=\"font-size:14px;\" >D\u00e9sol\u00e9, cet article est seulement disponible en Espa\u00f1ol.<\/span>\n\t\t\t\t\t\t\t  \n\t\t\t\t\t\t\t  <\/a>\n\n\t\t\t\t\t\t  <\/div>\n\t\t\t\t\t\t  <div class=\"relatedthumb \" style=\"width:215px;float:left;overflow:hidden;\">  \n\t\t\t\t\t\t\t  \n\t\t\t\t\t\t\t  <a rel='nofollow' href=\"https:\/\/dolanzarote.com\/fr\/galeria1-test\/\"  >\n\t\t\t\t\t\t\t\t\t  <div class=\"yuzo-img-wrap \" style=\"width: 215px;height:180px;\">\n\t\t\t\t\t\t\t\t\t\t\n\t\t\t\t\t\t\t\t\t\t<div class=\"yuzo-img\" style=\"background:url('https:\/\/dolanzarote.com\/wp-content\/uploads\/2018\/05\/Ruta-de-senderismo-por-el-paisaje-del-vino-de-Lanzarote-abril-2018-Bodegas-Guiguan-106-300x200.jpg') 50% 50% no-repeat;width: 215px;height:180px;margin-bottom: 5px;background-size: cover; \"><\/div>\n\t\t\t\t\t\t\t\t\t  <\/div>\n\t\t\t\t\t\t\t\t\t  \n\t\t\t\t\t\t\t\t   <span class=\"yuzo__text--title\" style=\"font-size:18px;font-weight:bold;\">(Espa\u00f1ol) galeria1 test<\/span>\n\t\t\t\t\t\t\t  <span class=\"yuzo_text\" style=\"font-size:14px;\" >D\u00e9sol\u00e9, cet article est seulement disponible en Espa\u00f1ol.<\/span>\n\t\t\t\t\t\t\t  \n\t\t\t\t\t\t\t  <\/a>\n\n\t\t\t\t\t\t  <\/div>\n\t\t\t\t\t\t  <div class=\"relatedthumb \" style=\"width:215px;float:left;overflow:hidden;\">  \n\t\t\t\t\t\t\t  \n\t\t\t\t\t\t\t  <a rel='nofollow' href=\"https:\/\/dolanzarote.com\/fr\/caja-rural-concedera-prestamos-a-los-viticultores-de-hasta-6-000-euros-para-la-adquisicion-de-material-y-maquinaria-agricola\/\"  >\n\t\t\t\t\t\t\t\t\t  <div class=\"yuzo-img-wrap \" style=\"width: 215px;height:180px;\">\n\t\t\t\t\t\t\t\t\t\t\n\t\t\t\t\t\t\t\t\t\t<div class=\"yuzo-img\" style=\"background:url('https:\/\/dolanzarote.com\/wp-content\/uploads\/2011\/11\/caja_rural-300x225.png') 50% 50% no-repeat;width: 215px;height:180px;margin-bottom: 5px;background-size: cover; \"><\/div>\n\t\t\t\t\t\t\t\t\t  <\/div>\n\t\t\t\t\t\t\t\t\t  \n\t\t\t\t\t\t\t\t   <span class=\"yuzo__text--title\" style=\"font-size:18px;font-weight:bold;\">Caja Rural conceder\u00e1 pr\u00e9stamos a los viticultores de hasta 6.000 euros p...<\/span>\n\t\t\t\t\t\t\t  <span class=\"yuzo_text\" style=\"font-size:14px;\" >El Consejo Regulador de la Denominaci\u00f3n de Origen \u201cVinos de Lanzarote\u201d ha alcanzado un acuerdo con l...<\/span>\n\t\t\t\t\t\t\t  \n\t\t\t\t\t\t\t  <\/a>\n\n\t\t\t\t\t\t  <\/div>\n<\/div> <script>\n\t\t\t\t\t\t  jQuery(document).ready(function( $ ){\n\t\t\t\t\t\t\t\/\/jQuery('.yuzo_related_post').equalizer({ overflow : 'relatedthumb' });\n\t\t\t\t\t\t\tjQuery('.yuzo_related_post .yuzo_wraps').equalizer({ columns : '> div' });\n\t\t\t\t\t\t   })\n\t\t\t\t\t\t  <\/script> <!-- End Yuzo :) --><!-- AddThis Advanced Settings generic via filter on the_content --><!-- AddThis Share Buttons generic via filter on the_content -->","protected":false},"excerpt":{"rendered":"<p>[vc_row row_type=\u00a0\u00bbrow\u00a0\u00bb use_row_as_full_screen_section=\u00a0\u00bbno\u00a0\u00bb type=\u00a0\u00bbgrid\u00a0\u00bb angled_section=\u00a0\u00bbno\u00a0\u00bb text_align=\u00a0\u00bbleft\u00a0\u00bb background_image_as_pattern=\u00a0\u00bbwithout_pattern\u00a0\u00bb css_animation=\u00a0\u00bb\u00a0\u00bb][vc_column][vc_separator type=\u00a0\u00bbtransparent\u00a0\u00bb up=\u00a0\u00bb20&Prime; down=\u00a0\u00bb20&Prime;][vc_column_text] Lanzarote est l\u2019\u00eele la plus \u00e0 l\u2019est de l\u2019archipel des Canaries. Elle se trouve entre les latitudes 28\u00b014\u2019 et 28\u00b049\u2019 N et les longitudes 7\u00b013\u2019 et 7\u00b041\u2019, \u00e0 1 000 km du sud-ouest de&#8230;<!-- AddThis Advanced Settings generic via filter on get_the_excerpt --><!-- AddThis Share Buttons generic via filter on get_the_excerpt --><\/p>\n","protected":false},"author":1,"featured_media":0,"parent":4596,"menu_order":0,"comment_status":"closed","ping_status":"closed","template":"full_width.php","meta":{"_mc_calendar":[],"footnotes":""},"class_list":["post-4643","page","type-page","status-publish","hentry"],"yoast_head":"<!-- This site is optimized with the Yoast SEO plugin v27.3 - https:\/\/yoast.com\/product\/yoast-seo-wordpress\/ -->\n<title>Lanzarote - D.O. Lanzarote<\/title>\n<meta name=\"robots\" content=\"index, follow, max-snippet:-1, max-image-preview:large, max-video-preview:-1\" \/>\n<link rel=\"canonical\" href=\"https:\/\/dolanzarote.com\/de\/vino\/lanzarote\/\" \/>\n<meta property=\"og:locale\" content=\"fr_FR\" \/>\n<meta property=\"og:type\" content=\"article\" \/>\n<meta property=\"og:title\" content=\"Lanzarote - D.O. Lanzarote\" \/>\n<meta property=\"og:description\" content=\"[vc_row row_type=\u00a0\u00bbrow\u00a0\u00bb use_row_as_full_screen_section=\u00a0\u00bbno\u00a0\u00bb type=\u00a0\u00bbgrid\u00a0\u00bb angled_section=\u00a0\u00bbno\u00a0\u00bb text_align=\u00a0\u00bbleft\u00a0\u00bb background_image_as_pattern=\u00a0\u00bbwithout_pattern\u00a0\u00bb css_animation=\u00a0\u00bb\u00a0\u00bb][vc_column][vc_separator type=\u00a0\u00bbtransparent\u00a0\u00bb up=\u00a0\u00bb20&Prime; down=\u00a0\u00bb20&Prime;][vc_column_text] Lanzarote est l\u2019\u00eele la plus \u00e0 l\u2019est de l\u2019archipel des Canaries. Elle se trouve entre les latitudes 28\u00b014\u2019 et 28\u00b049\u2019 N et les longitudes 7\u00b013\u2019 et 7\u00b041\u2019, \u00e0 1 000 km du sud-ouest de...\" \/>\n<meta property=\"og:url\" content=\"https:\/\/dolanzarote.com\/de\/vino\/lanzarote\/\" \/>\n<meta property=\"og:site_name\" content=\"D.O. Lanzarote\" \/>\n<meta property=\"article:modified_time\" content=\"2020-06-10T15:53:03+00:00\" \/>\n<meta name=\"twitter:card\" content=\"summary_large_image\" \/>\n<meta name=\"twitter:label1\" content=\"Dur\u00e9e de lecture estim\u00e9e\" \/>\n\t<meta name=\"twitter:data1\" content=\"4 minutes\" \/>\n<script type=\"application\/ld+json\" class=\"yoast-schema-graph\">{\"@context\":\"https:\\\/\\\/schema.org\",\"@graph\":[{\"@type\":\"WebPage\",\"@id\":\"https:\\\/\\\/dolanzarote.com\\\/de\\\/vino\\\/lanzarote\\\/\",\"url\":\"https:\\\/\\\/dolanzarote.com\\\/de\\\/vino\\\/lanzarote\\\/\",\"name\":\"Lanzarote - D.O. Lanzarote\",\"isPartOf\":{\"@id\":\"https:\\\/\\\/dolanzarote.com\\\/de\\\/#website\"},\"datePublished\":\"2016-08-17T11:22:04+00:00\",\"dateModified\":\"2020-06-10T15:53:03+00:00\",\"breadcrumb\":{\"@id\":\"https:\\\/\\\/dolanzarote.com\\\/de\\\/vino\\\/lanzarote\\\/#breadcrumb\"},\"inLanguage\":\"fr-FR\",\"potentialAction\":[{\"@type\":\"ReadAction\",\"target\":[\"https:\\\/\\\/dolanzarote.com\\\/de\\\/vino\\\/lanzarote\\\/\"]}]},{\"@type\":\"BreadcrumbList\",\"@id\":\"https:\\\/\\\/dolanzarote.com\\\/de\\\/vino\\\/lanzarote\\\/#breadcrumb\",\"itemListElement\":[{\"@type\":\"ListItem\",\"position\":1,\"name\":\"Portada\",\"item\":\"https:\\\/\\\/dolanzarote.com\\\/\"},{\"@type\":\"ListItem\",\"position\":2,\"name\":\"(Espa\u00f1ol) Vino\",\"item\":\"https:\\\/\\\/dolanzarote.com\\\/de\\\/vino\\\/\"},{\"@type\":\"ListItem\",\"position\":3,\"name\":\"Lanzarote\"}]},{\"@type\":\"WebSite\",\"@id\":\"https:\\\/\\\/dolanzarote.com\\\/de\\\/#website\",\"url\":\"https:\\\/\\\/dolanzarote.com\\\/de\\\/\",\"name\":\"D.O. Lanzarote\",\"description\":\"Vinos de Lanzarote\",\"potentialAction\":[{\"@type\":\"SearchAction\",\"target\":{\"@type\":\"EntryPoint\",\"urlTemplate\":\"https:\\\/\\\/dolanzarote.com\\\/de\\\/?s={search_term_string}\"},\"query-input\":{\"@type\":\"PropertyValueSpecification\",\"valueRequired\":true,\"valueName\":\"search_term_string\"}}],\"inLanguage\":\"fr-FR\"}]}<\/script>\n<!-- \/ Yoast SEO plugin. -->","yoast_head_json":{"title":"Lanzarote - D.O. Lanzarote","robots":{"index":"index","follow":"follow","max-snippet":"max-snippet:-1","max-image-preview":"max-image-preview:large","max-video-preview":"max-video-preview:-1"},"canonical":"https:\/\/dolanzarote.com\/de\/vino\/lanzarote\/","og_locale":"fr_FR","og_type":"article","og_title":"Lanzarote - D.O. Lanzarote","og_description":"[vc_row row_type=\u00a0\u00bbrow\u00a0\u00bb use_row_as_full_screen_section=\u00a0\u00bbno\u00a0\u00bb type=\u00a0\u00bbgrid\u00a0\u00bb angled_section=\u00a0\u00bbno\u00a0\u00bb text_align=\u00a0\u00bbleft\u00a0\u00bb background_image_as_pattern=\u00a0\u00bbwithout_pattern\u00a0\u00bb css_animation=\u00a0\u00bb\u00a0\u00bb][vc_column][vc_separator type=\u00a0\u00bbtransparent\u00a0\u00bb up=\u00a0\u00bb20&Prime; down=\u00a0\u00bb20&Prime;][vc_column_text] Lanzarote est l\u2019\u00eele la plus \u00e0 l\u2019est de l\u2019archipel des Canaries. Elle se trouve entre les latitudes 28\u00b014\u2019 et 28\u00b049\u2019 N et les longitudes 7\u00b013\u2019 et 7\u00b041\u2019, \u00e0 1 000 km du sud-ouest de...","og_url":"https:\/\/dolanzarote.com\/de\/vino\/lanzarote\/","og_site_name":"D.O. Lanzarote","article_modified_time":"2020-06-10T15:53:03+00:00","twitter_card":"summary_large_image","twitter_misc":{"Dur\u00e9e de lecture estim\u00e9e":"4 minutes"},"schema":{"@context":"https:\/\/schema.org","@graph":[{"@type":"WebPage","@id":"https:\/\/dolanzarote.com\/de\/vino\/lanzarote\/","url":"https:\/\/dolanzarote.com\/de\/vino\/lanzarote\/","name":"Lanzarote - D.O. Lanzarote","isPartOf":{"@id":"https:\/\/dolanzarote.com\/de\/#website"},"datePublished":"2016-08-17T11:22:04+00:00","dateModified":"2020-06-10T15:53:03+00:00","breadcrumb":{"@id":"https:\/\/dolanzarote.com\/de\/vino\/lanzarote\/#breadcrumb"},"inLanguage":"fr-FR","potentialAction":[{"@type":"ReadAction","target":["https:\/\/dolanzarote.com\/de\/vino\/lanzarote\/"]}]},{"@type":"BreadcrumbList","@id":"https:\/\/dolanzarote.com\/de\/vino\/lanzarote\/#breadcrumb","itemListElement":[{"@type":"ListItem","position":1,"name":"Portada","item":"https:\/\/dolanzarote.com\/"},{"@type":"ListItem","position":2,"name":"(Espa\u00f1ol) Vino","item":"https:\/\/dolanzarote.com\/de\/vino\/"},{"@type":"ListItem","position":3,"name":"Lanzarote"}]},{"@type":"WebSite","@id":"https:\/\/dolanzarote.com\/de\/#website","url":"https:\/\/dolanzarote.com\/de\/","name":"D.O. Lanzarote","description":"Vinos de Lanzarote","potentialAction":[{"@type":"SearchAction","target":{"@type":"EntryPoint","urlTemplate":"https:\/\/dolanzarote.com\/de\/?s={search_term_string}"},"query-input":{"@type":"PropertyValueSpecification","valueRequired":true,"valueName":"search_term_string"}}],"inLanguage":"fr-FR"}]}},"_links":{"self":[{"href":"https:\/\/dolanzarote.com\/fr\/wp-json\/wp\/v2\/pages\/4643","targetHints":{"allow":["GET"]}}],"collection":[{"href":"https:\/\/dolanzarote.com\/fr\/wp-json\/wp\/v2\/pages"}],"about":[{"href":"https:\/\/dolanzarote.com\/fr\/wp-json\/wp\/v2\/types\/page"}],"author":[{"embeddable":true,"href":"https:\/\/dolanzarote.com\/fr\/wp-json\/wp\/v2\/users\/1"}],"replies":[{"embeddable":true,"href":"https:\/\/dolanzarote.com\/fr\/wp-json\/wp\/v2\/comments?post=4643"}],"version-history":[{"count":24,"href":"https:\/\/dolanzarote.com\/fr\/wp-json\/wp\/v2\/pages\/4643\/revisions"}],"predecessor-version":[{"id":8850,"href":"https:\/\/dolanzarote.com\/fr\/wp-json\/wp\/v2\/pages\/4643\/revisions\/8850"}],"up":[{"embeddable":true,"href":"https:\/\/dolanzarote.com\/fr\/wp-json\/wp\/v2\/pages\/4596"}],"wp:attachment":[{"href":"https:\/\/dolanzarote.com\/fr\/wp-json\/wp\/v2\/media?parent=4643"}],"curies":[{"name":"wp","href":"https:\/\/api.w.org\/{rel}","templated":true}]}}