{"id":4623,"date":"2016-08-16T18:37:09","date_gmt":"2016-08-16T18:37:09","guid":{"rendered":"https:\/\/dolanzarote.com\/?page_id=4623"},"modified":"2020-03-06T12:34:07","modified_gmt":"2020-03-06T12:34:07","slug":"entorno-juridico","status":"publish","type":"page","link":"https:\/\/dolanzarote.com\/fr\/dolanzarote\/entorno-juridico\/","title":{"rendered":"Environnement juridique"},"content":{"rendered":"<p>[vc_row row_type=\u00a0\u00bbrow\u00a0\u00bb use_row_as_full_screen_section=\u00a0\u00bbno\u00a0\u00bb type=\u00a0\u00bbfull_width\u00a0\u00bb angled_section=\u00a0\u00bbno\u00a0\u00bb text_align=\u00a0\u00bbleft\u00a0\u00bb background_image_as_pattern=\u00a0\u00bbwithout_pattern\u00a0\u00bb css_animation=\u00a0\u00bb\u00a0\u00bb][vc_column width=\u00a0\u00bb2\/3&Prime;]<div class=ordered><\/p>\n<ol>\n<li>\u00a0<a href=\"http:\/\/www.gobcan.es\/boc\/1993\/161\/001.html\" target=\"_blank\" rel=\"noopener noreferrer\">Ordre du 14 d\u00e9cembre 1993,<br \/>\n<strong>reconnaissant l\u2019appellation d\u2019origine \u00ab Lanzarote \u00bb et adoptant son r\u00e8glement et celui de son Conseil r\u00e9gulateur<\/strong><\/a><strong>.<\/strong><br \/>\n<em>Publi\u00e9 dans le bulletin (BOC) no 161 du mercredi 22 d\u00e9cembre 1993.<\/em><\/li>\n<li>\u00a0<a href=\"http:\/\/www.gobcan.es\/boc\/1994\/031\/001.html\" target=\"_blank\" rel=\"noopener noreferrer\">Ordre du 7 f\u00e9vrier 1994<\/a>,<a href=\"http:\/\/www.gobcan.es\/boc\/1994\/031\/001.html\"><br \/>\n<strong>r\u00e9gulant le processus d\u2019\u00e9valuation que doivent passer les vins ayant droit \u00e0 l\u2019appellation d\u2019origine dans la comp\u00e9tence de la communaut\u00e9 autonome des Canaries.<\/strong><\/a><br \/>\n<em>Publi\u00e9 dans le bulletin (BOC) no 031 du lundi 14 mars 1994.<\/em><\/li>\n<li>Les Conseils r\u00e9gulateurs sont en phase d\u2019adaptation \u00e0 la nouvelle l\u00e9gislation du vin.\u00a0<strong><a href=\"http:\/\/www.boe.es\/boe\/dias\/2003-07-11\/pdfs\/A27165-27179.pdf\" target=\"_blank\" rel=\"noopener noreferrer\">nouvelle l\u00e9gislation du vin. Loi 24\/2003 du 10 juillet sur la vigne et le vin<\/a>.<\/strong><br \/>\n<em>Publi\u00e9e dans le BOE no 165 du vendredi 11 juillet 2003.<\/em><\/li>\n<li><a href=\"http:\/\/www.gobiernodecanarias.org\/boc\/2008\/033\/006.html\" target=\"_blank\" rel=\"noopener noreferrer\">Ordre du 6 f\u00e9vrier 2008,<br \/>\n<strong>adoptant<\/strong><\/a><strong><a href=\"http:\/\/www.gobiernodecanarias.org\/boc\/2008\/033\/006.html\" target=\"_blank\" rel=\"noopener noreferrer\">\u00a0les statuts du Conseil r\u00e9gulateur de l\u2019appellation d\u2019origine Vinos de Lanzarote.<\/a><\/strong><br \/>\n<em>Publi\u00e9 dans le bulletin (BOC) no 033 du jeudi 14 f\u00e9vrier 2008.<\/em><\/li>\n<li><a href=\"https:\/\/dolanzarote.com\/wp-content\/uploads\/2011\/05\/Modificacion-Estatutos-Consejo-Regulador.pdf\" target=\"_blank\" rel=\"noopener noreferrer\">Ordre du 24 octobre 2009,<br \/>\n<strong>modifiant<\/strong><\/a><strong><a href=\"https:\/\/dolanzarote.com\/wp-content\/uploads\/2011\/05\/Modificacion-Estatutos-Consejo-Regulador.pdf\" target=\"_blank\" rel=\"noopener noreferrer\">\u00a0l\u2019ordre du 6 f\u00e9vrier 2008 adoptant les statuts du Conseil r\u00e9gulateur de l\u2019appellation d\u2019origine Vinos de Lanzarote<\/a><\/strong>.<br \/>\n<em>Publi\u00e9 dans le BOC no 217 du jeudi 5 novembre 2009<\/em><\/li>\n<li><a href=\"https:\/\/dolanzarote.com\/wp-content\/uploads\/2011\/05\/Nombramiento-Presidente-Javier-Betancort.pdf\" target=\"_blank\" rel=\"noopener noreferrer\">R\u00e9solution du 10 juin 2010 de l\u2019Institut canarien de qualit\u00e9 agroalimentaire<\/a><br \/>\n<strong><a title=\"Nombramiento del Presidente D.O. Lanzarote\" href=\"https:\/\/dolanzarote.com\/wp-content\/uploads\/2011\/05\/Nombramiento-Presidente-Javier-Betancort.pdf\" target=\"_blank\" rel=\"noopener noreferrer\">nommant M. Javier Betancort Tubau pr\u00e9sident du Conseil r\u00e9gulateur AOC Lanzarote.<\/a><\/strong><br \/>\n<em>Publi\u00e9e dans le BOC no 120 du 21 juin.<\/em><\/li>\n<li>Ordre du 7 f\u00e9vrier 2011<br \/>\n<strong>adoptant<\/strong><a href=\"http:\/\/www.gobiernodecanarias.org\/boc\/2011\/035\/002.html\" target=\"_blank\" rel=\"noopener noreferrer\"><strong>\u00a0le r\u00e8glement de l\u2019appellation d\u2019origine Vinos de Lanzarote.<\/strong><br \/>\n<\/a><em>Publi\u00e9 dans le Bulletin officiel des Canaries no 35 du 17 f\u00e9vrier 2011.<\/em><\/li>\n<li>Ordre du 26 mai 2011,<br \/>\n<strong><a href=\"https:\/\/dolanzarote.com\/wp-content\/uploads\/2011\/05\/Reglamento-Consejo-Regulador-2011-I.pdf\" target=\"_blank\" rel=\"noopener noreferrer\">corrigeant l\u2019erreur dans l\u2019ordre du 7 f\u00e9vrier 2011 adoptant le r\u00e8glement de l\u2019appellation d\u2019origine Vinos de Lanzarote.<br \/>\n<\/a><\/strong><em>Publi\u00e9 dans le BOC no 115 du lundi 13 juin 2011.<\/em><\/li>\n<li>R\u00e9solution du 28 novembre 2013 de l\u2019Institut canarien de qualit\u00e9 agroalimentaire<br \/>\n<strong><a href=\"https:\/\/dolanzarote.com\/wp-content\/uploads\/2011\/05\/Publicacion-en-el-BOC-nombramiento-Presidenta.pdf\" target=\"_blank\" rel=\"noopener noreferrer\">nommant Mme Ascensi\u00f3n Vicenta Robayna Elvira pr\u00e9sidente du Conseil r\u00e9gulateur AOC Lanzarote<\/a>.<\/strong><br \/>\n<em>Publi\u00e9e dans le BOC no 236 du 9 d\u00e9cembre<\/em><\/li>\n<\/ol>\n<p><\/div>[\/vc_column][vc_column width=\u00a0\u00bb1\/3&Prime;][vc_single_image image=\u00a0\u00bb5018&Prime; img_size=\u00a0\u00bbfull\u00a0\u00bb alignment=\u00a0\u00bbcenter\u00a0\u00bb qode_css_animation=\u00a0\u00bbelement_from_right\u00a0\u00bb][vc_single_image image=\u00a0\u00bb4707&Prime; img_size=\u00a0\u00bbfull\u00a0\u00bb qode_css_animation=\u00a0\u00bbelement_from_fade\u00a0\u00bb transition_delay=\u00a0\u00bb1&Prime; css=\u00a0\u00bb.vc_custom_1474028578721{margin-bottom: 20px !important;}\u00a0\u00bb][\/vc_column][\/vc_row]<\/p>\n<!-- Begin Yuzo --><div class='yuzo_related_post style-1'  data-version='5.12.89'><!-- without result --><div class='yuzo_clearfixed yuzo__title yuzo__title'><h3>Noticias relacionadas<\/h3><\/div>\n\t\t\t\t\t\t  <div class=\"relatedthumb \" style=\"width:215px;float:left;overflow:hidden;\">  \n\t\t\t\t\t\t\t  \n\t\t\t\t\t\t\t  <a rel='nofollow' href=\"https:\/\/dolanzarote.com\/fr\/bodegas-el-grifo-triunfa-en-los-premios-the-world-of-malvasia-2022\/\"  >\n\t\t\t\t\t\t\t\t\t  <div class=\"yuzo-img-wrap \" style=\"width: 215px;height:180px;\">\n\t\t\t\t\t\t\t\t\t\t\n\t\t\t\t\t\t\t\t\t\t<div class=\"yuzo-img\" style=\"background:url('https:\/\/dolanzarote.com\/wp-content\/uploads\/2022\/04\/El-Grifo-DOLanzarote-medallas-de-oro-The-World-of-Malvasia-2022.jpeg-300x200.png') 50% 50% no-repeat;width: 215px;height:180px;margin-bottom: 5px;background-size: cover; \"><\/div>\n\t\t\t\t\t\t\t\t\t  <\/div>\n\t\t\t\t\t\t\t\t\t  \n\t\t\t\t\t\t\t\t   <span class=\"yuzo__text--title\" style=\"font-size:18px;font-weight:bold;\">Bodegas El Grifo triunfa en los premios The World of Malvas\u00eda 2022<\/span>\n\t\t\t\t\t\t\t  <span class=\"yuzo_text\" style=\"font-size:14px;\" >D\u00e9sol\u00e9, cet article est seulement disponible en Espa\u00f1ol.<\/span>\n\t\t\t\t\t\t\t  \n\t\t\t\t\t\t\t  <\/a>\n\n\t\t\t\t\t\t  <\/div>\n\t\t\t\t\t\t  <div class=\"relatedthumb \" style=\"width:215px;float:left;overflow:hidden;\">  \n\t\t\t\t\t\t\t  \n\t\t\t\t\t\t\t  <a rel='nofollow' href=\"https:\/\/dolanzarote.com\/fr\/los-viticultores-lanzarotenos-vuelven-a-ser-los-que-mas-reestructuran-sus-vinas-de-todo-el-archipielago\/\"  >\n\t\t\t\t\t\t\t\t\t  <div class=\"yuzo-img-wrap \" style=\"width: 215px;height:180px;\">\n\t\t\t\t\t\t\t\t\t\t\n\t\t\t\t\t\t\t\t\t\t<div class=\"yuzo-img\" style=\"background:url('http:\/\/dolanzarote.lztic.com\/wp-content\/plugins\/yuzo-related-post\/assets\/images\/default.png') 50% 50% no-repeat;width: 215px;height:180px;margin-bottom: 5px;background-size: cover; \"><\/div>\n\t\t\t\t\t\t\t\t\t  <\/div>\n\t\t\t\t\t\t\t\t\t  \n\t\t\t\t\t\t\t\t   <span class=\"yuzo__text--title\" style=\"font-size:18px;font-weight:bold;\">Los viticultores lanzarote\u00f1os vuelven a ser los que m\u00e1s reestructuran su...<\/span>\n\t\t\t\t\t\t\t  <span class=\"yuzo_text\" style=\"font-size:14px;\" >El Consejo Regulador pide que las subvenciones destinadas a ese fin vuelvan a cubrir hasta un 75% de...<\/span>\n\t\t\t\t\t\t\t  \n\t\t\t\t\t\t\t  <\/a>\n\n\t\t\t\t\t\t  <\/div>\n\t\t\t\t\t\t  <div class=\"relatedthumb \" style=\"width:215px;float:left;overflow:hidden;\">  \n\t\t\t\t\t\t\t  \n\t\t\t\t\t\t\t  <a rel='nofollow' href=\"https:\/\/dolanzarote.com\/fr\/bodegas-la-grieta-obtiene-dos-medallas-de-plata-en-catavinum-world-wine-and-spirits-competition-2016\/\"  >\n\t\t\t\t\t\t\t\t\t  <div class=\"yuzo-img-wrap \" style=\"width: 215px;height:180px;\">\n\t\t\t\t\t\t\t\t\t\t\n\t\t\t\t\t\t\t\t\t\t<div class=\"yuzo-img\" style=\"background:url('https:\/\/dolanzarote.com\/wp-content\/uploads\/2016\/02\/La-Grieta-Malvasia-volcanica-de-Lanzarote-premio-Catavinum-2016-300x213.jpg') 50% 50% no-repeat;width: 215px;height:180px;margin-bottom: 5px;background-size: cover; \"><\/div>\n\t\t\t\t\t\t\t\t\t  <\/div>\n\t\t\t\t\t\t\t\t\t  \n\t\t\t\t\t\t\t\t   <span class=\"yuzo__text--title\" style=\"font-size:18px;font-weight:bold;\">Bodegas La Grieta obtiene dos medallas de plata en Catavinum World Wine ...<\/span>\n\t\t\t\t\t\t\t  <span class=\"yuzo_text\" style=\"font-size:14px;\" >D\u00e9sol\u00e9, cet article est seulement disponible en Espa\u00f1ol et English.<\/span>\n\t\t\t\t\t\t\t  \n\t\t\t\t\t\t\t  <\/a>\n\n\t\t\t\t\t\t  <\/div>\n<\/div> <script>\n\t\t\t\t\t\t  jQuery(document).ready(function( $ ){\n\t\t\t\t\t\t\t\/\/jQuery('.yuzo_related_post').equalizer({ overflow : 'relatedthumb' });\n\t\t\t\t\t\t\tjQuery('.yuzo_related_post .yuzo_wraps').equalizer({ columns : '> div' });\n\t\t\t\t\t\t   })\n\t\t\t\t\t\t  <\/script> <!-- End Yuzo :) --><!-- AddThis Advanced Settings generic via filter on the_content --><!-- AddThis Share Buttons generic via filter on the_content -->","protected":false},"excerpt":{"rendered":"<p>[vc_row row_type=\u00a0\u00bbrow\u00a0\u00bb use_row_as_full_screen_section=\u00a0\u00bbno\u00a0\u00bb type=\u00a0\u00bbfull_width\u00a0\u00bb angled_section=\u00a0\u00bbno\u00a0\u00bb text_align=\u00a0\u00bbleft\u00a0\u00bb background_image_as_pattern=\u00a0\u00bbwithout_pattern\u00a0\u00bb css_animation=\u00a0\u00bb\u00a0\u00bb][vc_column width=\u00a0\u00bb2\/3&Prime;][\/vc_column][vc_column width=\u00a0\u00bb1\/3&Prime;][vc_single_image image=\u00a0\u00bb5018&Prime; img_size=\u00a0\u00bbfull\u00a0\u00bb alignment=\u00a0\u00bbcenter\u00a0\u00bb qode_css_animation=\u00a0\u00bbelement_from_right\u00a0\u00bb][vc_single_image image=\u00a0\u00bb4707&Prime; img_size=\u00a0\u00bbfull\u00a0\u00bb qode_css_animation=\u00a0\u00bbelement_from_fade\u00a0\u00bb transition_delay=\u00a0\u00bb1&Prime; css=\u00a0\u00bb.vc_custom_1474028578721{margin-bottom: 20px !important;}\u00a0\u00bb][\/vc_column][\/vc_row] Noticias relacionadas El IV Festival Enogastron\u00f3mico Saborea Lanzarote registr\u00f3 m\u00e1s de 60.000 &#8230; Las bodegas lanzarote\u00f1as adscritas al Consejo Regulador tuvieron una destacada presencia&#8230;<!-- AddThis Advanced Settings generic via filter on get_the_excerpt --><!-- AddThis Share Buttons generic via filter on get_the_excerpt --><\/p>\n","protected":false},"author":1,"featured_media":0,"parent":4594,"menu_order":0,"comment_status":"closed","ping_status":"closed","template":"","meta":{"_mc_calendar":[],"footnotes":""},"class_list":["post-4623","page","type-page","status-publish","hentry"],"yoast_head":"<!-- This site is optimized with the Yoast SEO plugin v27.4 - https:\/\/yoast.com\/product\/yoast-seo-wordpress\/ -->\n<title>Environnement juridique - D.O. Lanzarote<\/title>\n<meta name=\"robots\" content=\"index, follow, max-snippet:-1, max-image-preview:large, max-video-preview:-1\" \/>\n<link rel=\"canonical\" href=\"https:\/\/dolanzarote.com\/dolanzarote\/entorno-juridico\/\" \/>\n<meta property=\"og:locale\" content=\"fr_FR\" \/>\n<meta property=\"og:type\" content=\"article\" \/>\n<meta property=\"og:title\" content=\"Environnement juridique - D.O. Lanzarote\" \/>\n<meta property=\"og:description\" content=\"[vc_row row_type=\u00a0\u00bbrow\u00a0\u00bb use_row_as_full_screen_section=\u00a0\u00bbno\u00a0\u00bb type=\u00a0\u00bbfull_width\u00a0\u00bb angled_section=\u00a0\u00bbno\u00a0\u00bb text_align=\u00a0\u00bbleft\u00a0\u00bb background_image_as_pattern=\u00a0\u00bbwithout_pattern\u00a0\u00bb css_animation=\u00a0\u00bb\u00a0\u00bb][vc_column width=\u00a0\u00bb2\/3&Prime;][\/vc_column][vc_column width=\u00a0\u00bb1\/3&Prime;][vc_single_image image=\u00a0\u00bb5018&Prime; img_size=\u00a0\u00bbfull\u00a0\u00bb alignment=\u00a0\u00bbcenter\u00a0\u00bb qode_css_animation=\u00a0\u00bbelement_from_right\u00a0\u00bb][vc_single_image image=\u00a0\u00bb4707&Prime; img_size=\u00a0\u00bbfull\u00a0\u00bb qode_css_animation=\u00a0\u00bbelement_from_fade\u00a0\u00bb transition_delay=\u00a0\u00bb1&Prime; css=\u00a0\u00bb.vc_custom_1474028578721{margin-bottom: 20px !important;}\u00a0\u00bb][\/vc_column][\/vc_row] Noticias relacionadas Bodegas La Florida apuesta por el compromiso social e innovaci\u00f3n con el ... \u00a0Malvas\u00eda Volc\u00e1nica 2014 y Tinto Roble 2013 de Bodegas...\" \/>\n<meta property=\"og:url\" content=\"https:\/\/dolanzarote.com\/dolanzarote\/entorno-juridico\/\" \/>\n<meta property=\"og:site_name\" content=\"D.O. Lanzarote\" \/>\n<meta property=\"article:modified_time\" content=\"2020-03-06T12:34:07+00:00\" \/>\n<meta name=\"twitter:card\" content=\"summary_large_image\" \/>\n<meta name=\"twitter:label1\" content=\"Dur\u00e9e de lecture estim\u00e9e\" \/>\n\t<meta name=\"twitter:data1\" content=\"2 minutes\" \/>\n<script type=\"application\/ld+json\" class=\"yoast-schema-graph\">{\"@context\":\"https:\\\/\\\/schema.org\",\"@graph\":[{\"@type\":\"WebPage\",\"@id\":\"https:\\\/\\\/dolanzarote.com\\\/dolanzarote\\\/entorno-juridico\\\/\",\"url\":\"https:\\\/\\\/dolanzarote.com\\\/dolanzarote\\\/entorno-juridico\\\/\",\"name\":\"Environnement juridique - D.O. Lanzarote\",\"isPartOf\":{\"@id\":\"https:\\\/\\\/dolanzarote.com\\\/de\\\/#website\"},\"datePublished\":\"2016-08-16T18:37:09+00:00\",\"dateModified\":\"2020-03-06T12:34:07+00:00\",\"breadcrumb\":{\"@id\":\"https:\\\/\\\/dolanzarote.com\\\/dolanzarote\\\/entorno-juridico\\\/#breadcrumb\"},\"inLanguage\":\"fr-FR\",\"potentialAction\":[{\"@type\":\"ReadAction\",\"target\":[\"https:\\\/\\\/dolanzarote.com\\\/dolanzarote\\\/entorno-juridico\\\/\"]}]},{\"@type\":\"BreadcrumbList\",\"@id\":\"https:\\\/\\\/dolanzarote.com\\\/dolanzarote\\\/entorno-juridico\\\/#breadcrumb\",\"itemListElement\":[{\"@type\":\"ListItem\",\"position\":1,\"name\":\"Portada\",\"item\":\"https:\\\/\\\/dolanzarote.com\\\/\"},{\"@type\":\"ListItem\",\"position\":2,\"name\":\"DOLanzarote\",\"item\":\"https:\\\/\\\/dolanzarote.com\\\/dolanzarote\\\/\"},{\"@type\":\"ListItem\",\"position\":3,\"name\":\"Entorno jur\u00eddico\"}]},{\"@type\":\"WebSite\",\"@id\":\"https:\\\/\\\/dolanzarote.com\\\/de\\\/#website\",\"url\":\"https:\\\/\\\/dolanzarote.com\\\/de\\\/\",\"name\":\"D.O. Lanzarote\",\"description\":\"Vinos de Lanzarote\",\"potentialAction\":[{\"@type\":\"SearchAction\",\"target\":{\"@type\":\"EntryPoint\",\"urlTemplate\":\"https:\\\/\\\/dolanzarote.com\\\/de\\\/?s={search_term_string}\"},\"query-input\":{\"@type\":\"PropertyValueSpecification\",\"valueRequired\":true,\"valueName\":\"search_term_string\"}}],\"inLanguage\":\"fr-FR\"}]}<\/script>\n<!-- \/ Yoast SEO plugin. -->","yoast_head_json":{"title":"Environnement juridique - D.O. Lanzarote","robots":{"index":"index","follow":"follow","max-snippet":"max-snippet:-1","max-image-preview":"max-image-preview:large","max-video-preview":"max-video-preview:-1"},"canonical":"https:\/\/dolanzarote.com\/dolanzarote\/entorno-juridico\/","og_locale":"fr_FR","og_type":"article","og_title":"Environnement juridique - D.O. Lanzarote","og_description":"[vc_row row_type=\u00a0\u00bbrow\u00a0\u00bb use_row_as_full_screen_section=\u00a0\u00bbno\u00a0\u00bb type=\u00a0\u00bbfull_width\u00a0\u00bb angled_section=\u00a0\u00bbno\u00a0\u00bb text_align=\u00a0\u00bbleft\u00a0\u00bb background_image_as_pattern=\u00a0\u00bbwithout_pattern\u00a0\u00bb css_animation=\u00a0\u00bb\u00a0\u00bb][vc_column width=\u00a0\u00bb2\/3&Prime;][\/vc_column][vc_column width=\u00a0\u00bb1\/3&Prime;][vc_single_image image=\u00a0\u00bb5018&Prime; img_size=\u00a0\u00bbfull\u00a0\u00bb alignment=\u00a0\u00bbcenter\u00a0\u00bb qode_css_animation=\u00a0\u00bbelement_from_right\u00a0\u00bb][vc_single_image image=\u00a0\u00bb4707&Prime; img_size=\u00a0\u00bbfull\u00a0\u00bb qode_css_animation=\u00a0\u00bbelement_from_fade\u00a0\u00bb transition_delay=\u00a0\u00bb1&Prime; css=\u00a0\u00bb.vc_custom_1474028578721{margin-bottom: 20px !important;}\u00a0\u00bb][\/vc_column][\/vc_row] Noticias relacionadas Bodegas La Florida apuesta por el compromiso social e innovaci\u00f3n con el ... \u00a0Malvas\u00eda Volc\u00e1nica 2014 y Tinto Roble 2013 de Bodegas...","og_url":"https:\/\/dolanzarote.com\/dolanzarote\/entorno-juridico\/","og_site_name":"D.O. Lanzarote","article_modified_time":"2020-03-06T12:34:07+00:00","twitter_card":"summary_large_image","twitter_misc":{"Dur\u00e9e de lecture estim\u00e9e":"2 minutes"},"schema":{"@context":"https:\/\/schema.org","@graph":[{"@type":"WebPage","@id":"https:\/\/dolanzarote.com\/dolanzarote\/entorno-juridico\/","url":"https:\/\/dolanzarote.com\/dolanzarote\/entorno-juridico\/","name":"Environnement juridique - D.O. Lanzarote","isPartOf":{"@id":"https:\/\/dolanzarote.com\/de\/#website"},"datePublished":"2016-08-16T18:37:09+00:00","dateModified":"2020-03-06T12:34:07+00:00","breadcrumb":{"@id":"https:\/\/dolanzarote.com\/dolanzarote\/entorno-juridico\/#breadcrumb"},"inLanguage":"fr-FR","potentialAction":[{"@type":"ReadAction","target":["https:\/\/dolanzarote.com\/dolanzarote\/entorno-juridico\/"]}]},{"@type":"BreadcrumbList","@id":"https:\/\/dolanzarote.com\/dolanzarote\/entorno-juridico\/#breadcrumb","itemListElement":[{"@type":"ListItem","position":1,"name":"Portada","item":"https:\/\/dolanzarote.com\/"},{"@type":"ListItem","position":2,"name":"DOLanzarote","item":"https:\/\/dolanzarote.com\/dolanzarote\/"},{"@type":"ListItem","position":3,"name":"Entorno jur\u00eddico"}]},{"@type":"WebSite","@id":"https:\/\/dolanzarote.com\/de\/#website","url":"https:\/\/dolanzarote.com\/de\/","name":"D.O. Lanzarote","description":"Vinos de Lanzarote","potentialAction":[{"@type":"SearchAction","target":{"@type":"EntryPoint","urlTemplate":"https:\/\/dolanzarote.com\/de\/?s={search_term_string}"},"query-input":{"@type":"PropertyValueSpecification","valueRequired":true,"valueName":"search_term_string"}}],"inLanguage":"fr-FR"}]}},"_links":{"self":[{"href":"https:\/\/dolanzarote.com\/fr\/wp-json\/wp\/v2\/pages\/4623","targetHints":{"allow":["GET"]}}],"collection":[{"href":"https:\/\/dolanzarote.com\/fr\/wp-json\/wp\/v2\/pages"}],"about":[{"href":"https:\/\/dolanzarote.com\/fr\/wp-json\/wp\/v2\/types\/page"}],"author":[{"embeddable":true,"href":"https:\/\/dolanzarote.com\/fr\/wp-json\/wp\/v2\/users\/1"}],"replies":[{"embeddable":true,"href":"https:\/\/dolanzarote.com\/fr\/wp-json\/wp\/v2\/comments?post=4623"}],"version-history":[{"count":18,"href":"https:\/\/dolanzarote.com\/fr\/wp-json\/wp\/v2\/pages\/4623\/revisions"}],"predecessor-version":[{"id":8757,"href":"https:\/\/dolanzarote.com\/fr\/wp-json\/wp\/v2\/pages\/4623\/revisions\/8757"}],"up":[{"embeddable":true,"href":"https:\/\/dolanzarote.com\/fr\/wp-json\/wp\/v2\/pages\/4594"}],"wp:attachment":[{"href":"https:\/\/dolanzarote.com\/fr\/wp-json\/wp\/v2\/media?parent=4623"}],"curies":[{"name":"wp","href":"https:\/\/api.w.org\/{rel}","templated":true}]}}