{"id":4621,"date":"2016-08-16T18:36:54","date_gmt":"2016-08-16T18:36:54","guid":{"rendered":"https:\/\/dolanzarote.com\/?page_id=4621"},"modified":"2020-03-06T12:17:22","modified_gmt":"2020-03-06T12:17:22","slug":"darse-de-alta","status":"publish","type":"page","link":"https:\/\/dolanzarote.com\/fr\/dolanzarote\/darse-de-alta\/","title":{"rendered":"S\u2019inscrire"},"content":{"rendered":"<p>[vc_row row_type=\u00a0\u00bbrow\u00a0\u00bb use_row_as_full_screen_section=\u00a0\u00bbno\u00a0\u00bb type=\u00a0\u00bbfull_width\u00a0\u00bb angled_section=\u00a0\u00bbno\u00a0\u00bb text_align=\u00a0\u00bbleft\u00a0\u00bb background_image_as_pattern=\u00a0\u00bbwithout_pattern\u00a0\u00bb css_animation=\u00a0\u00bb\u00a0\u00bb css=\u00a0\u00bb.vc_custom_1473700594913{margin-bottom: 30px !important;}\u00a0\u00bb][vc_column css=\u00a0\u00bb.vc_custom_1473699839111{background-color: #cecece !important;}\u00a0\u00bb][vc_column_text]<\/p>\n<h3 style=\"text-align: center;\">Documents n\u00e9cessaires pour l\u2019inscription<\/h3>\n<p>[\/vc_column_text][\/vc_column][\/vc_row][vc_row row_type=\u00a0\u00bbrow\u00a0\u00bb use_row_as_full_screen_section=\u00a0\u00bbno\u00a0\u00bb type=\u00a0\u00bbfull_width\u00a0\u00bb angled_section=\u00a0\u00bbno\u00a0\u00bb text_align=\u00a0\u00bbleft\u00a0\u00bb background_image_as_pattern=\u00a0\u00bbwithout_pattern\u00a0\u00bb css_animation=\u00a0\u00bb\u00a0\u00bb][vc_column width=\u00a0\u00bb1\/2&Prime;][vc_column_text]<\/p>\n<h3>Domaines<\/h3>\n<p>[\/vc_column_text]<div class='q_list circle light animate_list'><\/p>\n<ul>\n<li><strong>Licence municipale du domaine.<\/strong><\/li>\n<li><strong>Registre sanitaire<\/strong>: \u00e0 demander aupr\u00e8s du <strong>service de Sant\u00e9 de Valterra.<\/strong><\/li>\n<li><strong>Certification d\u2019inscription au Registre des actifs agricoles.<\/strong><br \/>\n<span style=\"color: #993366;\"><em>Personne de contact du d\u00e9partement de l\u2019Agriculture, de l\u2019\u00c9levage, de la P\u00eache et de l\u2019Alimentation:<br \/>\nConsuelo Lorenzo.<br \/>\nTel\u00e9fono: 928.117549.<\/em><\/span><\/li>\n<li><strong><strong>Certificat d\u2019inscription au Registre des emballeurs et embouteilleurs de vins et boissons alcoolis\u00e9es.<\/strong><\/strong><span style=\"color: #993366;\"><em>Personne de contact du d\u00e9partement de l\u2019Agriculture, de l\u2019\u00c9levage, de la P\u00eache et de l\u2019Alimentation: <\/em><\/span><br \/>\n<span style=\"color: #993366;\"><em>Dolores Armas Santana. <\/em><\/span><br \/>\n<span style=\"color: #993366;\"><em>Tel\u00e9fono: 928.458388.<\/em><\/span><\/li>\n<li>Demande d\u2019inscription au <strong>Conseil r\u00e9gulateur de l\u2019appellation d\u2019origine Vinos de Lanzarote.<br \/>\n( T\u00e9l\u00e9chargez le mod\u00e8le de<a href=\"https:\/\/dolanzarote.com\/wp-content\/uploads\/2011\/06\/Solicitud-inscripcion-bodega-1.pdf\" target=\"_blank\" rel=\"noopener noreferrer\"> demande d\u2019inscription<\/a> ).<\/strong><\/li>\n<li><strong>M\u00e9moire du domaine.<br \/>\n<\/strong> (T\u00e9l\u00e9chargez le mod\u00e8le <a href=\"https:\/\/dolanzarote.com\/wp-content\/uploads\/2011\/06\/Memoria-de-bodega-1.pdf\" target=\"_blank\" rel=\"noopener noreferrer\">M\u00e9moire de domaine <\/a>).<\/li>\n<li><strong>Plan du domaine.<\/strong><\/li>\n<li>Dans le cas d\u2019une <strong>soci\u00e9t\u00e9, actes constitutifs et NIF de l\u2019entreprise.<\/strong><\/li>\n<li><strong>Mod\u00e8le 036<\/strong> de l\u2019imp\u00f4t sur les activit\u00e9s \u00e9conomiques.<\/li>\n<li><strong>Paiement d\u2019une taxe au Conseil r\u00e9gulateur de 150 \u20ac.<\/strong><\/li>\n<\/ul>\n<p><\/div>[\/vc_column][vc_column width=\u00a0\u00bb1\/2&Prime;][vc_column_text]<\/p>\n<h3>Viticulteur<\/h3>\n<p>[\/vc_column_text]<div class='q_list circle light animate_list'><\/p>\n<ul>\n<li><strong>Demande d\u2019inscription<\/strong> au Conseil r\u00e9gulateur de l\u2019appellation d\u2019origine Vinos de Lanzarote.<br \/>\n(T\u00e9l\u00e9chargez ici <a href=\"https:\/\/dolanzarote.com\/wp-content\/uploads\/2011\/06\/Solicitud-inscripcion-viticultor-1.pdf\" target=\"_blank\" rel=\"noopener noreferrer\">la demande d\u2019inscription viticulteur <\/a>).<\/li>\n<li><strong>Document national d\u2019identit\u00e9 de la personne qui s\u2019inscrit.<\/strong><\/li>\n<li><strong>Plans de situation des parcelles<\/strong>, indiquant leur r\u00e9f\u00e9rence cadastrale, c\u2019est-\u00e0-dire la zone, la parcelle et la surface (\u00e0 demander \u00e0 la Mairie de la commune o\u00f9 se trouve la parcelle).<\/li>\n<li><strong>Certificat bancaire<\/strong> indiquant les 20 chiffres du compte en banque.<\/li>\n<li><strong>Titre de propri\u00e9t\u00e9<\/strong>.<\/li>\n<li>Paiement d\u2019une <strong>taxe de 10 10 \u20ac.<\/strong><\/li>\n<\/ul>\n<p><\/div>[vc_single_image image=\u00a0\u00bb4735&Prime; img_size=\u00a0\u00bbfull\u00a0\u00bb alignment=\u00a0\u00bbcenter\u00a0\u00bb qode_css_animation=\u00a0\u00bb\u00a0\u00bb css=\u00a0\u00bb.vc_custom_1473700997995{padding-top: 20px !important;padding-right: 80px !important;padding-bottom: 50px !important;padding-left: 80px !important;}\u00a0\u00bb][\/vc_column][\/vc_row]<\/p>\n<!-- Begin Yuzo --><div class='yuzo_related_post style-1'  data-version='5.12.89'><!-- without result --><div class='yuzo_clearfixed yuzo__title yuzo__title'><h3>Noticias relacionadas<\/h3><\/div>\n\t\t\t\t\t\t  <div class=\"relatedthumb \" style=\"width:215px;float:left;overflow:hidden;\">  \n\t\t\t\t\t\t\t  \n\t\t\t\t\t\t\t  <a rel='nofollow' href=\"https:\/\/dolanzarote.com\/fr\/semana-malvasia-concluye-con-exito\/\"  >\n\t\t\t\t\t\t\t\t\t  <div class=\"yuzo-img-wrap \" style=\"width: 215px;height:180px;\">\n\t\t\t\t\t\t\t\t\t\t\n\t\t\t\t\t\t\t\t\t\t<div class=\"yuzo-img\" style=\"background:url('https:\/\/dolanzarote.com\/wp-content\/uploads\/2024\/11\/Semana-Malvasia-Ruta-del-vino-300x200.jpg') 50% 50% no-repeat;width: 215px;height:180px;margin-bottom: 5px;background-size: cover; \"><\/div>\n\t\t\t\t\t\t\t\t\t  <\/div>\n\t\t\t\t\t\t\t\t\t  \n\t\t\t\t\t\t\t\t   <span class=\"yuzo__text--title\" style=\"font-size:18px;font-weight:bold;\">(Espa\u00f1ol) La \u2018Semana Malvas\u00eda\u2019 concluye su d\u00e9cima edici\u00f3n con un \u00e9xito r...<\/span>\n\t\t\t\t\t\t\t  <span class=\"yuzo_text\" style=\"font-size:14px;\" >D\u00e9sol\u00e9, cet article est seulement disponible en Espa\u00f1ol.<\/span>\n\t\t\t\t\t\t\t  \n\t\t\t\t\t\t\t  <\/a>\n\n\t\t\t\t\t\t  <\/div>\n\t\t\t\t\t\t  <div class=\"relatedthumb \" style=\"width:215px;float:left;overflow:hidden;\">  \n\t\t\t\t\t\t\t  \n\t\t\t\t\t\t\t  <a rel='nofollow' href=\"https:\/\/dolanzarote.com\/fr\/bodegas-el-grifo-premiada-con-dos-medallas-de-plata-en-el-concurso-internacional-de-vinos-de-paris\/\"  >\n\t\t\t\t\t\t\t\t\t  <div class=\"yuzo-img-wrap \" style=\"width: 215px;height:180px;\">\n\t\t\t\t\t\t\t\t\t\t\n\t\t\t\t\t\t\t\t\t\t<div class=\"yuzo-img\" style=\"background:url('http:\/\/dolanzarote.lztic.com\/wp-content\/plugins\/yuzo-related-post\/assets\/images\/default.png') 50% 50% no-repeat;width: 215px;height:180px;margin-bottom: 5px;background-size: cover; \"><\/div>\n\t\t\t\t\t\t\t\t\t  <\/div>\n\t\t\t\t\t\t\t\t\t  \n\t\t\t\t\t\t\t\t   <span class=\"yuzo__text--title\" style=\"font-size:18px;font-weight:bold;\">Bodegas El Grifo, premiada con dos medallas de plata en el concurso inte...<\/span>\n\t\t\t\t\t\t\t  <span class=\"yuzo_text\" style=\"font-size:14px;\" >S\u00f3lo tres vinos canarios fueron distinguidos en el \u2018Vinalies Internationales\u2019 de la capital francesa...<\/span>\n\t\t\t\t\t\t\t  \n\t\t\t\t\t\t\t  <\/a>\n\n\t\t\t\t\t\t  <\/div>\n\t\t\t\t\t\t  <div class=\"relatedthumb \" style=\"width:215px;float:left;overflow:hidden;\">  \n\t\t\t\t\t\t\t  \n\t\t\t\t\t\t\t  <a rel='nofollow' href=\"https:\/\/dolanzarote.com\/fr\/el-presidente-del-consejo-regulador-se-reune-con-los-senadores-del-pp-de-canarias-para-hacerles-llegar-la-importancia-del-mantenimiento-de-las-ayudas-del-posei\/\"  >\n\t\t\t\t\t\t\t\t\t  <div class=\"yuzo-img-wrap \" style=\"width: 215px;height:180px;\">\n\t\t\t\t\t\t\t\t\t\t\n\t\t\t\t\t\t\t\t\t\t<div class=\"yuzo-img\" style=\"background:url('https:\/\/dolanzarote.com\/wp-content\/uploads\/2012\/04\/visita_senadores_al_paisaje_de_la_geria_17_04_12_15-300x200.jpg') 50% 50% no-repeat;width: 215px;height:180px;margin-bottom: 5px;background-size: cover; \"><\/div>\n\t\t\t\t\t\t\t\t\t  <\/div>\n\t\t\t\t\t\t\t\t\t  \n\t\t\t\t\t\t\t\t   <span class=\"yuzo__text--title\" style=\"font-size:18px;font-weight:bold;\">El presidente del Consejo Regulador se re\u00fane con los senadores del PP de...<\/span>\n\t\t\t\t\t\t\t  <span class=\"yuzo_text\" style=\"font-size:14px;\" >Suponen el 70% del total de las subvenciones que percibe la viticultura lanzarote\u00f1a\n\n\n\u00a0\n\n\u00a0...<\/span>\n\t\t\t\t\t\t\t  \n\t\t\t\t\t\t\t  <\/a>\n\n\t\t\t\t\t\t  <\/div>\n<\/div> <script>\n\t\t\t\t\t\t  jQuery(document).ready(function( $ ){\n\t\t\t\t\t\t\t\/\/jQuery('.yuzo_related_post').equalizer({ overflow : 'relatedthumb' });\n\t\t\t\t\t\t\tjQuery('.yuzo_related_post .yuzo_wraps').equalizer({ columns : '> div' });\n\t\t\t\t\t\t   })\n\t\t\t\t\t\t  <\/script> <!-- End Yuzo :) --><!-- AddThis Advanced Settings generic via filter on the_content --><!-- AddThis Share Buttons generic via filter on the_content -->","protected":false},"excerpt":{"rendered":"<p>[vc_row row_type=\u00a0\u00bbrow\u00a0\u00bb use_row_as_full_screen_section=\u00a0\u00bbno\u00a0\u00bb type=\u00a0\u00bbfull_width\u00a0\u00bb angled_section=\u00a0\u00bbno\u00a0\u00bb text_align=\u00a0\u00bbleft\u00a0\u00bb background_image_as_pattern=\u00a0\u00bbwithout_pattern\u00a0\u00bb css_animation=\u00a0\u00bb\u00a0\u00bb css=\u00a0\u00bb.vc_custom_1473700594913{margin-bottom: 30px !important;}\u00a0\u00bb][vc_column css=\u00a0\u00bb.vc_custom_1473699839111{background-color: #cecece !important;}\u00a0\u00bb][vc_column_text] Documents n\u00e9cessaires pour l\u2019inscription [\/vc_column_text][\/vc_column][\/vc_row][vc_row row_type=\u00a0\u00bbrow\u00a0\u00bb use_row_as_full_screen_section=\u00a0\u00bbno\u00a0\u00bb type=\u00a0\u00bbfull_width\u00a0\u00bb angled_section=\u00a0\u00bbno\u00a0\u00bb text_align=\u00a0\u00bbleft\u00a0\u00bb background_image_as_pattern=\u00a0\u00bbwithout_pattern\u00a0\u00bb css_animation=\u00a0\u00bb\u00a0\u00bb][vc_column width=\u00a0\u00bb1\/2&Prime;][vc_column_text] Domaines [\/vc_column_text][\/vc_column][vc_column width=\u00a0\u00bb1\/2&Prime;][vc_column_text] Viticulteur [\/vc_column_text][vc_single_image image=\u00a0\u00bb4735&Prime; img_size=\u00a0\u00bbfull\u00a0\u00bb alignment=\u00a0\u00bbcenter\u00a0\u00bb qode_css_animation=\u00a0\u00bb\u00a0\u00bb css=\u00a0\u00bb.vc_custom_1473700997995{padding-top: 20px !important;padding-right: 80px !important;padding-bottom: 50px !important;padding-left: 80px !important;}\u00a0\u00bb][\/vc_column][\/vc_row]&#8230;<!-- AddThis Advanced Settings generic via filter on get_the_excerpt --><!-- AddThis Share Buttons generic via filter on get_the_excerpt --><\/p>\n","protected":false},"author":1,"featured_media":0,"parent":4594,"menu_order":0,"comment_status":"closed","ping_status":"closed","template":"","meta":{"_mc_calendar":[],"footnotes":""},"class_list":["post-4621","page","type-page","status-publish","hentry"],"yoast_head":"<!-- This site is optimized with the Yoast SEO plugin v27.4 - https:\/\/yoast.com\/product\/yoast-seo-wordpress\/ -->\n<title>S\u2019inscrire - D.O. Lanzarote<\/title>\n<meta name=\"robots\" content=\"index, follow, max-snippet:-1, max-image-preview:large, max-video-preview:-1\" \/>\n<link rel=\"canonical\" href=\"https:\/\/dolanzarote.com\/dolanzarote\/darse-de-alta\/\" \/>\n<meta property=\"og:locale\" content=\"fr_FR\" \/>\n<meta property=\"og:type\" content=\"article\" \/>\n<meta property=\"og:title\" content=\"S\u2019inscrire - D.O. Lanzarote\" \/>\n<meta property=\"og:description\" content=\"[vc_row row_type=\u00a0\u00bbrow\u00a0\u00bb use_row_as_full_screen_section=\u00a0\u00bbno\u00a0\u00bb type=\u00a0\u00bbfull_width\u00a0\u00bb angled_section=\u00a0\u00bbno\u00a0\u00bb text_align=\u00a0\u00bbleft\u00a0\u00bb background_image_as_pattern=\u00a0\u00bbwithout_pattern\u00a0\u00bb css_animation=\u00a0\u00bb\u00a0\u00bb css=\u00a0\u00bb.vc_custom_1473700594913{margin-bottom: 30px !important;}\u00a0\u00bb][vc_column css=\u00a0\u00bb.vc_custom_1473699839111{background-color: #cecece !important;}\u00a0\u00bb][vc_column_text] Documents n\u00e9cessaires pour l\u2019inscription [\/vc_column_text][\/vc_column][\/vc_row][vc_row row_type=\u00a0\u00bbrow\u00a0\u00bb use_row_as_full_screen_section=\u00a0\u00bbno\u00a0\u00bb type=\u00a0\u00bbfull_width\u00a0\u00bb angled_section=\u00a0\u00bbno\u00a0\u00bb text_align=\u00a0\u00bbleft\u00a0\u00bb background_image_as_pattern=\u00a0\u00bbwithout_pattern\u00a0\u00bb css_animation=\u00a0\u00bb\u00a0\u00bb][vc_column width=\u00a0\u00bb1\/2&Prime;][vc_column_text] Domaines [\/vc_column_text][\/vc_column][vc_column width=\u00a0\u00bb1\/2&Prime;][vc_column_text] Viticulteur [\/vc_column_text][vc_single_image image=\u00a0\u00bb4735&Prime; img_size=\u00a0\u00bbfull\u00a0\u00bb alignment=\u00a0\u00bbcenter\u00a0\u00bb qode_css_animation=\u00a0\u00bb\u00a0\u00bb css=\u00a0\u00bb.vc_custom_1473700997995{padding-top: 20px !important;padding-right: 80px !important;padding-bottom: 50px !important;padding-left: 80px !important;}\u00a0\u00bb][\/vc_column][\/vc_row]...\" \/>\n<meta property=\"og:url\" content=\"https:\/\/dolanzarote.com\/dolanzarote\/darse-de-alta\/\" \/>\n<meta property=\"og:site_name\" content=\"D.O. Lanzarote\" \/>\n<meta property=\"article:modified_time\" content=\"2020-03-06T12:17:22+00:00\" \/>\n<meta name=\"twitter:card\" content=\"summary_large_image\" \/>\n<meta name=\"twitter:label1\" content=\"Dur\u00e9e de lecture estim\u00e9e\" \/>\n\t<meta name=\"twitter:data1\" content=\"2 minutes\" \/>\n<script type=\"application\/ld+json\" class=\"yoast-schema-graph\">{\"@context\":\"https:\\\/\\\/schema.org\",\"@graph\":[{\"@type\":\"WebPage\",\"@id\":\"https:\\\/\\\/dolanzarote.com\\\/dolanzarote\\\/darse-de-alta\\\/\",\"url\":\"https:\\\/\\\/dolanzarote.com\\\/dolanzarote\\\/darse-de-alta\\\/\",\"name\":\"S\u2019inscrire - D.O. Lanzarote\",\"isPartOf\":{\"@id\":\"https:\\\/\\\/dolanzarote.com\\\/de\\\/#website\"},\"datePublished\":\"2016-08-16T18:36:54+00:00\",\"dateModified\":\"2020-03-06T12:17:22+00:00\",\"breadcrumb\":{\"@id\":\"https:\\\/\\\/dolanzarote.com\\\/dolanzarote\\\/darse-de-alta\\\/#breadcrumb\"},\"inLanguage\":\"fr-FR\",\"potentialAction\":[{\"@type\":\"ReadAction\",\"target\":[\"https:\\\/\\\/dolanzarote.com\\\/dolanzarote\\\/darse-de-alta\\\/\"]}]},{\"@type\":\"BreadcrumbList\",\"@id\":\"https:\\\/\\\/dolanzarote.com\\\/dolanzarote\\\/darse-de-alta\\\/#breadcrumb\",\"itemListElement\":[{\"@type\":\"ListItem\",\"position\":1,\"name\":\"Portada\",\"item\":\"https:\\\/\\\/dolanzarote.com\\\/\"},{\"@type\":\"ListItem\",\"position\":2,\"name\":\"DOLanzarote\",\"item\":\"https:\\\/\\\/dolanzarote.com\\\/dolanzarote\\\/\"},{\"@type\":\"ListItem\",\"position\":3,\"name\":\"Darse de alta\"}]},{\"@type\":\"WebSite\",\"@id\":\"https:\\\/\\\/dolanzarote.com\\\/de\\\/#website\",\"url\":\"https:\\\/\\\/dolanzarote.com\\\/de\\\/\",\"name\":\"D.O. Lanzarote\",\"description\":\"Vinos de Lanzarote\",\"potentialAction\":[{\"@type\":\"SearchAction\",\"target\":{\"@type\":\"EntryPoint\",\"urlTemplate\":\"https:\\\/\\\/dolanzarote.com\\\/de\\\/?s={search_term_string}\"},\"query-input\":{\"@type\":\"PropertyValueSpecification\",\"valueRequired\":true,\"valueName\":\"search_term_string\"}}],\"inLanguage\":\"fr-FR\"}]}<\/script>\n<!-- \/ Yoast SEO plugin. -->","yoast_head_json":{"title":"S\u2019inscrire - D.O. Lanzarote","robots":{"index":"index","follow":"follow","max-snippet":"max-snippet:-1","max-image-preview":"max-image-preview:large","max-video-preview":"max-video-preview:-1"},"canonical":"https:\/\/dolanzarote.com\/dolanzarote\/darse-de-alta\/","og_locale":"fr_FR","og_type":"article","og_title":"S\u2019inscrire - D.O. Lanzarote","og_description":"[vc_row row_type=\u00a0\u00bbrow\u00a0\u00bb use_row_as_full_screen_section=\u00a0\u00bbno\u00a0\u00bb type=\u00a0\u00bbfull_width\u00a0\u00bb angled_section=\u00a0\u00bbno\u00a0\u00bb text_align=\u00a0\u00bbleft\u00a0\u00bb background_image_as_pattern=\u00a0\u00bbwithout_pattern\u00a0\u00bb css_animation=\u00a0\u00bb\u00a0\u00bb css=\u00a0\u00bb.vc_custom_1473700594913{margin-bottom: 30px !important;}\u00a0\u00bb][vc_column css=\u00a0\u00bb.vc_custom_1473699839111{background-color: #cecece !important;}\u00a0\u00bb][vc_column_text] Documents n\u00e9cessaires pour l\u2019inscription [\/vc_column_text][\/vc_column][\/vc_row][vc_row row_type=\u00a0\u00bbrow\u00a0\u00bb use_row_as_full_screen_section=\u00a0\u00bbno\u00a0\u00bb type=\u00a0\u00bbfull_width\u00a0\u00bb angled_section=\u00a0\u00bbno\u00a0\u00bb text_align=\u00a0\u00bbleft\u00a0\u00bb background_image_as_pattern=\u00a0\u00bbwithout_pattern\u00a0\u00bb css_animation=\u00a0\u00bb\u00a0\u00bb][vc_column width=\u00a0\u00bb1\/2&Prime;][vc_column_text] Domaines [\/vc_column_text][\/vc_column][vc_column width=\u00a0\u00bb1\/2&Prime;][vc_column_text] Viticulteur [\/vc_column_text][vc_single_image image=\u00a0\u00bb4735&Prime; img_size=\u00a0\u00bbfull\u00a0\u00bb alignment=\u00a0\u00bbcenter\u00a0\u00bb qode_css_animation=\u00a0\u00bb\u00a0\u00bb css=\u00a0\u00bb.vc_custom_1473700997995{padding-top: 20px !important;padding-right: 80px !important;padding-bottom: 50px !important;padding-left: 80px !important;}\u00a0\u00bb][\/vc_column][\/vc_row]...","og_url":"https:\/\/dolanzarote.com\/dolanzarote\/darse-de-alta\/","og_site_name":"D.O. Lanzarote","article_modified_time":"2020-03-06T12:17:22+00:00","twitter_card":"summary_large_image","twitter_misc":{"Dur\u00e9e de lecture estim\u00e9e":"2 minutes"},"schema":{"@context":"https:\/\/schema.org","@graph":[{"@type":"WebPage","@id":"https:\/\/dolanzarote.com\/dolanzarote\/darse-de-alta\/","url":"https:\/\/dolanzarote.com\/dolanzarote\/darse-de-alta\/","name":"S\u2019inscrire - D.O. Lanzarote","isPartOf":{"@id":"https:\/\/dolanzarote.com\/de\/#website"},"datePublished":"2016-08-16T18:36:54+00:00","dateModified":"2020-03-06T12:17:22+00:00","breadcrumb":{"@id":"https:\/\/dolanzarote.com\/dolanzarote\/darse-de-alta\/#breadcrumb"},"inLanguage":"fr-FR","potentialAction":[{"@type":"ReadAction","target":["https:\/\/dolanzarote.com\/dolanzarote\/darse-de-alta\/"]}]},{"@type":"BreadcrumbList","@id":"https:\/\/dolanzarote.com\/dolanzarote\/darse-de-alta\/#breadcrumb","itemListElement":[{"@type":"ListItem","position":1,"name":"Portada","item":"https:\/\/dolanzarote.com\/"},{"@type":"ListItem","position":2,"name":"DOLanzarote","item":"https:\/\/dolanzarote.com\/dolanzarote\/"},{"@type":"ListItem","position":3,"name":"Darse de alta"}]},{"@type":"WebSite","@id":"https:\/\/dolanzarote.com\/de\/#website","url":"https:\/\/dolanzarote.com\/de\/","name":"D.O. Lanzarote","description":"Vinos de Lanzarote","potentialAction":[{"@type":"SearchAction","target":{"@type":"EntryPoint","urlTemplate":"https:\/\/dolanzarote.com\/de\/?s={search_term_string}"},"query-input":{"@type":"PropertyValueSpecification","valueRequired":true,"valueName":"search_term_string"}}],"inLanguage":"fr-FR"}]}},"_links":{"self":[{"href":"https:\/\/dolanzarote.com\/fr\/wp-json\/wp\/v2\/pages\/4621","targetHints":{"allow":["GET"]}}],"collection":[{"href":"https:\/\/dolanzarote.com\/fr\/wp-json\/wp\/v2\/pages"}],"about":[{"href":"https:\/\/dolanzarote.com\/fr\/wp-json\/wp\/v2\/types\/page"}],"author":[{"embeddable":true,"href":"https:\/\/dolanzarote.com\/fr\/wp-json\/wp\/v2\/users\/1"}],"replies":[{"embeddable":true,"href":"https:\/\/dolanzarote.com\/fr\/wp-json\/wp\/v2\/comments?post=4621"}],"version-history":[{"count":21,"href":"https:\/\/dolanzarote.com\/fr\/wp-json\/wp\/v2\/pages\/4621\/revisions"}],"predecessor-version":[{"id":8756,"href":"https:\/\/dolanzarote.com\/fr\/wp-json\/wp\/v2\/pages\/4621\/revisions\/8756"}],"up":[{"embeddable":true,"href":"https:\/\/dolanzarote.com\/fr\/wp-json\/wp\/v2\/pages\/4594"}],"wp:attachment":[{"href":"https:\/\/dolanzarote.com\/fr\/wp-json\/wp\/v2\/media?parent=4621"}],"curies":[{"name":"wp","href":"https:\/\/api.w.org\/{rel}","templated":true}]}}