{"id":4596,"date":"2016-08-16T18:30:39","date_gmt":"2016-08-16T18:30:39","guid":{"rendered":"https:\/\/dolanzarote.com\/?page_id=4596"},"modified":"2018-03-13T20:07:27","modified_gmt":"2018-03-13T20:07:27","slug":"vino","status":"publish","type":"page","link":"https:\/\/dolanzarote.com\/fr\/vino\/","title":{"rendered":"(Espa\u00f1ol) Vino"},"content":{"rendered":"<!-- Begin Yuzo --><div class='yuzo_related_post style-1'  data-version='5.12.89'><!-- without result --><div class='yuzo_clearfixed yuzo__title yuzo__title'><h3>Noticias relacionadas<\/h3><\/div>\n\t\t\t\t\t\t  <div class=\"relatedthumb \" style=\"width:215px;float:left;overflow:hidden;\">  \n\t\t\t\t\t\t\t  \n\t\t\t\t\t\t\t  <a rel='nofollow' href=\"https:\/\/dolanzarote.com\/fr\/experiencias-vitivinicolas-con-el-consejo-regulador-vinos-de-lanzarote\/\"  >\n\t\t\t\t\t\t\t\t\t  <div class=\"yuzo-img-wrap \" style=\"width: 215px;height:180px;\">\n\t\t\t\t\t\t\t\t\t\t\n\t\t\t\t\t\t\t\t\t\t<div class=\"yuzo-img\" style=\"background:url('https:\/\/dolanzarote.com\/wp-content\/uploads\/2024\/03\/un-ano-de-experiencias-con-el-consejo-regulador-vinos-de-lanzarote-300x200.jpg') 50% 50% no-repeat;width: 215px;height:180px;margin-bottom: 5px;background-size: cover; \"><\/div>\n\t\t\t\t\t\t\t\t\t  <\/div>\n\t\t\t\t\t\t\t\t\t  \n\t\t\t\t\t\t\t\t   <span class=\"yuzo__text--title\" style=\"font-size:18px;font-weight:bold;\">(Espa\u00f1ol) Un a\u00f1o de experiencias vitivin\u00edcolas con el Consejo Regulador ...<\/span>\n\t\t\t\t\t\t\t  <span class=\"yuzo_text\" style=\"font-size:14px;\" >D\u00e9sol\u00e9, cet article est seulement disponible en Espa\u00f1ol.<\/span>\n\t\t\t\t\t\t\t  \n\t\t\t\t\t\t\t  <\/a>\n\n\t\t\t\t\t\t  <\/div>\n\t\t\t\t\t\t  <div class=\"relatedthumb \" style=\"width:215px;float:left;overflow:hidden;\">  \n\t\t\t\t\t\t\t  \n\t\t\t\t\t\t\t  <a rel='nofollow' href=\"https:\/\/dolanzarote.com\/fr\/erase-una-vid-cuentacuentos-vinos-lanzarote\/\"  >\n\t\t\t\t\t\t\t\t\t  <div class=\"yuzo-img-wrap \" style=\"width: 215px;height:180px;\">\n\t\t\t\t\t\t\t\t\t\t\n\t\t\t\t\t\t\t\t\t\t<div class=\"yuzo-img\" style=\"background:url('https:\/\/dolanzarote.com\/wp-content\/uploads\/2019\/05\/Erase-una-vid-cuentacuentos-maridando-vinos-de-Lanzarote-2019-portada-300x114.png') 50% 50% no-repeat;width: 215px;height:180px;margin-bottom: 5px;background-size: cover; \"><\/div>\n\t\t\t\t\t\t\t\t\t  <\/div>\n\t\t\t\t\t\t\t\t\t  \n\t\t\t\t\t\t\t\t   <span class=\"yuzo__text--title\" style=\"font-size:18px;font-weight:bold;\">(Espa\u00f1ol) \u00c9rase una vid. Historias maridadas con nuestros vinos<\/span>\n\t\t\t\t\t\t\t  <span class=\"yuzo_text\" style=\"font-size:14px;\" >D\u00e9sol\u00e9, cet article est seulement disponible en Espa\u00f1ol.<\/span>\n\t\t\t\t\t\t\t  \n\t\t\t\t\t\t\t  <\/a>\n\n\t\t\t\t\t\t  <\/div>\n\t\t\t\t\t\t  <div class=\"relatedthumb \" style=\"width:215px;float:left;overflow:hidden;\">  \n\t\t\t\t\t\t\t  \n\t\t\t\t\t\t\t  <a rel='nofollow' href=\"https:\/\/dolanzarote.com\/fr\/caja-rural-concedera-prestamos-a-los-viticultores-de-hasta-6-000-euros-para-la-adquisicion-de-material-y-maquinaria-agricola\/\"  >\n\t\t\t\t\t\t\t\t\t  <div class=\"yuzo-img-wrap \" style=\"width: 215px;height:180px;\">\n\t\t\t\t\t\t\t\t\t\t\n\t\t\t\t\t\t\t\t\t\t<div class=\"yuzo-img\" style=\"background:url('https:\/\/dolanzarote.com\/wp-content\/uploads\/2011\/11\/caja_rural-300x225.png') 50% 50% no-repeat;width: 215px;height:180px;margin-bottom: 5px;background-size: cover; \"><\/div>\n\t\t\t\t\t\t\t\t\t  <\/div>\n\t\t\t\t\t\t\t\t\t  \n\t\t\t\t\t\t\t\t   <span class=\"yuzo__text--title\" style=\"font-size:18px;font-weight:bold;\">Caja Rural conceder\u00e1 pr\u00e9stamos a los viticultores de hasta 6.000 euros p...<\/span>\n\t\t\t\t\t\t\t  <span class=\"yuzo_text\" style=\"font-size:14px;\" >El Consejo Regulador de la Denominaci\u00f3n de Origen \u201cVinos de Lanzarote\u201d ha alcanzado un acuerdo con l...<\/span>\n\t\t\t\t\t\t\t  \n\t\t\t\t\t\t\t  <\/a>\n\n\t\t\t\t\t\t  <\/div>\n<\/div> <script>\n\t\t\t\t\t\t  jQuery(document).ready(function( $ ){\n\t\t\t\t\t\t\t\/\/jQuery('.yuzo_related_post').equalizer({ overflow : 'relatedthumb' });\n\t\t\t\t\t\t\tjQuery('.yuzo_related_post .yuzo_wraps').equalizer({ columns : '> div' });\n\t\t\t\t\t\t   })\n\t\t\t\t\t\t  <\/script> <!-- End Yuzo :) --><!-- AddThis Advanced Settings generic via filter on the_content --><!-- AddThis Share Buttons generic via filter on the_content -->","protected":false},"excerpt":{"rendered":"<p>Noticias relacionadas Manto Malvas\u00eda Volc\u00e1nica Seco 2014, de Bodega La Geria, medalla de plata&#8230; Bodega La Geria sigue cosechando premios en concursos internacionales. En esta ocasi\u00f3n, su vino M&#8230; (Espa\u00f1ol) El Consejo Regulador, reconocido por Cajasiete por su contribu&#8230; D\u00e9sol\u00e9, cet article est seulement disponible&#8230;<!-- AddThis Advanced Settings generic via filter on get_the_excerpt --><!-- AddThis Share Buttons generic via filter on get_the_excerpt --><\/p>\n","protected":false},"author":1,"featured_media":0,"parent":0,"menu_order":0,"comment_status":"closed","ping_status":"closed","template":"","meta":{"_mc_calendar":[],"footnotes":""},"class_list":["post-4596","page","type-page","status-publish","hentry"],"yoast_head":"<!-- This site is optimized with the Yoast SEO plugin v27.5 - https:\/\/yoast.com\/product\/yoast-seo-wordpress\/ -->\n<title>(Espa\u00f1ol) Vino - D.O. Lanzarote<\/title>\n<meta name=\"robots\" content=\"index, follow, max-snippet:-1, max-image-preview:large, max-video-preview:-1\" \/>\n<link rel=\"canonical\" href=\"https:\/\/dolanzarote.com\/de\/vino\/\" \/>\n<meta property=\"og:locale\" content=\"fr_FR\" \/>\n<meta property=\"og:type\" content=\"article\" \/>\n<meta property=\"og:title\" content=\"(Espa\u00f1ol) Vino - D.O. Lanzarote\" \/>\n<meta property=\"og:description\" content=\"Noticias relacionadas (Espa\u00f1ol) ConVinados 2022 D\u00e9sol\u00e9, cet article est seulement disponible en Espa\u00f1ol. Vuelven\u00a0las rutas de senderismo entre vi\u00f1edos de Lanzarote La primera ruta de\u00a02017 nos llevar\u00e1 por el entorno de Bodegas Vega de Yuco El enoturismo\u00a0sigue creci... Sven Grossenbacher, Aroa Mart\u00ednez y Miguel \u00c1ngel...\" \/>\n<meta property=\"og:url\" content=\"https:\/\/dolanzarote.com\/de\/vino\/\" \/>\n<meta property=\"og:site_name\" content=\"D.O. Lanzarote\" \/>\n<meta property=\"article:modified_time\" content=\"2018-03-13T20:07:27+00:00\" \/>\n<meta name=\"twitter:card\" content=\"summary_large_image\" \/>\n<script type=\"application\/ld+json\" class=\"yoast-schema-graph\">{\"@context\":\"https:\\\/\\\/schema.org\",\"@graph\":[{\"@type\":\"WebPage\",\"@id\":\"https:\\\/\\\/dolanzarote.com\\\/de\\\/vino\\\/\",\"url\":\"https:\\\/\\\/dolanzarote.com\\\/de\\\/vino\\\/\",\"name\":\"(Espa\u00f1ol) Vino - D.O. Lanzarote\",\"isPartOf\":{\"@id\":\"https:\\\/\\\/dolanzarote.com\\\/de\\\/#website\"},\"datePublished\":\"2016-08-16T18:30:39+00:00\",\"dateModified\":\"2018-03-13T20:07:27+00:00\",\"breadcrumb\":{\"@id\":\"https:\\\/\\\/dolanzarote.com\\\/de\\\/vino\\\/#breadcrumb\"},\"inLanguage\":\"fr-FR\",\"potentialAction\":[{\"@type\":\"ReadAction\",\"target\":[\"https:\\\/\\\/dolanzarote.com\\\/de\\\/vino\\\/\"]}]},{\"@type\":\"BreadcrumbList\",\"@id\":\"https:\\\/\\\/dolanzarote.com\\\/de\\\/vino\\\/#breadcrumb\",\"itemListElement\":[{\"@type\":\"ListItem\",\"position\":1,\"name\":\"Portada\",\"item\":\"https:\\\/\\\/dolanzarote.com\\\/\"},{\"@type\":\"ListItem\",\"position\":2,\"name\":\"(Espa\u00f1ol) Vino\"}]},{\"@type\":\"WebSite\",\"@id\":\"https:\\\/\\\/dolanzarote.com\\\/de\\\/#website\",\"url\":\"https:\\\/\\\/dolanzarote.com\\\/de\\\/\",\"name\":\"D.O. Lanzarote\",\"description\":\"Vinos de Lanzarote\",\"potentialAction\":[{\"@type\":\"SearchAction\",\"target\":{\"@type\":\"EntryPoint\",\"urlTemplate\":\"https:\\\/\\\/dolanzarote.com\\\/de\\\/?s={search_term_string}\"},\"query-input\":{\"@type\":\"PropertyValueSpecification\",\"valueRequired\":true,\"valueName\":\"search_term_string\"}}],\"inLanguage\":\"fr-FR\"}]}<\/script>\n<!-- \/ Yoast SEO plugin. -->","yoast_head_json":{"title":"(Espa\u00f1ol) Vino - D.O. Lanzarote","robots":{"index":"index","follow":"follow","max-snippet":"max-snippet:-1","max-image-preview":"max-image-preview:large","max-video-preview":"max-video-preview:-1"},"canonical":"https:\/\/dolanzarote.com\/de\/vino\/","og_locale":"fr_FR","og_type":"article","og_title":"(Espa\u00f1ol) Vino - D.O. Lanzarote","og_description":"Noticias relacionadas (Espa\u00f1ol) ConVinados 2022 D\u00e9sol\u00e9, cet article est seulement disponible en Espa\u00f1ol. Vuelven\u00a0las rutas de senderismo entre vi\u00f1edos de Lanzarote La primera ruta de\u00a02017 nos llevar\u00e1 por el entorno de Bodegas Vega de Yuco El enoturismo\u00a0sigue creci... Sven Grossenbacher, Aroa Mart\u00ednez y Miguel \u00c1ngel...","og_url":"https:\/\/dolanzarote.com\/de\/vino\/","og_site_name":"D.O. Lanzarote","article_modified_time":"2018-03-13T20:07:27+00:00","twitter_card":"summary_large_image","schema":{"@context":"https:\/\/schema.org","@graph":[{"@type":"WebPage","@id":"https:\/\/dolanzarote.com\/de\/vino\/","url":"https:\/\/dolanzarote.com\/de\/vino\/","name":"(Espa\u00f1ol) Vino - D.O. Lanzarote","isPartOf":{"@id":"https:\/\/dolanzarote.com\/de\/#website"},"datePublished":"2016-08-16T18:30:39+00:00","dateModified":"2018-03-13T20:07:27+00:00","breadcrumb":{"@id":"https:\/\/dolanzarote.com\/de\/vino\/#breadcrumb"},"inLanguage":"fr-FR","potentialAction":[{"@type":"ReadAction","target":["https:\/\/dolanzarote.com\/de\/vino\/"]}]},{"@type":"BreadcrumbList","@id":"https:\/\/dolanzarote.com\/de\/vino\/#breadcrumb","itemListElement":[{"@type":"ListItem","position":1,"name":"Portada","item":"https:\/\/dolanzarote.com\/"},{"@type":"ListItem","position":2,"name":"(Espa\u00f1ol) Vino"}]},{"@type":"WebSite","@id":"https:\/\/dolanzarote.com\/de\/#website","url":"https:\/\/dolanzarote.com\/de\/","name":"D.O. Lanzarote","description":"Vinos de Lanzarote","potentialAction":[{"@type":"SearchAction","target":{"@type":"EntryPoint","urlTemplate":"https:\/\/dolanzarote.com\/de\/?s={search_term_string}"},"query-input":{"@type":"PropertyValueSpecification","valueRequired":true,"valueName":"search_term_string"}}],"inLanguage":"fr-FR"}]}},"_links":{"self":[{"href":"https:\/\/dolanzarote.com\/fr\/wp-json\/wp\/v2\/pages\/4596","targetHints":{"allow":["GET"]}}],"collection":[{"href":"https:\/\/dolanzarote.com\/fr\/wp-json\/wp\/v2\/pages"}],"about":[{"href":"https:\/\/dolanzarote.com\/fr\/wp-json\/wp\/v2\/types\/page"}],"author":[{"embeddable":true,"href":"https:\/\/dolanzarote.com\/fr\/wp-json\/wp\/v2\/users\/1"}],"replies":[{"embeddable":true,"href":"https:\/\/dolanzarote.com\/fr\/wp-json\/wp\/v2\/comments?post=4596"}],"version-history":[{"count":4,"href":"https:\/\/dolanzarote.com\/fr\/wp-json\/wp\/v2\/pages\/4596\/revisions"}],"predecessor-version":[{"id":7664,"href":"https:\/\/dolanzarote.com\/fr\/wp-json\/wp\/v2\/pages\/4596\/revisions\/7664"}],"wp:attachment":[{"href":"https:\/\/dolanzarote.com\/fr\/wp-json\/wp\/v2\/media?parent=4596"}],"curies":[{"name":"wp","href":"https:\/\/api.w.org\/{rel}","templated":true}]}}