{"id":9818,"date":"2023-05-11T15:59:07","date_gmt":"2023-05-11T15:59:07","guid":{"rendered":"https:\/\/dolanzarote.com\/my-calendar\/"},"modified":"2023-05-11T15:59:09","modified_gmt":"2023-05-11T15:59:09","slug":"my-calendar","status":"publish","type":"page","link":"https:\/\/dolanzarote.com\/en\/my-calendar\/","title":{"rendered":"My Calendar"},"content":{"rendered":"\r\n<div id='my-calendar' class='mc-main mcjs listjs gridjs minijs ajaxjs twentyfifteen calendar month my-calendar is-main-view' ><h2 id=\"mc_head_my-calendar\" class=\"heading my-calendar-month\"><span>Events in May 2026<\/span><\/h2>\n\n<nav class=\"my-calendar-navigation\" aria-label=\"Calendar (top)\">\n<div class=\"my-calendar-header\"><div class='mc-format'>\r\n\t\t<ul><li><button type='button' id='mc_grid-my-calendar' data-href='https:\/\/dolanzarote.com\/en\/my-calendar\/?format=calendar' aria-pressed=\"true\" class='mc-navigation-button mc-grid-option mc-active'><span class='mc-icon' aria-hidden='true'><\/span><span class=\"maybe-hide\">View as <\/span>Grid<\/button><\/li><li><button type='button' id='mc_list-my-calendar' data-href='https:\/\/dolanzarote.com\/en\/my-calendar\/?format=list'  class='mc-navigation-button mc-list-option'><span class='mc-icon' aria-hidden='true'><\/span><span class=\"maybe-hide\">View as <\/span>List<\/button><\/li><\/ul>\r\n\t\t<\/div><div class='mc-time'><ul><li><button type='button' id='mc_month-my-calendar' data-href='https:\/\/dolanzarote.com\/en\/my-calendar\/?cid=my-calendar&#038;time=month' class='mc-navigation-button month mc-active' aria-pressed='true'>Month<\/button><\/li><li><button type='button' id='mc_week-my-calendar' data-href='https:\/\/dolanzarote.com\/en\/my-calendar\/?cid=my-calendar&#038;dy=4&#038;month=5&#038;time=week&#038;yr=2026' class='mc-navigation-button week'>Week<\/button><\/li><li><button type='button' id='mc_day-my-calendar' data-href='https:\/\/dolanzarote.com\/en\/my-calendar\/?cid=my-calendar&#038;dy=4&#038;time=day' class='mc-navigation-button day'>Day<\/button><li><\/ul><\/div><div class=\"my-calendar-date-switcher\"><form class=\"mc-date-switcher\" action=\"https:\/\/dolanzarote.com\/en\/wp-json\/wp\/v2\/pages\/9818\/\" method=\"get\"><div><input type=\"hidden\" name=\"cid\" value=\"my-calendar\" \/> <label class=\"maybe-hide\" for=\"my-calendar-month\">Month<\/label> <select id=\"my-calendar-month\" name=\"month\">\n<option value='1'>January<\/option>\n<option value='2'>February<\/option>\n<option value='3'>March<\/option>\n<option value='4'>April<\/option>\n<option value='5' selected='selected'>May<\/option>\n<option value='6'>June<\/option>\n<option value='7'>July<\/option>\n<option value='8'>August<\/option>\n<option value='9'>September<\/option>\n<option value='10'>October<\/option>\n<option value='11'>November<\/option>\n<option value='12'>December<\/option>\n<\/select>\n <label class=\"maybe-hide\" for=\"my-calendar-year\">Year<\/label> <select id=\"my-calendar-year\" name=\"yr\">\n<option value=\"2026\" selected='selected'>2026<\/option>\n<\/select> <input type=\"submit\" class=\"button\" id=\"my-calendar-button\" value=\"Go\" \/><\/div><\/form><\/div>\r\n\t\t<div class=\"my-calendar-nav\">\r\n\t\t\t<ul>\r\n\t\t\t\t<li class=\"my-calendar-today\"><button type=\"button\" id=\"mc_today_my-calendar\" data-href=\"https:\/\/dolanzarote.com\/en\/my-calendar\/?cid=my-calendar\" class=\"mc-navigation-button today mc-active\" aria-current=\"true\"><span class=\"mc-icon\" aria-hidden=\"true\"><\/span>Today<\/button><\/li>\r\n\t\t\t<\/ul>\r\n\t\t<\/div><\/div>\n<\/nav>\n<div class=\"mc-content\">\n<table class='my-calendar-table' aria-labelledby='mc_head_my-calendar'>\n<thead>\n\t<tr class='mc-row'>\n\t\t<th scope=\"col\" class='day-heading mon'><abbr title=\"Monday\" aria-hidden=\"true\">Mon<\/abbr><span class=\"screen-reader-text\">Monday<\/span><\/th>\n\n\t\t<th scope=\"col\" class='day-heading tues'><abbr title=\"Tuesday\" aria-hidden=\"true\">Tue<\/abbr><span class=\"screen-reader-text\">Tuesday<\/span><\/th>\n\n\t\t<th scope=\"col\" class='day-heading wed'><abbr title=\"Wednesday\" aria-hidden=\"true\">Wed<\/abbr><span class=\"screen-reader-text\">Wednesday<\/span><\/th>\n\n\t\t<th scope=\"col\" class='day-heading thur'><abbr title=\"Thursday\" aria-hidden=\"true\">Thu<\/abbr><span class=\"screen-reader-text\">Thursday<\/span><\/th>\n\n\t\t<th scope=\"col\" class='day-heading fri'><abbr title=\"Friday\" aria-hidden=\"true\">Fri<\/abbr><span class=\"screen-reader-text\">Friday<\/span><\/th>\n\n\t\t<th scope=\"col\" class='weekend-heading sat'><abbr title=\"Saturday\" aria-hidden=\"true\">Sat<\/abbr><span class=\"screen-reader-text\">Saturday<\/span><\/th>\n\n\t\t<th scope=\"col\" class='weekend-heading sun'><abbr title=\"Sunday\" aria-hidden=\"true\">Sun<\/abbr><span class=\"screen-reader-text\">Sunday<\/span><\/th>\n\t<\/tr>\n<\/thead>\n<tbody>\n<tr class='mc-row'><td class='no-events monday mon past-day past-date  nextmonth no-events day-with-date'><div class='mc-date-container'><span class='mc-date no-events'><span aria-hidden='true'>27<\/span><span class='screen-reader-text'>27\/04\/2026<\/span><\/span><\/div>\n<\/td>\n<td class='no-events tuesday tue past-day past-date  nextmonth no-events day-with-date'><div class='mc-date-container'><span class='mc-date no-events'><span aria-hidden='true'>28<\/span><span class='screen-reader-text'>28\/04\/2026<\/span><\/span><\/div>\n<\/td>\n<td class='no-events wednesday wed past-day past-date  nextmonth no-events day-with-date'><div class='mc-date-container'><span class='mc-date no-events'><span aria-hidden='true'>29<\/span><span class='screen-reader-text'>29\/04\/2026<\/span><\/span><\/div>\n<\/td>\n<td class='no-events thursday thu past-day past-date  nextmonth no-events day-with-date'><div class='mc-date-container'><span class='mc-date no-events'><span aria-hidden='true'>30<\/span><span class='screen-reader-text'>30\/04\/2026<\/span><\/span><\/div>\n<\/td>\n<td class='no-events friday fri past-day past-date   no-events day-with-date'><div class='mc-date-container'><span class='mc-date no-events'><span aria-hidden='true'>1<\/span><span class='screen-reader-text'>01\/05\/2026<\/span><\/span><\/div>\n<\/td>\n<td class='no-events saturday sat past-day past-date weekend  no-events day-with-date'><div class='mc-date-container'><span class='mc-date no-events'><span aria-hidden='true'>2<\/span><span class='screen-reader-text'>02\/05\/2026<\/span><\/span><\/div>\n<\/td>\n<td class='no-events sunday sun past-day past-date weekend  no-events day-with-date'><div class='mc-date-container'><span class='mc-date no-events'><span aria-hidden='true'>3<\/span><span class='screen-reader-text'>03\/05\/2026<\/span><\/span><\/div>\n<\/td>\n<\/tr>\n<!-- End Event Row -->\n<tr class='mc-row'><td aria-current=\"date\" class='no-events monday mon current-day   no-events day-with-date'><div class='mc-date-container'><span class='mc-date no-events'><span aria-hidden='true'>4<\/span><span class='screen-reader-text'>04\/05\/2026<\/span><\/span><\/div>\n<\/td>\n<td class='no-events tuesday tue future-day   no-events day-with-date'><div class='mc-date-container'><span class='mc-date no-events'><span aria-hidden='true'>5<\/span><span class='screen-reader-text'>05\/05\/2026<\/span><\/span><\/div>\n<\/td>\n<td class='no-events wednesday wed future-day   no-events day-with-date'><div class='mc-date-container'><span class='mc-date no-events'><span aria-hidden='true'>6<\/span><span class='screen-reader-text'>06\/05\/2026<\/span><\/span><\/div>\n<\/td>\n<td class='no-events thursday thu future-day   no-events day-with-date'><div class='mc-date-container'><span class='mc-date no-events'><span aria-hidden='true'>7<\/span><span class='screen-reader-text'>07\/05\/2026<\/span><\/span><\/div>\n<\/td>\n<td class='no-events friday fri future-day   no-events day-with-date'><div class='mc-date-container'><span class='mc-date no-events'><span aria-hidden='true'>8<\/span><span class='screen-reader-text'>08\/05\/2026<\/span><\/span><\/div>\n<\/td>\n<td class='no-events saturday sat future-day weekend  no-events day-with-date'><div class='mc-date-container'><span class='mc-date no-events'><span aria-hidden='true'>9<\/span><span class='screen-reader-text'>09\/05\/2026<\/span><\/span><\/div>\n<\/td>\n<td class='no-events sunday sun future-day weekend  no-events day-with-date'><div class='mc-date-container'><span class='mc-date no-events'><span aria-hidden='true'>10<\/span><span class='screen-reader-text'>10\/05\/2026<\/span><\/span><\/div>\n<\/td>\n<\/tr>\n<!-- End Event Row -->\n<tr class='mc-row'><td class='no-events monday mon future-day   no-events day-with-date'><div class='mc-date-container'><span class='mc-date no-events'><span aria-hidden='true'>11<\/span><span class='screen-reader-text'>11\/05\/2026<\/span><\/span><\/div>\n<\/td>\n<td class='no-events tuesday tue future-day   no-events day-with-date'><div class='mc-date-container'><span class='mc-date no-events'><span aria-hidden='true'>12<\/span><span class='screen-reader-text'>12\/05\/2026<\/span><\/span><\/div>\n<\/td>\n<td class='no-events wednesday wed future-day   no-events day-with-date'><div class='mc-date-container'><span class='mc-date no-events'><span aria-hidden='true'>13<\/span><span class='screen-reader-text'>13\/05\/2026<\/span><\/span><\/div>\n<\/td>\n<td class='no-events thursday thu future-day   no-events day-with-date'><div class='mc-date-container'><span class='mc-date no-events'><span aria-hidden='true'>14<\/span><span class='screen-reader-text'>14\/05\/2026<\/span><\/span><\/div>\n<\/td>\n<td class='no-events friday fri future-day   no-events day-with-date'><div class='mc-date-container'><span class='mc-date no-events'><span aria-hidden='true'>15<\/span><span class='screen-reader-text'>15\/05\/2026<\/span><\/span><\/div>\n<\/td>\n<td class='no-events saturday sat future-day weekend  no-events day-with-date'><div class='mc-date-container'><span class='mc-date no-events'><span aria-hidden='true'>16<\/span><span class='screen-reader-text'>16\/05\/2026<\/span><\/span><\/div>\n<\/td>\n<td class='no-events sunday sun future-day weekend  no-events day-with-date'><div class='mc-date-container'><span class='mc-date no-events'><span aria-hidden='true'>17<\/span><span class='screen-reader-text'>17\/05\/2026<\/span><\/span><\/div>\n<\/td>\n<\/tr>\n<!-- End Event Row -->\n<tr class='mc-row'><td class='no-events monday mon future-day   no-events day-with-date'><div class='mc-date-container'><span class='mc-date no-events'><span aria-hidden='true'>18<\/span><span class='screen-reader-text'>18\/05\/2026<\/span><\/span><\/div>\n<\/td>\n<td class='no-events tuesday tue future-day   no-events day-with-date'><div class='mc-date-container'><span class='mc-date no-events'><span aria-hidden='true'>19<\/span><span class='screen-reader-text'>19\/05\/2026<\/span><\/span><\/div>\n<\/td>\n<td class='no-events wednesday wed future-day   no-events day-with-date'><div class='mc-date-container'><span class='mc-date no-events'><span aria-hidden='true'>20<\/span><span class='screen-reader-text'>20\/05\/2026<\/span><\/span><\/div>\n<\/td>\n<td class='no-events thursday thu future-day   no-events day-with-date'><div class='mc-date-container'><span class='mc-date no-events'><span aria-hidden='true'>21<\/span><span class='screen-reader-text'>21\/05\/2026<\/span><\/span><\/div>\n<\/td>\n<td class='no-events friday fri future-day   no-events day-with-date'><div class='mc-date-container'><span class='mc-date no-events'><span aria-hidden='true'>22<\/span><span class='screen-reader-text'>22\/05\/2026<\/span><\/span><\/div>\n<\/td>\n<td class='no-events saturday sat future-day weekend  no-events day-with-date'><div class='mc-date-container'><span class='mc-date no-events'><span aria-hidden='true'>23<\/span><span class='screen-reader-text'>23\/05\/2026<\/span><\/span><\/div>\n<\/td>\n<td class='no-events sunday sun future-day weekend  no-events day-with-date'><div class='mc-date-container'><span class='mc-date no-events'><span aria-hidden='true'>24<\/span><span class='screen-reader-text'>24\/05\/2026<\/span><\/span><\/div>\n<\/td>\n<\/tr>\n<!-- End Event Row -->\n<tr class='mc-row'><td class='no-events monday mon future-day   no-events day-with-date'><div class='mc-date-container'><span class='mc-date no-events'><span aria-hidden='true'>25<\/span><span class='screen-reader-text'>25\/05\/2026<\/span><\/span><\/div>\n<\/td>\n<td class='no-events tuesday tue future-day   no-events day-with-date'><div class='mc-date-container'><span class='mc-date no-events'><span aria-hidden='true'>26<\/span><span class='screen-reader-text'>26\/05\/2026<\/span><\/span><\/div>\n<\/td>\n<td class='no-events wednesday wed future-day   no-events day-with-date'><div class='mc-date-container'><span class='mc-date no-events'><span aria-hidden='true'>27<\/span><span class='screen-reader-text'>27\/05\/2026<\/span><\/span><\/div>\n<\/td>\n<td class='no-events thursday thu future-day   no-events day-with-date'><div class='mc-date-container'><span class='mc-date no-events'><span aria-hidden='true'>28<\/span><span class='screen-reader-text'>28\/05\/2026<\/span><\/span><\/div>\n<\/td>\n<td class='no-events friday fri future-day   no-events day-with-date'><div class='mc-date-container'><span class='mc-date no-events'><span aria-hidden='true'>29<\/span><span class='screen-reader-text'>29\/05\/2026<\/span><\/span><\/div>\n<\/td>\n<td class='no-events saturday sat future-day weekend  no-events day-with-date'><div class='mc-date-container'><span class='mc-date no-events'><span aria-hidden='true'>30<\/span><span class='screen-reader-text'>30\/05\/2026<\/span><\/span><\/div>\n<\/td>\n<td class='no-events sunday sun future-day weekend  no-events day-with-date'><div class='mc-date-container'><span class='mc-date no-events'><span aria-hidden='true'>31<\/span><span class='screen-reader-text'>31\/05\/2026<\/span><\/span><\/div>\n<\/td>\n<\/tr>\n<!-- End Event Row -->\n\n<\/tbody>\n<\/table><\/div><!-- .mc-content -->\n<nav class=\"my-calendar-navigation\" aria-label=\"Calendar (bottom)\">\n<div class=\"mc_bottomnav my-calendar-footer\"><div class=\"category-key has-icons\"><h3 class=\"maybe-hide\">Categories<\/h3>\n<ul>\n<li class=\"cat_general\"><button type=\"button\" class=\"mc-navigation-button\" id=\"mc_cat_1-my-calendar\" data-href=\"https:\/\/dolanzarote.com\/en\/my-calendar\/?mcat=1\" ><span class=\"category-color-sample svg\" style=\"background:#ffffcc;\"><svg style=\"fill:#000000\" focusable=\"false\" role=\"img\" aria-labelledby=\"cat_1\" class=\"category-icon\" xmlns=\"http:\/\/www.w3.org\/2000\/svg\" viewBox=\"0 0 448 512\"><!-- Font Awesome Free 5.15.3 by @fontawesome - https:\/\/fontawesome.com License - https:\/\/fontawesome.com\/license\/free (Icons: CC BY 4.0, Fonts: SIL OFL 1.1, Code: MIT License) --><title id='cat_1'>General<\/title><path d=\"M12 192h424c6.6 0 12 5.4 12 12v260c0 26.5-21.5 48-48 48H48c-26.5 0-48-21.5-48-48V204c0-6.6 5.4-12 12-12zm436-44v-36c0-26.5-21.5-48-48-48h-48V12c0-6.6-5.4-12-12-12h-40c-6.6 0-12 5.4-12 12v52H160V12c0-6.6-5.4-12-12-12h-40c-6.6 0-12 5.4-12 12v52H48C21.5 64 0 85.5 0 112v36c0 6.6 5.4 12 12 12h424c6.6 0 12-5.4 12-12z\"\/><\/svg><\/span>General<\/button><\/li><li class='all-categories'><span class='mc-active' id='mc_cat_all-my-calendar' tabindex='-1'>All Categories<\/span><\/li><\/ul><\/div><div class='mc-export mc-subscribe'>\r\n\t<ul><li class='ics google'><a href='https:\/\/www.google.com\/calendar\/render?cid=webcal:\/\/dolanzarote.com\/en\/feed\/my-calendar-google\/' rel='nofollow'><span class='mc-icon' aria-hidden='true'><\/span><span class=\"maybe-hide\">Subscribe in <\/span>Google<\/a><\/li><li class='ics ical'><a href='webcal:\/\/dolanzarote.com\/en\/feed\/my-calendar-google\/' rel='nofollow'><span class='mc-icon' aria-hidden='true'><\/span><span class=\"maybe-hide\">Subscribe in <\/span>iCal<\/a><\/li><\/ul>\r\n<\/div><\/div>\n<\/nav>\n\r\n<\/div><!-- Close Main My Calendar Wrapper -->\n<!-- Begin Yuzo --><div class='yuzo_related_post style-1'  data-version='5.12.89'><!-- without result --><div class='yuzo_clearfixed yuzo__title yuzo__title'><h3>Noticias relacionadas<\/h3><\/div>\n\t\t\t\t\t\t  <div class=\"relatedthumb \" style=\"width:215px;float:left;overflow:hidden;\">  \n\t\t\t\t\t\t\t  \n\t\t\t\t\t\t\t  <a rel='nofollow' href=\"https:\/\/dolanzarote.com\/en\/producciones-arraez-bravo-destaca-challenge-international-du-vin\/\"  >\n\t\t\t\t\t\t\t\t\t  <div class=\"yuzo-img-wrap \" style=\"width: 215px;height:180px;\">\n\t\t\t\t\t\t\t\t\t\t\n\t\t\t\t\t\t\t\t\t\t<div class=\"yuzo-img\" style=\"background:url('https:\/\/dolanzarote.com\/wp-content\/uploads\/2024\/05\/Arraez-Bravo-medallas-en-Challenge-International-du-Vin-2024-300x221.jpg') 50% 50% no-repeat;width: 215px;height:180px;margin-bottom: 5px;background-size: cover; \"><\/div>\n\t\t\t\t\t\t\t\t\t  <\/div>\n\t\t\t\t\t\t\t\t\t  \n\t\t\t\t\t\t\t\t   <span class=\"yuzo__text--title\" style=\"font-size:18px;font-weight:bold;\">(Espa\u00f1ol) Producciones Arr\u00e1ez Bravo destaca con doble oro en el Challeng...<\/span>\n\t\t\t\t\t\t\t  <span class=\"yuzo_text\" style=\"font-size:14px;\" >Sorry, this entry is only available in Espa\u00f1ol.<\/span>\n\t\t\t\t\t\t\t  \n\t\t\t\t\t\t\t  <\/a>\n\n\t\t\t\t\t\t  <\/div>\n\t\t\t\t\t\t  <div class=\"relatedthumb \" style=\"width:215px;float:left;overflow:hidden;\">  \n\t\t\t\t\t\t\t  \n\t\t\t\t\t\t\t  <a rel='nofollow' href=\"https:\/\/dolanzarote.com\/en\/bodegas-rubicon-vendera-sus-vinos-en-estados-unidos-de-la-mano-de-skurnik-wines-uno-de-los-mas-prestigiosos-importadores-del-pais\/\"  >\n\t\t\t\t\t\t\t\t\t  <div class=\"yuzo-img-wrap \" style=\"width: 215px;height:180px;\">\n\t\t\t\t\t\t\t\t\t\t\n\t\t\t\t\t\t\t\t\t\t<div class=\"yuzo-img\" style=\"background:url('http:\/\/dolanzarote.lztic.com\/wp-content\/plugins\/yuzo-related-post\/assets\/images\/default.png') 50% 50% no-repeat;width: 215px;height:180px;margin-bottom: 5px;background-size: cover; \"><\/div>\n\t\t\t\t\t\t\t\t\t  <\/div>\n\t\t\t\t\t\t\t\t\t  \n\t\t\t\t\t\t\t\t   <span class=\"yuzo__text--title\" style=\"font-size:18px;font-weight:bold;\">Bodegas Rubic\u00f3n vender\u00e1 sus vinos en Estados Unidos de la mano de Skurni...<\/span>\n\t\t\t\t\t\t\t  <span class=\"yuzo_text\" style=\"font-size:14px;\" >Bodegas Rubic\u00f3n, adscrita a la Denominaci\u00f3n de Origen Vinos de Lanzarote, ha firmado recientemente u...<\/span>\n\t\t\t\t\t\t\t  \n\t\t\t\t\t\t\t  <\/a>\n\n\t\t\t\t\t\t  <\/div>\n\t\t\t\t\t\t  <div class=\"relatedthumb \" style=\"width:215px;float:left;overflow:hidden;\">  \n\t\t\t\t\t\t\t  \n\t\t\t\t\t\t\t  <a rel='nofollow' href=\"https:\/\/dolanzarote.com\/en\/se-constituye-por-unanimidad-el-nuevo-pleno-del-consejo-regulador-de-la-denominacion-de-origen-de-vinos-lanzarote\/\"  >\n\t\t\t\t\t\t\t\t\t  <div class=\"yuzo-img-wrap \" style=\"width: 215px;height:180px;\">\n\t\t\t\t\t\t\t\t\t\t\n\t\t\t\t\t\t\t\t\t\t<div class=\"yuzo-img\" style=\"background:url('https:\/\/dolanzarote.com\/wp-content\/uploads\/2014\/12\/IMG_0845-300x224.jpg') 50% 50% no-repeat;width: 215px;height:180px;margin-bottom: 5px;background-size: cover; \"><\/div>\n\t\t\t\t\t\t\t\t\t  <\/div>\n\t\t\t\t\t\t\t\t\t  \n\t\t\t\t\t\t\t\t   <span class=\"yuzo__text--title\" style=\"font-size:18px;font-weight:bold;\">Se constituye por unanimidad el nuevo Pleno del Consejo Regulador de la ...<\/span>\n\t\t\t\t\t\t\t  <span class=\"yuzo_text\" style=\"font-size:14px;\" >La sesi\u00f3n constitutiva del Pleno tuvo lugar ayer jueves, d\u00eda 11 de diciembre, a las 17:30 horas, y d...<\/span>\n\t\t\t\t\t\t\t  \n\t\t\t\t\t\t\t  <\/a>\n\n\t\t\t\t\t\t  <\/div>\n<\/div> <script>\n\t\t\t\t\t\t  jQuery(document).ready(function( $ ){\n\t\t\t\t\t\t\t\/\/jQuery('.yuzo_related_post').equalizer({ overflow : 'relatedthumb' });\n\t\t\t\t\t\t\tjQuery('.yuzo_related_post .yuzo_wraps').equalizer({ columns : '> div' });\n\t\t\t\t\t\t   })\n\t\t\t\t\t\t  <\/script> <!-- End Yuzo :) --><!-- AddThis Advanced Settings generic via filter on the_content --><!-- AddThis Share Buttons generic via filter on the_content -->","protected":false},"excerpt":{"rendered":"<p>Noticias relacionadas (Espa\u00f1ol) Lanzarote alza sus copas para celebrar el D\u00eda del Vino con Den&#8230; Sorry, this entry is only available in Espa\u00f1ol. La Mesa redonda \u201cEl sector vitivin\u00edcola de Lanzarote, una apuesta de fut&#8230; \u00a0 El Consejo Regulador de la Denominaci\u00f3n de Origen Vinos&#8230;<!-- AddThis Advanced Settings generic via filter on get_the_excerpt --><!-- AddThis Share Buttons generic via filter on get_the_excerpt --><\/p>\n","protected":false},"author":1,"featured_media":0,"parent":0,"menu_order":0,"comment_status":"closed","ping_status":"closed","template":"","meta":{"_mc_calendar":[],"footnotes":""},"class_list":["post-9818","page","type-page","status-publish","hentry"],"yoast_head":"<!-- This site is optimized with the Yoast SEO plugin v27.5 - https:\/\/yoast.com\/product\/yoast-seo-wordpress\/ -->\n<title>My Calendar - D.O. Lanzarote<\/title>\n<meta name=\"robots\" content=\"index, follow, max-snippet:-1, max-image-preview:large, max-video-preview:-1\" \/>\n<link rel=\"canonical\" href=\"https:\/\/dolanzarote.com\/my-calendar\/\" \/>\n<meta property=\"og:locale\" content=\"en_US\" \/>\n<meta property=\"og:type\" content=\"article\" \/>\n<meta property=\"og:title\" content=\"My Calendar - D.O. Lanzarote\" \/>\n<meta property=\"og:description\" content=\"Noticias relacionadas La III Feria del Queso de Playa Blanca sirvi\u00f3 5.000 degustaciones de Vin... Unas 5.000 personas asistieron al evento en el que se consumieron cerca de 600 litros de caldos de l... Comienza el Club de Cata con los vinos de Vulcano en...\" \/>\n<meta property=\"og:url\" content=\"https:\/\/dolanzarote.com\/my-calendar\/\" \/>\n<meta property=\"og:site_name\" content=\"D.O. Lanzarote\" \/>\n<meta property=\"article:modified_time\" content=\"2023-05-11T15:59:09+00:00\" \/>\n<meta name=\"twitter:card\" content=\"summary_large_image\" \/>\n<script type=\"application\/ld+json\" class=\"yoast-schema-graph\">{\"@context\":\"https:\\\/\\\/schema.org\",\"@graph\":[{\"@type\":\"WebPage\",\"@id\":\"https:\\\/\\\/dolanzarote.com\\\/my-calendar\\\/\",\"url\":\"https:\\\/\\\/dolanzarote.com\\\/my-calendar\\\/\",\"name\":\"My Calendar - D.O. Lanzarote\",\"isPartOf\":{\"@id\":\"https:\\\/\\\/dolanzarote.com\\\/de\\\/#website\"},\"datePublished\":\"2023-05-11T15:59:07+00:00\",\"dateModified\":\"2023-05-11T15:59:09+00:00\",\"breadcrumb\":{\"@id\":\"https:\\\/\\\/dolanzarote.com\\\/my-calendar\\\/#breadcrumb\"},\"inLanguage\":\"en-US\",\"potentialAction\":[{\"@type\":\"ReadAction\",\"target\":[\"https:\\\/\\\/dolanzarote.com\\\/my-calendar\\\/\"]}]},{\"@type\":\"BreadcrumbList\",\"@id\":\"https:\\\/\\\/dolanzarote.com\\\/my-calendar\\\/#breadcrumb\",\"itemListElement\":[{\"@type\":\"ListItem\",\"position\":1,\"name\":\"Portada\",\"item\":\"https:\\\/\\\/dolanzarote.com\\\/\"},{\"@type\":\"ListItem\",\"position\":2,\"name\":\"My Calendar\"}]},{\"@type\":\"WebSite\",\"@id\":\"https:\\\/\\\/dolanzarote.com\\\/de\\\/#website\",\"url\":\"https:\\\/\\\/dolanzarote.com\\\/de\\\/\",\"name\":\"D.O. Lanzarote\",\"description\":\"Vinos de Lanzarote\",\"potentialAction\":[{\"@type\":\"SearchAction\",\"target\":{\"@type\":\"EntryPoint\",\"urlTemplate\":\"https:\\\/\\\/dolanzarote.com\\\/de\\\/?s={search_term_string}\"},\"query-input\":{\"@type\":\"PropertyValueSpecification\",\"valueRequired\":true,\"valueName\":\"search_term_string\"}}],\"inLanguage\":\"en-US\"}]}<\/script>\n<!-- \/ Yoast SEO plugin. -->","yoast_head_json":{"title":"My Calendar - D.O. Lanzarote","robots":{"index":"index","follow":"follow","max-snippet":"max-snippet:-1","max-image-preview":"max-image-preview:large","max-video-preview":"max-video-preview:-1"},"canonical":"https:\/\/dolanzarote.com\/my-calendar\/","og_locale":"en_US","og_type":"article","og_title":"My Calendar - D.O. Lanzarote","og_description":"Noticias relacionadas La III Feria del Queso de Playa Blanca sirvi\u00f3 5.000 degustaciones de Vin... Unas 5.000 personas asistieron al evento en el que se consumieron cerca de 600 litros de caldos de l... Comienza el Club de Cata con los vinos de Vulcano en...","og_url":"https:\/\/dolanzarote.com\/my-calendar\/","og_site_name":"D.O. Lanzarote","article_modified_time":"2023-05-11T15:59:09+00:00","twitter_card":"summary_large_image","schema":{"@context":"https:\/\/schema.org","@graph":[{"@type":"WebPage","@id":"https:\/\/dolanzarote.com\/my-calendar\/","url":"https:\/\/dolanzarote.com\/my-calendar\/","name":"My Calendar - D.O. Lanzarote","isPartOf":{"@id":"https:\/\/dolanzarote.com\/de\/#website"},"datePublished":"2023-05-11T15:59:07+00:00","dateModified":"2023-05-11T15:59:09+00:00","breadcrumb":{"@id":"https:\/\/dolanzarote.com\/my-calendar\/#breadcrumb"},"inLanguage":"en-US","potentialAction":[{"@type":"ReadAction","target":["https:\/\/dolanzarote.com\/my-calendar\/"]}]},{"@type":"BreadcrumbList","@id":"https:\/\/dolanzarote.com\/my-calendar\/#breadcrumb","itemListElement":[{"@type":"ListItem","position":1,"name":"Portada","item":"https:\/\/dolanzarote.com\/"},{"@type":"ListItem","position":2,"name":"My Calendar"}]},{"@type":"WebSite","@id":"https:\/\/dolanzarote.com\/de\/#website","url":"https:\/\/dolanzarote.com\/de\/","name":"D.O. Lanzarote","description":"Vinos de Lanzarote","potentialAction":[{"@type":"SearchAction","target":{"@type":"EntryPoint","urlTemplate":"https:\/\/dolanzarote.com\/de\/?s={search_term_string}"},"query-input":{"@type":"PropertyValueSpecification","valueRequired":true,"valueName":"search_term_string"}}],"inLanguage":"en-US"}]}},"_links":{"self":[{"href":"https:\/\/dolanzarote.com\/en\/wp-json\/wp\/v2\/pages\/9818","targetHints":{"allow":["GET"]}}],"collection":[{"href":"https:\/\/dolanzarote.com\/en\/wp-json\/wp\/v2\/pages"}],"about":[{"href":"https:\/\/dolanzarote.com\/en\/wp-json\/wp\/v2\/types\/page"}],"author":[{"embeddable":true,"href":"https:\/\/dolanzarote.com\/en\/wp-json\/wp\/v2\/users\/1"}],"replies":[{"embeddable":true,"href":"https:\/\/dolanzarote.com\/en\/wp-json\/wp\/v2\/comments?post=9818"}],"version-history":[{"count":1,"href":"https:\/\/dolanzarote.com\/en\/wp-json\/wp\/v2\/pages\/9818\/revisions"}],"predecessor-version":[{"id":9819,"href":"https:\/\/dolanzarote.com\/en\/wp-json\/wp\/v2\/pages\/9818\/revisions\/9819"}],"wp:attachment":[{"href":"https:\/\/dolanzarote.com\/en\/wp-json\/wp\/v2\/media?parent=9818"}],"curies":[{"name":"wp","href":"https:\/\/api.w.org\/{rel}","templated":true}]}}