{"id":8219,"date":"2019-02-12T16:29:53","date_gmt":"2019-02-12T16:29:53","guid":{"rendered":"https:\/\/dolanzarote.com\/?page_id=8219"},"modified":"2023-08-09T09:40:19","modified_gmt":"2023-08-09T09:40:19","slug":"elecciones-2019","status":"publish","type":"page","link":"https:\/\/dolanzarote.com\/en\/elecciones-2019\/","title":{"rendered":"Elecciones 2019"},"content":{"rendered":"<p><a href=\"https:\/\/dolanzarote.com\/wp-content\/uploads\/2019\/02\/Acta-de-constitucion-de-la-Comision-electoral2019.pdf\" target=\"_blank\" rel=\"noopener\">Acta de constituci\u00f3n de la Comisi\u00f3n electoral\u00a0 (pdf,\u00a0 100 Kb<\/a><a href=\"https:\/\/dolanzarote.com\/wp-content\/uploads\/2019\/02\/Acta-de-constitucion-de-la-Comision-electoral2019.pdf\" target=\"_blank\" rel=\"noopener\">)<\/a><\/p>\n<p>&nbsp;<\/p>\n<p><a href=\"https:\/\/dolanzarote.com\/wp-content\/uploads\/2019\/02\/Censo-A-Provisional-Sector-Viticola2019.pdf\" target=\"_blank\" rel=\"noopener\">Censo A (Provisional)-Sector Vit\u00edcola (pdf, 4 Mb)<\/a><\/p>\n<p>&nbsp;<\/p>\n<p><a href=\"https:\/\/dolanzarote.com\/wp-content\/uploads\/2019\/02\/Censo-B-Provisional-Sector-Vinicola2019.pdf\" target=\"_blank\" rel=\"noopener\">Censo B (Provisional)-Sector Vin\u00edcola (pdf, 220 Kb)<\/a><\/p>\n<!-- Begin Yuzo --><div class='yuzo_related_post style-1'  data-version='5.12.89'><!-- without result --><div class='yuzo_clearfixed yuzo__title yuzo__title'><h3>Noticias relacionadas<\/h3><\/div>\n\t\t\t\t\t\t  <div class=\"relatedthumb \" style=\"width:215px;float:left;overflow:hidden;\">  \n\t\t\t\t\t\t\t  \n\t\t\t\t\t\t\t  <a rel='nofollow' href=\"https:\/\/dolanzarote.com\/en\/bodegas-martinon-triunfa-en-los-premios-vinespana-2022\/\"  >\n\t\t\t\t\t\t\t\t\t  <div class=\"yuzo-img-wrap \" style=\"width: 215px;height:180px;\">\n\t\t\t\t\t\t\t\t\t\t\n\t\t\t\t\t\t\t\t\t\t<div class=\"yuzo-img\" style=\"background:url('https:\/\/dolanzarote.com\/wp-content\/uploads\/2022\/05\/Tres-medallas-para-Bodegas-Martinon-de-Lanzarote-en-VinEspana-2022-300x200.jpg') 50% 50% no-repeat;width: 215px;height:180px;margin-bottom: 5px;background-size: cover; \"><\/div>\n\t\t\t\t\t\t\t\t\t  <\/div>\n\t\t\t\t\t\t\t\t\t  \n\t\t\t\t\t\t\t\t   <span class=\"yuzo__text--title\" style=\"font-size:18px;font-weight:bold;\">(Espa\u00f1ol) Bodegas Martin\u00f3n triunfa en los Premios VinEspa\u00f1a 2022<\/span>\n\t\t\t\t\t\t\t  <span class=\"yuzo_text\" style=\"font-size:14px;\" >Sorry, this entry is only available in Espa\u00f1ol.<\/span>\n\t\t\t\t\t\t\t  \n\t\t\t\t\t\t\t  <\/a>\n\n\t\t\t\t\t\t  <\/div>\n\t\t\t\t\t\t  <div class=\"relatedthumb \" style=\"width:215px;float:left;overflow:hidden;\">  \n\t\t\t\t\t\t\t  \n\t\t\t\t\t\t\t  <a rel='nofollow' href=\"https:\/\/dolanzarote.com\/en\/bodegas-la-geria-celebra-este-viernes-15-de-agosto-la-fiesta-de-la-vendimia\/\"  >\n\t\t\t\t\t\t\t\t\t  <div class=\"yuzo-img-wrap \" style=\"width: 215px;height:180px;\">\n\t\t\t\t\t\t\t\t\t\t\n\t\t\t\t\t\t\t\t\t\t<div class=\"yuzo-img\" style=\"background:url('https:\/\/dolanzarote.com\/wp-content\/uploads\/2014\/08\/NL-Vendimia1-300x200.jpg') 50% 50% no-repeat;width: 215px;height:180px;margin-bottom: 5px;background-size: cover; \"><\/div>\n\t\t\t\t\t\t\t\t\t  <\/div>\n\t\t\t\t\t\t\t\t\t  \n\t\t\t\t\t\t\t\t   <span class=\"yuzo__text--title\" style=\"font-size:18px;font-weight:bold;\">Bodegas La Geria celebra este viernes 15 de agosto la Fiesta de la Vendi...<\/span>\n\t\t\t\t\t\t\t  <span class=\"yuzo_text\" style=\"font-size:14px;\" >\n\nLa entrada y participaci\u00f3n es gratuita y se podr\u00e1 degustar vinos y pinchos al precio de 1 euro\n\nBo...<\/span>\n\t\t\t\t\t\t\t  \n\t\t\t\t\t\t\t  <\/a>\n\n\t\t\t\t\t\t  <\/div>\n\t\t\t\t\t\t  <div class=\"relatedthumb \" style=\"width:215px;float:left;overflow:hidden;\">  \n\t\t\t\t\t\t\t  \n\t\t\t\t\t\t\t  <a rel='nofollow' href=\"https:\/\/dolanzarote.com\/en\/vega-de-yuco-saca-al-mercado-los-primeros-vinos-de-la-anada-2013\/\"  >\n\t\t\t\t\t\t\t\t\t  <div class=\"yuzo-img-wrap \" style=\"width: 215px;height:180px;\">\n\t\t\t\t\t\t\t\t\t\t\n\t\t\t\t\t\t\t\t\t\t<div class=\"yuzo-img\" style=\"background:url('http:\/\/dolanzarote.lztic.com\/wp-content\/plugins\/yuzo-related-post\/assets\/images\/default.png') 50% 50% no-repeat;width: 215px;height:180px;margin-bottom: 5px;background-size: cover; \"><\/div>\n\t\t\t\t\t\t\t\t\t  <\/div>\n\t\t\t\t\t\t\t\t\t  \n\t\t\t\t\t\t\t\t   <span class=\"yuzo__text--title\" style=\"font-size:18px;font-weight:bold;\">Vega de Yuco saca al mercado los primeros vinos de la a\u00f1ada 2013<\/span>\n\t\t\t\t\t\t\t  <span class=\"yuzo_text\" style=\"font-size:14px;\" >Pondr\u00e1 a la venta desde hoy unas 10.000 botellas de malvas\u00eda seco\nVega de Yuco ha sacado hoy al merc...<\/span>\n\t\t\t\t\t\t\t  \n\t\t\t\t\t\t\t  <\/a>\n\n\t\t\t\t\t\t  <\/div>\n<\/div> <script>\n\t\t\t\t\t\t  jQuery(document).ready(function( $ ){\n\t\t\t\t\t\t\t\/\/jQuery('.yuzo_related_post').equalizer({ overflow : 'relatedthumb' });\n\t\t\t\t\t\t\tjQuery('.yuzo_related_post .yuzo_wraps').equalizer({ columns : '> div' });\n\t\t\t\t\t\t   })\n\t\t\t\t\t\t  <\/script> <!-- End Yuzo :) --><!-- AddThis Advanced Settings generic via filter on the_content --><!-- AddThis Share Buttons generic via filter on the_content -->","protected":false},"excerpt":{"rendered":"<p>Acta de constituci\u00f3n de la Comisi\u00f3n electoral\u00a0 (pdf,\u00a0 100 Kb) &nbsp; Censo A (Provisional)-Sector Vit\u00edcola (pdf, 4 Mb) &nbsp; Censo B (Provisional)-Sector Vin\u00edcola (pdf, 220 Kb) Noticias relacionadas (Espa\u00f1ol) Cuatro bodegas de Lanzarote arrasan a nivel nacional en tres c&#8230; Sorry, this entry is only&#8230;<!-- AddThis Advanced Settings generic via filter on get_the_excerpt --><!-- AddThis Share Buttons generic via filter on get_the_excerpt --><\/p>\n","protected":false},"author":2,"featured_media":0,"parent":0,"menu_order":0,"comment_status":"closed","ping_status":"closed","template":"","meta":{"_mc_calendar":[],"footnotes":""},"class_list":["post-8219","page","type-page","status-publish","hentry"],"yoast_head":"<!-- This site is optimized with the Yoast SEO plugin v27.3 - https:\/\/yoast.com\/product\/yoast-seo-wordpress\/ -->\n<title>Elecciones 2019 - D.O. Lanzarote<\/title>\n<meta name=\"robots\" content=\"index, follow, max-snippet:-1, max-image-preview:large, max-video-preview:-1\" \/>\n<link rel=\"canonical\" href=\"https:\/\/dolanzarote.com\/elecciones-2019\/\" \/>\n<meta property=\"og:locale\" content=\"en_US\" \/>\n<meta property=\"og:type\" content=\"article\" \/>\n<meta property=\"og:title\" content=\"Elecciones 2019 - D.O. Lanzarote\" \/>\n<meta property=\"og:description\" content=\"Acta de constituci\u00f3n de la Comisi\u00f3n electoral\u00a0 (pdf,\u00a0 100 Kb) &nbsp; Censo A (Provisional)-Sector Vit\u00edcola (pdf, 4 Mb) &nbsp; Censo B (Provisional)-Sector Vin\u00edcola (pdf, 220 Kb) Noticias relacionadas A un d\u00eda del cierre de inscripciones, la III Carrera del Vino-Lanzarote ... El Consejo Regulador programa...\" \/>\n<meta property=\"og:url\" content=\"https:\/\/dolanzarote.com\/elecciones-2019\/\" \/>\n<meta property=\"og:site_name\" content=\"D.O. Lanzarote\" \/>\n<meta property=\"article:modified_time\" content=\"2023-08-09T09:40:19+00:00\" \/>\n<meta name=\"twitter:card\" content=\"summary_large_image\" \/>\n<meta name=\"twitter:label1\" content=\"Est. reading time\" \/>\n\t<meta name=\"twitter:data1\" content=\"1 minute\" \/>\n<script type=\"application\/ld+json\" class=\"yoast-schema-graph\">{\"@context\":\"https:\\\/\\\/schema.org\",\"@graph\":[{\"@type\":\"WebPage\",\"@id\":\"https:\\\/\\\/dolanzarote.com\\\/elecciones-2019\\\/\",\"url\":\"https:\\\/\\\/dolanzarote.com\\\/elecciones-2019\\\/\",\"name\":\"Elecciones 2019 - D.O. Lanzarote\",\"isPartOf\":{\"@id\":\"https:\\\/\\\/dolanzarote.com\\\/de\\\/#website\"},\"datePublished\":\"2019-02-12T16:29:53+00:00\",\"dateModified\":\"2023-08-09T09:40:19+00:00\",\"breadcrumb\":{\"@id\":\"https:\\\/\\\/dolanzarote.com\\\/elecciones-2019\\\/#breadcrumb\"},\"inLanguage\":\"en-US\",\"potentialAction\":[{\"@type\":\"ReadAction\",\"target\":[\"https:\\\/\\\/dolanzarote.com\\\/elecciones-2019\\\/\"]}]},{\"@type\":\"BreadcrumbList\",\"@id\":\"https:\\\/\\\/dolanzarote.com\\\/elecciones-2019\\\/#breadcrumb\",\"itemListElement\":[{\"@type\":\"ListItem\",\"position\":1,\"name\":\"Portada\",\"item\":\"https:\\\/\\\/dolanzarote.com\\\/\"},{\"@type\":\"ListItem\",\"position\":2,\"name\":\"Elecciones 2019\"}]},{\"@type\":\"WebSite\",\"@id\":\"https:\\\/\\\/dolanzarote.com\\\/de\\\/#website\",\"url\":\"https:\\\/\\\/dolanzarote.com\\\/de\\\/\",\"name\":\"D.O. Lanzarote\",\"description\":\"Vinos de Lanzarote\",\"potentialAction\":[{\"@type\":\"SearchAction\",\"target\":{\"@type\":\"EntryPoint\",\"urlTemplate\":\"https:\\\/\\\/dolanzarote.com\\\/de\\\/?s={search_term_string}\"},\"query-input\":{\"@type\":\"PropertyValueSpecification\",\"valueRequired\":true,\"valueName\":\"search_term_string\"}}],\"inLanguage\":\"en-US\"}]}<\/script>\n<!-- \/ Yoast SEO plugin. -->","yoast_head_json":{"title":"Elecciones 2019 - D.O. Lanzarote","robots":{"index":"index","follow":"follow","max-snippet":"max-snippet:-1","max-image-preview":"max-image-preview:large","max-video-preview":"max-video-preview:-1"},"canonical":"https:\/\/dolanzarote.com\/elecciones-2019\/","og_locale":"en_US","og_type":"article","og_title":"Elecciones 2019 - D.O. Lanzarote","og_description":"Acta de constituci\u00f3n de la Comisi\u00f3n electoral\u00a0 (pdf,\u00a0 100 Kb) &nbsp; Censo A (Provisional)-Sector Vit\u00edcola (pdf, 4 Mb) &nbsp; Censo B (Provisional)-Sector Vin\u00edcola (pdf, 220 Kb) Noticias relacionadas A un d\u00eda del cierre de inscripciones, la III Carrera del Vino-Lanzarote ... El Consejo Regulador programa...","og_url":"https:\/\/dolanzarote.com\/elecciones-2019\/","og_site_name":"D.O. Lanzarote","article_modified_time":"2023-08-09T09:40:19+00:00","twitter_card":"summary_large_image","twitter_misc":{"Est. reading time":"1 minute"},"schema":{"@context":"https:\/\/schema.org","@graph":[{"@type":"WebPage","@id":"https:\/\/dolanzarote.com\/elecciones-2019\/","url":"https:\/\/dolanzarote.com\/elecciones-2019\/","name":"Elecciones 2019 - D.O. Lanzarote","isPartOf":{"@id":"https:\/\/dolanzarote.com\/de\/#website"},"datePublished":"2019-02-12T16:29:53+00:00","dateModified":"2023-08-09T09:40:19+00:00","breadcrumb":{"@id":"https:\/\/dolanzarote.com\/elecciones-2019\/#breadcrumb"},"inLanguage":"en-US","potentialAction":[{"@type":"ReadAction","target":["https:\/\/dolanzarote.com\/elecciones-2019\/"]}]},{"@type":"BreadcrumbList","@id":"https:\/\/dolanzarote.com\/elecciones-2019\/#breadcrumb","itemListElement":[{"@type":"ListItem","position":1,"name":"Portada","item":"https:\/\/dolanzarote.com\/"},{"@type":"ListItem","position":2,"name":"Elecciones 2019"}]},{"@type":"WebSite","@id":"https:\/\/dolanzarote.com\/de\/#website","url":"https:\/\/dolanzarote.com\/de\/","name":"D.O. Lanzarote","description":"Vinos de Lanzarote","potentialAction":[{"@type":"SearchAction","target":{"@type":"EntryPoint","urlTemplate":"https:\/\/dolanzarote.com\/de\/?s={search_term_string}"},"query-input":{"@type":"PropertyValueSpecification","valueRequired":true,"valueName":"search_term_string"}}],"inLanguage":"en-US"}]}},"_links":{"self":[{"href":"https:\/\/dolanzarote.com\/en\/wp-json\/wp\/v2\/pages\/8219","targetHints":{"allow":["GET"]}}],"collection":[{"href":"https:\/\/dolanzarote.com\/en\/wp-json\/wp\/v2\/pages"}],"about":[{"href":"https:\/\/dolanzarote.com\/en\/wp-json\/wp\/v2\/types\/page"}],"author":[{"embeddable":true,"href":"https:\/\/dolanzarote.com\/en\/wp-json\/wp\/v2\/users\/2"}],"replies":[{"embeddable":true,"href":"https:\/\/dolanzarote.com\/en\/wp-json\/wp\/v2\/comments?post=8219"}],"version-history":[{"count":9,"href":"https:\/\/dolanzarote.com\/en\/wp-json\/wp\/v2\/pages\/8219\/revisions"}],"predecessor-version":[{"id":9933,"href":"https:\/\/dolanzarote.com\/en\/wp-json\/wp\/v2\/pages\/8219\/revisions\/9933"}],"wp:attachment":[{"href":"https:\/\/dolanzarote.com\/en\/wp-json\/wp\/v2\/media?parent=8219"}],"curies":[{"name":"wp","href":"https:\/\/api.w.org\/{rel}","templated":true}]}}