{"id":4709,"date":"2016-09-05T15:40:54","date_gmt":"2016-09-05T15:40:54","guid":{"rendered":"https:\/\/dolanzarote.com\/?page_id=4709"},"modified":"2022-01-21T13:51:34","modified_gmt":"2022-01-21T13:51:34","slug":"inicio","status":"publish","type":"page","link":"https:\/\/dolanzarote.com\/en\/","title":{"rendered":"Home"},"content":{"rendered":"<p>[vc_row row_type=&#8221;row&#8221; use_row_as_full_screen_section=&#8221;no&#8221; type=&#8221;full_width&#8221; header_style=&#8221;dark&#8221; angled_section=&#8221;no&#8221; text_align=&#8221;left&#8221; background_image_as_pattern=&#8221;without_pattern&#8221; css_animation=&#8221;&#8221; css=&#8221;.vc_custom_1486730766150{margin-top: 20px !important;margin-bottom: 40px !important;}&#8221;][vc_column]<span class=\"separator_with_icon\" style='color:#bfbfbf;'><i class=\"fa fa-arrow-circle-o-down\"><\/i><\/span>[vc_empty_space]<div class=\"custom_font_holder\" style=\"font-family: 'Bilbo Swash Caps'; font-size: 52px; line-height: 52px; font-style: normal; font-weight: 300; color: #333333; text-decoration: none; text-shadow: 1px 1px 2px rgba(0, 0, 0, 0.4); text-align: center;\">Vinos de Lanzarote<\/div>[vc_column_text][vc_separator type=&#8217;small&#8217; position=&#8217;center&#8217; color=&#8217;#bfbfbf&#8217; thickness=&#8217;1px&#8217; up=&#8217;10&#8217; down=&#8217;40&#8217;][\/vc_column_text][vc_column_text css=&#8221;.vc_custom_1642767962778{margin-bottom: 15px !important;}&#8221;]<\/p>\n<h3 style=\"text-align: center;\">Vinos de Lanzarote Designation of Origin Regulatory Council<\/h3>\n<p>[\/vc_column_text][vc_column_text]<\/p>\n<p style=\"text-align: center;\"><a  itemprop=\"url\" href=\"\/visita\/mapa-de-bodegas\/\" target=\"_self\" data-hover-background-color=#ffffff data-hover-border-color=#333333 data-hover-color=#000000 class=\"qbutton  large center default\" style=\"color: #ffffff; border-color: #000000; margin: 20px auto; background-color: #000000;\">VIRTUAL TOURS<\/a><\/p>\n<p>[\/vc_column_text][\/vc_column][\/vc_row][vc_row row_type=&#8221;row&#8221; use_row_as_full_screen_section=&#8221;yes&#8221; type=&#8221;full_width&#8221; header_style=&#8221;dark&#8221; angled_section=&#8221;no&#8221; text_align=&#8221;left&#8221; background_image_as_pattern=&#8221;without_pattern&#8221; css_animation=&#8221;&#8221; css=&#8221;.vc_custom_1521803657607{background-image: url(https:\/\/dolanzarote.com\/wp-content\/uploads\/2016\/09\/fondouva2.jpg?id=4901) !important;}&#8221;][vc_column width=&#8221;1\/2&#8243; css=&#8221;.vc_custom_1473437531784{padding-top: 100px !important;padding-right: 50px !important;padding-bottom: 150px !important;padding-left: 50px !important;background-image: url(https:\/\/dolanzarote.com\/wp-content\/uploads\/2016\/09\/fondouva2.jpg?id=4901) !important;background-position: center !important;background-repeat: no-repeat !important;background-size: cover !important;}&#8221;]<div class=\"custom_font_holder\" style=\"font-family: Muli; font-size: 45px; line-height: 50px; font-style: normal; font-weight: 300; color: #ffffff; text-decoration: none; text-shadow: 1px 1px 2px rgba(0, 0, 0, 0.4); margin: 40px 0; text-align: center;\">Wineries<\/div><div class=\"custom_font_holder\" style=\"font-family: Bilbo Swash Caps; font-size: 40px; line-height: 45px; font-style: normal; font-weight: 300; color: #ffffff; text-decoration: none; text-shadow: 1px 1px 2px rgba(0, 0, 0, 0.4); margin: 40px 0; text-align: center;\">\u00a0<\/div>[vc_column_text]<\/p>\n<p style=\"text-align: center;\"><a  itemprop=\"url\" href=\"\/visita\/mapa-de-bodegas\/\" target=\"_self\" data-hover-background-color=#333333 data-hover-border-color=#333333 data-hover-color=#ffffff class=\"qbutton  large center default\" style=\"color: #000000; border-color: #ffffff; margin: 20px auto; background-color: #ffffff;\">SEE THE WINERIES<\/a><\/p>\n<p>[\/vc_column_text][\/vc_column][vc_column width=&#8221;1\/2&#8243; css=&#8221;.vc_custom_1473437697820{padding-top: 100px !important;padding-right: 50px !important;padding-bottom: 150px !important;padding-left: 50px !important;background-image: url(https:\/\/dolanzarote.com\/wp-content\/uploads\/2016\/09\/fondoder.jpg?id=4904) !important;background-position: center !important;background-repeat: no-repeat !important;background-size: cover !important;}&#8221;]<div class=\"custom_font_holder\" style=\"font-family: Muli; font-size: 45px; line-height: 50px; font-style: normal; font-weight: 300; color: #ffffff; text-decoration: none; text-shadow: 1px 1px 2px rgba(0, 0, 0, 0.4); margin: 40px 0 ; text-align: center;\">Activities and Events<\/div><div class=\"custom_font_holder\" style=\"font-family: Bilbo Swash Caps; font-size: 40px; line-height: 45px; font-style: normal; font-weight: 300; color: #ffffff; text-decoration: none; text-shadow: 1px 1px 2px rgba(0, 0, 0, 0.4); margin: 40px 0; text-align: center;\">Unique experiences throughout the entire year<\/div>[vc_column_text]<\/p>\n<p style=\"text-align: center;\"><a  itemprop=\"url\" href=\"\/eventos\" target=\"_self\" data-hover-background-color=#333333 data-hover-border-color=#333333 data-hover-color=#ffffff class=\"qbutton  large center default\" style=\"color: #000000; border-color: #ffffff; margin: 20px auto; background-color: #ffffff;\">SEE SCHEDULE OR CALENDAR<\/a><\/p>\n<p>[\/vc_column_text][\/vc_column][\/vc_row][vc_row row_type=&#8221;row&#8221; use_row_as_full_screen_section=&#8221;no&#8221; type=&#8221;full_width&#8221; header_style=&#8221;dark&#8221; angled_section=&#8221;no&#8221; text_align=&#8221;left&#8221; background_image_as_pattern=&#8221;without_pattern&#8221; padding_top=&#8221;20px&#8221; css_animation=&#8221;&#8221;][vc_column css=&#8221;.vc_custom_1473439246827{padding-top: 30px !important;padding-bottom: 30px !important;}&#8221;]<div class=\"custom_font_holder\" style=\"font-family: Muli; font-size: 45px; line-height: 50px; font-style: normal; font-weight: 300; color: #1e1e1e; text-decoration: none; text-shadow: 1px 1px 2px rgba(0, 0, 0, 0.4); margin: 50px 0; text-align: center;\">Industry news<\/div><div class='latest_post_holder boxes four_columns one_row'><ul><li class=\"clearfix\"><div class=\"boxes_image\"><a itemprop=\"url\" href=\"https:\/\/dolanzarote.com\/en\/30-denominaciones-de-origen-brindis-colectivo-dia-vino-do\/\"><img loading=\"lazy\" decoding=\"async\" width=\"539\" height=\"303\" src=\"https:\/\/dolanzarote.com\/wp-content\/uploads\/2026\/05\/Reconocimiento-Sonsoles-Onega-1-539x303.jpeg\" class=\"attachment-latest_post_boxes size-latest_post_boxes wp-post-image\" alt=\"El Consejo Regulador de la D.O. Vinos de Lanzarote participa en el brindis colectivo programado para el s\u00e1bado 9 de mayo a las 12:30 horas en Finca Testeina\" \/><\/a><\/div><div class=\"latest_post\"><div class=\"latest_post_text\"><div class=\"latest_post_inner\"><div class=\"latest_post_text_inner\"><h3 itemprop=\"name\" class=\"latest_post_title entry_title\"><a itemprop=\"url\" href=\"https:\/\/dolanzarote.com\/en\/30-denominaciones-de-origen-brindis-colectivo-dia-vino-do\/\">(Espa\u00f1ol) 30 denominaciones de origen de vino organizan un brindis colectivo y multitudinario para celebrar el D\u00eda Vino D.O.<\/a><\/h3><p itemprop=\"description\" class=\"excerpt\">Sorry, this entry is only available in Espa\u00f1ol. Noticias relacionadas Medalla de Plata en el Concurso Internacional de Vinos \u2018Catavinum 2015\u2019... \u2018La Grieta Malvas\u00eda Volc\u00e1nica\u2019, de Bodegas La Grieta, Medalla de Plata en el Concurso Internacional ... M\u00e1s de un centenar de personas disfrutaron el...<!-- AddThis Advanced Settings generic via filter on get_the_excerpt --><!-- AddThis Share Buttons generic via filter on get_the_excerpt -->...<\/p><span class=\"post_infos\"><span class=\"date_hour_holder\"><span itemprop=\"dateCreated\" class=\"date entry_date updated\">06 May, 2026<meta itemprop=\"interactionCount\" content=\"UserComments: <?php echo get_comments_number(qode_get_page_id()); ?>\"\/><\/span><\/span><span class=\"dots\"><i class=\"fa fa-square\"><\/i><\/span> <a itemprop=\"url\" href=\"https:\/\/dolanzarote.com\/en\/category\/noticias\/\">News <\/a> <\/span><\/div><\/div><\/div><\/div><li class=\"clearfix\"><div class=\"boxes_image\"><a itemprop=\"url\" href=\"https:\/\/dolanzarote.com\/en\/la-anada-2025-de-vinos-de-lanzarote-confirma-su-calidad\/\"><img loading=\"lazy\" decoding=\"async\" width=\"539\" height=\"303\" src=\"https:\/\/dolanzarote.com\/wp-content\/uploads\/2026\/05\/ACTO-DE-CALIFICACION-DE-LA-ANADA-DARIO-PEREZ-TECNICO-DEL-CONSEJO-REGULADOR-539x303.jpg\" class=\"attachment-latest_post_boxes size-latest_post_boxes wp-post-image\" alt=\"La a\u00f1ada 2025 de Vinos de Lanzarote se califica como \u201cmuy buena\u201d.\" \/><\/a><\/div><div class=\"latest_post\"><div class=\"latest_post_text\"><div class=\"latest_post_inner\"><div class=\"latest_post_text_inner\"><h3 itemprop=\"name\" class=\"latest_post_title entry_title\"><a itemprop=\"url\" href=\"https:\/\/dolanzarote.com\/en\/la-anada-2025-de-vinos-de-lanzarote-confirma-su-calidad\/\">(Espa\u00f1ol) La a\u00f1ada 2025 de Vinos de Lanzarote confirma la calidad de una de las cosechas m\u00e1s cortas de los \u00faltimos a\u00f1os<\/a><\/h3><p itemprop=\"description\" class=\"excerpt\">Sorry, this entry is only available in Espa\u00f1ol. Noticias relacionadas La D.O. Vinos de Lanzarote y Sonidos L\u00edquidos viajan a Tenerife La Laguna acogi\u00f3 el pasado jueves una presentaci\u00f3n de los vinos de Lanzarote a cargo del Consejo Reg... Caja Rural conceder\u00e1 pr\u00e9stamos a los...<!-- AddThis Advanced Settings generic via filter on get_the_excerpt --><!-- AddThis Share Buttons generic via filter on get_the_excerpt -->...<\/p><span class=\"post_infos\"><span class=\"date_hour_holder\"><span itemprop=\"dateCreated\" class=\"date entry_date updated\">05 May, 2026<meta itemprop=\"interactionCount\" content=\"UserComments: <?php echo get_comments_number(qode_get_page_id()); ?>\"\/><\/span><\/span><span class=\"dots\"><i class=\"fa fa-square\"><\/i><\/span> <a itemprop=\"url\" href=\"https:\/\/dolanzarote.com\/en\/category\/noticias\/\">News <\/a> <\/span><\/div><\/div><\/div><\/div><li class=\"clearfix\"><div class=\"boxes_image\"><a itemprop=\"url\" href=\"https:\/\/dolanzarote.com\/en\/dia-vino-do-2026-enoturismo\/\"><img loading=\"lazy\" decoding=\"async\" width=\"539\" height=\"303\" src=\"https:\/\/dolanzarote.com\/wp-content\/uploads\/2026\/04\/blanco-dia-vino-do-CANARIAS_2026_sangre_1080X1350-539x303.png\" class=\"attachment-latest_post_boxes size-latest_post_boxes wp-post-image\" alt=\"Dia DO Vinos de Lanzarote\" \/><\/a><\/div><div class=\"latest_post\"><div class=\"latest_post_text\"><div class=\"latest_post_inner\"><div class=\"latest_post_text_inner\"><h3 itemprop=\"name\" class=\"latest_post_title entry_title\"><a itemprop=\"url\" href=\"https:\/\/dolanzarote.com\/en\/dia-vino-do-2026-enoturismo\/\">(Espa\u00f1ol) El d\u00eda vino D.O. 2026 reivindicar\u00e1 el enoturismo como fuente de riqueza en las zonas rurales<\/a><\/h3><p itemprop=\"description\" class=\"excerpt\">Sorry, this entry is only available in Espa\u00f1ol. Noticias relacionadas Vulcano Joven Rosado 2015 de Edici\u00f3n Limitada. Bodega Vulcano, inaugura la temporada de verano con el Vulcano Joven Rosado 2015, 4000 botellas de E... Tenerife se prepara ya para acoger los dos conciertos que Sonidos...<!-- AddThis Advanced Settings generic via filter on get_the_excerpt --><!-- AddThis Share Buttons generic via filter on get_the_excerpt -->...<\/p><span class=\"post_infos\"><span class=\"date_hour_holder\"><span itemprop=\"dateCreated\" class=\"date entry_date updated\">29 April, 2026<meta itemprop=\"interactionCount\" content=\"UserComments: <?php echo get_comments_number(qode_get_page_id()); ?>\"\/><\/span><\/span><span class=\"dots\"><i class=\"fa fa-square\"><\/i><\/span> <a itemprop=\"url\" href=\"https:\/\/dolanzarote.com\/en\/category\/noticias\/\">News <\/a> <\/span><\/div><\/div><\/div><\/div><li class=\"clearfix\"><div class=\"boxes_image\"><a itemprop=\"url\" href=\"https:\/\/dolanzarote.com\/en\/bodega-la-geria-conquista-dos-medallas-oro-frankfurt-international-trophy-2026\/\"><img loading=\"lazy\" decoding=\"async\" width=\"539\" height=\"303\" src=\"https:\/\/dolanzarote.com\/wp-content\/uploads\/2026\/04\/Bodega-La-Geria-539x303.jpg\" class=\"attachment-latest_post_boxes size-latest_post_boxes wp-post-image\" alt=\"\" \/><\/a><\/div><div class=\"latest_post\"><div class=\"latest_post_text\"><div class=\"latest_post_inner\"><div class=\"latest_post_text_inner\"><h3 itemprop=\"name\" class=\"latest_post_title entry_title\"><a itemprop=\"url\" href=\"https:\/\/dolanzarote.com\/en\/bodega-la-geria-conquista-dos-medallas-oro-frankfurt-international-trophy-2026\/\">Bodega La Geria conquista dos medallas de oro en el Frankfurt International Trophy 2026<\/a><\/h3><p itemprop=\"description\" class=\"excerpt\">Sorry, this entry is only available in Espa\u00f1ol. Noticias relacionadas Las elecciones al Consejo Regulador se celebrar\u00e1n finalmente el 14 de oc... El Bolet\u00edn Oficial de Canarias ha\u00a0publicado la resoluci\u00f3n del Instituto Canario de Calidad Agroalime... La D.O. Vinos de Lanzarote y Sonidos L\u00edquidos viajan...<!-- AddThis Advanced Settings generic via filter on get_the_excerpt --><!-- AddThis Share Buttons generic via filter on get_the_excerpt -->...<\/p><span class=\"post_infos\"><span class=\"date_hour_holder\"><span itemprop=\"dateCreated\" class=\"date entry_date updated\">28 April, 2026<meta itemprop=\"interactionCount\" content=\"UserComments: <?php echo get_comments_number(qode_get_page_id()); ?>\"\/><\/span><\/span><span class=\"dots\"><i class=\"fa fa-square\"><\/i><\/span> <a itemprop=\"url\" href=\"https:\/\/dolanzarote.com\/en\/category\/noticias\/\">News <\/a> <\/span><\/div><\/div><\/div><\/div><\/ul><\/div>[vc_column_text]<\/p>\n<p style=\"text-align: center;\"><a  itemprop=\"url\" href=\"\/blog\" target=\"_self\"  class=\"qbutton  large center default\" style=\"\">See more news<\/a><\/p>\n<p>[\/vc_column_text][\/vc_column][\/vc_row][vc_row row_type=&#8221;row&#8221; use_row_as_full_screen_section=&#8221;no&#8221; type=&#8221;full_width&#8221; angled_section=&#8221;no&#8221; text_align=&#8221;left&#8221; background_image_as_pattern=&#8221;without_pattern&#8221; css_animation=&#8221;&#8221;][vc_column][\/vc_column][\/vc_row]<\/p>\n<!-- Begin Yuzo --><div class='yuzo_related_post style-1'  data-version='5.12.89'><!-- without result --><div class='yuzo_clearfixed yuzo__title yuzo__title'><h3>Noticias relacionadas<\/h3><\/div>\n\t\t\t\t\t\t  <div class=\"relatedthumb \" style=\"width:215px;float:left;overflow:hidden;\">  \n\t\t\t\t\t\t\t  \n\t\t\t\t\t\t\t  <a rel='nofollow' href=\"https:\/\/dolanzarote.com\/en\/vega-de-yuco-saca-al-mercado-los-primeros-vinos-de-la-anada-2012\/\"  >\n\t\t\t\t\t\t\t\t\t  <div class=\"yuzo-img-wrap \" style=\"width: 215px;height:180px;\">\n\t\t\t\t\t\t\t\t\t\t\n\t\t\t\t\t\t\t\t\t\t<div class=\"yuzo-img\" style=\"background:url('https:\/\/dolanzarote.com\/wp-content\/uploads\/2012\/09\/viewer1-202x300.png') 50% 50% no-repeat;width: 215px;height:180px;margin-bottom: 5px;background-size: cover; \"><\/div>\n\t\t\t\t\t\t\t\t\t  <\/div>\n\t\t\t\t\t\t\t\t\t  \n\t\t\t\t\t\t\t\t   <span class=\"yuzo__text--title\" style=\"font-size:18px;font-weight:bold;\">Vega de Yuco saca al mercado los primeros vinos de la a\u00f1ada 2012<\/span>\n\t\t\t\t\t\t\t  <span class=\"yuzo_text\" style=\"font-size:14px;\" >Pondr\u00e1 a la venta desde hoy unas 20.000 botellas de malvas\u00eda seco y 6.000 de malvas\u00eda semidulce\n\u00a0\n\u00a0\u00a0...<\/span>\n\t\t\t\t\t\t\t  \n\t\t\t\t\t\t\t  <\/a>\n\n\t\t\t\t\t\t  <\/div>\n\t\t\t\t\t\t  <div class=\"relatedthumb \" style=\"width:215px;float:left;overflow:hidden;\">  \n\t\t\t\t\t\t\t  \n\t\t\t\t\t\t\t  <a rel='nofollow' href=\"https:\/\/dolanzarote.com\/en\/los-vinos-lanzarotenos-protagonistas-junto-al-atun-de-una-nueva-semana-enogastronomica-saborea-lanzarote\/\"  >\n\t\t\t\t\t\t\t\t\t  <div class=\"yuzo-img-wrap \" style=\"width: 215px;height:180px;\">\n\t\t\t\t\t\t\t\t\t\t\n\t\t\t\t\t\t\t\t\t\t<div class=\"yuzo-img\" style=\"background:url('https:\/\/dolanzarote.com\/wp-content\/uploads\/2012\/09\/atunes_016-300x223.jpg') 50% 50% no-repeat;width: 215px;height:180px;margin-bottom: 5px;background-size: cover; \"><\/div>\n\t\t\t\t\t\t\t\t\t  <\/div>\n\t\t\t\t\t\t\t\t\t  \n\t\t\t\t\t\t\t\t   <span class=\"yuzo__text--title\" style=\"font-size:18px;font-weight:bold;\">Los vinos lanzarote\u00f1os, protagonistas junto al at\u00fan de una nueva Semana ...<\/span>\n\t\t\t\t\t\t\t  <span class=\"yuzo_text\" style=\"font-size:14px;\" >\n\nHasta el d\u00eda 29 de septiembre, 15 restaurantes ofrecer\u00e1n deliciosos platos regados con excelentes ...<\/span>\n\t\t\t\t\t\t\t  \n\t\t\t\t\t\t\t  <\/a>\n\n\t\t\t\t\t\t  <\/div>\n\t\t\t\t\t\t  <div class=\"relatedthumb \" style=\"width:215px;float:left;overflow:hidden;\">  \n\t\t\t\t\t\t\t  \n\t\t\t\t\t\t\t  <a rel='nofollow' href=\"https:\/\/dolanzarote.com\/en\/lanzarote-triunfa-decanter-world-wine-awards-2024\/\"  >\n\t\t\t\t\t\t\t\t\t  <div class=\"yuzo-img-wrap \" style=\"width: 215px;height:180px;\">\n\t\t\t\t\t\t\t\t\t\t\n\t\t\t\t\t\t\t\t\t\t<div class=\"yuzo-img\" style=\"background:url('https:\/\/dolanzarote.com\/wp-content\/uploads\/2024\/04\/La-DOP-Vinos-de-Lanzarote-luce-trece-galardones-mas-en-su-vitrina-300x200.jpg') 50% 50% no-repeat;width: 215px;height:180px;margin-bottom: 5px;background-size: cover; \"><\/div>\n\t\t\t\t\t\t\t\t\t  <\/div>\n\t\t\t\t\t\t\t\t\t  \n\t\t\t\t\t\t\t\t   <span class=\"yuzo__text--title\" style=\"font-size:18px;font-weight:bold;\">(Espa\u00f1ol) Lanzarote triunfa en los Decanter World Wine Awards 2024<\/span>\n\t\t\t\t\t\t\t  <span class=\"yuzo_text\" style=\"font-size:14px;\" >Sorry, this entry is only available in Espa\u00f1ol.<\/span>\n\t\t\t\t\t\t\t  \n\t\t\t\t\t\t\t  <\/a>\n\n\t\t\t\t\t\t  <\/div>\n<\/div> <script>\n\t\t\t\t\t\t  jQuery(document).ready(function( $ ){\n\t\t\t\t\t\t\t\/\/jQuery('.yuzo_related_post').equalizer({ overflow : 'relatedthumb' });\n\t\t\t\t\t\t\tjQuery('.yuzo_related_post .yuzo_wraps').equalizer({ columns : '> div' });\n\t\t\t\t\t\t   })\n\t\t\t\t\t\t  <\/script> <!-- End Yuzo :) -->","protected":false},"excerpt":{"rendered":"<p>[vc_row row_type=&#8221;row&#8221; use_row_as_full_screen_section=&#8221;no&#8221; type=&#8221;full_width&#8221; header_style=&#8221;dark&#8221; angled_section=&#8221;no&#8221; text_align=&#8221;left&#8221; background_image_as_pattern=&#8221;without_pattern&#8221; css_animation=&#8221;&#8221; css=&#8221;.vc_custom_1486730766150{margin-top: 20px !important;margin-bottom: 40px !important;}&#8221;][vc_column][vc_empty_space][vc_column_text][vc_separator type=&#8217;small&#8217; position=&#8217;center&#8217; color=&#8217;#bfbfbf&#8217; thickness=&#8217;1px&#8217; up=&#8217;10&#8217; down=&#8217;40&#8217;][\/vc_column_text][vc_column_text css=&#8221;.vc_custom_1642767962778{margin-bottom: 15px !important;}&#8221;] Vinos de Lanzarote Designation of Origin Regulatory Council [\/vc_column_text][vc_column_text] [\/vc_column_text][\/vc_column][\/vc_row][vc_row row_type=&#8221;row&#8221; use_row_as_full_screen_section=&#8221;yes&#8221; type=&#8221;full_width&#8221; header_style=&#8221;dark&#8221; angled_section=&#8221;no&#8221; text_align=&#8221;left&#8221; background_image_as_pattern=&#8221;without_pattern&#8221; css_animation=&#8221;&#8221; css=&#8221;.vc_custom_1521803657607{background-image: url(https:\/\/dolanzarote.com\/wp-content\/uploads\/2016\/09\/fondouva2.jpg?id=4901) !important;}&#8221;][vc_column width=&#8221;1\/2&#8243;&#8230;<!-- AddThis Advanced Settings generic via filter on get_the_excerpt --><!-- AddThis Share Buttons generic via filter on get_the_excerpt --><\/p>\n","protected":false},"author":1,"featured_media":0,"parent":0,"menu_order":0,"comment_status":"closed","ping_status":"closed","template":"full_width.php","meta":{"_mc_calendar":[],"footnotes":""},"class_list":["post-4709","page","type-page","status-publish","hentry"],"yoast_head":"<!-- This site is optimized with the Yoast SEO plugin v27.5 - https:\/\/yoast.com\/product\/yoast-seo-wordpress\/ -->\n<title>Home - D.O. Lanzarote<\/title>\n<meta name=\"robots\" content=\"index, follow, max-snippet:-1, max-image-preview:large, max-video-preview:-1\" \/>\n<link rel=\"canonical\" href=\"https:\/\/dolanzarote.com\/\" \/>\n<meta property=\"og:locale\" content=\"en_US\" \/>\n<meta property=\"og:type\" content=\"article\" \/>\n<meta property=\"og:title\" content=\"Home - D.O. Lanzarote\" \/>\n<meta property=\"og:description\" content=\"[vc_row row_type=&#8221;row&#8221; use_row_as_full_screen_section=&#8221;no&#8221; type=&#8221;full_width&#8221; header_style=&#8221;dark&#8221; angled_section=&#8221;no&#8221; text_align=&#8221;left&#8221; background_image_as_pattern=&#8221;without_pattern&#8221; css_animation=&#8221;&#8221; css=&#8221;.vc_custom_1486730766150{margin-top: 20px !important;margin-bottom: 40px !important;}&#8221;][vc_column][vc_empty_space][vc_column_text][vc_separator type=&#8217;small&#8217; position=&#8217;center&#8217; color=&#8217;#bfbfbf&#8217; thickness=&#8217;1px&#8217; up=&#8217;10&#8217; down=&#8217;40&#8217;][\/vc_column_text][vc_column_text css=&#8221;.vc_custom_1642767962778{margin-bottom: 15px !important;}&#8221;] Vinos de Lanzarote Designation of Origin Regulatory Council [\/vc_column_text][vc_column_text] [\/vc_column_text][\/vc_column][\/vc_row][vc_row row_type=&#8221;row&#8221; use_row_as_full_screen_section=&#8221;yes&#8221; type=&#8221;full_width&#8221; header_style=&#8221;dark&#8221; angled_section=&#8221;no&#8221; text_align=&#8221;left&#8221; background_image_as_pattern=&#8221;without_pattern&#8221; css_animation=&#8221;&#8221; css=&#8221;.vc_custom_1521803657607{background-image: url(https:\/\/dolanzarote.com\/wp-content\/uploads\/2016\/09\/fondouva2.jpg?id=4901) !important;}&#8221;][vc_column width=&#8221;1\/2&#8243;...\" \/>\n<meta property=\"og:url\" content=\"https:\/\/dolanzarote.com\/\" \/>\n<meta property=\"og:site_name\" content=\"D.O. Lanzarote\" \/>\n<meta property=\"article:modified_time\" content=\"2022-01-21T13:51:34+00:00\" \/>\n<meta name=\"twitter:card\" content=\"summary_large_image\" \/>\n<meta name=\"twitter:label1\" content=\"Est. reading time\" \/>\n\t<meta name=\"twitter:data1\" content=\"2 minutes\" \/>\n<script type=\"application\/ld+json\" class=\"yoast-schema-graph\">{\"@context\":\"https:\\\/\\\/schema.org\",\"@graph\":[{\"@type\":\"WebPage\",\"@id\":\"https:\\\/\\\/dolanzarote.com\\\/\",\"url\":\"https:\\\/\\\/dolanzarote.com\\\/\",\"name\":\"Home - D.O. Lanzarote\",\"isPartOf\":{\"@id\":\"https:\\\/\\\/dolanzarote.com\\\/de\\\/#website\"},\"datePublished\":\"2016-09-05T15:40:54+00:00\",\"dateModified\":\"2022-01-21T13:51:34+00:00\",\"breadcrumb\":{\"@id\":\"https:\\\/\\\/dolanzarote.com\\\/#breadcrumb\"},\"inLanguage\":\"en-US\",\"potentialAction\":[{\"@type\":\"ReadAction\",\"target\":[\"https:\\\/\\\/dolanzarote.com\\\/\"]}]},{\"@type\":\"BreadcrumbList\",\"@id\":\"https:\\\/\\\/dolanzarote.com\\\/#breadcrumb\",\"itemListElement\":[{\"@type\":\"ListItem\",\"position\":1,\"name\":\"Portada\",\"item\":\"https:\\\/\\\/dolanzarote.com\\\/\"},{\"@type\":\"ListItem\",\"position\":2,\"name\":\"Inicio\"}]},{\"@type\":\"WebSite\",\"@id\":\"https:\\\/\\\/dolanzarote.com\\\/de\\\/#website\",\"url\":\"https:\\\/\\\/dolanzarote.com\\\/de\\\/\",\"name\":\"D.O. Lanzarote\",\"description\":\"Vinos de Lanzarote\",\"potentialAction\":[{\"@type\":\"SearchAction\",\"target\":{\"@type\":\"EntryPoint\",\"urlTemplate\":\"https:\\\/\\\/dolanzarote.com\\\/de\\\/?s={search_term_string}\"},\"query-input\":{\"@type\":\"PropertyValueSpecification\",\"valueRequired\":true,\"valueName\":\"search_term_string\"}}],\"inLanguage\":\"en-US\"}]}<\/script>\n<!-- \/ Yoast SEO plugin. -->","yoast_head_json":{"title":"Home - D.O. Lanzarote","robots":{"index":"index","follow":"follow","max-snippet":"max-snippet:-1","max-image-preview":"max-image-preview:large","max-video-preview":"max-video-preview:-1"},"canonical":"https:\/\/dolanzarote.com\/","og_locale":"en_US","og_type":"article","og_title":"Home - D.O. Lanzarote","og_description":"[vc_row row_type=&#8221;row&#8221; use_row_as_full_screen_section=&#8221;no&#8221; type=&#8221;full_width&#8221; header_style=&#8221;dark&#8221; angled_section=&#8221;no&#8221; text_align=&#8221;left&#8221; background_image_as_pattern=&#8221;without_pattern&#8221; css_animation=&#8221;&#8221; css=&#8221;.vc_custom_1486730766150{margin-top: 20px !important;margin-bottom: 40px !important;}&#8221;][vc_column][vc_empty_space][vc_column_text][vc_separator type=&#8217;small&#8217; position=&#8217;center&#8217; color=&#8217;#bfbfbf&#8217; thickness=&#8217;1px&#8217; up=&#8217;10&#8217; down=&#8217;40&#8217;][\/vc_column_text][vc_column_text css=&#8221;.vc_custom_1642767962778{margin-bottom: 15px !important;}&#8221;] Vinos de Lanzarote Designation of Origin Regulatory Council [\/vc_column_text][vc_column_text] [\/vc_column_text][\/vc_column][\/vc_row][vc_row row_type=&#8221;row&#8221; use_row_as_full_screen_section=&#8221;yes&#8221; type=&#8221;full_width&#8221; header_style=&#8221;dark&#8221; angled_section=&#8221;no&#8221; text_align=&#8221;left&#8221; background_image_as_pattern=&#8221;without_pattern&#8221; css_animation=&#8221;&#8221; css=&#8221;.vc_custom_1521803657607{background-image: url(https:\/\/dolanzarote.com\/wp-content\/uploads\/2016\/09\/fondouva2.jpg?id=4901) !important;}&#8221;][vc_column width=&#8221;1\/2&#8243;...","og_url":"https:\/\/dolanzarote.com\/","og_site_name":"D.O. Lanzarote","article_modified_time":"2022-01-21T13:51:34+00:00","twitter_card":"summary_large_image","twitter_misc":{"Est. reading time":"2 minutes"},"schema":{"@context":"https:\/\/schema.org","@graph":[{"@type":"WebPage","@id":"https:\/\/dolanzarote.com\/","url":"https:\/\/dolanzarote.com\/","name":"Home - D.O. Lanzarote","isPartOf":{"@id":"https:\/\/dolanzarote.com\/de\/#website"},"datePublished":"2016-09-05T15:40:54+00:00","dateModified":"2022-01-21T13:51:34+00:00","breadcrumb":{"@id":"https:\/\/dolanzarote.com\/#breadcrumb"},"inLanguage":"en-US","potentialAction":[{"@type":"ReadAction","target":["https:\/\/dolanzarote.com\/"]}]},{"@type":"BreadcrumbList","@id":"https:\/\/dolanzarote.com\/#breadcrumb","itemListElement":[{"@type":"ListItem","position":1,"name":"Portada","item":"https:\/\/dolanzarote.com\/"},{"@type":"ListItem","position":2,"name":"Inicio"}]},{"@type":"WebSite","@id":"https:\/\/dolanzarote.com\/de\/#website","url":"https:\/\/dolanzarote.com\/de\/","name":"D.O. Lanzarote","description":"Vinos de Lanzarote","potentialAction":[{"@type":"SearchAction","target":{"@type":"EntryPoint","urlTemplate":"https:\/\/dolanzarote.com\/de\/?s={search_term_string}"},"query-input":{"@type":"PropertyValueSpecification","valueRequired":true,"valueName":"search_term_string"}}],"inLanguage":"en-US"}]}},"_links":{"self":[{"href":"https:\/\/dolanzarote.com\/en\/wp-json\/wp\/v2\/pages\/4709","targetHints":{"allow":["GET"]}}],"collection":[{"href":"https:\/\/dolanzarote.com\/en\/wp-json\/wp\/v2\/pages"}],"about":[{"href":"https:\/\/dolanzarote.com\/en\/wp-json\/wp\/v2\/types\/page"}],"author":[{"embeddable":true,"href":"https:\/\/dolanzarote.com\/en\/wp-json\/wp\/v2\/users\/1"}],"replies":[{"embeddable":true,"href":"https:\/\/dolanzarote.com\/en\/wp-json\/wp\/v2\/comments?post=4709"}],"version-history":[{"count":103,"href":"https:\/\/dolanzarote.com\/en\/wp-json\/wp\/v2\/pages\/4709\/revisions"}],"predecessor-version":[{"id":9237,"href":"https:\/\/dolanzarote.com\/en\/wp-json\/wp\/v2\/pages\/4709\/revisions\/9237"}],"wp:attachment":[{"href":"https:\/\/dolanzarote.com\/en\/wp-json\/wp\/v2\/media?parent=4709"}],"curies":[{"name":"wp","href":"https:\/\/api.w.org\/{rel}","templated":true}]}}