{"id":4680,"date":"2016-08-17T12:08:57","date_gmt":"2016-08-17T12:08:57","guid":{"rendered":"https:\/\/dolanzarote.com\/?page_id=4680"},"modified":"2022-07-14T10:25:37","modified_gmt":"2022-07-14T10:25:37","slug":"entorno","status":"publish","type":"page","link":"https:\/\/dolanzarote.com\/en\/vino\/lanzarote\/entorno\/","title":{"rendered":"Environment"},"content":{"rendered":"<p>[vc_row row_type=&#8221;row&#8221; use_row_as_full_screen_section=&#8221;no&#8221; type=&#8221;full_width&#8221; angled_section=&#8221;no&#8221; text_align=&#8221;left&#8221; background_image_as_pattern=&#8221;without_pattern&#8221; css_animation=&#8221;&#8221;][vc_column width=&#8221;1\/2&#8243;][vc_column_text]Lanzarote has the most unique landscape in the archipelago of the Canary Islands, shaped by the lava of a number of volcanoes, with its lunar characteristics showing spectacular nuance in Timanfaya National Park.<\/p>\n<p>Despite the endemic scarcity of rain, due to its proximity to warm Africa, the island offers all of the conditions for viticulture, a miracle that is due in equal measure to the tireless work of winegrowers and the benefits of the trade winds bringing moisture from the Atlantic over its tormented geography. Viticulture in Lanzarote is one of the clearest examples of this dramatic fight between man and environment.<\/p>\n<p>After becoming free from the great battle with lava to find topsoil, winegrowers also had to deal with the scarcity of rain, as average annual precipitation is 150\u00a0mm, although the existence of the trade winds condenses the moisture of the ocean over the porous volcanic ash, which acts as a dark sponge retaining dew and transferring it to the grapevines throughout the day. A very slow osmosis allows excellent fruit to be grown over the volcanic ash, something that the people of Lanzarote (\u201cconejeros\u201d) have known how to use wisely.[\/vc_column_text][vc_separator type=&#8221;transparent&#8221; up=&#8221;20&#8243; down=&#8221;20&#8243;][\/vc_column][vc_column width=&#8221;1\/2&#8243;][vc_gallery interval=&#8221;3&#8243; images=&#8221;4977,4953,4952,4950&#8243; img_size=&#8221;large&#8221;][\/vc_column][\/vc_row][vc_row row_type=&#8221;row&#8221; use_row_as_full_screen_section=&#8221;no&#8221; type=&#8221;full_width&#8221; angled_section=&#8221;no&#8221; text_align=&#8221;left&#8221; background_image_as_pattern=&#8221;without_pattern&#8221; css_animation=&#8221;&#8221;][vc_column width=&#8221;1\/2&#8243;][vc_column_text]Farmers dig holes in the shape of a funnel in the volcanic ash layer until they reach the topsoil and at the bottom of these holes, which are sometimes over two meters deep, they plant one to three vines per hole and build semicircular walls of rock about 60-70\u00a0cm high to protect these holes from the constant winds. Each wall protects the vines from being covered with volcanic ash. In areas where the lapilli layer is smaller (Tinajo, Masdache, Y\u00e9-Lajares), these semicircular walls are built to protect the vines from the wind.[\/vc_column_text][\/vc_column][vc_column width=&#8221;1\/2&#8243;][vc_column_text]Generally, thanks to their constant and tenacious work, winegrowers in Lanzarote have known how to fully fit into the natural landscape, respecting the harsh and chaotic nature in fascinating scenarios capable of creating an unforeseen livelihood.<\/p>\n<p>Each system is highly original and beautiful, especially in the Geria area. Thanks to the vine growers, the landscape of the island is sprinkled with vineyards, totaling 2,000\u00a0ha. Naturally, after such a great deal of work and ingenuity, these vineyards produce excellent wines.[\/vc_column_text][\/vc_column][\/vc_row][vc_row row_type=&#8221;row&#8221; use_row_as_full_screen_section=&#8221;no&#8221; type=&#8221;full_width&#8221; angled_section=&#8221;no&#8221; text_align=&#8221;left&#8221; background_image_as_pattern=&#8221;without_pattern&#8221; css_animation=&#8221;&#8221; css=&#8221;.vc_custom_1492519059320{margin-top: 20px !important;margin-bottom: 20px !important;padding-top: 30px !important;padding-right: 20px !important;padding-bottom: 30px !important;padding-left: 20px !important;background-color: #5e5e5e !important;}&#8221;][vc_column][vc_column_text]<\/p>\n<p style=\"text-align: justify;\"><span style=\"color: #ffffff;\"><strong>The production area of this Designation of Origin extends through many towns across the island, making up three main winegrowing areas:<\/strong><\/span><\/p>\n<style> .zonas li { margin:10px 0;}<\/style>\n<ul class=\"zonas\" >\n<li><span style=\"color: #ffffff; text-align: justify;\"><strong>La Geria:<\/strong> : This vineyard area is located between the municipalities of Yaiza and T\u00edas. In La Geria, due to the thickness of the layer of lapilli, also known as gravel or rofe, which can sometimes reach a height of three metres, the pit system is used. This is the reason why the density of the harvest is less than in other parts of the island.<\/span><\/li>\n<li><span style=\"color: #ffffff; text-align: justify;\"><strong>Masdache:<\/strong>  Area between the towns of T\u00edas and San Bartolom\u00e9. The culture system is mainly of hotels, although the layer is of a thickness picon unless area Geria.<\/span><\/li>\n<li><span style=\"color: #ffffff; text-align: justify;\"><strong>Tinajo:<\/strong> Vineyard area where the crop is of perimeter ditches.<\/span><\/li>\n<li><span style=\"color: #ffffff; text-align: justify;\"><strong>Ye-Lajares:<\/strong>  Vineyard area where the crop is of perimeter ditches.<\/span><\/li>\n<\/ul>\n<p>[\/vc_column_text][\/vc_column][\/vc_row][vc_row row_type=&#8221;row&#8221; use_row_as_full_screen_section=&#8221;no&#8221; type=&#8221;full_width&#8221; angled_section=&#8221;no&#8221; text_align=&#8221;left&#8221; background_image_as_pattern=&#8221;without_pattern&#8221; css_animation=&#8221;&#8221;][vc_column][vc_column_text]The grape varieties used to produce the excellent wines from Lanzarote are: Malvasia, List\u00e1n Blanco, Moscatel, Diego, Burra Blanca, Breval, Pedro Xim\u00e9nez, List\u00e1n Negro, and Negramoll. The vine, mainly the Malvasia, is perfectly adapted to the environment and produces a small grape with a limited yield, but great quality due to its balance, taste, and scent that is later transferred to the wine. We shouldn&#8217;t forget the Diego grape, a variety that ripens late and makes very aromatic wines.<\/p>\n<p>The majority of the harvest goes toward the production of white wines, be them dry, semi-dry, semi-sweet, sweet, liqueur wines, crianzas, and sparkling, although not only should the region&#8217;s ros\u00e9s be mentioned, but also its high-quality reds. Its young white wines are straw yellow and very aromatic, and the personality the Malvasia lends it is notable. Pleasant on the palate, balanced, and with a dry almond finish.<\/p>\n<p>The ros\u00e9s are pink \u2013 redcurrant, fresh, fruity, and lingering. The reds are generally medium-depth, warm, and have good structure. Liqueur wines prepared with Moscatel grapes are very generous, aromatic, and of excellent quality for dessert or as an aperitif.<\/p>\n<p>The yield by hectare has a bad track record; it varies between 1,000 and 1,500\u00a0kg. Production on the island is subject to climatic whims, with production varying between one and three million kilos.[\/vc_column_text][vc_separator type=&#8221;transparent&#8221; up=&#8221;20&#8243; down=&#8221;20&#8243;][\/vc_column][\/vc_row]<\/p>\n<!-- Begin Yuzo --><div class='yuzo_related_post style-1'  data-version='5.12.89'><!-- without result --><div class='yuzo_clearfixed yuzo__title yuzo__title'><h3>Noticias relacionadas<\/h3><\/div>\n\t\t\t\t\t\t  <div class=\"relatedthumb \" style=\"width:215px;float:left;overflow:hidden;\">  \n\t\t\t\t\t\t\t  \n\t\t\t\t\t\t\t  <a rel='nofollow' href=\"https:\/\/dolanzarote.com\/en\/la-denominacion-de-origen-vinos-de-lanzarote-deja-su-huella-en-frankfurt-a-traves-de-saborea-espana\/\"  >\n\t\t\t\t\t\t\t\t\t  <div class=\"yuzo-img-wrap \" style=\"width: 215px;height:180px;\">\n\t\t\t\t\t\t\t\t\t\t\n\t\t\t\t\t\t\t\t\t\t<div class=\"yuzo-img\" style=\"background:url('https:\/\/dolanzarote.com\/wp-content\/uploads\/2012\/10\/201210151158492051.jpg') 50% 50% no-repeat;width: 215px;height:180px;margin-bottom: 5px;background-size: cover; \"><\/div>\n\t\t\t\t\t\t\t\t\t  <\/div>\n\t\t\t\t\t\t\t\t\t  \n\t\t\t\t\t\t\t\t   <span class=\"yuzo__text--title\" style=\"font-size:18px;font-weight:bold;\">La Denominaci\u00f3n de Origen Vinos de Lanzarote deja su huella en Frankfurt...<\/span>\n\t\t\t\t\t\t\t  <span class=\"yuzo_text\" style=\"font-size:14px;\" >El Malvas\u00eda Seco de El Grifo particip\u00f3 en un maridaje en el que colabor\u00f3 Saborea Lanzarote\u00a0\u00a0\nCamaron...<\/span>\n\t\t\t\t\t\t\t  \n\t\t\t\t\t\t\t  <\/a>\n\n\t\t\t\t\t\t  <\/div>\n\t\t\t\t\t\t  <div class=\"relatedthumb \" style=\"width:215px;float:left;overflow:hidden;\">  \n\t\t\t\t\t\t\t  \n\t\t\t\t\t\t\t  <a rel='nofollow' href=\"https:\/\/dolanzarote.com\/en\/el-stratvs-moscatel-vino-de-licor-elegido-por-segunda-vez-mejor-moscatel-del-mundo\/\"  >\n\t\t\t\t\t\t\t\t\t  <div class=\"yuzo-img-wrap \" style=\"width: 215px;height:180px;\">\n\t\t\t\t\t\t\t\t\t\t\n\t\t\t\t\t\t\t\t\t\t<div class=\"yuzo-img\" style=\"background:url('https:\/\/dolanzarote.com\/wp-content\/uploads\/2012\/07\/Moscatel-93x300.jpg') 50% 50% no-repeat;width: 215px;height:180px;margin-bottom: 5px;background-size: cover; \"><\/div>\n\t\t\t\t\t\t\t\t\t  <\/div>\n\t\t\t\t\t\t\t\t\t  \n\t\t\t\t\t\t\t\t   <span class=\"yuzo__text--title\" style=\"font-size:18px;font-weight:bold;\">El Stratvs Moscatel Vino de Licor, elegido por segunda vez mejor moscate...<\/span>\n\t\t\t\t\t\t\t  <span class=\"yuzo_text\" style=\"font-size:14px;\" >Recibi\u00f3 el preciado galardon en el Concurso Internacional \u2018Moscateles del Mundo\u2019 celebrado en Franci...<\/span>\n\t\t\t\t\t\t\t  \n\t\t\t\t\t\t\t  <\/a>\n\n\t\t\t\t\t\t  <\/div>\n\t\t\t\t\t\t  <div class=\"relatedthumb \" style=\"width:215px;float:left;overflow:hidden;\">  \n\t\t\t\t\t\t\t  \n\t\t\t\t\t\t\t  <a rel='nofollow' href=\"https:\/\/dolanzarote.com\/en\/bodegas-el-grifo-obtiene-seis-medallas-en-dos-concursos-internacionales-celebrados-en-alemania\/\"  >\n\t\t\t\t\t\t\t\t\t  <div class=\"yuzo-img-wrap \" style=\"width: 215px;height:180px;\">\n\t\t\t\t\t\t\t\t\t\t\n\t\t\t\t\t\t\t\t\t\t<div class=\"yuzo-img\" style=\"background:url('https:\/\/dolanzarote.com\/wp-content\/uploads\/2016\/03\/Premios-para-Bodegas-El-Grifo-en-Berliner-Wein-Trophy-y-Mundus-Vini-20161-300x200.jpg') 50% 50% no-repeat;width: 215px;height:180px;margin-bottom: 5px;background-size: cover; \"><\/div>\n\t\t\t\t\t\t\t\t\t  <\/div>\n\t\t\t\t\t\t\t\t\t  \n\t\t\t\t\t\t\t\t   <span class=\"yuzo__text--title\" style=\"font-size:18px;font-weight:bold;\">Bodegas El Grifo logra seis medallas en dos concursos internacionales ce...<\/span>\n\t\t\t\t\t\t\t  <span class=\"yuzo_text\" style=\"font-size:14px;\" >\r\n\tAmbos cert\u00e1menes est\u00e1n bajo el patrocinio de la OIV, Organizaci\u00f3n Internacional de la Vi\u00f1a y el V...<\/span>\n\t\t\t\t\t\t\t  \n\t\t\t\t\t\t\t  <\/a>\n\n\t\t\t\t\t\t  <\/div>\n<\/div> <script>\n\t\t\t\t\t\t  jQuery(document).ready(function( $ ){\n\t\t\t\t\t\t\t\/\/jQuery('.yuzo_related_post').equalizer({ overflow : 'relatedthumb' });\n\t\t\t\t\t\t\tjQuery('.yuzo_related_post .yuzo_wraps').equalizer({ columns : '> div' });\n\t\t\t\t\t\t   })\n\t\t\t\t\t\t  <\/script> <!-- End Yuzo :) --><!-- AddThis Advanced Settings generic via filter on the_content --><!-- AddThis Share Buttons generic via filter on the_content -->","protected":false},"excerpt":{"rendered":"<p>[vc_row row_type=&#8221;row&#8221; use_row_as_full_screen_section=&#8221;no&#8221; type=&#8221;full_width&#8221; angled_section=&#8221;no&#8221; text_align=&#8221;left&#8221; background_image_as_pattern=&#8221;without_pattern&#8221; css_animation=&#8221;&#8221;][vc_column width=&#8221;1\/2&#8243;][vc_column_text]Lanzarote has the most unique landscape in the archipelago of the Canary Islands, shaped by the lava of a number of volcanoes, with its lunar characteristics showing spectacular nuance in Timanfaya National Park. Despite the endemic scarcity&#8230;<!-- AddThis Advanced Settings generic via filter on get_the_excerpt --><!-- AddThis Share Buttons generic via filter on get_the_excerpt --><\/p>\n","protected":false},"author":1,"featured_media":0,"parent":4643,"menu_order":0,"comment_status":"closed","ping_status":"closed","template":"","meta":{"_mc_calendar":[],"footnotes":""},"class_list":["post-4680","page","type-page","status-publish","hentry"],"yoast_head":"<!-- This site is optimized with the Yoast SEO plugin v27.4 - https:\/\/yoast.com\/product\/yoast-seo-wordpress\/ -->\n<title>Environment - D.O. Lanzarote<\/title>\n<meta name=\"robots\" content=\"index, follow, max-snippet:-1, max-image-preview:large, max-video-preview:-1\" \/>\n<link rel=\"canonical\" href=\"https:\/\/dolanzarote.com\/vino\/lanzarote\/entorno\/\" \/>\n<meta property=\"og:locale\" content=\"en_US\" \/>\n<meta property=\"og:type\" content=\"article\" \/>\n<meta property=\"og:title\" content=\"Environment - D.O. Lanzarote\" \/>\n<meta property=\"og:description\" content=\"[vc_row row_type=&#8221;row&#8221; use_row_as_full_screen_section=&#8221;no&#8221; type=&#8221;full_width&#8221; angled_section=&#8221;no&#8221; text_align=&#8221;left&#8221; background_image_as_pattern=&#8221;without_pattern&#8221; css_animation=&#8221;&#8221;][vc_column width=&#8221;1\/2&#8243;][vc_column_text]Lanzarote has the most unique landscape in the archipelago of the Canary Islands, shaped by the lava of a number of volcanoes, with its lunar characteristics showing spectacular nuance in Timanfaya National Park. Despite the endemic scarcity...\" \/>\n<meta property=\"og:url\" content=\"https:\/\/dolanzarote.com\/vino\/lanzarote\/entorno\/\" \/>\n<meta property=\"og:site_name\" content=\"D.O. Lanzarote\" \/>\n<meta property=\"article:modified_time\" content=\"2022-07-14T10:25:37+00:00\" \/>\n<meta name=\"twitter:card\" content=\"summary_large_image\" \/>\n<meta name=\"twitter:label1\" content=\"Est. reading time\" \/>\n\t<meta name=\"twitter:data1\" content=\"15 minutes\" \/>\n<script type=\"application\/ld+json\" class=\"yoast-schema-graph\">{\"@context\":\"https:\\\/\\\/schema.org\",\"@graph\":[{\"@type\":\"WebPage\",\"@id\":\"https:\\\/\\\/dolanzarote.com\\\/vino\\\/lanzarote\\\/entorno\\\/\",\"url\":\"https:\\\/\\\/dolanzarote.com\\\/vino\\\/lanzarote\\\/entorno\\\/\",\"name\":\"Environment - D.O. Lanzarote\",\"isPartOf\":{\"@id\":\"https:\\\/\\\/dolanzarote.com\\\/de\\\/#website\"},\"datePublished\":\"2016-08-17T12:08:57+00:00\",\"dateModified\":\"2022-07-14T10:25:37+00:00\",\"breadcrumb\":{\"@id\":\"https:\\\/\\\/dolanzarote.com\\\/vino\\\/lanzarote\\\/entorno\\\/#breadcrumb\"},\"inLanguage\":\"en-US\",\"potentialAction\":[{\"@type\":\"ReadAction\",\"target\":[\"https:\\\/\\\/dolanzarote.com\\\/vino\\\/lanzarote\\\/entorno\\\/\"]}]},{\"@type\":\"BreadcrumbList\",\"@id\":\"https:\\\/\\\/dolanzarote.com\\\/vino\\\/lanzarote\\\/entorno\\\/#breadcrumb\",\"itemListElement\":[{\"@type\":\"ListItem\",\"position\":1,\"name\":\"Portada\",\"item\":\"https:\\\/\\\/dolanzarote.com\\\/\"},{\"@type\":\"ListItem\",\"position\":2,\"name\":\"(Espa\u00f1ol) Vino\",\"item\":\"https:\\\/\\\/dolanzarote.com\\\/de\\\/vino\\\/\"},{\"@type\":\"ListItem\",\"position\":3,\"name\":\"Lanzarote\",\"item\":\"https:\\\/\\\/dolanzarote.com\\\/de\\\/vino\\\/lanzarote\\\/\"},{\"@type\":\"ListItem\",\"position\":4,\"name\":\"Entorno\"}]},{\"@type\":\"WebSite\",\"@id\":\"https:\\\/\\\/dolanzarote.com\\\/de\\\/#website\",\"url\":\"https:\\\/\\\/dolanzarote.com\\\/de\\\/\",\"name\":\"D.O. Lanzarote\",\"description\":\"Vinos de Lanzarote\",\"potentialAction\":[{\"@type\":\"SearchAction\",\"target\":{\"@type\":\"EntryPoint\",\"urlTemplate\":\"https:\\\/\\\/dolanzarote.com\\\/de\\\/?s={search_term_string}\"},\"query-input\":{\"@type\":\"PropertyValueSpecification\",\"valueRequired\":true,\"valueName\":\"search_term_string\"}}],\"inLanguage\":\"en-US\"}]}<\/script>\n<!-- \/ Yoast SEO plugin. -->","yoast_head_json":{"title":"Environment - D.O. Lanzarote","robots":{"index":"index","follow":"follow","max-snippet":"max-snippet:-1","max-image-preview":"max-image-preview:large","max-video-preview":"max-video-preview:-1"},"canonical":"https:\/\/dolanzarote.com\/vino\/lanzarote\/entorno\/","og_locale":"en_US","og_type":"article","og_title":"Environment - D.O. Lanzarote","og_description":"[vc_row row_type=&#8221;row&#8221; use_row_as_full_screen_section=&#8221;no&#8221; type=&#8221;full_width&#8221; angled_section=&#8221;no&#8221; text_align=&#8221;left&#8221; background_image_as_pattern=&#8221;without_pattern&#8221; css_animation=&#8221;&#8221;][vc_column width=&#8221;1\/2&#8243;][vc_column_text]Lanzarote has the most unique landscape in the archipelago of the Canary Islands, shaped by the lava of a number of volcanoes, with its lunar characteristics showing spectacular nuance in Timanfaya National Park. Despite the endemic scarcity...","og_url":"https:\/\/dolanzarote.com\/vino\/lanzarote\/entorno\/","og_site_name":"D.O. Lanzarote","article_modified_time":"2022-07-14T10:25:37+00:00","twitter_card":"summary_large_image","twitter_misc":{"Est. reading time":"15 minutes"},"schema":{"@context":"https:\/\/schema.org","@graph":[{"@type":"WebPage","@id":"https:\/\/dolanzarote.com\/vino\/lanzarote\/entorno\/","url":"https:\/\/dolanzarote.com\/vino\/lanzarote\/entorno\/","name":"Environment - D.O. Lanzarote","isPartOf":{"@id":"https:\/\/dolanzarote.com\/de\/#website"},"datePublished":"2016-08-17T12:08:57+00:00","dateModified":"2022-07-14T10:25:37+00:00","breadcrumb":{"@id":"https:\/\/dolanzarote.com\/vino\/lanzarote\/entorno\/#breadcrumb"},"inLanguage":"en-US","potentialAction":[{"@type":"ReadAction","target":["https:\/\/dolanzarote.com\/vino\/lanzarote\/entorno\/"]}]},{"@type":"BreadcrumbList","@id":"https:\/\/dolanzarote.com\/vino\/lanzarote\/entorno\/#breadcrumb","itemListElement":[{"@type":"ListItem","position":1,"name":"Portada","item":"https:\/\/dolanzarote.com\/"},{"@type":"ListItem","position":2,"name":"(Espa\u00f1ol) Vino","item":"https:\/\/dolanzarote.com\/de\/vino\/"},{"@type":"ListItem","position":3,"name":"Lanzarote","item":"https:\/\/dolanzarote.com\/de\/vino\/lanzarote\/"},{"@type":"ListItem","position":4,"name":"Entorno"}]},{"@type":"WebSite","@id":"https:\/\/dolanzarote.com\/de\/#website","url":"https:\/\/dolanzarote.com\/de\/","name":"D.O. Lanzarote","description":"Vinos de Lanzarote","potentialAction":[{"@type":"SearchAction","target":{"@type":"EntryPoint","urlTemplate":"https:\/\/dolanzarote.com\/de\/?s={search_term_string}"},"query-input":{"@type":"PropertyValueSpecification","valueRequired":true,"valueName":"search_term_string"}}],"inLanguage":"en-US"}]}},"_links":{"self":[{"href":"https:\/\/dolanzarote.com\/en\/wp-json\/wp\/v2\/pages\/4680","targetHints":{"allow":["GET"]}}],"collection":[{"href":"https:\/\/dolanzarote.com\/en\/wp-json\/wp\/v2\/pages"}],"about":[{"href":"https:\/\/dolanzarote.com\/en\/wp-json\/wp\/v2\/types\/page"}],"author":[{"embeddable":true,"href":"https:\/\/dolanzarote.com\/en\/wp-json\/wp\/v2\/users\/1"}],"replies":[{"embeddable":true,"href":"https:\/\/dolanzarote.com\/en\/wp-json\/wp\/v2\/comments?post=4680"}],"version-history":[{"count":27,"href":"https:\/\/dolanzarote.com\/en\/wp-json\/wp\/v2\/pages\/4680\/revisions"}],"predecessor-version":[{"id":9576,"href":"https:\/\/dolanzarote.com\/en\/wp-json\/wp\/v2\/pages\/4680\/revisions\/9576"}],"up":[{"embeddable":true,"href":"https:\/\/dolanzarote.com\/en\/wp-json\/wp\/v2\/pages\/4643"}],"wp:attachment":[{"href":"https:\/\/dolanzarote.com\/en\/wp-json\/wp\/v2\/media?parent=4680"}],"curies":[{"name":"wp","href":"https:\/\/api.w.org\/{rel}","templated":true}]}}