{"id":4649,"date":"2016-08-17T11:22:50","date_gmt":"2016-08-17T11:22:50","guid":{"rendered":"https:\/\/dolanzarote.com\/?page_id=4649"},"modified":"2016-09-19T12:27:18","modified_gmt":"2016-09-19T12:27:18","slug":"uvas","status":"publish","type":"page","link":"https:\/\/dolanzarote.com\/en\/vino\/uvas\/","title":{"rendered":"(Espa\u00f1ol) Uvas"},"content":{"rendered":"<p class=\"qtranxs-available-languages-message qtranxs-available-languages-message-en\">Sorry, this entry is only available in <a href=\"https:\/\/dolanzarote.com\/es\/wp-json\/wp\/v2\/pages\/4649\" class=\"qtranxs-available-language-link qtranxs-available-language-link-es\" title=\"Espa\u00f1ol\">Espa\u00f1ol<\/a>.<\/p>\n<!-- Begin Yuzo --><div class='yuzo_related_post style-1'  data-version='5.12.89'><!-- without result --><div class='yuzo_clearfixed yuzo__title yuzo__title'><h3>Noticias relacionadas<\/h3><\/div>\n\t\t\t\t\t\t  <div class=\"relatedthumb \" style=\"width:215px;float:left;overflow:hidden;\">  \n\t\t\t\t\t\t\t  \n\t\t\t\t\t\t\t  <a rel='nofollow' href=\"https:\/\/dolanzarote.com\/en\/vega-de-yuco-embotella-el-primer-vino-de-la-anada-2018-en-lanzarote\/\"  >\n\t\t\t\t\t\t\t\t\t  <div class=\"yuzo-img-wrap \" style=\"width: 215px;height:180px;\">\n\t\t\t\t\t\t\t\t\t\t\n\t\t\t\t\t\t\t\t\t\t<div class=\"yuzo-img\" style=\"background:url('https:\/\/dolanzarote.com\/wp-content\/uploads\/2018\/10\/Yaiza-Rosado-de-Bodegas-Vega-de-Yuco-primer-vino-de-Lanzarote-de-2018-300x300.jpg') 50% 50% no-repeat;width: 215px;height:180px;margin-bottom: 5px;background-size: cover; \"><\/div>\n\t\t\t\t\t\t\t\t\t  <\/div>\n\t\t\t\t\t\t\t\t\t  \n\t\t\t\t\t\t\t\t   <span class=\"yuzo__text--title\" style=\"font-size:18px;font-weight:bold;\">(Espa\u00f1ol) Vega de Yuco embotella el primer vino de la a\u00f1ada 2018 en Lanz...<\/span>\n\t\t\t\t\t\t\t  <span class=\"yuzo_text\" style=\"font-size:14px;\" >Sorry, this entry is only available in Espa\u00f1ol.<\/span>\n\t\t\t\t\t\t\t  \n\t\t\t\t\t\t\t  <\/a>\n\n\t\t\t\t\t\t  <\/div>\n\t\t\t\t\t\t  <div class=\"relatedthumb \" style=\"width:215px;float:left;overflow:hidden;\">  \n\t\t\t\t\t\t\t  \n\t\t\t\t\t\t\t  <a rel='nofollow' href=\"https:\/\/dolanzarote.com\/en\/ruta-de-senderismo-con-visita-a-bodegas-el-grifo\/\"  >\n\t\t\t\t\t\t\t\t\t  <div class=\"yuzo-img-wrap \" style=\"width: 215px;height:180px;\">\n\t\t\t\t\t\t\t\t\t\t\n\t\t\t\t\t\t\t\t\t\t<div class=\"yuzo-img\" style=\"background:url('https:\/\/dolanzarote.com\/wp-content\/uploads\/2023\/05\/DO_SENDERISMO_PORTADA_EVENTO-300x150.jpg') 50% 50% no-repeat;width: 215px;height:180px;margin-bottom: 5px;background-size: cover; \"><\/div>\n\t\t\t\t\t\t\t\t\t  <\/div>\n\t\t\t\t\t\t\t\t\t  \n\t\t\t\t\t\t\t\t   <span class=\"yuzo__text--title\" style=\"font-size:18px;font-weight:bold;\">(Espa\u00f1ol) Ruta de senderismo con visita a Bodegas El Grifo<\/span>\n\t\t\t\t\t\t\t  <span class=\"yuzo_text\" style=\"font-size:14px;\" >Sorry, this entry is only available in Espa\u00f1ol.<\/span>\n\t\t\t\t\t\t\t  \n\t\t\t\t\t\t\t  <\/a>\n\n\t\t\t\t\t\t  <\/div>\n\t\t\t\t\t\t  <div class=\"relatedthumb \" style=\"width:215px;float:left;overflow:hidden;\">  \n\t\t\t\t\t\t\t  \n\t\t\t\t\t\t\t  <a rel='nofollow' href=\"https:\/\/dolanzarote.com\/en\/el-lanzaroteno-jose-carlos-hernandez-y-la-britanica-eleanor-dick-vencedores-de-la-iii-carrera-del-vino-lanzarote-wine-run\/\"  >\n\t\t\t\t\t\t\t\t\t  <div class=\"yuzo-img-wrap \" style=\"width: 215px;height:180px;\">\n\t\t\t\t\t\t\t\t\t\t\n\t\t\t\t\t\t\t\t\t\t<div class=\"yuzo-img\" style=\"background:url('http:\/\/dolanzarote.lztic.com\/wp-content\/plugins\/yuzo-related-post\/assets\/images\/default.png') 50% 50% no-repeat;width: 215px;height:180px;margin-bottom: 5px;background-size: cover; \"><\/div>\n\t\t\t\t\t\t\t\t\t  <\/div>\n\t\t\t\t\t\t\t\t\t  \n\t\t\t\t\t\t\t\t   <span class=\"yuzo__text--title\" style=\"font-size:18px;font-weight:bold;\">El lanzarote\u00f1o Jos\u00e9 Carlos Hern\u00e1ndez y la brit\u00e1nica Eleanor Dick, venced...<\/span>\n\t\t\t\t\t\t\t  <span class=\"yuzo_text\" style=\"font-size:14px;\" ><\/span>\n\t\t\t\t\t\t\t  \n\t\t\t\t\t\t\t  <\/a>\n\n\t\t\t\t\t\t  <\/div>\n<\/div> <script>\n\t\t\t\t\t\t  jQuery(document).ready(function( $ ){\n\t\t\t\t\t\t\t\/\/jQuery('.yuzo_related_post').equalizer({ overflow : 'relatedthumb' });\n\t\t\t\t\t\t\tjQuery('.yuzo_related_post .yuzo_wraps').equalizer({ columns : '> div' });\n\t\t\t\t\t\t   })\n\t\t\t\t\t\t  <\/script> <!-- End Yuzo :) --><!-- AddThis Advanced Settings generic via filter on the_content --><!-- AddThis Share Buttons generic via filter on the_content -->","protected":false},"excerpt":{"rendered":"<p>Sorry, this entry is only available in Espa\u00f1ol. Noticias relacionadas El Consejo Regulador firma un convenio por el que sus asociados obtendr\u00e1&#8230; Fue suscrito esta semana con la empresa Datag\u00e9s El presidente del Consejo Regulador de la Denominaci&#8230; (Espa\u00f1ol) Los Vinos de Lanzarote triunfan en&#8230;<!-- AddThis Advanced Settings generic via filter on get_the_excerpt --><!-- AddThis Share Buttons generic via filter on get_the_excerpt --><\/p>\n","protected":false},"author":1,"featured_media":0,"parent":4596,"menu_order":0,"comment_status":"closed","ping_status":"closed","template":"","meta":{"_mc_calendar":[],"footnotes":""},"class_list":["post-4649","page","type-page","status-publish","hentry"],"yoast_head":"<!-- This site is optimized with the Yoast SEO plugin v27.4 - https:\/\/yoast.com\/product\/yoast-seo-wordpress\/ -->\n<title>(Espa\u00f1ol) Uvas - D.O. Lanzarote<\/title>\n<meta name=\"robots\" content=\"index, follow, max-snippet:-1, max-image-preview:large, max-video-preview:-1\" \/>\n<link rel=\"canonical\" href=\"https:\/\/dolanzarote.com\/de\/vino\/uvas\/\" \/>\n<meta property=\"og:locale\" content=\"en_US\" \/>\n<meta property=\"og:type\" content=\"article\" \/>\n<meta property=\"og:title\" content=\"(Espa\u00f1ol) Uvas - D.O. Lanzarote\" \/>\n<meta property=\"og:description\" content=\"Sorry, this entry is only available in Espa\u00f1ol. Noticias relacionadas (Espa\u00f1ol) Segundo curso de cata de vinos de nivel II Sorry, this entry is only available in Espa\u00f1ol. (Espa\u00f1ol) \u00c9rase una vid. Historias maridadas con nuestros vinos Sorry, this entry is only available in Espa\u00f1ol....\" \/>\n<meta property=\"og:url\" content=\"https:\/\/dolanzarote.com\/de\/vino\/uvas\/\" \/>\n<meta property=\"og:site_name\" content=\"D.O. Lanzarote\" \/>\n<meta property=\"article:modified_time\" content=\"2016-09-19T12:27:18+00:00\" \/>\n<meta property=\"og:image\" content=\"https:\/\/dolanzarote.com\/wp-content\/uploads\/2016\/08\/malvasia-volcanica.png\" \/>\n<meta name=\"twitter:card\" content=\"summary_large_image\" \/>\n<script type=\"application\/ld+json\" class=\"yoast-schema-graph\">{\"@context\":\"https:\\\/\\\/schema.org\",\"@graph\":[{\"@type\":\"WebPage\",\"@id\":\"https:\\\/\\\/dolanzarote.com\\\/de\\\/vino\\\/uvas\\\/\",\"url\":\"https:\\\/\\\/dolanzarote.com\\\/de\\\/vino\\\/uvas\\\/\",\"name\":\"(Espa\u00f1ol) Uvas - D.O. Lanzarote\",\"isPartOf\":{\"@id\":\"https:\\\/\\\/dolanzarote.com\\\/de\\\/#website\"},\"datePublished\":\"2016-08-17T11:22:50+00:00\",\"dateModified\":\"2016-09-19T12:27:18+00:00\",\"breadcrumb\":{\"@id\":\"https:\\\/\\\/dolanzarote.com\\\/de\\\/vino\\\/uvas\\\/#breadcrumb\"},\"inLanguage\":\"en-US\",\"potentialAction\":[{\"@type\":\"ReadAction\",\"target\":[\"https:\\\/\\\/dolanzarote.com\\\/de\\\/vino\\\/uvas\\\/\"]}]},{\"@type\":\"BreadcrumbList\",\"@id\":\"https:\\\/\\\/dolanzarote.com\\\/de\\\/vino\\\/uvas\\\/#breadcrumb\",\"itemListElement\":[{\"@type\":\"ListItem\",\"position\":1,\"name\":\"Portada\",\"item\":\"https:\\\/\\\/dolanzarote.com\\\/\"},{\"@type\":\"ListItem\",\"position\":2,\"name\":\"(Espa\u00f1ol) Vino\",\"item\":\"https:\\\/\\\/dolanzarote.com\\\/de\\\/vino\\\/\"},{\"@type\":\"ListItem\",\"position\":3,\"name\":\"(Espa\u00f1ol) Uvas\"}]},{\"@type\":\"WebSite\",\"@id\":\"https:\\\/\\\/dolanzarote.com\\\/de\\\/#website\",\"url\":\"https:\\\/\\\/dolanzarote.com\\\/de\\\/\",\"name\":\"D.O. Lanzarote\",\"description\":\"Vinos de Lanzarote\",\"potentialAction\":[{\"@type\":\"SearchAction\",\"target\":{\"@type\":\"EntryPoint\",\"urlTemplate\":\"https:\\\/\\\/dolanzarote.com\\\/de\\\/?s={search_term_string}\"},\"query-input\":{\"@type\":\"PropertyValueSpecification\",\"valueRequired\":true,\"valueName\":\"search_term_string\"}}],\"inLanguage\":\"en-US\"}]}<\/script>\n<!-- \/ Yoast SEO plugin. -->","yoast_head_json":{"title":"(Espa\u00f1ol) Uvas - D.O. Lanzarote","robots":{"index":"index","follow":"follow","max-snippet":"max-snippet:-1","max-image-preview":"max-image-preview:large","max-video-preview":"max-video-preview:-1"},"canonical":"https:\/\/dolanzarote.com\/de\/vino\/uvas\/","og_locale":"en_US","og_type":"article","og_title":"(Espa\u00f1ol) Uvas - D.O. Lanzarote","og_description":"Sorry, this entry is only available in Espa\u00f1ol. Noticias relacionadas (Espa\u00f1ol) Segundo curso de cata de vinos de nivel II Sorry, this entry is only available in Espa\u00f1ol. (Espa\u00f1ol) \u00c9rase una vid. Historias maridadas con nuestros vinos Sorry, this entry is only available in Espa\u00f1ol....","og_url":"https:\/\/dolanzarote.com\/de\/vino\/uvas\/","og_site_name":"D.O. Lanzarote","article_modified_time":"2016-09-19T12:27:18+00:00","og_image":[{"url":"https:\/\/dolanzarote.com\/wp-content\/uploads\/2016\/08\/malvasia-volcanica.png","type":"","width":"","height":""}],"twitter_card":"summary_large_image","schema":{"@context":"https:\/\/schema.org","@graph":[{"@type":"WebPage","@id":"https:\/\/dolanzarote.com\/de\/vino\/uvas\/","url":"https:\/\/dolanzarote.com\/de\/vino\/uvas\/","name":"(Espa\u00f1ol) Uvas - D.O. Lanzarote","isPartOf":{"@id":"https:\/\/dolanzarote.com\/de\/#website"},"datePublished":"2016-08-17T11:22:50+00:00","dateModified":"2016-09-19T12:27:18+00:00","breadcrumb":{"@id":"https:\/\/dolanzarote.com\/de\/vino\/uvas\/#breadcrumb"},"inLanguage":"en-US","potentialAction":[{"@type":"ReadAction","target":["https:\/\/dolanzarote.com\/de\/vino\/uvas\/"]}]},{"@type":"BreadcrumbList","@id":"https:\/\/dolanzarote.com\/de\/vino\/uvas\/#breadcrumb","itemListElement":[{"@type":"ListItem","position":1,"name":"Portada","item":"https:\/\/dolanzarote.com\/"},{"@type":"ListItem","position":2,"name":"(Espa\u00f1ol) Vino","item":"https:\/\/dolanzarote.com\/de\/vino\/"},{"@type":"ListItem","position":3,"name":"(Espa\u00f1ol) Uvas"}]},{"@type":"WebSite","@id":"https:\/\/dolanzarote.com\/de\/#website","url":"https:\/\/dolanzarote.com\/de\/","name":"D.O. Lanzarote","description":"Vinos de Lanzarote","potentialAction":[{"@type":"SearchAction","target":{"@type":"EntryPoint","urlTemplate":"https:\/\/dolanzarote.com\/de\/?s={search_term_string}"},"query-input":{"@type":"PropertyValueSpecification","valueRequired":true,"valueName":"search_term_string"}}],"inLanguage":"en-US"}]}},"_links":{"self":[{"href":"https:\/\/dolanzarote.com\/en\/wp-json\/wp\/v2\/pages\/4649","targetHints":{"allow":["GET"]}}],"collection":[{"href":"https:\/\/dolanzarote.com\/en\/wp-json\/wp\/v2\/pages"}],"about":[{"href":"https:\/\/dolanzarote.com\/en\/wp-json\/wp\/v2\/types\/page"}],"author":[{"embeddable":true,"href":"https:\/\/dolanzarote.com\/en\/wp-json\/wp\/v2\/users\/1"}],"replies":[{"embeddable":true,"href":"https:\/\/dolanzarote.com\/en\/wp-json\/wp\/v2\/comments?post=4649"}],"version-history":[{"count":9,"href":"https:\/\/dolanzarote.com\/en\/wp-json\/wp\/v2\/pages\/4649\/revisions"}],"predecessor-version":[{"id":5179,"href":"https:\/\/dolanzarote.com\/en\/wp-json\/wp\/v2\/pages\/4649\/revisions\/5179"}],"up":[{"embeddable":true,"href":"https:\/\/dolanzarote.com\/en\/wp-json\/wp\/v2\/pages\/4596"}],"wp:attachment":[{"href":"https:\/\/dolanzarote.com\/en\/wp-json\/wp\/v2\/media?parent=4649"}],"curies":[{"name":"wp","href":"https:\/\/api.w.org\/{rel}","templated":true}]}}