{"id":4645,"date":"2016-08-17T11:22:21","date_gmt":"2016-08-17T11:22:21","guid":{"rendered":"https:\/\/dolanzarote.com\/?page_id=4645"},"modified":"2020-03-09T10:40:45","modified_gmt":"2020-03-09T10:40:45","slug":"cultivo","status":"publish","type":"page","link":"https:\/\/dolanzarote.com\/en\/vino\/cultivo\/","title":{"rendered":"Cultivation"},"content":{"rendered":"<p>[vc_row row_type=&#8221;row&#8221; use_row_as_full_screen_section=&#8221;no&#8221; type=&#8221;full_width&#8221; angled_section=&#8221;no&#8221; text_align=&#8221;left&#8221; background_image_as_pattern=&#8221;without_pattern&#8221; css_animation=&#8221;&#8221; css=&#8221;.vc_custom_1474288986846{margin-bottom: 40px !important;}&#8221;][vc_column width=&#8221;2\/3&#8243;][vc_column_text]<\/p>\n<h3>APPROXIMATE PLANTING DENSITY AND DISTANCE<\/h3>\n<p>&nbsp;<\/p>\n<ul>\n<li><strong>In the north<\/strong> the planting distance varies between <strong>1.5 and 2 m between each vine.<\/strong><\/li>\n<li><strong>In the Tinajo area,<\/strong>, it is approximately <strong>1,5 m.<\/strong><\/li>\n<li><strong>In the Geria area<\/strong> the planting distance can be up to <strong>4m.<\/strong><\/li>\n<\/ul>\n<p>&nbsp;<\/p>\n<p>This difference in the planting distance is due to the crop pattern used<\/p>\n<p>In the Geria area the hole system is used due to the thickness of the lapilli or pic\u00f3n layer, which in some areas can be up to 3 meters. Thus, the planting density is lower than on the rest of the island.<\/p>\n<p>In the Tinajo and Har\u00eda area, the trench system is used, with trenches either on the perimeter or throughout the plot. The lapilli layer in this area is thinner, especially in Har\u00eda, where it is scarce in some areas. The main area in Har\u00eda is Y\u00e9 \u2013 Lajares.<\/p>\n<blockquote><p>&nbsp;<\/p>\n<p><span style=\"color: #333333;\"><em><strong>Note<\/strong>: In chapter II, article 6, section 5.1 of the regulation, there is more information regarding planting density, based on the type of pruning used<\/em>.<\/span><\/p><\/blockquote>\n<h3><\/h3>\n<p>[\/vc_column_text][\/vc_column][vc_column width=&#8221;1\/3&#8243; css=&#8221;.vc_custom_1474288970998{padding-top: 30px !important;padding-right: 20px !important;padding-bottom: 30px !important;padding-left: 20px !important;background-color: #e2e2e2 !important;}&#8221;][vc_column_text]<\/p>\n<h3><\/h3>\n<h3>MAXIMUM AUTHORIZED PRODUCTION<\/h3>\n<p>(in kg by hectare): 7.000 kg. per ha.<\/p>\n<h3>AVERAGE AGE<\/h3>\n<p>Varies between 30 and 50 years as a general average, with very old vines and also new plants about 5-6 years old.<\/p>\n<h3>TYPE OF PRUNING<\/h3>\n<p>Spur<\/p>\n<h3>TYPE OF GRAPE HARVEST<\/h3>\n<p>Traditional. It is carried out without any type of mechanization, with the greatest possible care, with the healthy parts of the grape being used for protected wine production. The grape harvest is carried out in line with the wineries\u2019 capacity to avoid the deterioration of wine quality.[\/vc_column_text][\/vc_column][\/vc_row]<\/p>\n<!-- Begin Yuzo --><div class='yuzo_related_post style-1'  data-version='5.12.89'><!-- without result --><div class='yuzo_clearfixed yuzo__title yuzo__title'><h3>Noticias relacionadas<\/h3><\/div>\n\t\t\t\t\t\t  <div class=\"relatedthumb \" style=\"width:215px;float:left;overflow:hidden;\">  \n\t\t\t\t\t\t\t  \n\t\t\t\t\t\t\t  <a rel='nofollow' href=\"https:\/\/dolanzarote.com\/en\/los-vinos-de-lanzarote-se-promocionan-en-el-marco-del-gran-premio-internacional-mundus-vini-de-alemania\/\"  >\n\t\t\t\t\t\t\t\t\t  <div class=\"yuzo-img-wrap \" style=\"width: 215px;height:180px;\">\n\t\t\t\t\t\t\t\t\t\t\n\t\t\t\t\t\t\t\t\t\t<div class=\"yuzo-img\" style=\"background:url('https:\/\/dolanzarote.com\/wp-content\/uploads\/2014\/09\/Pedro-Ballesteros-225x300.jpg') 50% 50% no-repeat;width: 215px;height:180px;margin-bottom: 5px;background-size: cover; \"><\/div>\n\t\t\t\t\t\t\t\t\t  <\/div>\n\t\t\t\t\t\t\t\t\t  \n\t\t\t\t\t\t\t\t   <span class=\"yuzo__text--title\" style=\"font-size:18px;font-weight:bold;\">Los vinos de Lanzarote se promocionan en el marco del Gran Premio Intern...<\/span>\n\t\t\t\t\t\t\t  <span class=\"yuzo_text\" style=\"font-size:14px;\" >\n\nUn centenar de expertos cualificados de todo el mundo conocen los vinos DO Lanzarote en una cata c...<\/span>\n\t\t\t\t\t\t\t  \n\t\t\t\t\t\t\t  <\/a>\n\n\t\t\t\t\t\t  <\/div>\n\t\t\t\t\t\t  <div class=\"relatedthumb \" style=\"width:215px;float:left;overflow:hidden;\">  \n\t\t\t\t\t\t\t  \n\t\t\t\t\t\t\t  <a rel='nofollow' href=\"https:\/\/dolanzarote.com\/en\/presentacion-y-cata-comentada-de-vinos-de-la-d-o-lanzarote-en-la-universidad-de-la-laguna\/\"  >\n\t\t\t\t\t\t\t\t\t  <div class=\"yuzo-img-wrap \" style=\"width: 215px;height:180px;\">\n\t\t\t\t\t\t\t\t\t\t\n\t\t\t\t\t\t\t\t\t\t<div class=\"yuzo-img\" style=\"background:url('https:\/\/dolanzarote.com\/wp-content\/uploads\/2015\/01\/Aula-cultural-5-300x168.jpg') 50% 50% no-repeat;width: 215px;height:180px;margin-bottom: 5px;background-size: cover; \"><\/div>\n\t\t\t\t\t\t\t\t\t  <\/div>\n\t\t\t\t\t\t\t\t\t  \n\t\t\t\t\t\t\t\t   <span class=\"yuzo__text--title\" style=\"font-size:18px;font-weight:bold;\">Presentaci\u00f3n y cata comentada de vinos de la D.O. Lanzarote en la Univer...<\/span>\n\t\t\t\t\t\t\t  <span class=\"yuzo_text\" style=\"font-size:14px;\" >\n\nDentro del \u201cCurso Especialista en Gesti\u00f3n Enotur\u00edstica y An\u00e1lisis Sensorial de Vinos\u201d organizado p...<\/span>\n\t\t\t\t\t\t\t  \n\t\t\t\t\t\t\t  <\/a>\n\n\t\t\t\t\t\t  <\/div>\n\t\t\t\t\t\t  <div class=\"relatedthumb \" style=\"width:215px;float:left;overflow:hidden;\">  \n\t\t\t\t\t\t\t  \n\t\t\t\t\t\t\t  <a rel='nofollow' href=\"https:\/\/dolanzarote.com\/en\/suspendido-el-festival-enogastronomico-saborea-lanzarote-de-teguise-debido-al-temporal-de-lluvia-y-viento\/\"  >\n\t\t\t\t\t\t\t\t\t  <div class=\"yuzo-img-wrap \" style=\"width: 215px;height:180px;\">\n\t\t\t\t\t\t\t\t\t\t\n\t\t\t\t\t\t\t\t\t\t<div class=\"yuzo-img\" style=\"background:url('http:\/\/dolanzarote.lztic.com\/wp-content\/plugins\/yuzo-related-post\/assets\/images\/default.png') 50% 50% no-repeat;width: 215px;height:180px;margin-bottom: 5px;background-size: cover; \"><\/div>\n\t\t\t\t\t\t\t\t\t  <\/div>\n\t\t\t\t\t\t\t\t\t  \n\t\t\t\t\t\t\t\t   <span class=\"yuzo__text--title\" style=\"font-size:18px;font-weight:bold;\">Suspendido el Festival Enogastron\u00f3mico Saborea Lanzarote de Teguise debi...<\/span>\n\t\t\t\t\t\t\t  <span class=\"yuzo_text\" style=\"font-size:14px;\" >El Festival Enogastron\u00f3mico Saborea Lanzarote que, organizado por el Cabildo de Lanzarote, el Ayunta...<\/span>\n\t\t\t\t\t\t\t  \n\t\t\t\t\t\t\t  <\/a>\n\n\t\t\t\t\t\t  <\/div>\n<\/div> <script>\n\t\t\t\t\t\t  jQuery(document).ready(function( $ ){\n\t\t\t\t\t\t\t\/\/jQuery('.yuzo_related_post').equalizer({ overflow : 'relatedthumb' });\n\t\t\t\t\t\t\tjQuery('.yuzo_related_post .yuzo_wraps').equalizer({ columns : '> div' });\n\t\t\t\t\t\t   })\n\t\t\t\t\t\t  <\/script> <!-- End Yuzo :) --><!-- AddThis Advanced Settings generic via filter on the_content --><!-- AddThis Share Buttons generic via filter on the_content -->","protected":false},"excerpt":{"rendered":"<p>[vc_row row_type=&#8221;row&#8221; use_row_as_full_screen_section=&#8221;no&#8221; type=&#8221;full_width&#8221; angled_section=&#8221;no&#8221; text_align=&#8221;left&#8221; background_image_as_pattern=&#8221;without_pattern&#8221; css_animation=&#8221;&#8221; css=&#8221;.vc_custom_1474288986846{margin-bottom: 40px !important;}&#8221;][vc_column width=&#8221;2\/3&#8243;][vc_column_text] APPROXIMATE PLANTING DENSITY AND DISTANCE &nbsp; In the north the planting distance varies between 1.5 and 2 m between each vine. In the Tinajo area,, it is approximately 1,5 m. In the Geria&#8230;<!-- AddThis Advanced Settings generic via filter on get_the_excerpt --><!-- AddThis Share Buttons generic via filter on get_the_excerpt --><\/p>\n","protected":false},"author":1,"featured_media":0,"parent":4596,"menu_order":0,"comment_status":"closed","ping_status":"closed","template":"","meta":{"_mc_calendar":[],"footnotes":""},"class_list":["post-4645","page","type-page","status-publish","hentry"],"yoast_head":"<!-- This site is optimized with the Yoast SEO plugin v27.4 - https:\/\/yoast.com\/product\/yoast-seo-wordpress\/ -->\n<title>Cultivation - D.O. Lanzarote<\/title>\n<meta name=\"robots\" content=\"index, follow, max-snippet:-1, max-image-preview:large, max-video-preview:-1\" \/>\n<link rel=\"canonical\" href=\"https:\/\/dolanzarote.com\/de\/vino\/cultivo\/\" \/>\n<meta property=\"og:locale\" content=\"en_US\" \/>\n<meta property=\"og:type\" content=\"article\" \/>\n<meta property=\"og:title\" content=\"Cultivation - D.O. Lanzarote\" \/>\n<meta property=\"og:description\" content=\"[vc_row row_type=&#8221;row&#8221; use_row_as_full_screen_section=&#8221;no&#8221; type=&#8221;full_width&#8221; angled_section=&#8221;no&#8221; text_align=&#8221;left&#8221; background_image_as_pattern=&#8221;without_pattern&#8221; css_animation=&#8221;&#8221; css=&#8221;.vc_custom_1474288986846{margin-bottom: 40px !important;}&#8221;][vc_column width=&#8221;2\/3&#8243;][vc_column_text] APPROXIMATE PLANTING DENSITY AND DISTANCE &nbsp; In the north the planting distance varies between 1.5 and 2 m between each vine. In the Tinajo area,, it is approximately 1,5 m. In the Geria...\" \/>\n<meta property=\"og:url\" content=\"https:\/\/dolanzarote.com\/de\/vino\/cultivo\/\" \/>\n<meta property=\"og:site_name\" content=\"D.O. Lanzarote\" \/>\n<meta property=\"article:modified_time\" content=\"2020-03-09T10:40:45+00:00\" \/>\n<meta name=\"twitter:card\" content=\"summary_large_image\" \/>\n<meta name=\"twitter:label1\" content=\"Est. reading time\" \/>\n\t<meta name=\"twitter:data1\" content=\"2 minutes\" \/>\n<script type=\"application\/ld+json\" class=\"yoast-schema-graph\">{\"@context\":\"https:\\\/\\\/schema.org\",\"@graph\":[{\"@type\":\"WebPage\",\"@id\":\"https:\\\/\\\/dolanzarote.com\\\/de\\\/vino\\\/cultivo\\\/\",\"url\":\"https:\\\/\\\/dolanzarote.com\\\/de\\\/vino\\\/cultivo\\\/\",\"name\":\"Cultivation - D.O. Lanzarote\",\"isPartOf\":{\"@id\":\"https:\\\/\\\/dolanzarote.com\\\/de\\\/#website\"},\"datePublished\":\"2016-08-17T11:22:21+00:00\",\"dateModified\":\"2020-03-09T10:40:45+00:00\",\"breadcrumb\":{\"@id\":\"https:\\\/\\\/dolanzarote.com\\\/de\\\/vino\\\/cultivo\\\/#breadcrumb\"},\"inLanguage\":\"en-US\",\"potentialAction\":[{\"@type\":\"ReadAction\",\"target\":[\"https:\\\/\\\/dolanzarote.com\\\/de\\\/vino\\\/cultivo\\\/\"]}]},{\"@type\":\"BreadcrumbList\",\"@id\":\"https:\\\/\\\/dolanzarote.com\\\/de\\\/vino\\\/cultivo\\\/#breadcrumb\",\"itemListElement\":[{\"@type\":\"ListItem\",\"position\":1,\"name\":\"Portada\",\"item\":\"https:\\\/\\\/dolanzarote.com\\\/\"},{\"@type\":\"ListItem\",\"position\":2,\"name\":\"(Espa\u00f1ol) Vino\",\"item\":\"https:\\\/\\\/dolanzarote.com\\\/de\\\/vino\\\/\"},{\"@type\":\"ListItem\",\"position\":3,\"name\":\"Anbau\"}]},{\"@type\":\"WebSite\",\"@id\":\"https:\\\/\\\/dolanzarote.com\\\/de\\\/#website\",\"url\":\"https:\\\/\\\/dolanzarote.com\\\/de\\\/\",\"name\":\"D.O. Lanzarote\",\"description\":\"Vinos de Lanzarote\",\"potentialAction\":[{\"@type\":\"SearchAction\",\"target\":{\"@type\":\"EntryPoint\",\"urlTemplate\":\"https:\\\/\\\/dolanzarote.com\\\/de\\\/?s={search_term_string}\"},\"query-input\":{\"@type\":\"PropertyValueSpecification\",\"valueRequired\":true,\"valueName\":\"search_term_string\"}}],\"inLanguage\":\"en-US\"}]}<\/script>\n<!-- \/ Yoast SEO plugin. -->","yoast_head_json":{"title":"Cultivation - D.O. Lanzarote","robots":{"index":"index","follow":"follow","max-snippet":"max-snippet:-1","max-image-preview":"max-image-preview:large","max-video-preview":"max-video-preview:-1"},"canonical":"https:\/\/dolanzarote.com\/de\/vino\/cultivo\/","og_locale":"en_US","og_type":"article","og_title":"Cultivation - D.O. Lanzarote","og_description":"[vc_row row_type=&#8221;row&#8221; use_row_as_full_screen_section=&#8221;no&#8221; type=&#8221;full_width&#8221; angled_section=&#8221;no&#8221; text_align=&#8221;left&#8221; background_image_as_pattern=&#8221;without_pattern&#8221; css_animation=&#8221;&#8221; css=&#8221;.vc_custom_1474288986846{margin-bottom: 40px !important;}&#8221;][vc_column width=&#8221;2\/3&#8243;][vc_column_text] APPROXIMATE PLANTING DENSITY AND DISTANCE &nbsp; In the north the planting distance varies between 1.5 and 2 m between each vine. In the Tinajo area,, it is approximately 1,5 m. In the Geria...","og_url":"https:\/\/dolanzarote.com\/de\/vino\/cultivo\/","og_site_name":"D.O. Lanzarote","article_modified_time":"2020-03-09T10:40:45+00:00","twitter_card":"summary_large_image","twitter_misc":{"Est. reading time":"2 minutes"},"schema":{"@context":"https:\/\/schema.org","@graph":[{"@type":"WebPage","@id":"https:\/\/dolanzarote.com\/de\/vino\/cultivo\/","url":"https:\/\/dolanzarote.com\/de\/vino\/cultivo\/","name":"Cultivation - D.O. Lanzarote","isPartOf":{"@id":"https:\/\/dolanzarote.com\/de\/#website"},"datePublished":"2016-08-17T11:22:21+00:00","dateModified":"2020-03-09T10:40:45+00:00","breadcrumb":{"@id":"https:\/\/dolanzarote.com\/de\/vino\/cultivo\/#breadcrumb"},"inLanguage":"en-US","potentialAction":[{"@type":"ReadAction","target":["https:\/\/dolanzarote.com\/de\/vino\/cultivo\/"]}]},{"@type":"BreadcrumbList","@id":"https:\/\/dolanzarote.com\/de\/vino\/cultivo\/#breadcrumb","itemListElement":[{"@type":"ListItem","position":1,"name":"Portada","item":"https:\/\/dolanzarote.com\/"},{"@type":"ListItem","position":2,"name":"(Espa\u00f1ol) Vino","item":"https:\/\/dolanzarote.com\/de\/vino\/"},{"@type":"ListItem","position":3,"name":"Anbau"}]},{"@type":"WebSite","@id":"https:\/\/dolanzarote.com\/de\/#website","url":"https:\/\/dolanzarote.com\/de\/","name":"D.O. Lanzarote","description":"Vinos de Lanzarote","potentialAction":[{"@type":"SearchAction","target":{"@type":"EntryPoint","urlTemplate":"https:\/\/dolanzarote.com\/de\/?s={search_term_string}"},"query-input":{"@type":"PropertyValueSpecification","valueRequired":true,"valueName":"search_term_string"}}],"inLanguage":"en-US"}]}},"_links":{"self":[{"href":"https:\/\/dolanzarote.com\/en\/wp-json\/wp\/v2\/pages\/4645","targetHints":{"allow":["GET"]}}],"collection":[{"href":"https:\/\/dolanzarote.com\/en\/wp-json\/wp\/v2\/pages"}],"about":[{"href":"https:\/\/dolanzarote.com\/en\/wp-json\/wp\/v2\/types\/page"}],"author":[{"embeddable":true,"href":"https:\/\/dolanzarote.com\/en\/wp-json\/wp\/v2\/users\/1"}],"replies":[{"embeddable":true,"href":"https:\/\/dolanzarote.com\/en\/wp-json\/wp\/v2\/comments?post=4645"}],"version-history":[{"count":10,"href":"https:\/\/dolanzarote.com\/en\/wp-json\/wp\/v2\/pages\/4645\/revisions"}],"predecessor-version":[{"id":8782,"href":"https:\/\/dolanzarote.com\/en\/wp-json\/wp\/v2\/pages\/4645\/revisions\/8782"}],"up":[{"embeddable":true,"href":"https:\/\/dolanzarote.com\/en\/wp-json\/wp\/v2\/pages\/4596"}],"wp:attachment":[{"href":"https:\/\/dolanzarote.com\/en\/wp-json\/wp\/v2\/media?parent=4645"}],"curies":[{"name":"wp","href":"https:\/\/api.w.org\/{rel}","templated":true}]}}