{"id":4623,"date":"2016-08-16T18:37:09","date_gmt":"2016-08-16T18:37:09","guid":{"rendered":"https:\/\/dolanzarote.com\/?page_id=4623"},"modified":"2020-03-06T12:34:07","modified_gmt":"2020-03-06T12:34:07","slug":"entorno-juridico","status":"publish","type":"page","link":"https:\/\/dolanzarote.com\/en\/dolanzarote\/entorno-juridico\/","title":{"rendered":"Legal environment"},"content":{"rendered":"<p>[vc_row row_type=&#8221;row&#8221; use_row_as_full_screen_section=&#8221;no&#8221; type=&#8221;full_width&#8221; angled_section=&#8221;no&#8221; text_align=&#8221;left&#8221; background_image_as_pattern=&#8221;without_pattern&#8221; css_animation=&#8221;&#8221;][vc_column width=&#8221;2\/3&#8243;]<div class=ordered><\/p>\n<ol>\n<li>\u00a0<a href=\"http:\/\/www.gobcan.es\/boc\/1993\/161\/001.html\" target=\"_blank\" rel=\"noopener noreferrer\">Order dated December 14, 1993,<br \/>\n<strong>recognizing the Designation of Origin \u201cLanzarote\u201d and approving the implementation of its Regulation and Regulatory Council.<\/strong><\/a><br \/>\n<em>Published in Official Gazette of the Canary Islands No. 161 on December 22, 1993.<\/em><\/li>\n<li>\u00a0<a href=\"http:\/\/www.gobcan.es\/boc\/1994\/031\/001.html\" target=\"_blank\" rel=\"noopener noreferrer\">Order dated February 7, 1994<\/a>,<a href=\"http:\/\/www.gobcan.es\/boc\/1994\/031\/001.html\"><br \/>\n<strong> regulating the qualification process that wines must pass to have the right to Designation of Origin from the Autonomous Community of the Canary Islands.<\/strong><\/a><br \/>\n<em>Published in Official Gazette of the Canary Islands No. 031 on March 14, 1994.<\/em><\/li>\n<li>The Regulatory Councils are in the process of adapting\u00a0<strong><a href=\"http:\/\/www.boe.es\/boe\/dias\/2003-07-11\/pdfs\/A27165-27179.pdf\" target=\"_blank\" rel=\"noopener noreferrer\"> to the new Wine Act. Act 24\/2003, of July 10, on Vineyards and Wine.<\/a>.<\/strong><br \/>\n<em>Published in Official State Gazette No. 165 on Friday, July 11, 2003.<\/em><\/li>\n<li><a href=\"http:\/\/www.gobiernodecanarias.org\/boc\/2008\/033\/006.html\" target=\"_blank\" rel=\"noopener noreferrer\">Order of February 6, 2008<br \/>\n<strong>Approving \u00a0 the Bylaws of the Vinos de Lanzarote Designation of Origin Regulatory Council.<\/strong><\/a><br \/>\n<em>Published in Official Gazette of the Canary Islands No. 033 on Thursday, February 14, 2008.<\/em><\/li>\n<li><a href=\"https:\/\/dolanzarote.com\/wp-content\/uploads\/2011\/05\/Modificacion-Estatutos-Consejo-Regulador.pdf\" target=\"_blank\" rel=\"noopener noreferrer\">Order of October 24, 2009,<br \/>\n<strong> amending the Order of February 6, 2008, approving the Bylaws of the \u201cVinos de Lanzarote\u201d Designation of Origin Regulatory Council.<\/strong><\/a><br \/>\n<em>Published in Official State Gazette No. 217 on Thursday, November 5, 2009.<\/em><\/li>\n<li><a href=\"https:\/\/dolanzarote.com\/wp-content\/uploads\/2011\/05\/Nombramiento-Presidente-Javier-Betancort.pdf\" target=\"_blank\" rel=\"noopener noreferrer\">Canary Islands Agri-Food Institute Resolution of June 10, 2010<\/a><br \/>\n<strong>appointing Javier Betancort Tubau President of the DO Lanzarote Regulatory Council.<\/strong><br \/>\n<em>Published in Official Gazette of the Canary Islands No. 120, dated June 21.<\/em><\/li>\n<li>Order of February 7, 2011<br \/>\n<strong>approving the <\/strong><a href=\"http:\/\/www.gobiernodecanarias.org\/boc\/2011\/035\/002.html\" target=\"_blank\" rel=\"noopener noreferrer\"><strong>\u00a0Regulation on the Vinos de Lanzarote Designation of Origin.<\/strong><br \/>\n<\/a><em>Published in Official Gazette of the Canary Islands No. 35, dated February 17, 2011<\/em><\/li>\n<li>Order of May 26, 2011.<br \/>\n<strong>correcting <a href=\"https:\/\/dolanzarote.com\/wp-content\/uploads\/2011\/05\/Reglamento-Consejo-Regulador-2011-I.pdf\" target=\"_blank\" rel=\"noopener noreferrer\">\u00a0the error in the Order of February 7, 2011, approving the Regulation on the Vinos de Lanzarote Designation of Origin.<br \/>\n<\/a><\/strong><em>Published in Official Gazette of the Canary Islands No. 115 on Monday, June 13, 2011.<\/em><\/li>\n<li>Canary Islands Agri-Food Institute Resolution of November 28, 2013<br \/>\n<strong>appointing <a href=\"https:\/\/dolanzarote.com\/wp-content\/uploads\/2011\/05\/Publicacion-en-el-BOC-nombramiento-Presidenta.pdf\" target=\"_blank\" rel=\"noopener noreferrer\">Ascensi\u00f3n Vicenta Robayna Elvira President of the DO Lanzarote Regulatory Council.<\/a>.<\/strong><br \/>\n<em>Published in Official Gazette of the Canary Islands No. 236, dated December 9.<\/em><\/li>\n<\/ol>\n<p><\/div>[\/vc_column][vc_column width=&#8221;1\/3&#8243;][vc_single_image image=&#8221;5018&#8243; img_size=&#8221;full&#8221; alignment=&#8221;center&#8221; qode_css_animation=&#8221;element_from_right&#8221;][vc_single_image image=&#8221;4707&#8243; img_size=&#8221;full&#8221; qode_css_animation=&#8221;element_from_fade&#8221; transition_delay=&#8221;1&#8243; css=&#8221;.vc_custom_1474028578721{margin-bottom: 20px !important;}&#8221;][\/vc_column][\/vc_row]<\/p>\n<!-- Begin Yuzo --><div class='yuzo_related_post style-1'  data-version='5.12.89'><!-- without result --><div class='yuzo_clearfixed yuzo__title yuzo__title'><h3>Noticias relacionadas<\/h3><\/div>\n\t\t\t\t\t\t  <div class=\"relatedthumb \" style=\"width:215px;float:left;overflow:hidden;\">  \n\t\t\t\t\t\t\t  \n\t\t\t\t\t\t\t  <a rel='nofollow' href=\"https:\/\/dolanzarote.com\/en\/el-grifo-logra-dos-medallas-de-oro-en-berliner-wein-trophy\/\"  >\n\t\t\t\t\t\t\t\t\t  <div class=\"yuzo-img-wrap \" style=\"width: 215px;height:180px;\">\n\t\t\t\t\t\t\t\t\t\t\n\t\t\t\t\t\t\t\t\t\t<div class=\"yuzo-img\" style=\"background:url('https:\/\/dolanzarote.com\/wp-content\/uploads\/2018\/02\/List\u00e1n-Negro-de-Bodegas-El-Grifo-de-Lanzarote-medalla-de-oro-en-Berliner-Wein-Trophy-2018-253x300.png') 50% 50% no-repeat;width: 215px;height:180px;margin-bottom: 5px;background-size: cover; \"><\/div>\n\t\t\t\t\t\t\t\t\t  <\/div>\n\t\t\t\t\t\t\t\t\t  \n\t\t\t\t\t\t\t\t   <span class=\"yuzo__text--title\" style=\"font-size:18px;font-weight:bold;\">(Espa\u00f1ol) El Grifo logra dos Medallas de Oro en Berliner Wein Trophy<\/span>\n\t\t\t\t\t\t\t  <span class=\"yuzo_text\" style=\"font-size:14px;\" >Sorry, this entry is only available in Espa\u00f1ol.<\/span>\n\t\t\t\t\t\t\t  \n\t\t\t\t\t\t\t  <\/a>\n\n\t\t\t\t\t\t  <\/div>\n\t\t\t\t\t\t  <div class=\"relatedthumb \" style=\"width:215px;float:left;overflow:hidden;\">  \n\t\t\t\t\t\t\t  \n\t\t\t\t\t\t\t  <a rel='nofollow' href=\"https:\/\/dolanzarote.com\/en\/los-bermejos-organiza-un-arbol-solidario-navideno-para-recaudar-fondos-destinados-a-familias-sin-recursos\/\"  >\n\t\t\t\t\t\t\t\t\t  <div class=\"yuzo-img-wrap \" style=\"width: 215px;height:180px;\">\n\t\t\t\t\t\t\t\t\t\t\n\t\t\t\t\t\t\t\t\t\t<div class=\"yuzo-img\" style=\"background:url('http:\/\/dolanzarote.lztic.com\/wp-content\/plugins\/yuzo-related-post\/assets\/images\/default.png') 50% 50% no-repeat;width: 215px;height:180px;margin-bottom: 5px;background-size: cover; \"><\/div>\n\t\t\t\t\t\t\t\t\t  <\/div>\n\t\t\t\t\t\t\t\t\t  \n\t\t\t\t\t\t\t\t   <span class=\"yuzo__text--title\" style=\"font-size:18px;font-weight:bold;\">Los Bermejos organiza un \u00c1rbol Solidario navide\u00f1o para recaudar fondos d...<\/span>\n\t\t\t\t\t\t\t  <span class=\"yuzo_text\" style=\"font-size:14px;\" >Anima a participar en su decoraci\u00f3n para convertirlo \u201cen el m\u00e1s grande de Canarias\u201d y a las activida...<\/span>\n\t\t\t\t\t\t\t  \n\t\t\t\t\t\t\t  <\/a>\n\n\t\t\t\t\t\t  <\/div>\n\t\t\t\t\t\t  <div class=\"relatedthumb \" style=\"width:215px;float:left;overflow:hidden;\">  \n\t\t\t\t\t\t\t  \n\t\t\t\t\t\t\t  <a rel='nofollow' href=\"https:\/\/dolanzarote.com\/en\/el-consejo-regulador-llama-a-las-empresas-e-instituciones-a-apostar-por-el-vino-de-la-d-o-en-las-cestas-navidenas\/\"  >\n\t\t\t\t\t\t\t\t\t  <div class=\"yuzo-img-wrap \" style=\"width: 215px;height:180px;\">\n\t\t\t\t\t\t\t\t\t\t\n\t\t\t\t\t\t\t\t\t\t<div class=\"yuzo-img\" style=\"background:url('https:\/\/dolanzarote.com\/wp-content\/uploads\/2019\/12\/E0A00914-7438-470A-B20D-30E1080C8305-300x200.jpeg') 50% 50% no-repeat;width: 215px;height:180px;margin-bottom: 5px;background-size: cover; \"><\/div>\n\t\t\t\t\t\t\t\t\t  <\/div>\n\t\t\t\t\t\t\t\t\t  \n\t\t\t\t\t\t\t\t   <span class=\"yuzo__text--title\" style=\"font-size:18px;font-weight:bold;\">(Espa\u00f1ol) El Consejo Regulador llama a las empresas e instituciones a ap...<\/span>\n\t\t\t\t\t\t\t  <span class=\"yuzo_text\" style=\"font-size:14px;\" >Sorry, this entry is only available in Espa\u00f1ol.<\/span>\n\t\t\t\t\t\t\t  \n\t\t\t\t\t\t\t  <\/a>\n\n\t\t\t\t\t\t  <\/div>\n<\/div> <script>\n\t\t\t\t\t\t  jQuery(document).ready(function( $ ){\n\t\t\t\t\t\t\t\/\/jQuery('.yuzo_related_post').equalizer({ overflow : 'relatedthumb' });\n\t\t\t\t\t\t\tjQuery('.yuzo_related_post .yuzo_wraps').equalizer({ columns : '> div' });\n\t\t\t\t\t\t   })\n\t\t\t\t\t\t  <\/script> <!-- End Yuzo :) --><!-- AddThis Advanced Settings generic via filter on the_content --><!-- AddThis Share Buttons generic via filter on the_content -->","protected":false},"excerpt":{"rendered":"<p>[vc_row row_type=&#8221;row&#8221; use_row_as_full_screen_section=&#8221;no&#8221; type=&#8221;full_width&#8221; angled_section=&#8221;no&#8221; text_align=&#8221;left&#8221; background_image_as_pattern=&#8221;without_pattern&#8221; css_animation=&#8221;&#8221;][vc_column width=&#8221;2\/3&#8243;][\/vc_column][vc_column width=&#8221;1\/3&#8243;][vc_single_image image=&#8221;5018&#8243; img_size=&#8221;full&#8221; alignment=&#8221;center&#8221; qode_css_animation=&#8221;element_from_right&#8221;][vc_single_image image=&#8221;4707&#8243; img_size=&#8221;full&#8221; qode_css_animation=&#8221;element_from_fade&#8221; transition_delay=&#8221;1&#8243; css=&#8221;.vc_custom_1474028578721{margin-bottom: 20px !important;}&#8221;][\/vc_column][\/vc_row] Noticias relacionadas (Espa\u00f1ol) Club de cata Bodega Los Bermejos Sorry, this entry is only available in Espa\u00f1ol. Los vinos lanzarote\u00f1os est\u00e1n de moda en&#8230;<!-- AddThis Advanced Settings generic via filter on get_the_excerpt --><!-- AddThis Share Buttons generic via filter on get_the_excerpt --><\/p>\n","protected":false},"author":1,"featured_media":0,"parent":4594,"menu_order":0,"comment_status":"closed","ping_status":"closed","template":"","meta":{"_mc_calendar":[],"footnotes":""},"class_list":["post-4623","page","type-page","status-publish","hentry"],"yoast_head":"<!-- This site is optimized with the Yoast SEO plugin v27.4 - https:\/\/yoast.com\/product\/yoast-seo-wordpress\/ -->\n<title>Legal environment - D.O. Lanzarote<\/title>\n<meta name=\"robots\" content=\"index, follow, max-snippet:-1, max-image-preview:large, max-video-preview:-1\" \/>\n<link rel=\"canonical\" href=\"https:\/\/dolanzarote.com\/dolanzarote\/entorno-juridico\/\" \/>\n<meta property=\"og:locale\" content=\"en_US\" \/>\n<meta property=\"og:type\" content=\"article\" \/>\n<meta property=\"og:title\" content=\"Legal environment - D.O. Lanzarote\" \/>\n<meta property=\"og:description\" content=\"[vc_row row_type=&#8221;row&#8221; use_row_as_full_screen_section=&#8221;no&#8221; type=&#8221;full_width&#8221; angled_section=&#8221;no&#8221; text_align=&#8221;left&#8221; background_image_as_pattern=&#8221;without_pattern&#8221; css_animation=&#8221;&#8221;][vc_column width=&#8221;2\/3&#8243;][\/vc_column][vc_column width=&#8221;1\/3&#8243;][vc_single_image image=&#8221;5018&#8243; img_size=&#8221;full&#8221; alignment=&#8221;center&#8221; qode_css_animation=&#8221;element_from_right&#8221;][vc_single_image image=&#8221;4707&#8243; img_size=&#8221;full&#8221; qode_css_animation=&#8221;element_from_fade&#8221; transition_delay=&#8221;1&#8243; css=&#8221;.vc_custom_1474028578721{margin-bottom: 20px !important;}&#8221;][\/vc_column][\/vc_row] Noticias relacionadas 1.331 viticultores lanzarote\u00f1os y 1.585 hect\u00e1reas tramitaron las ayudas ... El importe de la ayuda corresponde a 1.650 euros si existe p\u00f3liza...\" \/>\n<meta property=\"og:url\" content=\"https:\/\/dolanzarote.com\/dolanzarote\/entorno-juridico\/\" \/>\n<meta property=\"og:site_name\" content=\"D.O. Lanzarote\" \/>\n<meta property=\"article:modified_time\" content=\"2020-03-06T12:34:07+00:00\" \/>\n<meta name=\"twitter:card\" content=\"summary_large_image\" \/>\n<meta name=\"twitter:label1\" content=\"Est. reading time\" \/>\n\t<meta name=\"twitter:data1\" content=\"2 minutes\" \/>\n<script type=\"application\/ld+json\" class=\"yoast-schema-graph\">{\"@context\":\"https:\\\/\\\/schema.org\",\"@graph\":[{\"@type\":\"WebPage\",\"@id\":\"https:\\\/\\\/dolanzarote.com\\\/dolanzarote\\\/entorno-juridico\\\/\",\"url\":\"https:\\\/\\\/dolanzarote.com\\\/dolanzarote\\\/entorno-juridico\\\/\",\"name\":\"Legal environment - D.O. Lanzarote\",\"isPartOf\":{\"@id\":\"https:\\\/\\\/dolanzarote.com\\\/de\\\/#website\"},\"datePublished\":\"2016-08-16T18:37:09+00:00\",\"dateModified\":\"2020-03-06T12:34:07+00:00\",\"breadcrumb\":{\"@id\":\"https:\\\/\\\/dolanzarote.com\\\/dolanzarote\\\/entorno-juridico\\\/#breadcrumb\"},\"inLanguage\":\"en-US\",\"potentialAction\":[{\"@type\":\"ReadAction\",\"target\":[\"https:\\\/\\\/dolanzarote.com\\\/dolanzarote\\\/entorno-juridico\\\/\"]}]},{\"@type\":\"BreadcrumbList\",\"@id\":\"https:\\\/\\\/dolanzarote.com\\\/dolanzarote\\\/entorno-juridico\\\/#breadcrumb\",\"itemListElement\":[{\"@type\":\"ListItem\",\"position\":1,\"name\":\"Portada\",\"item\":\"https:\\\/\\\/dolanzarote.com\\\/\"},{\"@type\":\"ListItem\",\"position\":2,\"name\":\"DOLanzarote\",\"item\":\"https:\\\/\\\/dolanzarote.com\\\/dolanzarote\\\/\"},{\"@type\":\"ListItem\",\"position\":3,\"name\":\"Entorno jur\u00eddico\"}]},{\"@type\":\"WebSite\",\"@id\":\"https:\\\/\\\/dolanzarote.com\\\/de\\\/#website\",\"url\":\"https:\\\/\\\/dolanzarote.com\\\/de\\\/\",\"name\":\"D.O. Lanzarote\",\"description\":\"Vinos de Lanzarote\",\"potentialAction\":[{\"@type\":\"SearchAction\",\"target\":{\"@type\":\"EntryPoint\",\"urlTemplate\":\"https:\\\/\\\/dolanzarote.com\\\/de\\\/?s={search_term_string}\"},\"query-input\":{\"@type\":\"PropertyValueSpecification\",\"valueRequired\":true,\"valueName\":\"search_term_string\"}}],\"inLanguage\":\"en-US\"}]}<\/script>\n<!-- \/ Yoast SEO plugin. -->","yoast_head_json":{"title":"Legal environment - D.O. Lanzarote","robots":{"index":"index","follow":"follow","max-snippet":"max-snippet:-1","max-image-preview":"max-image-preview:large","max-video-preview":"max-video-preview:-1"},"canonical":"https:\/\/dolanzarote.com\/dolanzarote\/entorno-juridico\/","og_locale":"en_US","og_type":"article","og_title":"Legal environment - D.O. Lanzarote","og_description":"[vc_row row_type=&#8221;row&#8221; use_row_as_full_screen_section=&#8221;no&#8221; type=&#8221;full_width&#8221; angled_section=&#8221;no&#8221; text_align=&#8221;left&#8221; background_image_as_pattern=&#8221;without_pattern&#8221; css_animation=&#8221;&#8221;][vc_column width=&#8221;2\/3&#8243;][\/vc_column][vc_column width=&#8221;1\/3&#8243;][vc_single_image image=&#8221;5018&#8243; img_size=&#8221;full&#8221; alignment=&#8221;center&#8221; qode_css_animation=&#8221;element_from_right&#8221;][vc_single_image image=&#8221;4707&#8243; img_size=&#8221;full&#8221; qode_css_animation=&#8221;element_from_fade&#8221; transition_delay=&#8221;1&#8243; css=&#8221;.vc_custom_1474028578721{margin-bottom: 20px !important;}&#8221;][\/vc_column][\/vc_row] Noticias relacionadas 1.331 viticultores lanzarote\u00f1os y 1.585 hect\u00e1reas tramitaron las ayudas ... El importe de la ayuda corresponde a 1.650 euros si existe p\u00f3liza...","og_url":"https:\/\/dolanzarote.com\/dolanzarote\/entorno-juridico\/","og_site_name":"D.O. Lanzarote","article_modified_time":"2020-03-06T12:34:07+00:00","twitter_card":"summary_large_image","twitter_misc":{"Est. reading time":"2 minutes"},"schema":{"@context":"https:\/\/schema.org","@graph":[{"@type":"WebPage","@id":"https:\/\/dolanzarote.com\/dolanzarote\/entorno-juridico\/","url":"https:\/\/dolanzarote.com\/dolanzarote\/entorno-juridico\/","name":"Legal environment - D.O. Lanzarote","isPartOf":{"@id":"https:\/\/dolanzarote.com\/de\/#website"},"datePublished":"2016-08-16T18:37:09+00:00","dateModified":"2020-03-06T12:34:07+00:00","breadcrumb":{"@id":"https:\/\/dolanzarote.com\/dolanzarote\/entorno-juridico\/#breadcrumb"},"inLanguage":"en-US","potentialAction":[{"@type":"ReadAction","target":["https:\/\/dolanzarote.com\/dolanzarote\/entorno-juridico\/"]}]},{"@type":"BreadcrumbList","@id":"https:\/\/dolanzarote.com\/dolanzarote\/entorno-juridico\/#breadcrumb","itemListElement":[{"@type":"ListItem","position":1,"name":"Portada","item":"https:\/\/dolanzarote.com\/"},{"@type":"ListItem","position":2,"name":"DOLanzarote","item":"https:\/\/dolanzarote.com\/dolanzarote\/"},{"@type":"ListItem","position":3,"name":"Entorno jur\u00eddico"}]},{"@type":"WebSite","@id":"https:\/\/dolanzarote.com\/de\/#website","url":"https:\/\/dolanzarote.com\/de\/","name":"D.O. Lanzarote","description":"Vinos de Lanzarote","potentialAction":[{"@type":"SearchAction","target":{"@type":"EntryPoint","urlTemplate":"https:\/\/dolanzarote.com\/de\/?s={search_term_string}"},"query-input":{"@type":"PropertyValueSpecification","valueRequired":true,"valueName":"search_term_string"}}],"inLanguage":"en-US"}]}},"_links":{"self":[{"href":"https:\/\/dolanzarote.com\/en\/wp-json\/wp\/v2\/pages\/4623","targetHints":{"allow":["GET"]}}],"collection":[{"href":"https:\/\/dolanzarote.com\/en\/wp-json\/wp\/v2\/pages"}],"about":[{"href":"https:\/\/dolanzarote.com\/en\/wp-json\/wp\/v2\/types\/page"}],"author":[{"embeddable":true,"href":"https:\/\/dolanzarote.com\/en\/wp-json\/wp\/v2\/users\/1"}],"replies":[{"embeddable":true,"href":"https:\/\/dolanzarote.com\/en\/wp-json\/wp\/v2\/comments?post=4623"}],"version-history":[{"count":18,"href":"https:\/\/dolanzarote.com\/en\/wp-json\/wp\/v2\/pages\/4623\/revisions"}],"predecessor-version":[{"id":8757,"href":"https:\/\/dolanzarote.com\/en\/wp-json\/wp\/v2\/pages\/4623\/revisions\/8757"}],"up":[{"embeddable":true,"href":"https:\/\/dolanzarote.com\/en\/wp-json\/wp\/v2\/pages\/4594"}],"wp:attachment":[{"href":"https:\/\/dolanzarote.com\/en\/wp-json\/wp\/v2\/media?parent=4623"}],"curies":[{"name":"wp","href":"https:\/\/api.w.org\/{rel}","templated":true}]}}