{"id":8969,"date":"2020-12-08T17:32:33","date_gmt":"2020-12-08T17:32:33","guid":{"rendered":"https:\/\/dolanzarote.com\/?page_id=8969"},"modified":"2021-01-08T12:34:25","modified_gmt":"2021-01-08T12:34:25","slug":"calificacion-de-anadas","status":"publish","type":"page","link":"https:\/\/dolanzarote.com\/de\/calificacion-de-anadas\/","title":{"rendered":"JAHRGANGSBEURTEILUNG"},"content":{"rendered":"<p>[vc_row row_type=&#8220;row&#8220; use_row_as_full_screen_section=&#8220;no&#8220; type=&#8220;full_width&#8220; angled_section=&#8220;no&#8220; text_align=&#8220;left&#8220; background_image_as_pattern=&#8220;without_pattern&#8220; css_animation=&#8220;&#8220;][vc_column width=&#8220;2\/3&#8243;][vc_column_text]\n<table id=\"tablepress-14\" class=\"tablepress tablepress-id-14\">\n<thead>\n<tr class=\"row-1\">\n\t<th class=\"column-1\">Jahr<\/th><th class=\"column-2\">JAHRGANGSBEURTEILUNG<\/th>\n<\/tr>\n<\/thead>\n<tbody class=\"row-striping\">\n<tr class=\"row-2\">\n\t<td class=\"column-1\">1994<\/td><td class=\"column-2\">Muy Buena<\/td>\n<\/tr>\n<tr class=\"row-3\">\n\t<td class=\"column-1\">1995<\/td><td class=\"column-2\">Muy Buena<\/td>\n<\/tr>\n<tr class=\"row-4\">\n\t<td class=\"column-1\">1996<\/td><td class=\"column-2\">Muy Buena<\/td>\n<\/tr>\n<tr class=\"row-5\">\n\t<td class=\"column-1\">1997<\/td><td class=\"column-2\">Muy Buena<\/td>\n<\/tr>\n<tr class=\"row-6\">\n\t<td class=\"column-1\">1998<\/td><td class=\"column-2\">Muy Buena<\/td>\n<\/tr>\n<tr class=\"row-7\">\n\t<td class=\"column-1\">1999<\/td><td class=\"column-2\">Excelente<\/td>\n<\/tr>\n<tr class=\"row-8\">\n\t<td class=\"column-1\">2000<\/td><td class=\"column-2\">Muy Buena<\/td>\n<\/tr>\n<tr class=\"row-9\">\n\t<td class=\"column-1\">2001<\/td><td class=\"column-2\">Muy Buena<\/td>\n<\/tr>\n<tr class=\"row-10\">\n\t<td class=\"column-1\">2001<\/td><td class=\"column-2\">Muy Buena<\/td>\n<\/tr>\n<tr class=\"row-11\">\n\t<td class=\"column-1\">2002<\/td><td class=\"column-2\">Excelente<\/td>\n<\/tr>\n<tr class=\"row-12\">\n\t<td class=\"column-1\">2003<\/td><td class=\"column-2\">Muy Buena<\/td>\n<\/tr>\n<tr class=\"row-13\">\n\t<td class=\"column-1\">2004<\/td><td class=\"column-2\">Muy Buena<\/td>\n<\/tr>\n<tr class=\"row-14\">\n\t<td class=\"column-1\">2005<\/td><td class=\"column-2\">Muy Buena<\/td>\n<\/tr>\n<tr class=\"row-15\">\n\t<td class=\"column-1\">2006<\/td><td class=\"column-2\">Muy Buena<\/td>\n<\/tr>\n<tr class=\"row-16\">\n\t<td class=\"column-1\">2007<\/td><td class=\"column-2\">Muy Buena<\/td>\n<\/tr>\n<tr class=\"row-17\">\n\t<td class=\"column-1\">2008<\/td><td class=\"column-2\">Buena<\/td>\n<\/tr>\n<tr class=\"row-18\">\n\t<td class=\"column-1\">2009<\/td><td class=\"column-2\">Muy Buena<\/td>\n<\/tr>\n<tr class=\"row-19\">\n\t<td class=\"column-1\">2010<\/td><td class=\"column-2\">Excelente<\/td>\n<\/tr>\n<tr class=\"row-20\">\n\t<td class=\"column-1\">2011<\/td><td class=\"column-2\">Muy Buena<\/td>\n<\/tr>\n<tr class=\"row-21\">\n\t<td class=\"column-1\">2012<\/td><td class=\"column-2\">Excelente<\/td>\n<\/tr>\n<tr class=\"row-22\">\n\t<td class=\"column-1\">2013<\/td><td class=\"column-2\">Excelente<\/td>\n<\/tr>\n<tr class=\"row-23\">\n\t<td class=\"column-1\">2014<\/td><td class=\"column-2\">Excelente<\/td>\n<\/tr>\n<tr class=\"row-24\">\n\t<td class=\"column-1\">2015<\/td><td class=\"column-2\">Muy Buena<\/td>\n<\/tr>\n<tr class=\"row-25\">\n\t<td class=\"column-1\">2016<\/td><td class=\"column-2\">Muy Buena<\/td>\n<\/tr>\n<tr class=\"row-26\">\n\t<td class=\"column-1\">2017<\/td><td class=\"column-2\">Excelente<\/td>\n<\/tr>\n<tr class=\"row-27\">\n\t<td class=\"column-1\">2018<\/td><td class=\"column-2\">Muy Buena<\/td>\n<\/tr>\n<tr class=\"row-28\">\n\t<td class=\"column-1\">2019<\/td><td class=\"column-2\">Muy Buena<\/td>\n<\/tr>\n<tr class=\"row-29\">\n\t<td class=\"column-1\">2020<\/td><td class=\"column-2\">Muy Buena<\/td>\n<\/tr>\n<tr class=\"row-30\">\n\t<td class=\"column-1\">2021<\/td><td class=\"column-2\">Muy Buena<\/td>\n<\/tr>\n<tr class=\"row-31\">\n\t<td class=\"column-1\">2022<\/td><td class=\"column-2\">Muy Buena<\/td>\n<\/tr>\n<tr class=\"row-32\">\n\t<td class=\"column-1\">2023<\/td><td class=\"column-2\">Muy Buena<\/td>\n<\/tr>\n<tr class=\"row-33\">\n\t<td class=\"column-1\">2024<\/td><td class=\"column-2\">Muy Buena<\/td>\n<\/tr>\n<\/tbody>\n<\/table>\n<!-- #tablepress-14 from cache -->[\/vc_column_text][\/vc_column][vc_column width=&#8220;1\/3&#8243;][vc_widget_sidebar sidebar_id=&#8220;sidebar_page&#8220;][\/vc_column][\/vc_row]<\/p>\n<!-- Begin Yuzo --><div class='yuzo_related_post style-1'  data-version='5.12.89'><!-- without result --><div class='yuzo_clearfixed yuzo__title yuzo__title'><h3>Noticias relacionadas<\/h3><\/div>\n\t\t\t\t\t\t  <div class=\"relatedthumb \" style=\"width:215px;float:left;overflow:hidden;\">  \n\t\t\t\t\t\t\t  \n\t\t\t\t\t\t\t  <a rel='nofollow' href=\"https:\/\/dolanzarote.com\/de\/el-vijariego-y-el-malvasia-seco-coleccion-de-bodegas-el-grifo-reciben-medalla-de-plata-en-el-mondial-des-vins-extremes-2016\/\"  >\n\t\t\t\t\t\t\t\t\t  <div class=\"yuzo-img-wrap \" style=\"width: 215px;height:180px;\">\n\t\t\t\t\t\t\t\t\t\t\n\t\t\t\t\t\t\t\t\t\t<div class=\"yuzo-img\" style=\"background:url('https:\/\/dolanzarote.com\/wp-content\/uploads\/2016\/08\/Vijariego-Malvasia-Seco-Coleccion-Medalla-Plata-Mondial-Des-Vins-Extremes-2016-300x300.jpg') 50% 50% no-repeat;width: 215px;height:180px;margin-bottom: 5px;background-size: cover; \"><\/div>\n\t\t\t\t\t\t\t\t\t  <\/div>\n\t\t\t\t\t\t\t\t\t  \n\t\t\t\t\t\t\t\t   <span class=\"yuzo__text--title\" style=\"font-size:18px;font-weight:bold;\">(Espa\u00f1ol) El Vijariego y el Malvas\u00eda Seco Colecci\u00f3n de Bodegas El Grifo ...<\/span>\n\t\t\t\t\t\t\t  <span class=\"yuzo_text\" style=\"font-size:14px;\" >Leider ist der Eintrag nur auf Espa\u00f1ol verf\u00fcgbar.<\/span>\n\t\t\t\t\t\t\t  \n\t\t\t\t\t\t\t  <\/a>\n\n\t\t\t\t\t\t  <\/div>\n\t\t\t\t\t\t  <div class=\"relatedthumb \" style=\"width:215px;float:left;overflow:hidden;\">  \n\t\t\t\t\t\t\t  \n\t\t\t\t\t\t\t  <a rel='nofollow' href=\"https:\/\/dolanzarote.com\/de\/el-consejo-regulador-pide-al-cabildo-que-solicite-la-creacion-de-figuras-juridicas-que-den-valor-anadido-a-la-geria\/\"  >\n\t\t\t\t\t\t\t\t\t  <div class=\"yuzo-img-wrap \" style=\"width: 215px;height:180px;\">\n\t\t\t\t\t\t\t\t\t\t\n\t\t\t\t\t\t\t\t\t\t<div class=\"yuzo-img\" style=\"background:url('http:\/\/dolanzarote.lztic.com\/wp-content\/plugins\/yuzo-related-post\/assets\/images\/default.png') 50% 50% no-repeat;width: 215px;height:180px;margin-bottom: 5px;background-size: cover; \"><\/div>\n\t\t\t\t\t\t\t\t\t  <\/div>\n\t\t\t\t\t\t\t\t\t  \n\t\t\t\t\t\t\t\t   <span class=\"yuzo__text--title\" style=\"font-size:18px;font-weight:bold;\">El Consejo Regulador pide al Cabildo que solicite la creaci\u00f3n de figuras...<\/span>\n\t\t\t\t\t\t\t  <span class=\"yuzo_text\" style=\"font-size:14px;\" >Insta adem\u00e1s al Gobierno central a seguir el ejemplo del Parlamento canario apoyando la candidatura ...<\/span>\n\t\t\t\t\t\t\t  \n\t\t\t\t\t\t\t  <\/a>\n\n\t\t\t\t\t\t  <\/div>\n\t\t\t\t\t\t  <div class=\"relatedthumb \" style=\"width:215px;float:left;overflow:hidden;\">  \n\t\t\t\t\t\t\t  \n\t\t\t\t\t\t\t  <a rel='nofollow' href=\"https:\/\/dolanzarote.com\/de\/charla-viticultura-ecologica-albet-i-noya\/\"  >\n\t\t\t\t\t\t\t\t\t  <div class=\"yuzo-img-wrap \" style=\"width: 215px;height:180px;\">\n\t\t\t\t\t\t\t\t\t\t\n\t\t\t\t\t\t\t\t\t\t<div class=\"yuzo-img\" style=\"background:url('https:\/\/dolanzarote.com\/wp-content\/uploads\/2019\/05\/Charlas-viticultura-ecol\u00f3gica-en-Lanzarote-Albet-i-Noya-junio-2019-212x300.jpg') 50% 50% no-repeat;width: 215px;height:180px;margin-bottom: 5px;background-size: cover; \"><\/div>\n\t\t\t\t\t\t\t\t\t  <\/div>\n\t\t\t\t\t\t\t\t\t  \n\t\t\t\t\t\t\t\t   <span class=\"yuzo__text--title\" style=\"font-size:18px;font-weight:bold;\">(Espa\u00f1ol) Charla \u201eM\u00e1s all\u00e1 de la viticultura ecol\u00f3gica\u201c<\/span>\n\t\t\t\t\t\t\t  <span class=\"yuzo_text\" style=\"font-size:14px;\" >Leider ist der Eintrag nur auf Espa\u00f1ol verf\u00fcgbar.<\/span>\n\t\t\t\t\t\t\t  \n\t\t\t\t\t\t\t  <\/a>\n\n\t\t\t\t\t\t  <\/div>\n<\/div> <script>\n\t\t\t\t\t\t  jQuery(document).ready(function( $ ){\n\t\t\t\t\t\t\t\/\/jQuery('.yuzo_related_post').equalizer({ overflow : 'relatedthumb' });\n\t\t\t\t\t\t\tjQuery('.yuzo_related_post .yuzo_wraps').equalizer({ columns : '> div' });\n\t\t\t\t\t\t   })\n\t\t\t\t\t\t  <\/script> <!-- End Yuzo :) --><!-- AddThis Advanced Settings generic via filter on the_content --><!-- AddThis Share Buttons generic via filter on the_content -->","protected":false},"excerpt":{"rendered":"<p>[vc_row row_type=&#8220;row&#8220; use_row_as_full_screen_section=&#8220;no&#8220; type=&#8220;full_width&#8220; angled_section=&#8220;no&#8220; text_align=&#8220;left&#8220; background_image_as_pattern=&#8220;without_pattern&#8220; css_animation=&#8220;&#8220;][vc_column width=&#8220;2\/3&#8243;][vc_column_text][\/vc_column_text][\/vc_column][vc_column width=&#8220;1\/3&#8243;][vc_widget_sidebar sidebar_id=&#8220;sidebar_page&#8220;][\/vc_column][\/vc_row] Noticias relacionadas (Espa\u00f1ol) Sorteo \u00abD\u00eda Movimiento Vino D.O. 2021\u00bb Leider ist der Eintrag nur auf Espa\u00f1ol verf\u00fcgbar. Consejo Regulador y Cabildo de Lanzarote organizan el 26 y 27 de noviemb&#8230; Abordar\u00e1n el tratamiento de&#8230;<!-- AddThis Advanced Settings generic via filter on get_the_excerpt --><!-- AddThis Share Buttons generic via filter on get_the_excerpt --><\/p>\n","protected":false},"author":2,"featured_media":0,"parent":0,"menu_order":0,"comment_status":"closed","ping_status":"closed","template":"","meta":{"_mc_calendar":[],"footnotes":""},"class_list":["post-8969","page","type-page","status-publish","hentry"],"yoast_head":"<!-- This site is optimized with the Yoast SEO plugin v27.4 - https:\/\/yoast.com\/product\/yoast-seo-wordpress\/ -->\n<title>JAHRGANGSBEURTEILUNG - D.O. Lanzarote<\/title>\n<meta name=\"robots\" content=\"index, follow, max-snippet:-1, max-image-preview:large, max-video-preview:-1\" \/>\n<link rel=\"canonical\" href=\"https:\/\/dolanzarote.com\/calificacion-de-anadas\/\" \/>\n<meta property=\"og:locale\" content=\"de_DE\" \/>\n<meta property=\"og:type\" content=\"article\" \/>\n<meta property=\"og:title\" content=\"JAHRGANGSBEURTEILUNG - D.O. Lanzarote\" \/>\n<meta property=\"og:description\" content=\"[vc_row row_type=&#8220;row&#8220; use_row_as_full_screen_section=&#8220;no&#8220; type=&#8220;full_width&#8220; angled_section=&#8220;no&#8220; text_align=&#8220;left&#8220; background_image_as_pattern=&#8220;without_pattern&#8220; css_animation=&#8220;&#8220;][vc_column width=&#8220;2\/3&#8243;][vc_column_text][\/vc_column_text][\/vc_column][vc_column width=&#8220;1\/3&#8243;][vc_widget_sidebar sidebar_id=&#8220;sidebar_page&#8220;][\/vc_column][\/vc_row] Noticias relacionadas El Servicio Insular Agrario acoge un curso sobre control ecol\u00f3gico de pl... Impartido por Ana Salvador, se celebrar\u00e1 el 18 y 19 de febrero, de 16 a 19 horas El Cabildo de...\" \/>\n<meta property=\"og:url\" content=\"https:\/\/dolanzarote.com\/calificacion-de-anadas\/\" \/>\n<meta property=\"og:site_name\" content=\"D.O. Lanzarote\" \/>\n<meta property=\"article:modified_time\" content=\"2021-01-08T12:34:25+00:00\" \/>\n<meta name=\"twitter:card\" content=\"summary_large_image\" \/>\n<script type=\"application\/ld+json\" class=\"yoast-schema-graph\">{\"@context\":\"https:\\\/\\\/schema.org\",\"@graph\":[{\"@type\":\"WebPage\",\"@id\":\"https:\\\/\\\/dolanzarote.com\\\/calificacion-de-anadas\\\/\",\"url\":\"https:\\\/\\\/dolanzarote.com\\\/calificacion-de-anadas\\\/\",\"name\":\"JAHRGANGSBEURTEILUNG - D.O. Lanzarote\",\"isPartOf\":{\"@id\":\"https:\\\/\\\/dolanzarote.com\\\/de\\\/#website\"},\"datePublished\":\"2020-12-08T17:32:33+00:00\",\"dateModified\":\"2021-01-08T12:34:25+00:00\",\"breadcrumb\":{\"@id\":\"https:\\\/\\\/dolanzarote.com\\\/calificacion-de-anadas\\\/#breadcrumb\"},\"inLanguage\":\"de\",\"potentialAction\":[{\"@type\":\"ReadAction\",\"target\":[\"https:\\\/\\\/dolanzarote.com\\\/calificacion-de-anadas\\\/\"]}]},{\"@type\":\"BreadcrumbList\",\"@id\":\"https:\\\/\\\/dolanzarote.com\\\/calificacion-de-anadas\\\/#breadcrumb\",\"itemListElement\":[{\"@type\":\"ListItem\",\"position\":1,\"name\":\"Portada\",\"item\":\"https:\\\/\\\/dolanzarote.com\\\/\"},{\"@type\":\"ListItem\",\"position\":2,\"name\":\"Calificaci\u00f3n de a\u00f1adas\"}]},{\"@type\":\"WebSite\",\"@id\":\"https:\\\/\\\/dolanzarote.com\\\/de\\\/#website\",\"url\":\"https:\\\/\\\/dolanzarote.com\\\/de\\\/\",\"name\":\"D.O. Lanzarote\",\"description\":\"Vinos de Lanzarote\",\"potentialAction\":[{\"@type\":\"SearchAction\",\"target\":{\"@type\":\"EntryPoint\",\"urlTemplate\":\"https:\\\/\\\/dolanzarote.com\\\/de\\\/?s={search_term_string}\"},\"query-input\":{\"@type\":\"PropertyValueSpecification\",\"valueRequired\":true,\"valueName\":\"search_term_string\"}}],\"inLanguage\":\"de\"}]}<\/script>\n<!-- \/ Yoast SEO plugin. -->","yoast_head_json":{"title":"JAHRGANGSBEURTEILUNG - D.O. Lanzarote","robots":{"index":"index","follow":"follow","max-snippet":"max-snippet:-1","max-image-preview":"max-image-preview:large","max-video-preview":"max-video-preview:-1"},"canonical":"https:\/\/dolanzarote.com\/calificacion-de-anadas\/","og_locale":"de_DE","og_type":"article","og_title":"JAHRGANGSBEURTEILUNG - D.O. Lanzarote","og_description":"[vc_row row_type=&#8220;row&#8220; use_row_as_full_screen_section=&#8220;no&#8220; type=&#8220;full_width&#8220; angled_section=&#8220;no&#8220; text_align=&#8220;left&#8220; background_image_as_pattern=&#8220;without_pattern&#8220; css_animation=&#8220;&#8220;][vc_column width=&#8220;2\/3&#8243;][vc_column_text][\/vc_column_text][\/vc_column][vc_column width=&#8220;1\/3&#8243;][vc_widget_sidebar sidebar_id=&#8220;sidebar_page&#8220;][\/vc_column][\/vc_row] Noticias relacionadas El Servicio Insular Agrario acoge un curso sobre control ecol\u00f3gico de pl... Impartido por Ana Salvador, se celebrar\u00e1 el 18 y 19 de febrero, de 16 a 19 horas El Cabildo de...","og_url":"https:\/\/dolanzarote.com\/calificacion-de-anadas\/","og_site_name":"D.O. Lanzarote","article_modified_time":"2021-01-08T12:34:25+00:00","twitter_card":"summary_large_image","schema":{"@context":"https:\/\/schema.org","@graph":[{"@type":"WebPage","@id":"https:\/\/dolanzarote.com\/calificacion-de-anadas\/","url":"https:\/\/dolanzarote.com\/calificacion-de-anadas\/","name":"JAHRGANGSBEURTEILUNG - D.O. Lanzarote","isPartOf":{"@id":"https:\/\/dolanzarote.com\/de\/#website"},"datePublished":"2020-12-08T17:32:33+00:00","dateModified":"2021-01-08T12:34:25+00:00","breadcrumb":{"@id":"https:\/\/dolanzarote.com\/calificacion-de-anadas\/#breadcrumb"},"inLanguage":"de","potentialAction":[{"@type":"ReadAction","target":["https:\/\/dolanzarote.com\/calificacion-de-anadas\/"]}]},{"@type":"BreadcrumbList","@id":"https:\/\/dolanzarote.com\/calificacion-de-anadas\/#breadcrumb","itemListElement":[{"@type":"ListItem","position":1,"name":"Portada","item":"https:\/\/dolanzarote.com\/"},{"@type":"ListItem","position":2,"name":"Calificaci\u00f3n de a\u00f1adas"}]},{"@type":"WebSite","@id":"https:\/\/dolanzarote.com\/de\/#website","url":"https:\/\/dolanzarote.com\/de\/","name":"D.O. Lanzarote","description":"Vinos de Lanzarote","potentialAction":[{"@type":"SearchAction","target":{"@type":"EntryPoint","urlTemplate":"https:\/\/dolanzarote.com\/de\/?s={search_term_string}"},"query-input":{"@type":"PropertyValueSpecification","valueRequired":true,"valueName":"search_term_string"}}],"inLanguage":"de"}]}},"_links":{"self":[{"href":"https:\/\/dolanzarote.com\/de\/wp-json\/wp\/v2\/pages\/8969","targetHints":{"allow":["GET"]}}],"collection":[{"href":"https:\/\/dolanzarote.com\/de\/wp-json\/wp\/v2\/pages"}],"about":[{"href":"https:\/\/dolanzarote.com\/de\/wp-json\/wp\/v2\/types\/page"}],"author":[{"embeddable":true,"href":"https:\/\/dolanzarote.com\/de\/wp-json\/wp\/v2\/users\/2"}],"replies":[{"embeddable":true,"href":"https:\/\/dolanzarote.com\/de\/wp-json\/wp\/v2\/comments?post=8969"}],"version-history":[{"count":5,"href":"https:\/\/dolanzarote.com\/de\/wp-json\/wp\/v2\/pages\/8969\/revisions"}],"predecessor-version":[{"id":8987,"href":"https:\/\/dolanzarote.com\/de\/wp-json\/wp\/v2\/pages\/8969\/revisions\/8987"}],"wp:attachment":[{"href":"https:\/\/dolanzarote.com\/de\/wp-json\/wp\/v2\/media?parent=8969"}],"curies":[{"name":"wp","href":"https:\/\/api.w.org\/{rel}","templated":true}]}}