{"id":4682,"date":"2016-08-17T12:10:20","date_gmt":"2016-08-17T12:10:20","guid":{"rendered":"https:\/\/dolanzarote.com\/?page_id=4682"},"modified":"2020-03-09T10:23:57","modified_gmt":"2020-03-09T10:23:57","slug":"suelo","status":"publish","type":"page","link":"https:\/\/dolanzarote.com\/de\/vino\/lanzarote\/suelo\/","title":{"rendered":"Boden"},"content":{"rendered":"<p>[vc_row row_type=&#8220;row&#8220; use_row_as_full_screen_section=&#8220;no&#8220; type=&#8220;grid&#8220; angled_section=&#8220;no&#8220; text_align=&#8220;left&#8220; background_image_as_pattern=&#8220;without_pattern&#8220; css_animation=&#8220;&#8220; css=&#8220;.vc_custom_1474290427671{margin-top: 20px !important;}&#8220;][vc_column width=&#8220;1\/2&#8243; css=&#8220;.vc_custom_1508153039627{margin-bottom: 30px !important;}&#8220;][vc_column_text]<\/p>\n<p style=\"text-align: justify;\">Der Anbau erfolgt in Kiesschichten, entweder in Gruben oder Gr\u00e4ben, die rund um die Lage oder entlang des Weinfelds verlaufen k\u00f6nnen.<\/p>\n<p style=\"text-align: justify;\">Die H\u00e4nge sind nicht sehr hoch, bei Lagen zwischen 200 und 500 Metern \u00fcber dem Meeresspiegel, denn die h\u00f6chste Erhebung auf der Insel betr\u00e4gt 670 Meter.<\/p>\n<p style=\"text-align: justify;\">Die B\u00f6den sind sehr unterschiedlich, es gibt sogar tiefrote B\u00f6den auf alten Basaltformationen. Diese B\u00f6den erscheinen als fossile B\u00f6den, die durch j\u00fcngere Vulkanausbr\u00fcche oder kolluviale Sedimente \u00fcberdeckt wurden.<\/p>\n<p style=\"text-align: justify;\">Sie weisen eine r\u00f6tliche F\u00e4rbung und eine Textur zwischen schluffig, schlammig und lehmig auf, mit einem mittleren Gehalt an organischen Stoffen, die eine f\u00fcr den Bedarf der Reben angemessene Stickstoffversorgung gew\u00e4hrleisten. Die wichtigsten Makron\u00e4hrstoffe (N, P, K) sind optimal, ebenso wie der Gehalt an freien Karbonaten, die f\u00fcr einen basischen pH-Wert sorgen.<\/p>\n<p>[\/vc_column_text][\/vc_column][vc_column width=&#8220;1\/2&#8243;][vc_single_image image=&#8220;5208&#8243; img_size=&#8220;large&#8220; qode_css_animation=&#8220;&#8220;][\/vc_column][\/vc_row][vc_row row_type=&#8220;row&#8220; use_row_as_full_screen_section=&#8220;yes&#8220; type=&#8220;grid&#8220; angled_section=&#8220;no&#8220; text_align=&#8220;left&#8220; background_image_as_pattern=&#8220;without_pattern&#8220; css_animation=&#8220;&#8220; css=&#8220;.vc_custom_1474289596542{margin-bottom: 20px !important;padding-top: 30px !important;padding-right: 20px !important;padding-bottom: 30px !important;padding-left: 20px !important;background-color: #5e5e5e !important;}&#8220;][vc_column width=&#8220;1\/2&#8243;][vc_column_text]<span style=\"color: #ffffff;\">Nach der durch USDA Soil Taxonomy vorgeschlagenen Bodenklassifikation bietet die Insel Lanzarote vier Bodenordnungen::<\/span><\/p>\n<p><span style=\"color: #ffffff;\"><strong>1) \u00a0 Aridisols<br \/>\n<\/strong><strong>2) \u00a0Entisols<br \/>\n<\/strong><strong>3) \u00a0Andisols<br \/>\n<\/strong><strong>4) \u00a0Vertisols<\/strong><\/span>[\/vc_column_text][\/vc_column][vc_column width=&#8220;1\/2&#8243;][vc_column_text]<span style=\"color: #ffffff;\">Diese B\u00f6den zeichnen sich durch die folgenden gemeinsamen Aspekte aus:<\/span><\/p>\n<ul>\n<li><span style=\"color: #ffffff;\">Niedriger Gehalt an organischen Stoffen<\/span><\/li>\n<li><span style=\"color: #ffffff;\">Schwache biologische Aktivit\u00e4t<\/span><\/li>\n<li><span style=\"color: #ffffff;\">Alkalische Reaktion<\/span><\/li>\n<li><span style=\"color: #ffffff;\">Tendenziell sandige Oberfl\u00e4chentexturen <\/span><\/li>\n<li><span style=\"color: #ffffff;\">Reich an Karbonaten und Sulfaten<\/span><\/li>\n<li><span style=\"color: #ffffff;\">Ver\u00e4nderungen der Bodenoberfl\u00e4che<br \/>\n(etwa Vorhandensein von W\u00fcstenpflaster, Dichtungskrusten usw.)<\/span><\/li>\n<\/ul>\n<p>[\/vc_column_text][\/vc_column][\/vc_row][vc_row row_type=&#8220;row&#8220; use_row_as_full_screen_section=&#8220;no&#8220; type=&#8220;grid&#8220; angled_section=&#8220;no&#8220; text_align=&#8220;left&#8220; background_image_as_pattern=&#8220;without_pattern&#8220; css_animation=&#8220;&#8220; css=&#8220;.vc_custom_1474290515922{margin-bottom: 50px !important;}&#8220;][vc_column width=&#8220;1\/2&#8243;][vc_column_text css=&#8220;.vc_custom_1583749422037{margin-bottom: 30px !important;}&#8220;]<\/p>\n<p style=\"text-align: justify;\">Die B\u00f6den der Weinlagen sind gut differenzierte, vulkanische B\u00f6den, sogar bis tiefrot auf alten Basaltformationen. Sie erscheinen als fossile B\u00f6den, die durch j\u00fcngere Vulkanausbr\u00fcche oder diluviale Sedimente \u00fcberdeckt wurden. Die Schichten aus Lapilli oder Lavakies (\u201epic\u00f3n\u201c) bedecken den Humusboden der Lagen und sorgen f\u00fcr das schnelle Versickern des Regenwasser, sodass die Verdunstung des Humusbodens verhindert und die Bodentemperatur konstant gehalten wird (W\u00e4rmeregulierung).<\/p>\n<p>[\/vc_column_text][\/vc_column][vc_column width=&#8220;1\/2&#8243;][vc_column_text css=&#8220;.vc_custom_1583749433404{margin-bottom: 30px !important;}&#8220;]<\/p>\n<p style=\"text-align: justify;\">Die Oberfl\u00e4che der meisten Lagen ist mit schwarzer Vulkanasche bedeckt. Sie verhindert das Wachstum anderer Pflanzen, bietet jedoch ausgezeichnete F\u00e4higkeiten, das Wasser aus dem Tau zu speichern. Dies bedeutet, dass die hier gepflanzten Rebst\u00f6cke sich auch deshalb gut entwickeln, weil unter der Asche der Boden aus Lehm, Ton oder Sand auf einem Bett von Kalkgestein fruchtbar ist.<\/p>\n<p>[\/vc_column_text][\/vc_column][\/vc_row]<\/p>\n<!-- Begin Yuzo --><div class='yuzo_related_post style-1'  data-version='5.12.89'><!-- without result --><div class='yuzo_clearfixed yuzo__title yuzo__title'><h3>Noticias relacionadas<\/h3><\/div>\n\t\t\t\t\t\t  <div class=\"relatedthumb \" style=\"width:215px;float:left;overflow:hidden;\">  \n\t\t\t\t\t\t\t  \n\t\t\t\t\t\t\t  <a rel='nofollow' href=\"https:\/\/dolanzarote.com\/de\/el-consejo-regulador-de-la-denominacion-de-origen-vinos-de-lanzarote-tendra-nuevo-presidente-el-proximo-11-de-noviembre\/\"  >\n\t\t\t\t\t\t\t\t\t  <div class=\"yuzo-img-wrap \" style=\"width: 215px;height:180px;\">\n\t\t\t\t\t\t\t\t\t\t\n\t\t\t\t\t\t\t\t\t\t<div class=\"yuzo-img\" style=\"background:url('http:\/\/dolanzarote.lztic.com\/wp-content\/plugins\/yuzo-related-post\/assets\/images\/default.png') 50% 50% no-repeat;width: 215px;height:180px;margin-bottom: 5px;background-size: cover; \"><\/div>\n\t\t\t\t\t\t\t\t\t  <\/div>\n\t\t\t\t\t\t\t\t\t  \n\t\t\t\t\t\t\t\t   <span class=\"yuzo__text--title\" style=\"font-size:18px;font-weight:bold;\">El Consejo Regulador de la Denominaci\u00f3n de Origen \u201cVinos de Lanzarote\u201d t...<\/span>\n\t\t\t\t\t\t\t  <span class=\"yuzo_text\" style=\"font-size:14px;\" >Ser\u00e1 elegido por los vocales del pleno nombrados tras el \u00faltimo proceso electoral\n\u00a0\nLos vocales elec...<\/span>\n\t\t\t\t\t\t\t  \n\t\t\t\t\t\t\t  <\/a>\n\n\t\t\t\t\t\t  <\/div>\n\t\t\t\t\t\t  <div class=\"relatedthumb \" style=\"width:215px;float:left;overflow:hidden;\">  \n\t\t\t\t\t\t\t  \n\t\t\t\t\t\t\t  <a rel='nofollow' href=\"https:\/\/dolanzarote.com\/de\/oro-y-plata-para-bodegas-rubicon-y-el-grifo-en-los-premios-zarcillo\/\"  >\n\t\t\t\t\t\t\t\t\t  <div class=\"yuzo-img-wrap \" style=\"width: 215px;height:180px;\">\n\t\t\t\t\t\t\t\t\t\t\n\t\t\t\t\t\t\t\t\t\t<div class=\"yuzo-img\" style=\"background:url('http:\/\/dolanzarote.lztic.com\/wp-content\/plugins\/yuzo-related-post\/assets\/images\/default.png') 50% 50% no-repeat;width: 215px;height:180px;margin-bottom: 5px;background-size: cover; \"><\/div>\n\t\t\t\t\t\t\t\t\t  <\/div>\n\t\t\t\t\t\t\t\t\t  \n\t\t\t\t\t\t\t\t   <span class=\"yuzo__text--title\" style=\"font-size:18px;font-weight:bold;\">Oro y plata para Bodegas Rubic\u00f3n y El Grifo en los Premios Zarcillo<\/span>\n\t\t\t\t\t\t\t  <span class=\"yuzo_text\" style=\"font-size:14px;\" >El Rubic\u00f3n Moscatel 2012 ha sido galardonado con una medalla de oro en la XV Edici\u00f3n Nacional y VII ...<\/span>\n\t\t\t\t\t\t\t  \n\t\t\t\t\t\t\t  <\/a>\n\n\t\t\t\t\t\t  <\/div>\n\t\t\t\t\t\t  <div class=\"relatedthumb \" style=\"width:215px;float:left;overflow:hidden;\">  \n\t\t\t\t\t\t\t  \n\t\t\t\t\t\t\t  <a rel='nofollow' href=\"https:\/\/dolanzarote.com\/de\/uno-de-los-blogueros-mas-influyentes-de-australia-visita-las-bodegas-de-lanzarote\/\"  >\n\t\t\t\t\t\t\t\t\t  <div class=\"yuzo-img-wrap \" style=\"width: 215px;height:180px;\">\n\t\t\t\t\t\t\t\t\t\t\n\t\t\t\t\t\t\t\t\t\t<div class=\"yuzo-img\" style=\"background:url('http:\/\/dolanzarote.lztic.com\/wp-content\/plugins\/yuzo-related-post\/assets\/images\/default.png') 50% 50% no-repeat;width: 215px;height:180px;margin-bottom: 5px;background-size: cover; \"><\/div>\n\t\t\t\t\t\t\t\t\t  <\/div>\n\t\t\t\t\t\t\t\t\t  \n\t\t\t\t\t\t\t\t   <span class=\"yuzo__text--title\" style=\"font-size:18px;font-weight:bold;\">Uno de los blogueros m\u00e1s influyentes de Australia visita las bodegas de ...<\/span>\n\t\t\t\t\t\t\t  <span class=\"yuzo_text\" style=\"font-size:14px;\" >\n\tConrad Grah, miembro de The Wine Wankers, ha visitado Los Bermejos, El Grifo y La Geria\u00a0y catado n...<\/span>\n\t\t\t\t\t\t\t  \n\t\t\t\t\t\t\t  <\/a>\n\n\t\t\t\t\t\t  <\/div>\n<\/div> <script>\n\t\t\t\t\t\t  jQuery(document).ready(function( $ ){\n\t\t\t\t\t\t\t\/\/jQuery('.yuzo_related_post').equalizer({ overflow : 'relatedthumb' });\n\t\t\t\t\t\t\tjQuery('.yuzo_related_post .yuzo_wraps').equalizer({ columns : '> div' });\n\t\t\t\t\t\t   })\n\t\t\t\t\t\t  <\/script> <!-- End Yuzo :) --><!-- AddThis Advanced Settings generic via filter on the_content --><!-- AddThis Share Buttons generic via filter on the_content -->","protected":false},"excerpt":{"rendered":"<p>[vc_row row_type=&#8220;row&#8220; use_row_as_full_screen_section=&#8220;no&#8220; type=&#8220;grid&#8220; angled_section=&#8220;no&#8220; text_align=&#8220;left&#8220; background_image_as_pattern=&#8220;without_pattern&#8220; css_animation=&#8220;&#8220; css=&#8220;.vc_custom_1474290427671{margin-top: 20px !important;}&#8220;][vc_column width=&#8220;1\/2&#8243; css=&#8220;.vc_custom_1508153039627{margin-bottom: 30px !important;}&#8220;][vc_column_text] Der Anbau erfolgt in Kiesschichten, entweder in Gruben oder Gr\u00e4ben, die rund um die Lage oder entlang des Weinfelds verlaufen k\u00f6nnen. Die H\u00e4nge sind nicht sehr hoch, bei Lagen zwischen&#8230;<!-- AddThis Advanced Settings generic via filter on get_the_excerpt --><!-- AddThis Share Buttons generic via filter on get_the_excerpt --><\/p>\n","protected":false},"author":1,"featured_media":0,"parent":4643,"menu_order":0,"comment_status":"closed","ping_status":"closed","template":"full_width.php","meta":{"_mc_calendar":[],"footnotes":""},"class_list":["post-4682","page","type-page","status-publish","hentry"],"yoast_head":"<!-- This site is optimized with the Yoast SEO plugin v27.4 - https:\/\/yoast.com\/product\/yoast-seo-wordpress\/ -->\n<title>Boden - D.O. Lanzarote<\/title>\n<meta name=\"robots\" content=\"index, follow, max-snippet:-1, max-image-preview:large, max-video-preview:-1\" \/>\n<link rel=\"canonical\" href=\"https:\/\/dolanzarote.com\/de\/vino\/lanzarote\/suelo\/\" \/>\n<meta property=\"og:locale\" content=\"de_DE\" \/>\n<meta property=\"og:type\" content=\"article\" \/>\n<meta property=\"og:title\" content=\"Boden - D.O. Lanzarote\" \/>\n<meta property=\"og:description\" content=\"[vc_row row_type=&#8220;row&#8220; use_row_as_full_screen_section=&#8220;no&#8220; type=&#8220;grid&#8220; angled_section=&#8220;no&#8220; text_align=&#8220;left&#8220; background_image_as_pattern=&#8220;without_pattern&#8220; css_animation=&#8220;&#8220; css=&#8220;.vc_custom_1474290427671{margin-top: 20px !important;}&#8220;][vc_column width=&#8220;1\/2&#8243; css=&#8220;.vc_custom_1508153039627{margin-bottom: 30px !important;}&#8220;][vc_column_text] Der Anbau erfolgt in Kiesschichten, entweder in Gruben oder Gr\u00e4ben, die rund um die Lage oder entlang des Weinfelds verlaufen k\u00f6nnen. Die H\u00e4nge sind nicht sehr hoch, bei Lagen zwischen...\" \/>\n<meta property=\"og:url\" content=\"https:\/\/dolanzarote.com\/de\/vino\/lanzarote\/suelo\/\" \/>\n<meta property=\"og:site_name\" content=\"D.O. Lanzarote\" \/>\n<meta property=\"article:modified_time\" content=\"2020-03-09T10:23:57+00:00\" \/>\n<meta name=\"twitter:card\" content=\"summary_large_image\" \/>\n<meta name=\"twitter:label1\" content=\"Gesch\u00e4tzte Lesezeit\" \/>\n\t<meta name=\"twitter:data1\" content=\"3\u00a0Minuten\" \/>\n<script type=\"application\/ld+json\" class=\"yoast-schema-graph\">{\"@context\":\"https:\\\/\\\/schema.org\",\"@graph\":[{\"@type\":\"WebPage\",\"@id\":\"https:\\\/\\\/dolanzarote.com\\\/de\\\/vino\\\/lanzarote\\\/suelo\\\/\",\"url\":\"https:\\\/\\\/dolanzarote.com\\\/de\\\/vino\\\/lanzarote\\\/suelo\\\/\",\"name\":\"Boden - D.O. Lanzarote\",\"isPartOf\":{\"@id\":\"https:\\\/\\\/dolanzarote.com\\\/de\\\/#website\"},\"datePublished\":\"2016-08-17T12:10:20+00:00\",\"dateModified\":\"2020-03-09T10:23:57+00:00\",\"breadcrumb\":{\"@id\":\"https:\\\/\\\/dolanzarote.com\\\/de\\\/vino\\\/lanzarote\\\/suelo\\\/#breadcrumb\"},\"inLanguage\":\"de\",\"potentialAction\":[{\"@type\":\"ReadAction\",\"target\":[\"https:\\\/\\\/dolanzarote.com\\\/de\\\/vino\\\/lanzarote\\\/suelo\\\/\"]}]},{\"@type\":\"BreadcrumbList\",\"@id\":\"https:\\\/\\\/dolanzarote.com\\\/de\\\/vino\\\/lanzarote\\\/suelo\\\/#breadcrumb\",\"itemListElement\":[{\"@type\":\"ListItem\",\"position\":1,\"name\":\"Portada\",\"item\":\"https:\\\/\\\/dolanzarote.com\\\/\"},{\"@type\":\"ListItem\",\"position\":2,\"name\":\"(Espa\u00f1ol) Vino\",\"item\":\"https:\\\/\\\/dolanzarote.com\\\/de\\\/vino\\\/\"},{\"@type\":\"ListItem\",\"position\":3,\"name\":\"Lanzarote\",\"item\":\"https:\\\/\\\/dolanzarote.com\\\/de\\\/vino\\\/lanzarote\\\/\"},{\"@type\":\"ListItem\",\"position\":4,\"name\":\"Boden\"}]},{\"@type\":\"WebSite\",\"@id\":\"https:\\\/\\\/dolanzarote.com\\\/de\\\/#website\",\"url\":\"https:\\\/\\\/dolanzarote.com\\\/de\\\/\",\"name\":\"D.O. Lanzarote\",\"description\":\"Vinos de Lanzarote\",\"potentialAction\":[{\"@type\":\"SearchAction\",\"target\":{\"@type\":\"EntryPoint\",\"urlTemplate\":\"https:\\\/\\\/dolanzarote.com\\\/de\\\/?s={search_term_string}\"},\"query-input\":{\"@type\":\"PropertyValueSpecification\",\"valueRequired\":true,\"valueName\":\"search_term_string\"}}],\"inLanguage\":\"de\"}]}<\/script>\n<!-- \/ Yoast SEO plugin. -->","yoast_head_json":{"title":"Boden - D.O. Lanzarote","robots":{"index":"index","follow":"follow","max-snippet":"max-snippet:-1","max-image-preview":"max-image-preview:large","max-video-preview":"max-video-preview:-1"},"canonical":"https:\/\/dolanzarote.com\/de\/vino\/lanzarote\/suelo\/","og_locale":"de_DE","og_type":"article","og_title":"Boden - D.O. Lanzarote","og_description":"[vc_row row_type=&#8220;row&#8220; use_row_as_full_screen_section=&#8220;no&#8220; type=&#8220;grid&#8220; angled_section=&#8220;no&#8220; text_align=&#8220;left&#8220; background_image_as_pattern=&#8220;without_pattern&#8220; css_animation=&#8220;&#8220; css=&#8220;.vc_custom_1474290427671{margin-top: 20px !important;}&#8220;][vc_column width=&#8220;1\/2&#8243; css=&#8220;.vc_custom_1508153039627{margin-bottom: 30px !important;}&#8220;][vc_column_text] Der Anbau erfolgt in Kiesschichten, entweder in Gruben oder Gr\u00e4ben, die rund um die Lage oder entlang des Weinfelds verlaufen k\u00f6nnen. Die H\u00e4nge sind nicht sehr hoch, bei Lagen zwischen...","og_url":"https:\/\/dolanzarote.com\/de\/vino\/lanzarote\/suelo\/","og_site_name":"D.O. Lanzarote","article_modified_time":"2020-03-09T10:23:57+00:00","twitter_card":"summary_large_image","twitter_misc":{"Gesch\u00e4tzte Lesezeit":"3\u00a0Minuten"},"schema":{"@context":"https:\/\/schema.org","@graph":[{"@type":"WebPage","@id":"https:\/\/dolanzarote.com\/de\/vino\/lanzarote\/suelo\/","url":"https:\/\/dolanzarote.com\/de\/vino\/lanzarote\/suelo\/","name":"Boden - D.O. Lanzarote","isPartOf":{"@id":"https:\/\/dolanzarote.com\/de\/#website"},"datePublished":"2016-08-17T12:10:20+00:00","dateModified":"2020-03-09T10:23:57+00:00","breadcrumb":{"@id":"https:\/\/dolanzarote.com\/de\/vino\/lanzarote\/suelo\/#breadcrumb"},"inLanguage":"de","potentialAction":[{"@type":"ReadAction","target":["https:\/\/dolanzarote.com\/de\/vino\/lanzarote\/suelo\/"]}]},{"@type":"BreadcrumbList","@id":"https:\/\/dolanzarote.com\/de\/vino\/lanzarote\/suelo\/#breadcrumb","itemListElement":[{"@type":"ListItem","position":1,"name":"Portada","item":"https:\/\/dolanzarote.com\/"},{"@type":"ListItem","position":2,"name":"(Espa\u00f1ol) Vino","item":"https:\/\/dolanzarote.com\/de\/vino\/"},{"@type":"ListItem","position":3,"name":"Lanzarote","item":"https:\/\/dolanzarote.com\/de\/vino\/lanzarote\/"},{"@type":"ListItem","position":4,"name":"Boden"}]},{"@type":"WebSite","@id":"https:\/\/dolanzarote.com\/de\/#website","url":"https:\/\/dolanzarote.com\/de\/","name":"D.O. Lanzarote","description":"Vinos de Lanzarote","potentialAction":[{"@type":"SearchAction","target":{"@type":"EntryPoint","urlTemplate":"https:\/\/dolanzarote.com\/de\/?s={search_term_string}"},"query-input":{"@type":"PropertyValueSpecification","valueRequired":true,"valueName":"search_term_string"}}],"inLanguage":"de"}]}},"_links":{"self":[{"href":"https:\/\/dolanzarote.com\/de\/wp-json\/wp\/v2\/pages\/4682","targetHints":{"allow":["GET"]}}],"collection":[{"href":"https:\/\/dolanzarote.com\/de\/wp-json\/wp\/v2\/pages"}],"about":[{"href":"https:\/\/dolanzarote.com\/de\/wp-json\/wp\/v2\/types\/page"}],"author":[{"embeddable":true,"href":"https:\/\/dolanzarote.com\/de\/wp-json\/wp\/v2\/users\/1"}],"replies":[{"embeddable":true,"href":"https:\/\/dolanzarote.com\/de\/wp-json\/wp\/v2\/comments?post=4682"}],"version-history":[{"count":17,"href":"https:\/\/dolanzarote.com\/de\/wp-json\/wp\/v2\/pages\/4682\/revisions"}],"predecessor-version":[{"id":8780,"href":"https:\/\/dolanzarote.com\/de\/wp-json\/wp\/v2\/pages\/4682\/revisions\/8780"}],"up":[{"embeddable":true,"href":"https:\/\/dolanzarote.com\/de\/wp-json\/wp\/v2\/pages\/4643"}],"wp:attachment":[{"href":"https:\/\/dolanzarote.com\/de\/wp-json\/wp\/v2\/media?parent=4682"}],"curies":[{"name":"wp","href":"https:\/\/api.w.org\/{rel}","templated":true}]}}