{"id":4680,"date":"2016-08-17T12:08:57","date_gmt":"2016-08-17T12:08:57","guid":{"rendered":"https:\/\/dolanzarote.com\/?page_id=4680"},"modified":"2022-07-14T10:25:37","modified_gmt":"2022-07-14T10:25:37","slug":"entorno","status":"publish","type":"page","link":"https:\/\/dolanzarote.com\/de\/vino\/lanzarote\/entorno\/","title":{"rendered":"Umwelt"},"content":{"rendered":"<p>[vc_row row_type=&#8220;row&#8220; use_row_as_full_screen_section=&#8220;no&#8220; type=&#8220;full_width&#8220; angled_section=&#8220;no&#8220; text_align=&#8220;left&#8220; background_image_as_pattern=&#8220;without_pattern&#8220; css_animation=&#8220;&#8220;][vc_column width=&#8220;1\/2&#8243;][vc_column_text]<\/p>\n<p style=\"text-align: justify;\">Von allen Inseln der Kanaren weist Lanzarote die speziellste Landschaft auf. Die Lava der zahlreichen Vulkane hat f\u00fcr die der Mondoberfl\u00e4che \u00e4hnliche Landschaft im Nationalpark Timanfaya gesorgt, die tats\u00e4chlich spektakul\u00e4re Eindr\u00fccke vermittelt.<\/p>\n<p style=\"text-align: justify;\">Trotz der endemisch seltenen Regenf\u00e4lle und der N\u00e4he zum hei\u00dfen Afrika verf\u00fcgt die Insel \u00fcber die Voraussetzungen f\u00fcr den Weinbau. Dieses Wunder ist zu gleichen Teilen der unerm\u00fcdlichen Arbeit der Winzer und der f\u00f6rderlichen Wirkung der Passatwinde zu verdanken, die Feuchtigkeit vom Atlantik zur geschundenen Geografie bringen. Daher ist der Weinbau auf Lanzarote ein besonders eindr\u00fcckliches Beispiel f\u00fcr diesen Kampf zwischen Mensch und Umwelt.<\/p>\n<p style=\"text-align: justify;\">Nachdem der Winzer seinen Kampf gegen die Lava auf der Suche nach Mutterboden gef\u00fchrt hat, muss er sich mit dem Mangel an Regen auseinandersetzen. Die mittlere Niederschlagsmenge betr\u00e4gt 150\u00a0mm pro Jahr. Dank der Passatwinde kondensiert jedoch die Meeresfeuchtigkeit auf der por\u00f6sen Vulkanasche, die als ein dunkler Schwamm dient. Sie speichert den Tau und gibt ihn im Tagesverlauf an die Reben ab. Eine \u00e4u\u00dferst langsame Osmose erm\u00f6glicht den Anbau von ausgezeichneten Trauben auf der Vulkanasche, was die Winzer auf Lanzarote klug zu nutzen wissen.<\/p>\n<p>[\/vc_column_text][vc_separator type=&#8220;transparent&#8220; up=&#8220;20&#8243; down=&#8220;20&#8243;][\/vc_column][vc_column width=&#8220;1\/2&#8243;][vc_gallery interval=&#8220;3&#8243; images=&#8220;4977,4953,4952,4950&#8243; img_size=&#8220;large&#8220;][\/vc_column][\/vc_row][vc_row row_type=&#8220;row&#8220; use_row_as_full_screen_section=&#8220;no&#8220; type=&#8220;full_width&#8220; angled_section=&#8220;no&#8220; text_align=&#8220;left&#8220; background_image_as_pattern=&#8220;without_pattern&#8220; css_animation=&#8220;&#8220;][vc_column width=&#8220;1\/2&#8243;][vc_column_text]<\/p>\n<p style=\"text-align: justify;\">Die Winzer graben trichterf\u00f6rmige Gruben in die Vulkanasche, bis sie auf Mutterboden sto\u00dfen. Auf dem Grund der Gruben, die teilweise mehr als 2 Meter tief sind, setzen sie 1 bis 3 Reben pro Grube. Zum Schutz dieser Gruben gegen den konstanten Wind bauen sie halbkreisf\u00f6rmige, 60 bis 70\u00a0cm hohe Steinw\u00e4lle. Sie bieten Schutz f\u00fcr die Rebst\u00f6cke, damit sie nicht von der Vulkanasche bedeckt werden. Wo die Lapilli-Schicht weniger m\u00e4chtig ist (Tinajo, Masdache, Y\u00e9-Lajares) werden diese halbkreisf\u00f6rmigen W\u00e4lle als Schutz des Rebstocks gegen den Wind gebaut.<\/p>\n<p>[\/vc_column_text][\/vc_column][vc_column width=&#8220;1\/2&#8243;][vc_column_text]<\/p>\n<p style=\"text-align: justify;\">Insgesamt haben sich die Winzer auf Lanzarote dank ihrer stetigen und ausdauernden Arbeit vollst\u00e4ndig an die nat\u00fcrliche Landschaft anzupassen gewusst. Sie erhalten die harte, chaotische Natur und bilden faszinierende Konstruktionen f\u00fcr ihre \u00fcberraschende Erhaltung.<\/p>\n<p style=\"text-align: justify;\">Beide Systeme sind \u00e4u\u00dferst originell und wohlgeformt, besonders in der Gegend La Geria. Dank ihrer Arbeit weist die Landschaft der Insel ein Muster aus insgesamt rund 2.000 Hektar Weinlagen aus. Der Lohn dieses Erfindergeists, der M\u00fchen und Anstrengungen besteht selbstverst\u00e4ndlich in ausgezeichneten Weinen.<\/p>\n<p>[\/vc_column_text][\/vc_column][\/vc_row][vc_row row_type=&#8220;row&#8220; use_row_as_full_screen_section=&#8220;no&#8220; type=&#8220;full_width&#8220; angled_section=&#8220;no&#8220; text_align=&#8220;left&#8220; background_image_as_pattern=&#8220;without_pattern&#8220; css_animation=&#8220;&#8220; css=&#8220;.vc_custom_1492519059320{margin-top: 20px !important;margin-bottom: 20px !important;padding-top: 30px !important;padding-right: 20px !important;padding-bottom: 30px !important;padding-left: 20px !important;background-color: #5e5e5e !important;}&#8220;][vc_column][vc_column_text]<\/p>\n<p style=\"text-align: justify;\"><span style=\"color: #ffffff;\"><strong>Das Anbaugebiet dieser Herkunftsbezeichnung erstreckt sich \u00fcber alle Gemeinden der Insel, die sich in drei Hauptweinbaugebiete gliedern l\u00e4sst:<\/strong><\/span><\/p>\n<style> .zonas li { margin:10px 0;}<\/style>\n<ul class=\"zonas\" >\n<li><span style=\"color: #ffffff; text-align: justify;\"><strong>La Geria:<\/strong>  Dieses Weinbaugebiet befindet sich zwischen den Gemeinden Yaiza und T\u00edas. In La Geria wird aufgrund der Dicke der Lapilli-Schicht, auch bekannt als Kies oder Rofe, die manchmal eine H\u00f6he von drei Metern erreichen kann, das Grubensystem verwendet. Aus diesem Grund ist die Erntedichte geringer als in anderen Teilen der Insel.<\/span><\/li>\n<li><span style=\"color: #ffffff; text-align: justify;\"><strong>Masdache:<\/strong> Gebiet zwischen den Ortschaften T\u00edas und San Bartolom\u00e9. Das Kultursystem ist vor allem von Hotels, obwohl die Schicht ist von einer Dicke picon es sei denn, Bereich Geria.<\/span><\/li>\n<li><span style=\"color: #ffffff; text-align: justify;\"><strong>Tinajo:<\/strong> Weinberg Bereich, in dem die Ernte ist der Perimeter Gr\u00e4ben.<\/span><\/li>\n<li><span style=\"color: #ffffff; text-align: justify;\"><strong>Ye-Lajares:<\/strong> Bereich in der Gemeinde Har\u00eda, und Bodeneigenschaften ist von geringer Produktion.<\/span><\/li>\n<\/ul>\n<p>[\/vc_column_text][\/vc_column][\/vc_row][vc_row row_type=&#8220;row&#8220; use_row_as_full_screen_section=&#8220;no&#8220; type=&#8220;full_width&#8220; angled_section=&#8220;no&#8220; text_align=&#8220;left&#8220; background_image_as_pattern=&#8220;without_pattern&#8220; css_animation=&#8220;&#8220;][vc_column][vc_column_text]<\/p>\n<p style=\"text-align: justify;\">Die ausgezeichneten, auf Lanzarote hergestellten Weine stammen aus den folgenden Sorten: Malvas\u00eda, List\u00e1n blanco, Moscatel, Diego, Burra Blanca, Breval, Pedro Xim\u00e9nez, List\u00e1n negra und Negramoll. Die wichtigste Rebsorte ist die &#8222;Malvas\u00eda&#8220; (Malvasier). Sie hat sich perfekt an die Umgebung angepasst und erzeugt kleine, wenig ergiebige, jedoch hochwertige Beeren. Ihre Balance, ihr Geschmack und Duft finden sich sp\u00e4ter im Wein wieder und sorgen f\u00fcr hohe Qualit\u00e4t. Zu erw\u00e4hnen ist auch &#8222;Diego&#8220;, eine sp\u00e4t reifende Traubensorte, aus der sehr aromatische Weine gewonnen werden.<\/p>\n<p style=\"text-align: justify;\">Der Gro\u00dfteil der Ernte wird f\u00fcr die Herstellung von Wei\u00dfweinen verwendet, in den Auspr\u00e4gungen Trocken, Halbtrocken, Lieblich, S\u00fc\u00df, Lik\u00f6rweine, ausgebaute Weine und Schaumweine. Au\u00dferdem sind nicht nur die Ros\u00e9- und Rotweine sind von hoher Qualit\u00e4t. Die jungen Wei\u00dfweine weisen einen strohgelben Farbton auf, sind sehr aromatisch und gepr\u00e4gt durch die Charaktereigenschaft der &#8222;Malvas\u00eda&#8220;-Traube. Im Mund angenehm ausgewogen, mit trockenem Mandelaroma im Abgang.<\/p>\n<p style=\"text-align: justify;\">Die Ros\u00e9weine sind weisen einen Johannisbeer-Rosa-Farbton aus und bieten anhaltende Frische mit fruchtigen Noten. Die Rotweine sind allgemein Weine mit mittlerer T\u00f6nung, warm und mit guter Struktur. Die aus der Moscatel-Traube gewonnenen Lik\u00f6rweine sind sehr edel, aromatisch und von ausgezeichneter Qualit\u00e4t als Dessert- oder Aperitivweine.<\/p>\n<p style=\"text-align: justify;\">Der Ertrag pro Hektar bildet einen wahren Negativrekord: er schwankt zwischen 1.000 und 1.500 kg, denn die Erzeugung auf der Insel ist klimatischen Kapriolen ausgesetzt. Die Gesamterzeugung bel\u00e4uft sich auf 1 bis 3 Millionen kg.<\/p>\n<p>[\/vc_column_text][vc_separator type=&#8220;transparent&#8220; up=&#8220;20&#8243; down=&#8220;20&#8243;][\/vc_column][\/vc_row]<\/p>\n<!-- Begin Yuzo --><div class='yuzo_related_post style-1'  data-version='5.12.89'><!-- without result --><div class='yuzo_clearfixed yuzo__title yuzo__title'><h3>Noticias relacionadas<\/h3><\/div>\n\t\t\t\t\t\t  <div class=\"relatedthumb \" style=\"width:215px;float:left;overflow:hidden;\">  \n\t\t\t\t\t\t\t  \n\t\t\t\t\t\t\t  <a rel='nofollow' href=\"https:\/\/dolanzarote.com\/de\/el-grifo-canari-premiado-con-una-medalla-de-plata-en-el-concurso-internacional-mundus-vini-2011\/\"  >\n\t\t\t\t\t\t\t\t\t  <div class=\"yuzo-img-wrap \" style=\"width: 215px;height:180px;\">\n\t\t\t\t\t\t\t\t\t\t\n\t\t\t\t\t\t\t\t\t\t<div class=\"yuzo-img\" style=\"background:url('http:\/\/dolanzarote.lztic.com\/wp-content\/plugins\/yuzo-related-post\/assets\/images\/default.png') 50% 50% no-repeat;width: 215px;height:180px;margin-bottom: 5px;background-size: cover; \"><\/div>\n\t\t\t\t\t\t\t\t\t  <\/div>\n\t\t\t\t\t\t\t\t\t  \n\t\t\t\t\t\t\t\t   <span class=\"yuzo__text--title\" style=\"font-size:18px;font-weight:bold;\">El Grifo Canari, premiado con una Medalla de Plata en el Concurso Intern...<\/span>\n\t\t\t\t\t\t\t  <span class=\"yuzo_text\" style=\"font-size:14px;\" ><\/span>\n\t\t\t\t\t\t\t  \n\t\t\t\t\t\t\t  <\/a>\n\n\t\t\t\t\t\t  <\/div>\n\t\t\t\t\t\t  <div class=\"relatedthumb \" style=\"width:215px;float:left;overflow:hidden;\">  \n\t\t\t\t\t\t\t  \n\t\t\t\t\t\t\t  <a rel='nofollow' href=\"https:\/\/dolanzarote.com\/de\/bodega-los-bermejos-presente-en-la-revista-mensual-gourmet-magazine-de-el-corte-ingles\/\"  >\n\t\t\t\t\t\t\t\t\t  <div class=\"yuzo-img-wrap \" style=\"width: 215px;height:180px;\">\n\t\t\t\t\t\t\t\t\t\t\n\t\t\t\t\t\t\t\t\t\t<div class=\"yuzo-img\" style=\"background:url('https:\/\/dolanzarote.com\/wp-content\/uploads\/2015\/04\/El-Corte-Ingl\u00e9s.-Cat\u00e1logos-digitales-300x181.png') 50% 50% no-repeat;width: 215px;height:180px;margin-bottom: 5px;background-size: cover; \"><\/div>\n\t\t\t\t\t\t\t\t\t  <\/div>\n\t\t\t\t\t\t\t\t\t  \n\t\t\t\t\t\t\t\t   <span class=\"yuzo__text--title\" style=\"font-size:18px;font-weight:bold;\">Bodega Los Bermejos presente en la revista mensual \u201cGourmet Magazine\u201d de...<\/span>\n\t\t\t\t\t\t\t  <span class=\"yuzo_text\" style=\"font-size:14px;\" >Los vinos de la Denominaci\u00f3n de Origen de Lanzarote siguen estando presentes en numerosos espacios d...<\/span>\n\t\t\t\t\t\t\t  \n\t\t\t\t\t\t\t  <\/a>\n\n\t\t\t\t\t\t  <\/div>\n\t\t\t\t\t\t  <div class=\"relatedthumb \" style=\"width:215px;float:left;overflow:hidden;\">  \n\t\t\t\t\t\t\t  \n\t\t\t\t\t\t\t  <a rel='nofollow' href=\"https:\/\/dolanzarote.com\/de\/los-vinos-de-bodegas-rubicon-presentes-en-la-gran-degustacion-anual-de-skurnik-wines-en-nueva-york\/\"  >\n\t\t\t\t\t\t\t\t\t  <div class=\"yuzo-img-wrap \" style=\"width: 215px;height:180px;\">\n\t\t\t\t\t\t\t\t\t\t\n\t\t\t\t\t\t\t\t\t\t<div class=\"yuzo-img\" style=\"background:url('https:\/\/dolanzarote.com\/wp-content\/uploads\/2015\/03\/rubiconny.jpg') 50% 50% no-repeat;width: 215px;height:180px;margin-bottom: 5px;background-size: cover; \"><\/div>\n\t\t\t\t\t\t\t\t\t  <\/div>\n\t\t\t\t\t\t\t\t\t  \n\t\t\t\t\t\t\t\t   <span class=\"yuzo__text--title\" style=\"font-size:18px;font-weight:bold;\">Los vinos de Bodegas Rubic\u00f3n presentes en la Gran Degustaci\u00f3n Anual de S...<\/span>\n\t\t\t\t\t\t\t  <span class=\"yuzo_text\" style=\"font-size:14px;\" >El evento, celebrado anualmente, ha reunido en su edici\u00f3n 2015 a miles de profesionales del sector d...<\/span>\n\t\t\t\t\t\t\t  \n\t\t\t\t\t\t\t  <\/a>\n\n\t\t\t\t\t\t  <\/div>\n<\/div> <script>\n\t\t\t\t\t\t  jQuery(document).ready(function( $ ){\n\t\t\t\t\t\t\t\/\/jQuery('.yuzo_related_post').equalizer({ overflow : 'relatedthumb' });\n\t\t\t\t\t\t\tjQuery('.yuzo_related_post .yuzo_wraps').equalizer({ columns : '> div' });\n\t\t\t\t\t\t   })\n\t\t\t\t\t\t  <\/script> <!-- End Yuzo :) --><!-- AddThis Advanced Settings generic via filter on the_content --><!-- AddThis Share Buttons generic via filter on the_content -->","protected":false},"excerpt":{"rendered":"<p>[vc_row row_type=&#8220;row&#8220; use_row_as_full_screen_section=&#8220;no&#8220; type=&#8220;full_width&#8220; angled_section=&#8220;no&#8220; text_align=&#8220;left&#8220; background_image_as_pattern=&#8220;without_pattern&#8220; css_animation=&#8220;&#8220;][vc_column width=&#8220;1\/2&#8243;][vc_column_text] Von allen Inseln der Kanaren weist Lanzarote die speziellste Landschaft auf. Die Lava der zahlreichen Vulkane hat f\u00fcr die der Mondoberfl\u00e4che \u00e4hnliche Landschaft im Nationalpark Timanfaya gesorgt, die tats\u00e4chlich spektakul\u00e4re Eindr\u00fccke vermittelt. Trotz der endemisch seltenen&#8230;<!-- AddThis Advanced Settings generic via filter on get_the_excerpt --><!-- AddThis Share Buttons generic via filter on get_the_excerpt --><\/p>\n","protected":false},"author":1,"featured_media":0,"parent":4643,"menu_order":0,"comment_status":"closed","ping_status":"closed","template":"","meta":{"_mc_calendar":[],"footnotes":""},"class_list":["post-4680","page","type-page","status-publish","hentry"],"yoast_head":"<!-- This site is optimized with the Yoast SEO plugin v27.6 - https:\/\/yoast.com\/product\/yoast-seo-wordpress\/ -->\n<title>Umwelt - D.O. Lanzarote<\/title>\n<meta name=\"robots\" content=\"index, follow, max-snippet:-1, max-image-preview:large, max-video-preview:-1\" \/>\n<link rel=\"canonical\" href=\"https:\/\/dolanzarote.com\/vino\/lanzarote\/entorno\/\" \/>\n<meta property=\"og:locale\" content=\"de_DE\" \/>\n<meta property=\"og:type\" content=\"article\" \/>\n<meta property=\"og:title\" content=\"Umwelt - D.O. Lanzarote\" \/>\n<meta property=\"og:description\" content=\"[vc_row row_type=&#8220;row&#8220; use_row_as_full_screen_section=&#8220;no&#8220; type=&#8220;full_width&#8220; angled_section=&#8220;no&#8220; text_align=&#8220;left&#8220; background_image_as_pattern=&#8220;without_pattern&#8220; css_animation=&#8220;&#8220;][vc_column width=&#8220;1\/2&#8243;][vc_column_text] Von allen Inseln der Kanaren weist Lanzarote die speziellste Landschaft auf. Die Lava der zahlreichen Vulkane hat f\u00fcr die der Mondoberfl\u00e4che \u00e4hnliche Landschaft im Nationalpark Timanfaya gesorgt, die tats\u00e4chlich spektakul\u00e4re Eindr\u00fccke vermittelt. Trotz der endemisch seltenen...\" \/>\n<meta property=\"og:url\" content=\"https:\/\/dolanzarote.com\/vino\/lanzarote\/entorno\/\" \/>\n<meta property=\"og:site_name\" content=\"D.O. Lanzarote\" \/>\n<meta property=\"article:modified_time\" content=\"2022-07-14T10:25:37+00:00\" \/>\n<meta name=\"twitter:card\" content=\"summary_large_image\" \/>\n<meta name=\"twitter:label1\" content=\"Gesch\u00e4tzte Lesezeit\" \/>\n\t<meta name=\"twitter:data1\" content=\"15\u00a0Minuten\" \/>\n<script type=\"application\/ld+json\" class=\"yoast-schema-graph\">{\"@context\":\"https:\\\/\\\/schema.org\",\"@graph\":[{\"@type\":\"WebPage\",\"@id\":\"https:\\\/\\\/dolanzarote.com\\\/vino\\\/lanzarote\\\/entorno\\\/\",\"url\":\"https:\\\/\\\/dolanzarote.com\\\/vino\\\/lanzarote\\\/entorno\\\/\",\"name\":\"Umwelt - D.O. Lanzarote\",\"isPartOf\":{\"@id\":\"https:\\\/\\\/dolanzarote.com\\\/de\\\/#website\"},\"datePublished\":\"2016-08-17T12:08:57+00:00\",\"dateModified\":\"2022-07-14T10:25:37+00:00\",\"breadcrumb\":{\"@id\":\"https:\\\/\\\/dolanzarote.com\\\/vino\\\/lanzarote\\\/entorno\\\/#breadcrumb\"},\"inLanguage\":\"de\",\"potentialAction\":[{\"@type\":\"ReadAction\",\"target\":[\"https:\\\/\\\/dolanzarote.com\\\/vino\\\/lanzarote\\\/entorno\\\/\"]}]},{\"@type\":\"BreadcrumbList\",\"@id\":\"https:\\\/\\\/dolanzarote.com\\\/vino\\\/lanzarote\\\/entorno\\\/#breadcrumb\",\"itemListElement\":[{\"@type\":\"ListItem\",\"position\":1,\"name\":\"Portada\",\"item\":\"https:\\\/\\\/dolanzarote.com\\\/\"},{\"@type\":\"ListItem\",\"position\":2,\"name\":\"(Espa\u00f1ol) Vino\",\"item\":\"https:\\\/\\\/dolanzarote.com\\\/de\\\/vino\\\/\"},{\"@type\":\"ListItem\",\"position\":3,\"name\":\"Lanzarote\",\"item\":\"https:\\\/\\\/dolanzarote.com\\\/de\\\/vino\\\/lanzarote\\\/\"},{\"@type\":\"ListItem\",\"position\":4,\"name\":\"Entorno\"}]},{\"@type\":\"WebSite\",\"@id\":\"https:\\\/\\\/dolanzarote.com\\\/de\\\/#website\",\"url\":\"https:\\\/\\\/dolanzarote.com\\\/de\\\/\",\"name\":\"D.O. Lanzarote\",\"description\":\"Vinos de Lanzarote\",\"potentialAction\":[{\"@type\":\"SearchAction\",\"target\":{\"@type\":\"EntryPoint\",\"urlTemplate\":\"https:\\\/\\\/dolanzarote.com\\\/de\\\/?s={search_term_string}\"},\"query-input\":{\"@type\":\"PropertyValueSpecification\",\"valueRequired\":true,\"valueName\":\"search_term_string\"}}],\"inLanguage\":\"de\"}]}<\/script>\n<!-- \/ Yoast SEO plugin. -->","yoast_head_json":{"title":"Umwelt - D.O. Lanzarote","robots":{"index":"index","follow":"follow","max-snippet":"max-snippet:-1","max-image-preview":"max-image-preview:large","max-video-preview":"max-video-preview:-1"},"canonical":"https:\/\/dolanzarote.com\/vino\/lanzarote\/entorno\/","og_locale":"de_DE","og_type":"article","og_title":"Umwelt - D.O. Lanzarote","og_description":"[vc_row row_type=&#8220;row&#8220; use_row_as_full_screen_section=&#8220;no&#8220; type=&#8220;full_width&#8220; angled_section=&#8220;no&#8220; text_align=&#8220;left&#8220; background_image_as_pattern=&#8220;without_pattern&#8220; css_animation=&#8220;&#8220;][vc_column width=&#8220;1\/2&#8243;][vc_column_text] Von allen Inseln der Kanaren weist Lanzarote die speziellste Landschaft auf. Die Lava der zahlreichen Vulkane hat f\u00fcr die der Mondoberfl\u00e4che \u00e4hnliche Landschaft im Nationalpark Timanfaya gesorgt, die tats\u00e4chlich spektakul\u00e4re Eindr\u00fccke vermittelt. Trotz der endemisch seltenen...","og_url":"https:\/\/dolanzarote.com\/vino\/lanzarote\/entorno\/","og_site_name":"D.O. Lanzarote","article_modified_time":"2022-07-14T10:25:37+00:00","twitter_card":"summary_large_image","twitter_misc":{"Gesch\u00e4tzte Lesezeit":"15\u00a0Minuten"},"schema":{"@context":"https:\/\/schema.org","@graph":[{"@type":"WebPage","@id":"https:\/\/dolanzarote.com\/vino\/lanzarote\/entorno\/","url":"https:\/\/dolanzarote.com\/vino\/lanzarote\/entorno\/","name":"Umwelt - D.O. Lanzarote","isPartOf":{"@id":"https:\/\/dolanzarote.com\/de\/#website"},"datePublished":"2016-08-17T12:08:57+00:00","dateModified":"2022-07-14T10:25:37+00:00","breadcrumb":{"@id":"https:\/\/dolanzarote.com\/vino\/lanzarote\/entorno\/#breadcrumb"},"inLanguage":"de","potentialAction":[{"@type":"ReadAction","target":["https:\/\/dolanzarote.com\/vino\/lanzarote\/entorno\/"]}]},{"@type":"BreadcrumbList","@id":"https:\/\/dolanzarote.com\/vino\/lanzarote\/entorno\/#breadcrumb","itemListElement":[{"@type":"ListItem","position":1,"name":"Portada","item":"https:\/\/dolanzarote.com\/"},{"@type":"ListItem","position":2,"name":"(Espa\u00f1ol) Vino","item":"https:\/\/dolanzarote.com\/de\/vino\/"},{"@type":"ListItem","position":3,"name":"Lanzarote","item":"https:\/\/dolanzarote.com\/de\/vino\/lanzarote\/"},{"@type":"ListItem","position":4,"name":"Entorno"}]},{"@type":"WebSite","@id":"https:\/\/dolanzarote.com\/de\/#website","url":"https:\/\/dolanzarote.com\/de\/","name":"D.O. Lanzarote","description":"Vinos de Lanzarote","potentialAction":[{"@type":"SearchAction","target":{"@type":"EntryPoint","urlTemplate":"https:\/\/dolanzarote.com\/de\/?s={search_term_string}"},"query-input":{"@type":"PropertyValueSpecification","valueRequired":true,"valueName":"search_term_string"}}],"inLanguage":"de"}]}},"_links":{"self":[{"href":"https:\/\/dolanzarote.com\/de\/wp-json\/wp\/v2\/pages\/4680","targetHints":{"allow":["GET"]}}],"collection":[{"href":"https:\/\/dolanzarote.com\/de\/wp-json\/wp\/v2\/pages"}],"about":[{"href":"https:\/\/dolanzarote.com\/de\/wp-json\/wp\/v2\/types\/page"}],"author":[{"embeddable":true,"href":"https:\/\/dolanzarote.com\/de\/wp-json\/wp\/v2\/users\/1"}],"replies":[{"embeddable":true,"href":"https:\/\/dolanzarote.com\/de\/wp-json\/wp\/v2\/comments?post=4680"}],"version-history":[{"count":27,"href":"https:\/\/dolanzarote.com\/de\/wp-json\/wp\/v2\/pages\/4680\/revisions"}],"predecessor-version":[{"id":9576,"href":"https:\/\/dolanzarote.com\/de\/wp-json\/wp\/v2\/pages\/4680\/revisions\/9576"}],"up":[{"embeddable":true,"href":"https:\/\/dolanzarote.com\/de\/wp-json\/wp\/v2\/pages\/4643"}],"wp:attachment":[{"href":"https:\/\/dolanzarote.com\/de\/wp-json\/wp\/v2\/media?parent=4680"}],"curies":[{"name":"wp","href":"https:\/\/api.w.org\/{rel}","templated":true}]}}