{"id":4678,"date":"2016-08-17T12:07:28","date_gmt":"2016-08-17T12:07:28","guid":{"rendered":"https:\/\/dolanzarote.com\/?page_id=4678"},"modified":"2020-03-06T13:54:38","modified_gmt":"2020-03-06T13:54:38","slug":"clima","status":"publish","type":"page","link":"https:\/\/dolanzarote.com\/de\/vino\/lanzarote\/clima\/","title":{"rendered":"Klima"},"content":{"rendered":"<p>[vc_row row_type=&#8220;row&#8220; use_row_as_full_screen_section=&#8220;no&#8220; type=&#8220;full_width&#8220; angled_section=&#8220;no&#8220; text_align=&#8220;left&#8220; background_image_as_pattern=&#8220;without_pattern&#8220; css_animation=&#8220;&#8220;][vc_column width=&#8220;1\/2&#8243;][vc_column_text]<\/p>\n<p style=\"text-align: justify;\">Laut dem Lang-Index kann das Klima Lanzarotes als W\u00fcstenklima, nach dem Martonne-Index als hyperarid und nach der Papadakis-Klassifikation als mediterran oder subtropisch-semiarid bezeichnet werden.<\/p>\n<p style=\"text-align: justify;\">Die mittlere Temperatur der geografischen Gebiets betr\u00e4gt 20\u00a0\u00b0C mit Temperaturschwankungen zwischen den k\u00e4ltesten und w\u00e4rmsten Monaten. Der mittlere Temperaturunterschied zwischen Januar und August betr\u00e4gt ca. 7\u00a0\u00b0C.<\/p>\n<p style=\"text-align: justify;\">Der Bereich der Tagestemperatur auf dieser Insel kann bis 17\u00a0\u00b0C am selben Tag betragen. Diese Tag-Nacht-Unterschiede sind typisch f\u00fcr Gebiete mit W\u00fcstenklima.<\/p>\n<p style=\"text-align: justify;\">Die mittlere Jahresniederschlagsmenge liegt unter 150\u00a0mm. Zu den einzelnen Jahreszeiten ist festzustellen, dass der regenreichste Monat der Dezember ist. Die gr\u00f6\u00dften Menge des Jahresniederschlags f\u00e4llt zwischen November und M\u00e4rz, w\u00e4hrend von Juni bis August praktisch keine Niederschlagen fallen.<\/p>\n<p>[\/vc_column_text][\/vc_column][vc_column width=&#8220;1\/2&#8243;][vc_gallery interval=&#8220;3&#8243; images=&#8220;5210,5207,5206&#8243; img_size=&#8220;large&#8220;][\/vc_column][\/vc_row][vc_row row_type=&#8220;row&#8220; use_row_as_full_screen_section=&#8220;no&#8220; type=&#8220;full_width&#8220; angled_section=&#8220;no&#8220; text_align=&#8220;left&#8220; background_image_as_pattern=&#8220;without_pattern&#8220; css_animation=&#8220;&#8220; css=&#8220;.vc_custom_1492518088930{margin-bottom: 20px !important;padding-top: 30px !important;padding-right: 20px !important;padding-bottom: 30px !important;padding-left: 20px !important;background-color: #5e5e5e !important;}&#8220;][vc_column width=&#8220;1\/2&#8243;][vc_column_text]<\/p>\n<p style=\"text-align: justify;\"><span style=\"color: #ffffff;\">Durch das Fehlen geografischer Barrieren und den Einfluss der Passatwinde und der Meeresbrisen ist der Wind ein besonders typischer Faktor f\u00fcr Lanzarote. Wind herrscht au\u00dferdem konstant das ganze Jahr \u00fcber und f\u00fchrt zu einen der f\u00fcr Lanzarote typischen Praktiken in der Landwirtschaft.<\/span><\/p>\n<p>[\/vc_column_text][\/vc_column][vc_column width=&#8220;1\/2&#8243;][vc_column_text]<\/p>\n<p style=\"text-align: justify;\"><span style=\"color: #ffffff;\">Die vorherrschende Windrichtung ist N-NO und die Windst\u00e4rke konzentriert sich auf die Sommermonate, wenn die Passatwinde am st\u00e4rksten auftreten. Die mittlere Windgeschwindigkeit schwankt zwischen 5 und 7\u00a0m\/s.<\/span><\/p>\n<p>[\/vc_column_text][\/vc_column][\/vc_row][vc_row row_type=&#8220;row&#8220; use_row_as_full_screen_section=&#8220;no&#8220; type=&#8220;full_width&#8220; angled_section=&#8220;no&#8220; text_align=&#8220;left&#8220; background_image_as_pattern=&#8220;without_pattern&#8220; css_animation=&#8220;&#8220;][vc_column width=&#8220;1\/2&#8243;][vc_column_text]<\/p>\n<p style=\"text-align: justify;\">Die relative Luftfeuchtigkeit als Klimavariable kann als relativ hoch eingestuft werden. Als Jahresmittel der relativen Luftfeuchtigkeit wurden 69\u00a0% erreicht, mit erheblichen saisonalen Unterschieden. Die h\u00f6chsten Werte von 72\u00a0% in den Monaten mit h\u00f6heren Mittelwerten (Dezember und Januar) und Mindestwerten von 66\u00a0% in den Monat mit niedrigeren Mittelwerten (April und Mai).<\/p>\n<p style=\"text-align: justify;\">Die Schwankungen im Tagesverlauf sind erheblich. Es werden H\u00f6chstwerte \u00fcber 80\u00a0% in den fr\u00fchen Morgenstunden und Mindestwerte unter 40\u00a0% zur Mittagszeit gemessen, wenn die Sonneneinstrahlung am h\u00f6chsten ist.<\/p>\n<p>[\/vc_column_text][\/vc_column][vc_column width=&#8220;1\/2&#8243;][vc_column_text]<\/p>\n<p style=\"text-align: justify;\">Die \u00fcber das ganze Jahr typischerweise geringe Bew\u00f6lkung beg\u00fcnstigt die vielen Stunden der Sonneneinstrahlung mit einem Mittelwert von 7,8\u00a0Stunden pro Tag. Allerdings gibt es saisonale Schwankungen bei der Dauer der Sonneneinstrahlung, mit H\u00f6chstwerten im Sommer (9,5\u00a0h\/Tag), mittleren Werten im Fr\u00fchjahr und Herbst (8\u00a0h\/Tag bzw. 7\u00a0h\/Tag) und Mindestwerten im Winter (6\u00a0h\/Tag) (Quelle: AEMET, 2010).<\/p>\n<p style=\"text-align: justify;\">Die Hitze, der Einfluss der Winde und die langen Zeiten der Sonneneinstrahlung bestimmen eine mittlere Verdunstung pro Jahr von ca. 1.800\u00a0mm im Verdunstungskessel bzw. ca. 960\u00a0mm nach der Thornthwaite-Methode. Diese Tag-Nacht-Schwankungen sind typisch f\u00fcr Regionen mit W\u00fcstenklima.<\/p>\n<p>[\/vc_column_text][\/vc_column][\/vc_row][vc_row row_type=&#8220;row&#8220; use_row_as_full_screen_section=&#8220;no&#8220; type=&#8220;full_width&#8220; angled_section=&#8220;no&#8220; text_align=&#8220;left&#8220; background_image_as_pattern=&#8220;without_pattern&#8220; css_animation=&#8220;&#8220;][vc_column][vc_separator type=&#8220;transparent&#8220; up=&#8220;20&#8243; down=&#8220;20&#8243;][\/vc_column][\/vc_row]<\/p>\n<!-- Begin Yuzo --><div class='yuzo_related_post style-1'  data-version='5.12.89'><!-- without result --><div class='yuzo_clearfixed yuzo__title yuzo__title'><h3>Noticias relacionadas<\/h3><\/div>\n\t\t\t\t\t\t  <div class=\"relatedthumb \" style=\"width:215px;float:left;overflow:hidden;\">  \n\t\t\t\t\t\t\t  \n\t\t\t\t\t\t\t  <a rel='nofollow' href=\"https:\/\/dolanzarote.com\/de\/la-recaudacion-por-la-venta-de-calendarios-solidarios-del-proyecto-salvar-la-geria-se-destinara-a-la-integracion-laboral-de-personas-con-discapacidad-a-traves-de-la-recuperacion-de-fincas-abandona\/\"  >\n\t\t\t\t\t\t\t\t\t  <div class=\"yuzo-img-wrap \" style=\"width: 215px;height:180px;\">\n\t\t\t\t\t\t\t\t\t\t\n\t\t\t\t\t\t\t\t\t\t<div class=\"yuzo-img\" style=\"background:url('https:\/\/dolanzarote.com\/wp-content\/uploads\/2014\/12\/CALENDARIO-SOLIDARIO-300x207.jpg') 50% 50% no-repeat;width: 215px;height:180px;margin-bottom: 5px;background-size: cover; \"><\/div>\n\t\t\t\t\t\t\t\t\t  <\/div>\n\t\t\t\t\t\t\t\t\t  \n\t\t\t\t\t\t\t\t   <span class=\"yuzo__text--title\" style=\"font-size:18px;font-weight:bold;\">La recaudaci\u00f3n por la venta de calendarios solidarios del proyecto &#821...<\/span>\n\t\t\t\t\t\t\t  <span class=\"yuzo_text\" style=\"font-size:14px;\" >Se pueden adquirir al precio de cinco euros en la sede del Consejo Regulador (San Bartolom\u00e9), en Adi...<\/span>\n\t\t\t\t\t\t\t  \n\t\t\t\t\t\t\t  <\/a>\n\n\t\t\t\t\t\t  <\/div>\n\t\t\t\t\t\t  <div class=\"relatedthumb \" style=\"width:215px;float:left;overflow:hidden;\">  \n\t\t\t\t\t\t\t  \n\t\t\t\t\t\t\t  <a rel='nofollow' href=\"https:\/\/dolanzarote.com\/de\/la-catadora-lanzarotena-ana-maria-martin-abild-supera-con-nota-el-prestigioso-curso-wset-impartido-en-londres\/\"  >\n\t\t\t\t\t\t\t\t\t  <div class=\"yuzo-img-wrap \" style=\"width: 215px;height:180px;\">\n\t\t\t\t\t\t\t\t\t\t\n\t\t\t\t\t\t\t\t\t\t<div class=\"yuzo-img\" style=\"background:url('http:\/\/dolanzarote.lztic.com\/wp-content\/plugins\/yuzo-related-post\/assets\/images\/default.png') 50% 50% no-repeat;width: 215px;height:180px;margin-bottom: 5px;background-size: cover; \"><\/div>\n\t\t\t\t\t\t\t\t\t  <\/div>\n\t\t\t\t\t\t\t\t\t  \n\t\t\t\t\t\t\t\t   <span class=\"yuzo__text--title\" style=\"font-size:18px;font-weight:bold;\">La catadora lanzarote\u00f1a Ana Mar\u00eda Mart\u00edn Abild supera con nota el presti...<\/span>\n\t\t\t\t\t\t\t  <span class=\"yuzo_text\" style=\"font-size:14px;\" >Cuenta tambi\u00e9n con el Diploma de Sumiller\u00eda por la Escuela Espa\u00f1ola de Cata de Madrid\n\nLa catadora l...<\/span>\n\t\t\t\t\t\t\t  \n\t\t\t\t\t\t\t  <\/a>\n\n\t\t\t\t\t\t  <\/div>\n\t\t\t\t\t\t  <div class=\"relatedthumb \" style=\"width:215px;float:left;overflow:hidden;\">  \n\t\t\t\t\t\t\t  \n\t\t\t\t\t\t\t  <a rel='nofollow' href=\"https:\/\/dolanzarote.com\/de\/la-vendimia-de-este-ano-oscilara-entre-15-y-2-millones-kilogramos\/\"  >\n\t\t\t\t\t\t\t\t\t  <div class=\"yuzo-img-wrap \" style=\"width: 215px;height:180px;\">\n\t\t\t\t\t\t\t\t\t\t\n\t\t\t\t\t\t\t\t\t\t<div class=\"yuzo-img\" style=\"background:url('https:\/\/dolanzarote.com\/wp-content\/uploads\/2012\/07\/posei1-300x200.jpg') 50% 50% no-repeat;width: 215px;height:180px;margin-bottom: 5px;background-size: cover; \"><\/div>\n\t\t\t\t\t\t\t\t\t  <\/div>\n\t\t\t\t\t\t\t\t\t  \n\t\t\t\t\t\t\t\t   <span class=\"yuzo__text--title\" style=\"font-size:18px;font-weight:bold;\">La vendimia de este a\u00f1o oscilar\u00e1 entre 1,5 y 2 millones kilogramos<\/span>\n\t\t\t\t\t\t\t  <span class=\"yuzo_text\" style=\"font-size:14px;\" >No obstante, la demanda por parte de las bodegas supera se aproxima a los 2,5 millones de kilos, por...<\/span>\n\t\t\t\t\t\t\t  \n\t\t\t\t\t\t\t  <\/a>\n\n\t\t\t\t\t\t  <\/div>\n<\/div> <script>\n\t\t\t\t\t\t  jQuery(document).ready(function( $ ){\n\t\t\t\t\t\t\t\/\/jQuery('.yuzo_related_post').equalizer({ overflow : 'relatedthumb' });\n\t\t\t\t\t\t\tjQuery('.yuzo_related_post .yuzo_wraps').equalizer({ columns : '> div' });\n\t\t\t\t\t\t   })\n\t\t\t\t\t\t  <\/script> <!-- End Yuzo :) --><!-- AddThis Advanced Settings generic via filter on the_content --><!-- AddThis Share Buttons generic via filter on the_content -->","protected":false},"excerpt":{"rendered":"<p>[vc_row row_type=&#8220;row&#8220; use_row_as_full_screen_section=&#8220;no&#8220; type=&#8220;full_width&#8220; angled_section=&#8220;no&#8220; text_align=&#8220;left&#8220; background_image_as_pattern=&#8220;without_pattern&#8220; css_animation=&#8220;&#8220;][vc_column width=&#8220;1\/2&#8243;][vc_column_text] Laut dem Lang-Index kann das Klima Lanzarotes als W\u00fcstenklima, nach dem Martonne-Index als hyperarid und nach der Papadakis-Klassifikation als mediterran oder subtropisch-semiarid bezeichnet werden. Die mittlere Temperatur der geografischen Gebiets betr\u00e4gt 20\u00a0\u00b0C mit Temperaturschwankungen zwischen den&#8230;<!-- AddThis Advanced Settings generic via filter on get_the_excerpt --><!-- AddThis Share Buttons generic via filter on get_the_excerpt --><\/p>\n","protected":false},"author":1,"featured_media":0,"parent":4643,"menu_order":0,"comment_status":"closed","ping_status":"closed","template":"","meta":{"_mc_calendar":[],"footnotes":""},"class_list":["post-4678","page","type-page","status-publish","hentry"],"yoast_head":"<!-- This site is optimized with the Yoast SEO plugin v27.3 - https:\/\/yoast.com\/product\/yoast-seo-wordpress\/ -->\n<title>Klima - D.O. Lanzarote<\/title>\n<meta name=\"robots\" content=\"index, follow, max-snippet:-1, max-image-preview:large, max-video-preview:-1\" \/>\n<link rel=\"canonical\" href=\"https:\/\/dolanzarote.com\/de\/vino\/lanzarote\/clima\/\" \/>\n<meta property=\"og:locale\" content=\"de_DE\" \/>\n<meta property=\"og:type\" content=\"article\" \/>\n<meta property=\"og:title\" content=\"Klima - D.O. Lanzarote\" \/>\n<meta property=\"og:description\" content=\"[vc_row row_type=&#8220;row&#8220; use_row_as_full_screen_section=&#8220;no&#8220; type=&#8220;full_width&#8220; angled_section=&#8220;no&#8220; text_align=&#8220;left&#8220; background_image_as_pattern=&#8220;without_pattern&#8220; css_animation=&#8220;&#8220;][vc_column width=&#8220;1\/2&#8243;][vc_column_text] Laut dem Lang-Index kann das Klima Lanzarotes als W\u00fcstenklima, nach dem Martonne-Index als hyperarid und nach der Papadakis-Klassifikation als mediterran oder subtropisch-semiarid bezeichnet werden. Die mittlere Temperatur der geografischen Gebiets betr\u00e4gt 20\u00a0\u00b0C mit Temperaturschwankungen zwischen den...\" \/>\n<meta property=\"og:url\" content=\"https:\/\/dolanzarote.com\/de\/vino\/lanzarote\/clima\/\" \/>\n<meta property=\"og:site_name\" content=\"D.O. Lanzarote\" \/>\n<meta property=\"article:modified_time\" content=\"2020-03-06T13:54:38+00:00\" \/>\n<meta name=\"twitter:card\" content=\"summary_large_image\" \/>\n<meta name=\"twitter:label1\" content=\"Gesch\u00e4tzte Lesezeit\" \/>\n\t<meta name=\"twitter:data1\" content=\"3\u00a0Minuten\" \/>\n<script type=\"application\/ld+json\" class=\"yoast-schema-graph\">{\"@context\":\"https:\\\/\\\/schema.org\",\"@graph\":[{\"@type\":\"WebPage\",\"@id\":\"https:\\\/\\\/dolanzarote.com\\\/de\\\/vino\\\/lanzarote\\\/clima\\\/\",\"url\":\"https:\\\/\\\/dolanzarote.com\\\/de\\\/vino\\\/lanzarote\\\/clima\\\/\",\"name\":\"Klima - D.O. Lanzarote\",\"isPartOf\":{\"@id\":\"https:\\\/\\\/dolanzarote.com\\\/de\\\/#website\"},\"datePublished\":\"2016-08-17T12:07:28+00:00\",\"dateModified\":\"2020-03-06T13:54:38+00:00\",\"breadcrumb\":{\"@id\":\"https:\\\/\\\/dolanzarote.com\\\/de\\\/vino\\\/lanzarote\\\/clima\\\/#breadcrumb\"},\"inLanguage\":\"de\",\"potentialAction\":[{\"@type\":\"ReadAction\",\"target\":[\"https:\\\/\\\/dolanzarote.com\\\/de\\\/vino\\\/lanzarote\\\/clima\\\/\"]}]},{\"@type\":\"BreadcrumbList\",\"@id\":\"https:\\\/\\\/dolanzarote.com\\\/de\\\/vino\\\/lanzarote\\\/clima\\\/#breadcrumb\",\"itemListElement\":[{\"@type\":\"ListItem\",\"position\":1,\"name\":\"Portada\",\"item\":\"https:\\\/\\\/dolanzarote.com\\\/\"},{\"@type\":\"ListItem\",\"position\":2,\"name\":\"(Espa\u00f1ol) Vino\",\"item\":\"https:\\\/\\\/dolanzarote.com\\\/de\\\/vino\\\/\"},{\"@type\":\"ListItem\",\"position\":3,\"name\":\"Lanzarote\",\"item\":\"https:\\\/\\\/dolanzarote.com\\\/de\\\/vino\\\/lanzarote\\\/\"},{\"@type\":\"ListItem\",\"position\":4,\"name\":\"Klima\"}]},{\"@type\":\"WebSite\",\"@id\":\"https:\\\/\\\/dolanzarote.com\\\/de\\\/#website\",\"url\":\"https:\\\/\\\/dolanzarote.com\\\/de\\\/\",\"name\":\"D.O. Lanzarote\",\"description\":\"Vinos de Lanzarote\",\"potentialAction\":[{\"@type\":\"SearchAction\",\"target\":{\"@type\":\"EntryPoint\",\"urlTemplate\":\"https:\\\/\\\/dolanzarote.com\\\/de\\\/?s={search_term_string}\"},\"query-input\":{\"@type\":\"PropertyValueSpecification\",\"valueRequired\":true,\"valueName\":\"search_term_string\"}}],\"inLanguage\":\"de\"}]}<\/script>\n<!-- \/ Yoast SEO plugin. -->","yoast_head_json":{"title":"Klima - D.O. Lanzarote","robots":{"index":"index","follow":"follow","max-snippet":"max-snippet:-1","max-image-preview":"max-image-preview:large","max-video-preview":"max-video-preview:-1"},"canonical":"https:\/\/dolanzarote.com\/de\/vino\/lanzarote\/clima\/","og_locale":"de_DE","og_type":"article","og_title":"Klima - D.O. Lanzarote","og_description":"[vc_row row_type=&#8220;row&#8220; use_row_as_full_screen_section=&#8220;no&#8220; type=&#8220;full_width&#8220; angled_section=&#8220;no&#8220; text_align=&#8220;left&#8220; background_image_as_pattern=&#8220;without_pattern&#8220; css_animation=&#8220;&#8220;][vc_column width=&#8220;1\/2&#8243;][vc_column_text] Laut dem Lang-Index kann das Klima Lanzarotes als W\u00fcstenklima, nach dem Martonne-Index als hyperarid und nach der Papadakis-Klassifikation als mediterran oder subtropisch-semiarid bezeichnet werden. Die mittlere Temperatur der geografischen Gebiets betr\u00e4gt 20\u00a0\u00b0C mit Temperaturschwankungen zwischen den...","og_url":"https:\/\/dolanzarote.com\/de\/vino\/lanzarote\/clima\/","og_site_name":"D.O. Lanzarote","article_modified_time":"2020-03-06T13:54:38+00:00","twitter_card":"summary_large_image","twitter_misc":{"Gesch\u00e4tzte Lesezeit":"3\u00a0Minuten"},"schema":{"@context":"https:\/\/schema.org","@graph":[{"@type":"WebPage","@id":"https:\/\/dolanzarote.com\/de\/vino\/lanzarote\/clima\/","url":"https:\/\/dolanzarote.com\/de\/vino\/lanzarote\/clima\/","name":"Klima - D.O. Lanzarote","isPartOf":{"@id":"https:\/\/dolanzarote.com\/de\/#website"},"datePublished":"2016-08-17T12:07:28+00:00","dateModified":"2020-03-06T13:54:38+00:00","breadcrumb":{"@id":"https:\/\/dolanzarote.com\/de\/vino\/lanzarote\/clima\/#breadcrumb"},"inLanguage":"de","potentialAction":[{"@type":"ReadAction","target":["https:\/\/dolanzarote.com\/de\/vino\/lanzarote\/clima\/"]}]},{"@type":"BreadcrumbList","@id":"https:\/\/dolanzarote.com\/de\/vino\/lanzarote\/clima\/#breadcrumb","itemListElement":[{"@type":"ListItem","position":1,"name":"Portada","item":"https:\/\/dolanzarote.com\/"},{"@type":"ListItem","position":2,"name":"(Espa\u00f1ol) Vino","item":"https:\/\/dolanzarote.com\/de\/vino\/"},{"@type":"ListItem","position":3,"name":"Lanzarote","item":"https:\/\/dolanzarote.com\/de\/vino\/lanzarote\/"},{"@type":"ListItem","position":4,"name":"Klima"}]},{"@type":"WebSite","@id":"https:\/\/dolanzarote.com\/de\/#website","url":"https:\/\/dolanzarote.com\/de\/","name":"D.O. Lanzarote","description":"Vinos de Lanzarote","potentialAction":[{"@type":"SearchAction","target":{"@type":"EntryPoint","urlTemplate":"https:\/\/dolanzarote.com\/de\/?s={search_term_string}"},"query-input":{"@type":"PropertyValueSpecification","valueRequired":true,"valueName":"search_term_string"}}],"inLanguage":"de"}]}},"_links":{"self":[{"href":"https:\/\/dolanzarote.com\/de\/wp-json\/wp\/v2\/pages\/4678","targetHints":{"allow":["GET"]}}],"collection":[{"href":"https:\/\/dolanzarote.com\/de\/wp-json\/wp\/v2\/pages"}],"about":[{"href":"https:\/\/dolanzarote.com\/de\/wp-json\/wp\/v2\/types\/page"}],"author":[{"embeddable":true,"href":"https:\/\/dolanzarote.com\/de\/wp-json\/wp\/v2\/users\/1"}],"replies":[{"embeddable":true,"href":"https:\/\/dolanzarote.com\/de\/wp-json\/wp\/v2\/comments?post=4678"}],"version-history":[{"count":12,"href":"https:\/\/dolanzarote.com\/de\/wp-json\/wp\/v2\/pages\/4678\/revisions"}],"predecessor-version":[{"id":8766,"href":"https:\/\/dolanzarote.com\/de\/wp-json\/wp\/v2\/pages\/4678\/revisions\/8766"}],"up":[{"embeddable":true,"href":"https:\/\/dolanzarote.com\/de\/wp-json\/wp\/v2\/pages\/4643"}],"wp:attachment":[{"href":"https:\/\/dolanzarote.com\/de\/wp-json\/wp\/v2\/media?parent=4678"}],"curies":[{"name":"wp","href":"https:\/\/api.w.org\/{rel}","templated":true}]}}