{"id":4645,"date":"2016-08-17T11:22:21","date_gmt":"2016-08-17T11:22:21","guid":{"rendered":"https:\/\/dolanzarote.com\/?page_id=4645"},"modified":"2020-03-09T10:40:45","modified_gmt":"2020-03-09T10:40:45","slug":"cultivo","status":"publish","type":"page","link":"https:\/\/dolanzarote.com\/de\/vino\/cultivo\/","title":{"rendered":"Anbau"},"content":{"rendered":"<p>[vc_row row_type=&#8220;row&#8220; use_row_as_full_screen_section=&#8220;no&#8220; type=&#8220;full_width&#8220; angled_section=&#8220;no&#8220; text_align=&#8220;left&#8220; background_image_as_pattern=&#8220;without_pattern&#8220; css_animation=&#8220;&#8220; css=&#8220;.vc_custom_1474288986846{margin-bottom: 40px !important;}&#8220;][vc_column width=&#8220;2\/3&#8243;][vc_column_text]<\/p>\n<h3>PFLANZDICHTE UND ABST\u00c4NDE (CIRCA)<\/h3>\n<p>&nbsp;<\/p>\n<ul>\n<li><strong>Im n\u00f6rdlichen Gebiet<\/strong> betragen die Pflanzabst\u00e4nde zwischen 1,5\u00a0m und 2\u00a0m zwischen Rebst\u00f6cken.<\/li>\n<li><strong>In dem Tinajo-Gebiet,<\/strong>betr\u00e4gt der Abstand ca. 1,5\u00a0m.<\/li>\n<li><strong>In La Geria<\/strong> erreicht der Pflanzabstand sogar 4\u00a0m.<\/li>\n<\/ul>\n<p>&nbsp;<\/p>\n<p>Diese Unterschiede bei den Pflanzabst\u00e4nden sind durch die jeweilige Anbauweise bedingt.<\/p>\n<p>In La Geria wird die Grubentechnik verwendet, weil die Lapilli- oder Lavakies-Schicht sehr stark ist und an einigen Stellen sogar 3\u00a0m hoch sein kann. Daher ist die Pflanzdichte niedriger als auf dem Rest der Insel.<\/p>\n<p>In den Gebieten Tinajo und Har\u00eda wird die Technik der umlaufenden Gr\u00e4ben oder der L\u00e4ngsgr\u00e4ben auf der gesamten Parzelle eingesetzt. In dieser Gegend ist die Lapilli-Schicht weniger m\u00e4chtig, besonders in Har\u00eda, wo sie sogar sehr d\u00fcnn ist. In Har\u00eda ist das wichtigste Gebiet Y\u00e9-Lajares.<\/p>\n<blockquote><p>&nbsp;<\/p>\n<p><span style=\"color: #333333;\"><em><strong>Hinweis: <\/strong>In Kapital II, Artikel 6, Absatz 5.1 der Regelung befinden sich weitere Angaben zur Pflanzdichte in Abh\u00e4ngigkeit von der Reberziehung.<\/em><\/span><\/p><\/blockquote>\n<h3><\/h3>\n<p>[\/vc_column_text][\/vc_column][vc_column width=&#8220;1\/3&#8243; css=&#8220;.vc_custom_1474288970998{padding-top: 30px !important;padding-right: 20px !important;padding-bottom: 30px !important;padding-left: 20px !important;background-color: #e2e2e2 !important;}&#8220;][vc_column_text]<\/p>\n<h3><\/h3>\n<h3>ZUGELASSENE H\u00d6CHSTERZEUGUNG<\/h3>\n<p>(in kg pro Hektar): 7.000\u00a0kg pro Hektar<\/p>\n<h3>MITTLERES ALTER<\/h3>\n<p>Allgemeiner Mittelwert zwischen 30 und 50 Jahren, wobei es auch sehr alte Rebst\u00f6cke, jedoch auch neue, 5-6 Jahre alte Pflanzungen gibt.<\/p>\n<h3>REBERZIEHUNG<\/h3>\n<p>Kriechende Erziehung.<\/p>\n<h3>TRAUBENLESE<\/h3>\n<p>Traditionell, ohne maschinelle Hilfsmittel, mit gr\u00f6\u00dftm\u00f6glicher Sorgfalt, wobei die Partien mit gesunden Beeren f\u00fcr die Herstellung der gesch\u00fctzten Weine bestimmt sind. Die Lese wird an die Aufnahmekapazit\u00e4t der Kellereien abgestimmt, um Qualit\u00e4tseinbu\u00dfen zu vermeiden[\/vc_column_text][\/vc_column][\/vc_row]<\/p>\n<!-- Begin Yuzo --><div class='yuzo_related_post style-1'  data-version='5.12.89'><!-- without result --><div class='yuzo_clearfixed yuzo__title yuzo__title'><h3>Noticias relacionadas<\/h3><\/div>\n\t\t\t\t\t\t  <div class=\"relatedthumb \" style=\"width:215px;float:left;overflow:hidden;\">  \n\t\t\t\t\t\t\t  \n\t\t\t\t\t\t\t  <a rel='nofollow' href=\"https:\/\/dolanzarote.com\/de\/el-consejo-regulador-participa-en-lai-jornada-de-viticultura-ecologica-celebrada-en-el-monumento-al-campesino\/\"  >\n\t\t\t\t\t\t\t\t\t  <div class=\"yuzo-img-wrap \" style=\"width: 215px;height:180px;\">\n\t\t\t\t\t\t\t\t\t\t\n\t\t\t\t\t\t\t\t\t\t<div class=\"yuzo-img\" style=\"background:url('http:\/\/dolanzarote.lztic.com\/wp-content\/plugins\/yuzo-related-post\/assets\/images\/default.png') 50% 50% no-repeat;width: 215px;height:180px;margin-bottom: 5px;background-size: cover; \"><\/div>\n\t\t\t\t\t\t\t\t\t  <\/div>\n\t\t\t\t\t\t\t\t\t  \n\t\t\t\t\t\t\t\t   <span class=\"yuzo__text--title\" style=\"font-size:18px;font-weight:bold;\">El Consejo Regulador participa en laI Jornada de Viticultura Ecol\u00f3gica c...<\/span>\n\t\t\t\t\t\t\t  <span class=\"yuzo_text\" style=\"font-size:14px;\" ><\/span>\n\t\t\t\t\t\t\t  \n\t\t\t\t\t\t\t  <\/a>\n\n\t\t\t\t\t\t  <\/div>\n\t\t\t\t\t\t  <div class=\"relatedthumb \" style=\"width:215px;float:left;overflow:hidden;\">  \n\t\t\t\t\t\t\t  \n\t\t\t\t\t\t\t  <a rel='nofollow' href=\"https:\/\/dolanzarote.com\/de\/la-vendimia-en-lanzarote-arranca-cosecha-syrah\/\"  >\n\t\t\t\t\t\t\t\t\t  <div class=\"yuzo-img-wrap \" style=\"width: 215px;height:180px;\">\n\t\t\t\t\t\t\t\t\t\t\n\t\t\t\t\t\t\t\t\t\t<div class=\"yuzo-img\" style=\"background:url('https:\/\/dolanzarote.com\/wp-content\/uploads\/2024\/07\/Paisaje-CRDO-300x200.jpg') 50% 50% no-repeat;width: 215px;height:180px;margin-bottom: 5px;background-size: cover; \"><\/div>\n\t\t\t\t\t\t\t\t\t  <\/div>\n\t\t\t\t\t\t\t\t\t  \n\t\t\t\t\t\t\t\t   <span class=\"yuzo__text--title\" style=\"font-size:18px;font-weight:bold;\">(Espa\u00f1ol) La vendimia en Lanzarote arranca este a\u00f1o con la cosecha de Sy...<\/span>\n\t\t\t\t\t\t\t  <span class=\"yuzo_text\" style=\"font-size:14px;\" >Leider ist der Eintrag nur auf Espa\u00f1ol verf\u00fcgbar.<\/span>\n\t\t\t\t\t\t\t  \n\t\t\t\t\t\t\t  <\/a>\n\n\t\t\t\t\t\t  <\/div>\n\t\t\t\t\t\t  <div class=\"relatedthumb \" style=\"width:215px;float:left;overflow:hidden;\">  \n\t\t\t\t\t\t\t  \n\t\t\t\t\t\t\t  <a rel='nofollow' href=\"https:\/\/dolanzarote.com\/de\/producciones-arraez-bravo-oro-berliner-wein-trophy-lagrima-listan-negro-2021\/\"  >\n\t\t\t\t\t\t\t\t\t  <div class=\"yuzo-img-wrap \" style=\"width: 215px;height:180px;\">\n\t\t\t\t\t\t\t\t\t\t\n\t\t\t\t\t\t\t\t\t\t<div class=\"yuzo-img\" style=\"background:url('https:\/\/dolanzarote.com\/wp-content\/uploads\/2022\/03\/Producciones-Arraez-Bravo-DO-Lanzarote-Berliner-Wein-Trophy-212x300.jpg') 50% 50% no-repeat;width: 215px;height:180px;margin-bottom: 5px;background-size: cover; \"><\/div>\n\t\t\t\t\t\t\t\t\t  <\/div>\n\t\t\t\t\t\t\t\t\t  \n\t\t\t\t\t\t\t\t   <span class=\"yuzo__text--title\" style=\"font-size:18px;font-weight:bold;\">(Espa\u00f1ol) Producciones Arr\u00e1ez Bravo triunfa en la Berliner Wein Trophy c...<\/span>\n\t\t\t\t\t\t\t  <span class=\"yuzo_text\" style=\"font-size:14px;\" >\" width=\"420\" height=\"595\" \/>\r\n\r\nEste vino tinto joven, producido en la isla, se caracteriza por ten...<\/span>\n\t\t\t\t\t\t\t  \n\t\t\t\t\t\t\t  <\/a>\n\n\t\t\t\t\t\t  <\/div>\n<\/div> <script>\n\t\t\t\t\t\t  jQuery(document).ready(function( $ ){\n\t\t\t\t\t\t\t\/\/jQuery('.yuzo_related_post').equalizer({ overflow : 'relatedthumb' });\n\t\t\t\t\t\t\tjQuery('.yuzo_related_post .yuzo_wraps').equalizer({ columns : '> div' });\n\t\t\t\t\t\t   })\n\t\t\t\t\t\t  <\/script> <!-- End Yuzo :) --><!-- AddThis Advanced Settings generic via filter on the_content --><!-- AddThis Share Buttons generic via filter on the_content -->","protected":false},"excerpt":{"rendered":"<p>[vc_row row_type=&#8220;row&#8220; use_row_as_full_screen_section=&#8220;no&#8220; type=&#8220;full_width&#8220; angled_section=&#8220;no&#8220; text_align=&#8220;left&#8220; background_image_as_pattern=&#8220;without_pattern&#8220; css_animation=&#8220;&#8220; css=&#8220;.vc_custom_1474288986846{margin-bottom: 40px !important;}&#8220;][vc_column width=&#8220;2\/3&#8243;][vc_column_text] PFLANZDICHTE UND ABST\u00c4NDE (CIRCA) &nbsp; Im n\u00f6rdlichen Gebiet betragen die Pflanzabst\u00e4nde zwischen 1,5\u00a0m und 2\u00a0m zwischen Rebst\u00f6cken. In dem Tinajo-Gebiet,betr\u00e4gt der Abstand ca. 1,5\u00a0m. In La Geria erreicht der Pflanzabstand sogar 4\u00a0m. &nbsp;&#8230;<!-- AddThis Advanced Settings generic via filter on get_the_excerpt --><!-- AddThis Share Buttons generic via filter on get_the_excerpt --><\/p>\n","protected":false},"author":1,"featured_media":0,"parent":4596,"menu_order":0,"comment_status":"closed","ping_status":"closed","template":"","meta":{"_mc_calendar":[],"footnotes":""},"class_list":["post-4645","page","type-page","status-publish","hentry"],"yoast_head":"<!-- This site is optimized with the Yoast SEO plugin v27.4 - https:\/\/yoast.com\/product\/yoast-seo-wordpress\/ -->\n<title>Anbau - D.O. Lanzarote<\/title>\n<meta name=\"robots\" content=\"index, follow, max-snippet:-1, max-image-preview:large, max-video-preview:-1\" \/>\n<link rel=\"canonical\" href=\"https:\/\/dolanzarote.com\/de\/vino\/cultivo\/\" \/>\n<meta property=\"og:locale\" content=\"de_DE\" \/>\n<meta property=\"og:type\" content=\"article\" \/>\n<meta property=\"og:title\" content=\"Anbau - D.O. Lanzarote\" \/>\n<meta property=\"og:description\" content=\"[vc_row row_type=&#8220;row&#8220; use_row_as_full_screen_section=&#8220;no&#8220; type=&#8220;full_width&#8220; angled_section=&#8220;no&#8220; text_align=&#8220;left&#8220; background_image_as_pattern=&#8220;without_pattern&#8220; css_animation=&#8220;&#8220; css=&#8220;.vc_custom_1474288986846{margin-bottom: 40px !important;}&#8220;][vc_column width=&#8220;2\/3&#8243;][vc_column_text] PFLANZDICHTE UND ABST\u00c4NDE (CIRCA) &nbsp; Im n\u00f6rdlichen Gebiet betragen die Pflanzabst\u00e4nde zwischen 1,5\u00a0m und 2\u00a0m zwischen Rebst\u00f6cken. In dem Tinajo-Gebiet,betr\u00e4gt der Abstand ca. 1,5\u00a0m. In La Geria erreicht der Pflanzabstand sogar 4\u00a0m. &nbsp;...\" \/>\n<meta property=\"og:url\" content=\"https:\/\/dolanzarote.com\/de\/vino\/cultivo\/\" \/>\n<meta property=\"og:site_name\" content=\"D.O. Lanzarote\" \/>\n<meta property=\"article:modified_time\" content=\"2020-03-09T10:40:45+00:00\" \/>\n<meta name=\"twitter:card\" content=\"summary_large_image\" \/>\n<meta name=\"twitter:label1\" content=\"Gesch\u00e4tzte Lesezeit\" \/>\n\t<meta name=\"twitter:data1\" content=\"2\u00a0Minuten\" \/>\n<script type=\"application\/ld+json\" class=\"yoast-schema-graph\">{\"@context\":\"https:\\\/\\\/schema.org\",\"@graph\":[{\"@type\":\"WebPage\",\"@id\":\"https:\\\/\\\/dolanzarote.com\\\/de\\\/vino\\\/cultivo\\\/\",\"url\":\"https:\\\/\\\/dolanzarote.com\\\/de\\\/vino\\\/cultivo\\\/\",\"name\":\"Anbau - D.O. Lanzarote\",\"isPartOf\":{\"@id\":\"https:\\\/\\\/dolanzarote.com\\\/de\\\/#website\"},\"datePublished\":\"2016-08-17T11:22:21+00:00\",\"dateModified\":\"2020-03-09T10:40:45+00:00\",\"breadcrumb\":{\"@id\":\"https:\\\/\\\/dolanzarote.com\\\/de\\\/vino\\\/cultivo\\\/#breadcrumb\"},\"inLanguage\":\"de\",\"potentialAction\":[{\"@type\":\"ReadAction\",\"target\":[\"https:\\\/\\\/dolanzarote.com\\\/de\\\/vino\\\/cultivo\\\/\"]}]},{\"@type\":\"BreadcrumbList\",\"@id\":\"https:\\\/\\\/dolanzarote.com\\\/de\\\/vino\\\/cultivo\\\/#breadcrumb\",\"itemListElement\":[{\"@type\":\"ListItem\",\"position\":1,\"name\":\"Portada\",\"item\":\"https:\\\/\\\/dolanzarote.com\\\/\"},{\"@type\":\"ListItem\",\"position\":2,\"name\":\"(Espa\u00f1ol) Vino\",\"item\":\"https:\\\/\\\/dolanzarote.com\\\/de\\\/vino\\\/\"},{\"@type\":\"ListItem\",\"position\":3,\"name\":\"Anbau\"}]},{\"@type\":\"WebSite\",\"@id\":\"https:\\\/\\\/dolanzarote.com\\\/de\\\/#website\",\"url\":\"https:\\\/\\\/dolanzarote.com\\\/de\\\/\",\"name\":\"D.O. Lanzarote\",\"description\":\"Vinos de Lanzarote\",\"potentialAction\":[{\"@type\":\"SearchAction\",\"target\":{\"@type\":\"EntryPoint\",\"urlTemplate\":\"https:\\\/\\\/dolanzarote.com\\\/de\\\/?s={search_term_string}\"},\"query-input\":{\"@type\":\"PropertyValueSpecification\",\"valueRequired\":true,\"valueName\":\"search_term_string\"}}],\"inLanguage\":\"de\"}]}<\/script>\n<!-- \/ Yoast SEO plugin. -->","yoast_head_json":{"title":"Anbau - D.O. Lanzarote","robots":{"index":"index","follow":"follow","max-snippet":"max-snippet:-1","max-image-preview":"max-image-preview:large","max-video-preview":"max-video-preview:-1"},"canonical":"https:\/\/dolanzarote.com\/de\/vino\/cultivo\/","og_locale":"de_DE","og_type":"article","og_title":"Anbau - D.O. Lanzarote","og_description":"[vc_row row_type=&#8220;row&#8220; use_row_as_full_screen_section=&#8220;no&#8220; type=&#8220;full_width&#8220; angled_section=&#8220;no&#8220; text_align=&#8220;left&#8220; background_image_as_pattern=&#8220;without_pattern&#8220; css_animation=&#8220;&#8220; css=&#8220;.vc_custom_1474288986846{margin-bottom: 40px !important;}&#8220;][vc_column width=&#8220;2\/3&#8243;][vc_column_text] PFLANZDICHTE UND ABST\u00c4NDE (CIRCA) &nbsp; Im n\u00f6rdlichen Gebiet betragen die Pflanzabst\u00e4nde zwischen 1,5\u00a0m und 2\u00a0m zwischen Rebst\u00f6cken. In dem Tinajo-Gebiet,betr\u00e4gt der Abstand ca. 1,5\u00a0m. In La Geria erreicht der Pflanzabstand sogar 4\u00a0m. &nbsp;...","og_url":"https:\/\/dolanzarote.com\/de\/vino\/cultivo\/","og_site_name":"D.O. Lanzarote","article_modified_time":"2020-03-09T10:40:45+00:00","twitter_card":"summary_large_image","twitter_misc":{"Gesch\u00e4tzte Lesezeit":"2\u00a0Minuten"},"schema":{"@context":"https:\/\/schema.org","@graph":[{"@type":"WebPage","@id":"https:\/\/dolanzarote.com\/de\/vino\/cultivo\/","url":"https:\/\/dolanzarote.com\/de\/vino\/cultivo\/","name":"Anbau - D.O. Lanzarote","isPartOf":{"@id":"https:\/\/dolanzarote.com\/de\/#website"},"datePublished":"2016-08-17T11:22:21+00:00","dateModified":"2020-03-09T10:40:45+00:00","breadcrumb":{"@id":"https:\/\/dolanzarote.com\/de\/vino\/cultivo\/#breadcrumb"},"inLanguage":"de","potentialAction":[{"@type":"ReadAction","target":["https:\/\/dolanzarote.com\/de\/vino\/cultivo\/"]}]},{"@type":"BreadcrumbList","@id":"https:\/\/dolanzarote.com\/de\/vino\/cultivo\/#breadcrumb","itemListElement":[{"@type":"ListItem","position":1,"name":"Portada","item":"https:\/\/dolanzarote.com\/"},{"@type":"ListItem","position":2,"name":"(Espa\u00f1ol) Vino","item":"https:\/\/dolanzarote.com\/de\/vino\/"},{"@type":"ListItem","position":3,"name":"Anbau"}]},{"@type":"WebSite","@id":"https:\/\/dolanzarote.com\/de\/#website","url":"https:\/\/dolanzarote.com\/de\/","name":"D.O. Lanzarote","description":"Vinos de Lanzarote","potentialAction":[{"@type":"SearchAction","target":{"@type":"EntryPoint","urlTemplate":"https:\/\/dolanzarote.com\/de\/?s={search_term_string}"},"query-input":{"@type":"PropertyValueSpecification","valueRequired":true,"valueName":"search_term_string"}}],"inLanguage":"de"}]}},"_links":{"self":[{"href":"https:\/\/dolanzarote.com\/de\/wp-json\/wp\/v2\/pages\/4645","targetHints":{"allow":["GET"]}}],"collection":[{"href":"https:\/\/dolanzarote.com\/de\/wp-json\/wp\/v2\/pages"}],"about":[{"href":"https:\/\/dolanzarote.com\/de\/wp-json\/wp\/v2\/types\/page"}],"author":[{"embeddable":true,"href":"https:\/\/dolanzarote.com\/de\/wp-json\/wp\/v2\/users\/1"}],"replies":[{"embeddable":true,"href":"https:\/\/dolanzarote.com\/de\/wp-json\/wp\/v2\/comments?post=4645"}],"version-history":[{"count":10,"href":"https:\/\/dolanzarote.com\/de\/wp-json\/wp\/v2\/pages\/4645\/revisions"}],"predecessor-version":[{"id":8782,"href":"https:\/\/dolanzarote.com\/de\/wp-json\/wp\/v2\/pages\/4645\/revisions\/8782"}],"up":[{"embeddable":true,"href":"https:\/\/dolanzarote.com\/de\/wp-json\/wp\/v2\/pages\/4596"}],"wp:attachment":[{"href":"https:\/\/dolanzarote.com\/de\/wp-json\/wp\/v2\/media?parent=4645"}],"curies":[{"name":"wp","href":"https:\/\/api.w.org\/{rel}","templated":true}]}}