{"id":4643,"date":"2016-08-17T11:22:04","date_gmt":"2016-08-17T11:22:04","guid":{"rendered":"https:\/\/dolanzarote.com\/?page_id=4643"},"modified":"2020-06-10T15:53:03","modified_gmt":"2020-06-10T15:53:03","slug":"lanzarote","status":"publish","type":"page","link":"https:\/\/dolanzarote.com\/de\/vino\/lanzarote\/","title":{"rendered":"Lanzarote"},"content":{"rendered":"<p>[vc_row row_type=&#8220;row&#8220; use_row_as_full_screen_section=&#8220;no&#8220; type=&#8220;grid&#8220; angled_section=&#8220;no&#8220; text_align=&#8220;left&#8220; background_image_as_pattern=&#8220;without_pattern&#8220; css_animation=&#8220;&#8220;][vc_column][vc_separator type=&#8220;transparent&#8220; up=&#8220;20&#8243; down=&#8220;20&#8243;][vc_column_text]<\/p>\n<p style=\"text-align: justify;\"><strong>Lanzarote ist die \u00f6stlichste Insel der Inselgruppe der Kanaren<\/strong>. Sie liegt zwischen den Breitengraden 28\u00ba14\u2019 und 28\u00ba49\u2019 N und den L\u00e4ngengraden 7\u00ba13\u2019 und 7\u00ba41\u2019, rund 1.000\u00a0km s\u00fcdwestlich der Iberischen Halbinsel und ca. 100\u00a0km westlich von Marokko.<\/p>\n<p style=\"text-align: justify;\">Das wichtigste Kennzeichen des <strong>Klimatyps<\/strong> von Lanzarote ist die <strong>Trockenheit (Aridit\u00e4t)<\/strong>. Der Grund f\u00fcr die Aridit\u00e4t ist die geringe H\u00f6he \u00fcber dem Meeresspiegel bei gleichm\u00e4\u00dfiger Orografie. Diese Voraussetzungen verhindern, dass die H\u00f6he der Passatinversion erreicht wird. Die Folge ist, dass die Wolkenfelder nicht abregnen, wie es auf den meisten Inseln der Kanaren der Fall ist. Weitere, weniger entscheidende Faktoren f\u00fcr die Aridit\u00e4t in einigen Gegenden der Insel sind die geografische Lage und N\u00e4he zum Afrika.<\/p>\n<p>[\/vc_column_text][\/vc_column][\/vc_row][vc_row row_type=&#8220;row&#8220; use_row_as_full_screen_section=&#8220;yes&#8220; type=&#8220;grid&#8220; angled_section=&#8220;no&#8220; text_align=&#8220;left&#8220; background_image_as_pattern=&#8220;without_pattern&#8220; css_animation=&#8220;&#8220; css=&#8220;.vc_custom_1474359238895{margin-top: 40px !important;margin-bottom: 40px !important;padding-top: 30px !important;padding-bottom: 30px !important;background-color: #dbdbdb !important;}&#8220;][vc_column width=&#8220;1\/2&#8243;][vc_column_text]<\/p>\n<h4 style=\"text-align: justify;\">Reben werden in Gegenden angebaut, in denen der Boden von einer besonders starken Lapilli-Schicht bedeckt ist.<\/h4>\n<p style=\"text-align: justify;\">Diese Voraussetzungen liegen in der N\u00e4he von Ausbruchkegeln vor, insbesondere bei denen der Jahre 1730 und 1736. Der Anbau geschieht im \u00d6ffnen einer Grube mit ca. 3\u00a0m Durchmesser und 2\u00a0m bis 2,5\u00a0m Tiefe bis zur Oberfl\u00e4che des \u00fcberdeckten Bodens, in dem die Rebe mit Tiefenwurzelsystemen eingepflanzt wird. H\u00e4ufig enth\u00e4lt die Grube einen Wall aus Gestein als Windschutz f\u00fcr den Weinstock. Diese Steinw\u00e4lle und <strong>Gruben bilden die f\u00fcr Lanzarote typische Weinbaulandschaft, die sich besonders ausdruckstark in La Geria zeigt<\/strong>.<\/p>\n<p style=\"text-align: justify;\">Diese Anbauweise verhindert den Einsatz von Maschinen. Die Arbeiten werden daher <strong>per Hand erledigt<\/strong>. Au\u00dferdem verhindert sie eine sehr dichte Bepflanzung, was eine geringe Hektarleistung zur Folge hat. Die erzeugten Mengen sind niedrig, <strong>aber qualit\u00e4tsvoll<\/strong>.<\/p>\n<p>[\/vc_column_text][\/vc_column][vc_column width=&#8220;1\/2&#8243;][vc_gallery interval=&#8220;3&#8243; images=&#8220;4734,5206,5207,5209,5210&#8243; img_size=&#8220;full&#8220; direction_nav=&#8220;no&#8220; control_nav=&#8220;yes&#8220; css=&#8220;.vc_custom_1492517127925{margin-top: 20px !important;}&#8220;][\/vc_column][\/vc_row][vc_row row_type=&#8220;row&#8220; use_row_as_full_screen_section=&#8220;no&#8220; type=&#8220;grid&#8220; angled_section=&#8220;no&#8220; text_align=&#8220;left&#8220; background_image_as_pattern=&#8220;without_pattern&#8220; css_animation=&#8220;&#8220; css=&#8220;.vc_custom_1474359211882{margin-top: 40px !important;margin-bottom: 40px !important;}&#8220;][vc_column width=&#8220;1\/3&#8243;][vc_single_image image=&#8220;4992&#8243; img_size=&#8220;full&#8220; onclick=&#8220;link_image&#8220; qode_css_animation=&#8220;&#8220; css=&#8220;.vc_custom_1474359201662{margin-top: 60px !important;}&#8220;][\/vc_column][vc_column width=&#8220;2\/3&#8243;][vc_column_text]<\/p>\n<h4 style=\"text-align: justify;\">Die Weine mit Herkunftsbezeichnung \u201eVinos de Lanzarote\u201c zeichnen sich durch einen deutlichen vulkanisch-mineralischen Geschmack aus, der perfekt durch ihren relativ hohen S\u00e4uregrad ausgeglichen wird.<\/h4>\n<p style=\"text-align: justify;\">Die <strong>Diversit\u00e4t der Rebsorten<\/strong> ist sehr gro\u00df, wobei die wei\u00dfen Sorten \u00fcberwiegen, deren typischster <strong>Vertreter die Sorte &#8222;Malvas\u00eda volc\u00e1ncia&#8220;<\/strong> <strong>(Vulkan-Malvasier) ist<\/strong>. Es handelt sich um eine einheimische Art, die innerhalb der Herkunftsbezeichnung &#8222;Lanzarote&#8220; die Mehrheit darstellt. Sie hat sich perfekt an die Boden- und Klimabedingungen der Insel angepasst. Mit ihrem Verh\u00e4ltnis zwischen S\u00e4ure und vulkanmineralischem Geschmack bestimmt sie den entscheidenden Unterschied auch anderer Weine dieser Herkunft.<\/p>\n<p style=\"text-align: justify;\">In einem Vorw\u00fcstenklima wie auf Lanzarote, das durch hei\u00dfe Saharawinde und den Boden vulkanischen Ursprungs verschlimmert wird, bedarf es f\u00fcr die F\u00f6rderung des Weinbaus als Lebewesen naturgem\u00e4\u00df des Schlauheit, Beharrlichkeit und Erfindungsgabe. Diese Gaben haben zu den originellsten Weinfeldern der spanischen Geografie gef\u00fchrt. Einerseits in Bodentrichter eingegrabene Weinst\u00f6cke, damit die Wurzeln fruchtbaren Boden erreichen, andererseits gesch\u00fctzt gegen die Winde durch halbkreisf\u00f6rmige W\u00e4lle aus Vulkangestein. In allen F\u00e4llen zudem gepolstert durch eine Schicht Vulkanasche (Lavakies oder Lapilli) zur Speicherung der Feuchtigkeit der Umgebung.<\/p>\n<p style=\"text-align: justify;\">Diese Anbauweise erm\u00f6glicht das \u00dcberleben der Rebst\u00f6cke auf dem Vulkanboden. Sie hat zur &#8222;Malvas\u00eda volc\u00e1nica&#8220;, einer autochthonen Malvasier-Sorte und zur Anpassung der Rebsorten gef\u00fchrt. Ihre Weine zeichnen sich durch ein perfekt ausgewogenes Verh\u00e4ltnis zwischen Vulkanmineral und S\u00e4ure aus, das Unterscheidungsmerkmal der Weine von Lanzarote.<\/p>\n<p>[\/vc_column_text][\/vc_column][\/vc_row][vc_row row_type=&#8220;row&#8220; use_row_as_full_screen_section=&#8220;no&#8220; type=&#8220;full_width&#8220; angled_section=&#8220;no&#8220; text_align=&#8220;left&#8220; background_image_as_pattern=&#8220;without_pattern&#8220; css_animation=&#8220;&#8220;][vc_column][vc_separator type=&#8220;transparent&#8220; up=&#8220;20&#8243; down=&#8220;20&#8243;][\/vc_column][\/vc_row][vc_row row_type=&#8220;row&#8220; use_row_as_full_screen_section=&#8220;no&#8220; type=&#8220;full_width&#8220; angled_section=&#8220;no&#8220; text_align=&#8220;left&#8220; background_image_as_pattern=&#8220;without_pattern&#8220; css_animation=&#8220;&#8220;][vc_column][\/vc_column][\/vc_row]<\/p>\n<!-- Begin Yuzo --><div class='yuzo_related_post style-1'  data-version='5.12.89'><!-- without result --><div class='yuzo_clearfixed yuzo__title yuzo__title'><h3>Noticias relacionadas<\/h3><\/div>\n\t\t\t\t\t\t  <div class=\"relatedthumb \" style=\"width:215px;float:left;overflow:hidden;\">  \n\t\t\t\t\t\t\t  \n\t\t\t\t\t\t\t  <a rel='nofollow' href=\"https:\/\/dolanzarote.com\/de\/el-consejo-regulador-expresa-su-satisfaccion-por-la-inclusion-de-una-partida-en-los-presupuestos-autonomicos-para-la-creacion-de-un-centro-idi-en-lanzarote-2\/\"  >\n\t\t\t\t\t\t\t\t\t  <div class=\"yuzo-img-wrap \" style=\"width: 215px;height:180px;\">\n\t\t\t\t\t\t\t\t\t\t\n\t\t\t\t\t\t\t\t\t\t<div class=\"yuzo-img\" style=\"background:url('http:\/\/dolanzarote.lztic.com\/wp-content\/plugins\/yuzo-related-post\/assets\/images\/default.png') 50% 50% no-repeat;width: 215px;height:180px;margin-bottom: 5px;background-size: cover; \"><\/div>\n\t\t\t\t\t\t\t\t\t  <\/div>\n\t\t\t\t\t\t\t\t\t  \n\t\t\t\t\t\t\t\t   <span class=\"yuzo__text--title\" style=\"font-size:18px;font-weight:bold;\">El Consejo Regulador expresa su satisfacci\u00f3n por la inclusi\u00f3n de una par...<\/span>\n\t\t\t\t\t\t\t  <span class=\"yuzo_text\" style=\"font-size:14px;\" >Alaba adem\u00e1s la apuesta decidida del Cabildo en favor del sector vitivin\u00edcola insular al dar continu...<\/span>\n\t\t\t\t\t\t\t  \n\t\t\t\t\t\t\t  <\/a>\n\n\t\t\t\t\t\t  <\/div>\n\t\t\t\t\t\t  <div class=\"relatedthumb \" style=\"width:215px;float:left;overflow:hidden;\">  \n\t\t\t\t\t\t\t  \n\t\t\t\t\t\t\t  <a rel='nofollow' href=\"https:\/\/dolanzarote.com\/de\/convinados-maridajes-perfectos-viento-mar-y-asia\/\"  >\n\t\t\t\t\t\t\t\t\t  <div class=\"yuzo-img-wrap \" style=\"width: 215px;height:180px;\">\n\t\t\t\t\t\t\t\t\t\t\n\t\t\t\t\t\t\t\t\t\t<div class=\"yuzo-img\" style=\"background:url('https:\/\/dolanzarote.com\/wp-content\/uploads\/2019\/06\/Convinados-maridajes-perfectos-del-restaurante-Nakai-y-vinos-con-denominaci\u00f3n-de-origen-Lanzarote-junio-2019-212x300.jpg') 50% 50% no-repeat;width: 215px;height:180px;margin-bottom: 5px;background-size: cover; \"><\/div>\n\t\t\t\t\t\t\t\t\t  <\/div>\n\t\t\t\t\t\t\t\t\t  \n\t\t\t\t\t\t\t\t   <span class=\"yuzo__text--title\" style=\"font-size:18px;font-weight:bold;\">(Espa\u00f1ol) ConVinados: maridajes perfectos. Viento, mar y Asia<\/span>\n\t\t\t\t\t\t\t  <span class=\"yuzo_text\" style=\"font-size:14px;\" >Leider ist der Eintrag nur auf Espa\u00f1ol verf\u00fcgbar.<\/span>\n\t\t\t\t\t\t\t  \n\t\t\t\t\t\t\t  <\/a>\n\n\t\t\t\t\t\t  <\/div>\n\t\t\t\t\t\t  <div class=\"relatedthumb \" style=\"width:215px;float:left;overflow:hidden;\">  \n\t\t\t\t\t\t\t  \n\t\t\t\t\t\t\t  <a rel='nofollow' href=\"https:\/\/dolanzarote.com\/de\/la-vi-wine-run-lanzarote-que-contara-con-la-presencia-del-maratoniano-olimpico-lanzaroteno-jose-carlos-hernandez-suma-mas-de-1-700-inscritos\/\"  >\n\t\t\t\t\t\t\t\t\t  <div class=\"yuzo-img-wrap \" style=\"width: 215px;height:180px;\">\n\t\t\t\t\t\t\t\t\t\t\n\t\t\t\t\t\t\t\t\t\t<div class=\"yuzo-img\" style=\"background:url('https:\/\/dolanzarote.com\/wp-content\/uploads\/2014\/06\/20140611184959853-300x194.jpg') 50% 50% no-repeat;width: 215px;height:180px;margin-bottom: 5px;background-size: cover; \"><\/div>\n\t\t\t\t\t\t\t\t\t  <\/div>\n\t\t\t\t\t\t\t\t\t  \n\t\t\t\t\t\t\t\t   <span class=\"yuzo__text--title\" style=\"font-size:18px;font-weight:bold;\">La VI Wine Run Lanzarote, que contar\u00e1 con la presencia del maratoniano o...<\/span>\n\t\t\t\t\t\t\t  <span class=\"yuzo_text\" style=\"font-size:14px;\" >El Festival de Cocina Tradicional arranca este s\u00e1bado, 14 de junio\n\nLa VI Wine Run Lanzarote, que se...<\/span>\n\t\t\t\t\t\t\t  \n\t\t\t\t\t\t\t  <\/a>\n\n\t\t\t\t\t\t  <\/div>\n<\/div> <script>\n\t\t\t\t\t\t  jQuery(document).ready(function( $ ){\n\t\t\t\t\t\t\t\/\/jQuery('.yuzo_related_post').equalizer({ overflow : 'relatedthumb' });\n\t\t\t\t\t\t\tjQuery('.yuzo_related_post .yuzo_wraps').equalizer({ columns : '> div' });\n\t\t\t\t\t\t   })\n\t\t\t\t\t\t  <\/script> <!-- End Yuzo :) --><!-- AddThis Advanced Settings generic via filter on the_content --><!-- AddThis Share Buttons generic via filter on the_content -->","protected":false},"excerpt":{"rendered":"<p>[vc_row row_type=&#8220;row&#8220; use_row_as_full_screen_section=&#8220;no&#8220; type=&#8220;grid&#8220; angled_section=&#8220;no&#8220; text_align=&#8220;left&#8220; background_image_as_pattern=&#8220;without_pattern&#8220; css_animation=&#8220;&#8220;][vc_column][vc_separator type=&#8220;transparent&#8220; up=&#8220;20&#8243; down=&#8220;20&#8243;][vc_column_text] Lanzarote ist die \u00f6stlichste Insel der Inselgruppe der Kanaren. Sie liegt zwischen den Breitengraden 28\u00ba14\u2019 und 28\u00ba49\u2019 N und den L\u00e4ngengraden 7\u00ba13\u2019 und 7\u00ba41\u2019, rund 1.000\u00a0km s\u00fcdwestlich der Iberischen Halbinsel und ca. 100\u00a0km westlich&#8230;<!-- AddThis Advanced Settings generic via filter on get_the_excerpt --><!-- AddThis Share Buttons generic via filter on get_the_excerpt --><\/p>\n","protected":false},"author":1,"featured_media":0,"parent":4596,"menu_order":0,"comment_status":"closed","ping_status":"closed","template":"full_width.php","meta":{"_mc_calendar":[],"footnotes":""},"class_list":["post-4643","page","type-page","status-publish","hentry"],"yoast_head":"<!-- This site is optimized with the Yoast SEO plugin v27.4 - https:\/\/yoast.com\/product\/yoast-seo-wordpress\/ -->\n<title>Lanzarote - D.O. Lanzarote<\/title>\n<meta name=\"robots\" content=\"index, follow, max-snippet:-1, max-image-preview:large, max-video-preview:-1\" \/>\n<link rel=\"canonical\" href=\"https:\/\/dolanzarote.com\/de\/vino\/lanzarote\/\" \/>\n<meta property=\"og:locale\" content=\"de_DE\" \/>\n<meta property=\"og:type\" content=\"article\" \/>\n<meta property=\"og:title\" content=\"Lanzarote - D.O. Lanzarote\" \/>\n<meta property=\"og:description\" content=\"[vc_row row_type=&#8220;row&#8220; use_row_as_full_screen_section=&#8220;no&#8220; type=&#8220;grid&#8220; angled_section=&#8220;no&#8220; text_align=&#8220;left&#8220; background_image_as_pattern=&#8220;without_pattern&#8220; css_animation=&#8220;&#8220;][vc_column][vc_separator type=&#8220;transparent&#8220; up=&#8220;20&#8243; down=&#8220;20&#8243;][vc_column_text] Lanzarote ist die \u00f6stlichste Insel der Inselgruppe der Kanaren. Sie liegt zwischen den Breitengraden 28\u00ba14\u2019 und 28\u00ba49\u2019 N und den L\u00e4ngengraden 7\u00ba13\u2019 und 7\u00ba41\u2019, rund 1.000\u00a0km s\u00fcdwestlich der Iberischen Halbinsel und ca. 100\u00a0km westlich...\" \/>\n<meta property=\"og:url\" content=\"https:\/\/dolanzarote.com\/de\/vino\/lanzarote\/\" \/>\n<meta property=\"og:site_name\" content=\"D.O. Lanzarote\" \/>\n<meta property=\"article:modified_time\" content=\"2020-06-10T15:53:03+00:00\" \/>\n<meta name=\"twitter:card\" content=\"summary_large_image\" \/>\n<meta name=\"twitter:label1\" content=\"Gesch\u00e4tzte Lesezeit\" \/>\n\t<meta name=\"twitter:data1\" content=\"4\u00a0Minuten\" \/>\n<script type=\"application\/ld+json\" class=\"yoast-schema-graph\">{\"@context\":\"https:\\\/\\\/schema.org\",\"@graph\":[{\"@type\":\"WebPage\",\"@id\":\"https:\\\/\\\/dolanzarote.com\\\/de\\\/vino\\\/lanzarote\\\/\",\"url\":\"https:\\\/\\\/dolanzarote.com\\\/de\\\/vino\\\/lanzarote\\\/\",\"name\":\"Lanzarote - D.O. Lanzarote\",\"isPartOf\":{\"@id\":\"https:\\\/\\\/dolanzarote.com\\\/de\\\/#website\"},\"datePublished\":\"2016-08-17T11:22:04+00:00\",\"dateModified\":\"2020-06-10T15:53:03+00:00\",\"breadcrumb\":{\"@id\":\"https:\\\/\\\/dolanzarote.com\\\/de\\\/vino\\\/lanzarote\\\/#breadcrumb\"},\"inLanguage\":\"de\",\"potentialAction\":[{\"@type\":\"ReadAction\",\"target\":[\"https:\\\/\\\/dolanzarote.com\\\/de\\\/vino\\\/lanzarote\\\/\"]}]},{\"@type\":\"BreadcrumbList\",\"@id\":\"https:\\\/\\\/dolanzarote.com\\\/de\\\/vino\\\/lanzarote\\\/#breadcrumb\",\"itemListElement\":[{\"@type\":\"ListItem\",\"position\":1,\"name\":\"Portada\",\"item\":\"https:\\\/\\\/dolanzarote.com\\\/\"},{\"@type\":\"ListItem\",\"position\":2,\"name\":\"(Espa\u00f1ol) Vino\",\"item\":\"https:\\\/\\\/dolanzarote.com\\\/de\\\/vino\\\/\"},{\"@type\":\"ListItem\",\"position\":3,\"name\":\"Lanzarote\"}]},{\"@type\":\"WebSite\",\"@id\":\"https:\\\/\\\/dolanzarote.com\\\/de\\\/#website\",\"url\":\"https:\\\/\\\/dolanzarote.com\\\/de\\\/\",\"name\":\"D.O. Lanzarote\",\"description\":\"Vinos de Lanzarote\",\"potentialAction\":[{\"@type\":\"SearchAction\",\"target\":{\"@type\":\"EntryPoint\",\"urlTemplate\":\"https:\\\/\\\/dolanzarote.com\\\/de\\\/?s={search_term_string}\"},\"query-input\":{\"@type\":\"PropertyValueSpecification\",\"valueRequired\":true,\"valueName\":\"search_term_string\"}}],\"inLanguage\":\"de\"}]}<\/script>\n<!-- \/ Yoast SEO plugin. -->","yoast_head_json":{"title":"Lanzarote - D.O. Lanzarote","robots":{"index":"index","follow":"follow","max-snippet":"max-snippet:-1","max-image-preview":"max-image-preview:large","max-video-preview":"max-video-preview:-1"},"canonical":"https:\/\/dolanzarote.com\/de\/vino\/lanzarote\/","og_locale":"de_DE","og_type":"article","og_title":"Lanzarote - D.O. Lanzarote","og_description":"[vc_row row_type=&#8220;row&#8220; use_row_as_full_screen_section=&#8220;no&#8220; type=&#8220;grid&#8220; angled_section=&#8220;no&#8220; text_align=&#8220;left&#8220; background_image_as_pattern=&#8220;without_pattern&#8220; css_animation=&#8220;&#8220;][vc_column][vc_separator type=&#8220;transparent&#8220; up=&#8220;20&#8243; down=&#8220;20&#8243;][vc_column_text] Lanzarote ist die \u00f6stlichste Insel der Inselgruppe der Kanaren. Sie liegt zwischen den Breitengraden 28\u00ba14\u2019 und 28\u00ba49\u2019 N und den L\u00e4ngengraden 7\u00ba13\u2019 und 7\u00ba41\u2019, rund 1.000\u00a0km s\u00fcdwestlich der Iberischen Halbinsel und ca. 100\u00a0km westlich...","og_url":"https:\/\/dolanzarote.com\/de\/vino\/lanzarote\/","og_site_name":"D.O. Lanzarote","article_modified_time":"2020-06-10T15:53:03+00:00","twitter_card":"summary_large_image","twitter_misc":{"Gesch\u00e4tzte Lesezeit":"4\u00a0Minuten"},"schema":{"@context":"https:\/\/schema.org","@graph":[{"@type":"WebPage","@id":"https:\/\/dolanzarote.com\/de\/vino\/lanzarote\/","url":"https:\/\/dolanzarote.com\/de\/vino\/lanzarote\/","name":"Lanzarote - D.O. Lanzarote","isPartOf":{"@id":"https:\/\/dolanzarote.com\/de\/#website"},"datePublished":"2016-08-17T11:22:04+00:00","dateModified":"2020-06-10T15:53:03+00:00","breadcrumb":{"@id":"https:\/\/dolanzarote.com\/de\/vino\/lanzarote\/#breadcrumb"},"inLanguage":"de","potentialAction":[{"@type":"ReadAction","target":["https:\/\/dolanzarote.com\/de\/vino\/lanzarote\/"]}]},{"@type":"BreadcrumbList","@id":"https:\/\/dolanzarote.com\/de\/vino\/lanzarote\/#breadcrumb","itemListElement":[{"@type":"ListItem","position":1,"name":"Portada","item":"https:\/\/dolanzarote.com\/"},{"@type":"ListItem","position":2,"name":"(Espa\u00f1ol) Vino","item":"https:\/\/dolanzarote.com\/de\/vino\/"},{"@type":"ListItem","position":3,"name":"Lanzarote"}]},{"@type":"WebSite","@id":"https:\/\/dolanzarote.com\/de\/#website","url":"https:\/\/dolanzarote.com\/de\/","name":"D.O. Lanzarote","description":"Vinos de Lanzarote","potentialAction":[{"@type":"SearchAction","target":{"@type":"EntryPoint","urlTemplate":"https:\/\/dolanzarote.com\/de\/?s={search_term_string}"},"query-input":{"@type":"PropertyValueSpecification","valueRequired":true,"valueName":"search_term_string"}}],"inLanguage":"de"}]}},"_links":{"self":[{"href":"https:\/\/dolanzarote.com\/de\/wp-json\/wp\/v2\/pages\/4643","targetHints":{"allow":["GET"]}}],"collection":[{"href":"https:\/\/dolanzarote.com\/de\/wp-json\/wp\/v2\/pages"}],"about":[{"href":"https:\/\/dolanzarote.com\/de\/wp-json\/wp\/v2\/types\/page"}],"author":[{"embeddable":true,"href":"https:\/\/dolanzarote.com\/de\/wp-json\/wp\/v2\/users\/1"}],"replies":[{"embeddable":true,"href":"https:\/\/dolanzarote.com\/de\/wp-json\/wp\/v2\/comments?post=4643"}],"version-history":[{"count":24,"href":"https:\/\/dolanzarote.com\/de\/wp-json\/wp\/v2\/pages\/4643\/revisions"}],"predecessor-version":[{"id":8850,"href":"https:\/\/dolanzarote.com\/de\/wp-json\/wp\/v2\/pages\/4643\/revisions\/8850"}],"up":[{"embeddable":true,"href":"https:\/\/dolanzarote.com\/de\/wp-json\/wp\/v2\/pages\/4596"}],"wp:attachment":[{"href":"https:\/\/dolanzarote.com\/de\/wp-json\/wp\/v2\/media?parent=4643"}],"curies":[{"name":"wp","href":"https:\/\/api.w.org\/{rel}","templated":true}]}}