{"id":4630,"date":"2016-08-16T18:37:47","date_gmt":"2016-08-16T18:37:47","guid":{"rendered":"https:\/\/dolanzarote.com\/?page_id=4630"},"modified":"2020-03-06T13:16:10","modified_gmt":"2020-03-06T13:16:10","slug":"descargas","status":"publish","type":"page","link":"https:\/\/dolanzarote.com\/de\/dolanzarote\/descargas\/","title":{"rendered":"Downloads"},"content":{"rendered":"<p>[vc_row row_type=&#8220;row&#8220; use_row_as_full_screen_section=&#8220;no&#8220; type=&#8220;full_width&#8220; angled_section=&#8220;no&#8220; text_align=&#8220;left&#8220; background_image_as_pattern=&#8220;without_pattern&#8220; css_animation=&#8220;&#8220;][vc_column width=&#8220;1\/2&#8243;][vc_column_text]<\/p>\n<h2><\/h2>\n<h2>Anleitungen und Arbeitsunterlagen<\/h2>\n<p>&nbsp;<\/p>\n<ul>\n<li><a href=\"https:\/\/dolanzarote.com\/wp-content\/uploads\/2011\/07\/Folleto-Mosquito-Verde.pdf\" target=\"_blank\" rel=\"noopener noreferrer\">Brosch\u00fcre &#8222;Gr\u00fcne Rebzikade&#8220;<\/a>.<\/li>\n<li><a href=\"https:\/\/dolanzarote.com\/wp-content\/uploads\/2011\/07\/Bases-de-Higiene-en-Bodega.pdf\" target=\"_blank\" rel=\"noopener noreferrer\">Hygienegrundlagen im Weinkeller<\/a>.<\/li>\n<li><a href=\"https:\/\/dolanzarote.com\/wp-content\/uploads\/2011\/07\/Manual-procedimiento-servicio-autocontrol-por-parte-del-CR1.pdf\" target=\"_blank\" rel=\"noopener noreferrer\">Verfahrensanleitung zu Selbstkontrolle durch den Rat.<br \/>\n<\/a><\/li>\n<li><a href=\"https:\/\/dolanzarote.com\/wp-content\/uploads\/2011\/07\/Manual-procedimiento-panel-de-cata.pdf\" target=\"_blank\" rel=\"noopener noreferrer\">Verfahrensanleitung Verkosterpanel<\/a>.<\/li>\n<li><a title=\"Cuaderno de plagas y enfermedades de la vid en canarias\" href=\"http:\/\/www.gobcan.es\/agricultura\/doc\/otros\/publicaciones\/cuadernos\/plagavid.pdf\" target=\"_blank\" rel=\"noopener noreferrer\">Brosch\u00fcre &#8222;Sch\u00e4dlinge und Rebkrankheiten im kanarischen Weinbau&#8220;<\/a>.<\/li>\n<li><a title=\"Plagas y enfermedades de la vid en Lanzarote\" href=\"http:\/\/www.cabildodelanzarote.com\/Uploads\/doc\/20110704112734292.pdf\" target=\"_blank\" rel=\"noopener noreferrer\">Sch\u00e4dlinge und Rebkrankheiten im Weinbau auf Lanzarote.<br \/>\n<\/a><\/li>\n<li><a title=\"Normas pr\u00e1cticas para la elaboraci\u00f3n de vinos en canarias\" href=\"http:\/\/www.gobiernodecanarias.org\/agricultura\/doc\/otros\/publicaciones\/cuadernos\/vinos%20tradicionales.PDF\" target=\"_blank\" rel=\"noopener noreferrer\">Praxisvorschriften f\u00fcr die Weinherstellung auf den Kanaren.<br \/>\n<\/a><\/li>\n<li><a title=\"C\u00f3digo buenas pr\u00e1cticas ecol\u00f3gicas\" href=\"https:\/\/dolanzarote.com\/wp-content\/uploads\/2011\/08\/codigo-buenas-practicas-ecologicas.pdf\" target=\"_blank\" rel=\"noopener noreferrer\">Kodex &#8222;Beste Verfahren f\u00fcr den \u00d6ko-Weinbau&#8220;<\/a>.<\/li>\n<\/ul>\n<p>[\/vc_column_text][\/vc_column][vc_column width=&#8220;1\/2&#8243;][vc_gallery interval=&#8220;3&#8243; images=&#8220;5109,5108,4818&#8243; img_size=&#8220;full&#8220; onclick=&#8220;&#8220; direction_nav=&#8220;no&#8220;][\/vc_column][\/vc_row]<\/p>\n<!-- Begin Yuzo --><div class='yuzo_related_post style-1'  data-version='5.12.89'><!-- without result --><div class='yuzo_clearfixed yuzo__title yuzo__title'><h3>Noticias relacionadas<\/h3><\/div>\n\t\t\t\t\t\t  <div class=\"relatedthumb \" style=\"width:215px;float:left;overflow:hidden;\">  \n\t\t\t\t\t\t\t  \n\t\t\t\t\t\t\t  <a rel='nofollow' href=\"https:\/\/dolanzarote.com\/de\/eurpcion-galardonada-premios-edelweiss-2024\/\"  >\n\t\t\t\t\t\t\t\t\t  <div class=\"yuzo-img-wrap \" style=\"width: 215px;height:180px;\">\n\t\t\t\t\t\t\t\t\t\t\n\t\t\t\t\t\t\t\t\t\t<div class=\"yuzo-img\" style=\"background:url('https:\/\/dolanzarote.com\/wp-content\/uploads\/2024\/06\/La-Bodega-Erupcion-de-Lanzarote-ha-sido-galardonada-con-los-1-300x225.jpg') 50% 50% no-repeat;width: 215px;height:180px;margin-bottom: 5px;background-size: cover; \"><\/div>\n\t\t\t\t\t\t\t\t\t  <\/div>\n\t\t\t\t\t\t\t\t\t  \n\t\t\t\t\t\t\t\t   <span class=\"yuzo__text--title\" style=\"font-size:18px;font-weight:bold;\">(Espa\u00f1ol) Bodega Erupci\u00f3n galardonada en la IV edici\u00f3n de los prestigios...<\/span>\n\t\t\t\t\t\t\t  <span class=\"yuzo_text\" style=\"font-size:14px;\" >Leider ist der Eintrag nur auf Espa\u00f1ol verf\u00fcgbar.<\/span>\n\t\t\t\t\t\t\t  \n\t\t\t\t\t\t\t  <\/a>\n\n\t\t\t\t\t\t  <\/div>\n\t\t\t\t\t\t  <div class=\"relatedthumb \" style=\"width:215px;float:left;overflow:hidden;\">  \n\t\t\t\t\t\t\t  \n\t\t\t\t\t\t\t  <a rel='nofollow' href=\"https:\/\/dolanzarote.com\/de\/cosechados-un-millon-y-medio-de-kilos-de-uva-cuando-ya-se-ha-cubierto-el-70-de-la-vendimia-lanzarotena\/\"  >\n\t\t\t\t\t\t\t\t\t  <div class=\"yuzo-img-wrap \" style=\"width: 215px;height:180px;\">\n\t\t\t\t\t\t\t\t\t\t\n\t\t\t\t\t\t\t\t\t\t<div class=\"yuzo-img\" style=\"background:url('http:\/\/dolanzarote.lztic.com\/wp-content\/plugins\/yuzo-related-post\/assets\/images\/default.png') 50% 50% no-repeat;width: 215px;height:180px;margin-bottom: 5px;background-size: cover; \"><\/div>\n\t\t\t\t\t\t\t\t\t  <\/div>\n\t\t\t\t\t\t\t\t\t  \n\t\t\t\t\t\t\t\t   <span class=\"yuzo__text--title\" style=\"font-size:18px;font-weight:bold;\">Cosechados un mill\u00f3n y medio de kilos de uva, cuando ya se ha cubierto e...<\/span>\n\t\t\t\t\t\t\t  <span class=\"yuzo_text\" style=\"font-size:14px;\" >Comienza ahora la recolecta de list\u00e1n negra, que ser\u00e1 seguida por la de moscatel a final de mes y la...<\/span>\n\t\t\t\t\t\t\t  \n\t\t\t\t\t\t\t  <\/a>\n\n\t\t\t\t\t\t  <\/div>\n\t\t\t\t\t\t  <div class=\"relatedthumb \" style=\"width:215px;float:left;overflow:hidden;\">  \n\t\t\t\t\t\t\t  \n\t\t\t\t\t\t\t  <a rel='nofollow' href=\"https:\/\/dolanzarote.com\/de\/lanzarote-triunfa-decanter-world-wine-awards-2024\/\"  >\n\t\t\t\t\t\t\t\t\t  <div class=\"yuzo-img-wrap \" style=\"width: 215px;height:180px;\">\n\t\t\t\t\t\t\t\t\t\t\n\t\t\t\t\t\t\t\t\t\t<div class=\"yuzo-img\" style=\"background:url('https:\/\/dolanzarote.com\/wp-content\/uploads\/2024\/04\/La-DOP-Vinos-de-Lanzarote-luce-trece-galardones-mas-en-su-vitrina-300x200.jpg') 50% 50% no-repeat;width: 215px;height:180px;margin-bottom: 5px;background-size: cover; \"><\/div>\n\t\t\t\t\t\t\t\t\t  <\/div>\n\t\t\t\t\t\t\t\t\t  \n\t\t\t\t\t\t\t\t   <span class=\"yuzo__text--title\" style=\"font-size:18px;font-weight:bold;\">(Espa\u00f1ol) Lanzarote triunfa en los Decanter World Wine Awards 2024<\/span>\n\t\t\t\t\t\t\t  <span class=\"yuzo_text\" style=\"font-size:14px;\" >Leider ist der Eintrag nur auf Espa\u00f1ol verf\u00fcgbar.<\/span>\n\t\t\t\t\t\t\t  \n\t\t\t\t\t\t\t  <\/a>\n\n\t\t\t\t\t\t  <\/div>\n<\/div> <script>\n\t\t\t\t\t\t  jQuery(document).ready(function( $ ){\n\t\t\t\t\t\t\t\/\/jQuery('.yuzo_related_post').equalizer({ overflow : 'relatedthumb' });\n\t\t\t\t\t\t\tjQuery('.yuzo_related_post .yuzo_wraps').equalizer({ columns : '> div' });\n\t\t\t\t\t\t   })\n\t\t\t\t\t\t  <\/script> <!-- End Yuzo :) --><!-- AddThis Advanced Settings generic via filter on the_content --><!-- AddThis Share Buttons generic via filter on the_content -->","protected":false},"excerpt":{"rendered":"<p>[vc_row row_type=&#8220;row&#8220; use_row_as_full_screen_section=&#8220;no&#8220; type=&#8220;full_width&#8220; angled_section=&#8220;no&#8220; text_align=&#8220;left&#8220; background_image_as_pattern=&#8220;without_pattern&#8220; css_animation=&#8220;&#8220;][vc_column width=&#8220;1\/2&#8243;][vc_column_text] Anleitungen und Arbeitsunterlagen &nbsp; Brosch\u00fcre &#8222;Gr\u00fcne Rebzikade&#8220;. Hygienegrundlagen im Weinkeller. Verfahrensanleitung zu Selbstkontrolle durch den Rat. Verfahrensanleitung Verkosterpanel. Brosch\u00fcre &#8222;Sch\u00e4dlinge und Rebkrankheiten im kanarischen Weinbau&#8220;. Sch\u00e4dlinge und Rebkrankheiten im Weinbau auf Lanzarote. Praxisvorschriften f\u00fcr die Weinherstellung&#8230;<!-- AddThis Advanced Settings generic via filter on get_the_excerpt --><!-- AddThis Share Buttons generic via filter on get_the_excerpt --><\/p>\n","protected":false},"author":1,"featured_media":0,"parent":4594,"menu_order":0,"comment_status":"closed","ping_status":"closed","template":"","meta":{"_mc_calendar":[],"footnotes":""},"class_list":["post-4630","page","type-page","status-publish","hentry"],"yoast_head":"<!-- This site is optimized with the Yoast SEO plugin v27.3 - https:\/\/yoast.com\/product\/yoast-seo-wordpress\/ -->\n<title>Downloads - D.O. Lanzarote<\/title>\n<meta name=\"robots\" content=\"index, follow, max-snippet:-1, max-image-preview:large, max-video-preview:-1\" \/>\n<link rel=\"canonical\" href=\"https:\/\/dolanzarote.com\/dolanzarote\/descargas\/\" \/>\n<meta property=\"og:locale\" content=\"de_DE\" \/>\n<meta property=\"og:type\" content=\"article\" \/>\n<meta property=\"og:title\" content=\"Downloads - D.O. Lanzarote\" \/>\n<meta property=\"og:description\" content=\"[vc_row row_type=&#8220;row&#8220; use_row_as_full_screen_section=&#8220;no&#8220; type=&#8220;full_width&#8220; angled_section=&#8220;no&#8220; text_align=&#8220;left&#8220; background_image_as_pattern=&#8220;without_pattern&#8220; css_animation=&#8220;&#8220;][vc_column width=&#8220;1\/2&#8243;][vc_column_text] Anleitungen und Arbeitsunterlagen &nbsp; Brosch\u00fcre &#8222;Gr\u00fcne Rebzikade&#8220;. Hygienegrundlagen im Weinkeller. Verfahrensanleitung zu Selbstkontrolle durch den Rat. Verfahrensanleitung Verkosterpanel. Brosch\u00fcre &#8222;Sch\u00e4dlinge und Rebkrankheiten im kanarischen Weinbau&#8220;. Sch\u00e4dlinge und Rebkrankheiten im Weinbau auf Lanzarote. Praxisvorschriften f\u00fcr die Weinherstellung...\" \/>\n<meta property=\"og:url\" content=\"https:\/\/dolanzarote.com\/dolanzarote\/descargas\/\" \/>\n<meta property=\"og:site_name\" content=\"D.O. Lanzarote\" \/>\n<meta property=\"article:modified_time\" content=\"2020-03-06T13:16:10+00:00\" \/>\n<meta name=\"twitter:card\" content=\"summary_large_image\" \/>\n<meta name=\"twitter:label1\" content=\"Gesch\u00e4tzte Lesezeit\" \/>\n\t<meta name=\"twitter:data1\" content=\"1\u00a0Minute\" \/>\n<script type=\"application\/ld+json\" class=\"yoast-schema-graph\">{\"@context\":\"https:\\\/\\\/schema.org\",\"@graph\":[{\"@type\":\"WebPage\",\"@id\":\"https:\\\/\\\/dolanzarote.com\\\/dolanzarote\\\/descargas\\\/\",\"url\":\"https:\\\/\\\/dolanzarote.com\\\/dolanzarote\\\/descargas\\\/\",\"name\":\"Downloads - D.O. Lanzarote\",\"isPartOf\":{\"@id\":\"https:\\\/\\\/dolanzarote.com\\\/de\\\/#website\"},\"datePublished\":\"2016-08-16T18:37:47+00:00\",\"dateModified\":\"2020-03-06T13:16:10+00:00\",\"breadcrumb\":{\"@id\":\"https:\\\/\\\/dolanzarote.com\\\/dolanzarote\\\/descargas\\\/#breadcrumb\"},\"inLanguage\":\"de\",\"potentialAction\":[{\"@type\":\"ReadAction\",\"target\":[\"https:\\\/\\\/dolanzarote.com\\\/dolanzarote\\\/descargas\\\/\"]}]},{\"@type\":\"BreadcrumbList\",\"@id\":\"https:\\\/\\\/dolanzarote.com\\\/dolanzarote\\\/descargas\\\/#breadcrumb\",\"itemListElement\":[{\"@type\":\"ListItem\",\"position\":1,\"name\":\"Portada\",\"item\":\"https:\\\/\\\/dolanzarote.com\\\/\"},{\"@type\":\"ListItem\",\"position\":2,\"name\":\"DOLanzarote\",\"item\":\"https:\\\/\\\/dolanzarote.com\\\/dolanzarote\\\/\"},{\"@type\":\"ListItem\",\"position\":3,\"name\":\"Descargas\"}]},{\"@type\":\"WebSite\",\"@id\":\"https:\\\/\\\/dolanzarote.com\\\/de\\\/#website\",\"url\":\"https:\\\/\\\/dolanzarote.com\\\/de\\\/\",\"name\":\"D.O. Lanzarote\",\"description\":\"Vinos de Lanzarote\",\"potentialAction\":[{\"@type\":\"SearchAction\",\"target\":{\"@type\":\"EntryPoint\",\"urlTemplate\":\"https:\\\/\\\/dolanzarote.com\\\/de\\\/?s={search_term_string}\"},\"query-input\":{\"@type\":\"PropertyValueSpecification\",\"valueRequired\":true,\"valueName\":\"search_term_string\"}}],\"inLanguage\":\"de\"}]}<\/script>\n<!-- \/ Yoast SEO plugin. -->","yoast_head_json":{"title":"Downloads - D.O. Lanzarote","robots":{"index":"index","follow":"follow","max-snippet":"max-snippet:-1","max-image-preview":"max-image-preview:large","max-video-preview":"max-video-preview:-1"},"canonical":"https:\/\/dolanzarote.com\/dolanzarote\/descargas\/","og_locale":"de_DE","og_type":"article","og_title":"Downloads - D.O. Lanzarote","og_description":"[vc_row row_type=&#8220;row&#8220; use_row_as_full_screen_section=&#8220;no&#8220; type=&#8220;full_width&#8220; angled_section=&#8220;no&#8220; text_align=&#8220;left&#8220; background_image_as_pattern=&#8220;without_pattern&#8220; css_animation=&#8220;&#8220;][vc_column width=&#8220;1\/2&#8243;][vc_column_text] Anleitungen und Arbeitsunterlagen &nbsp; Brosch\u00fcre &#8222;Gr\u00fcne Rebzikade&#8220;. Hygienegrundlagen im Weinkeller. Verfahrensanleitung zu Selbstkontrolle durch den Rat. Verfahrensanleitung Verkosterpanel. Brosch\u00fcre &#8222;Sch\u00e4dlinge und Rebkrankheiten im kanarischen Weinbau&#8220;. Sch\u00e4dlinge und Rebkrankheiten im Weinbau auf Lanzarote. Praxisvorschriften f\u00fcr die Weinherstellung...","og_url":"https:\/\/dolanzarote.com\/dolanzarote\/descargas\/","og_site_name":"D.O. Lanzarote","article_modified_time":"2020-03-06T13:16:10+00:00","twitter_card":"summary_large_image","twitter_misc":{"Gesch\u00e4tzte Lesezeit":"1\u00a0Minute"},"schema":{"@context":"https:\/\/schema.org","@graph":[{"@type":"WebPage","@id":"https:\/\/dolanzarote.com\/dolanzarote\/descargas\/","url":"https:\/\/dolanzarote.com\/dolanzarote\/descargas\/","name":"Downloads - D.O. Lanzarote","isPartOf":{"@id":"https:\/\/dolanzarote.com\/de\/#website"},"datePublished":"2016-08-16T18:37:47+00:00","dateModified":"2020-03-06T13:16:10+00:00","breadcrumb":{"@id":"https:\/\/dolanzarote.com\/dolanzarote\/descargas\/#breadcrumb"},"inLanguage":"de","potentialAction":[{"@type":"ReadAction","target":["https:\/\/dolanzarote.com\/dolanzarote\/descargas\/"]}]},{"@type":"BreadcrumbList","@id":"https:\/\/dolanzarote.com\/dolanzarote\/descargas\/#breadcrumb","itemListElement":[{"@type":"ListItem","position":1,"name":"Portada","item":"https:\/\/dolanzarote.com\/"},{"@type":"ListItem","position":2,"name":"DOLanzarote","item":"https:\/\/dolanzarote.com\/dolanzarote\/"},{"@type":"ListItem","position":3,"name":"Descargas"}]},{"@type":"WebSite","@id":"https:\/\/dolanzarote.com\/de\/#website","url":"https:\/\/dolanzarote.com\/de\/","name":"D.O. Lanzarote","description":"Vinos de Lanzarote","potentialAction":[{"@type":"SearchAction","target":{"@type":"EntryPoint","urlTemplate":"https:\/\/dolanzarote.com\/de\/?s={search_term_string}"},"query-input":{"@type":"PropertyValueSpecification","valueRequired":true,"valueName":"search_term_string"}}],"inLanguage":"de"}]}},"_links":{"self":[{"href":"https:\/\/dolanzarote.com\/de\/wp-json\/wp\/v2\/pages\/4630","targetHints":{"allow":["GET"]}}],"collection":[{"href":"https:\/\/dolanzarote.com\/de\/wp-json\/wp\/v2\/pages"}],"about":[{"href":"https:\/\/dolanzarote.com\/de\/wp-json\/wp\/v2\/types\/page"}],"author":[{"embeddable":true,"href":"https:\/\/dolanzarote.com\/de\/wp-json\/wp\/v2\/users\/1"}],"replies":[{"embeddable":true,"href":"https:\/\/dolanzarote.com\/de\/wp-json\/wp\/v2\/comments?post=4630"}],"version-history":[{"count":9,"href":"https:\/\/dolanzarote.com\/de\/wp-json\/wp\/v2\/pages\/4630\/revisions"}],"predecessor-version":[{"id":8763,"href":"https:\/\/dolanzarote.com\/de\/wp-json\/wp\/v2\/pages\/4630\/revisions\/8763"}],"up":[{"embeddable":true,"href":"https:\/\/dolanzarote.com\/de\/wp-json\/wp\/v2\/pages\/4594"}],"wp:attachment":[{"href":"https:\/\/dolanzarote.com\/de\/wp-json\/wp\/v2\/media?parent=4630"}],"curies":[{"name":"wp","href":"https:\/\/api.w.org\/{rel}","templated":true}]}}