{"id":4623,"date":"2016-08-16T18:37:09","date_gmt":"2016-08-16T18:37:09","guid":{"rendered":"https:\/\/dolanzarote.com\/?page_id=4623"},"modified":"2020-03-06T12:34:07","modified_gmt":"2020-03-06T12:34:07","slug":"entorno-juridico","status":"publish","type":"page","link":"https:\/\/dolanzarote.com\/de\/dolanzarote\/entorno-juridico\/","title":{"rendered":"Rechtliches Umfeld"},"content":{"rendered":"<p>[vc_row row_type=&#8220;row&#8220; use_row_as_full_screen_section=&#8220;no&#8220; type=&#8220;full_width&#8220; angled_section=&#8220;no&#8220; text_align=&#8220;left&#8220; background_image_as_pattern=&#8220;without_pattern&#8220; css_animation=&#8220;&#8220;][vc_column width=&#8220;2\/3&#8243;]<div class=ordered><\/p>\n<ol>\n<li>\u00a0<a href=\"http:\/\/www.gobcan.es\/boc\/1993\/161\/001.html\" target=\"_blank\" rel=\"noopener noreferrer\">Erlass vom 14. Dezember 1993,<br \/>\n<strong>zur Anerkennung der Herkunftsbezeichnung \u201eLanzarote\u201c und zur Genehmigung der Satzung ihres Rates<\/strong><\/a><strong>.<\/strong><br \/>\n<em>Verk\u00fcndet im kanarischen Gesetzesblatt Nr. 161 vom 22. Dezember 1993.<\/em><\/li>\n<li>\u00a0<a href=\"http:\/\/www.gobcan.es\/boc\/1994\/031\/001.html\" target=\"_blank\" rel=\"noopener noreferrer\">Erlass vom 7. Februar 1994<\/a>,<a href=\"http:\/\/www.gobcan.es\/boc\/1994\/031\/001.html\"><br \/>\n<strong>zur Regelung des Zulassungsverfahrens f\u00fcr Weine mit Anspruch auf die Herkunftsbezeichnung im Bereich der Autonomen Gemeinschaft der Kanaren.<\/strong><\/a><br \/>\n<em>Verk\u00fcndet im kanarischen Gesetzesblatt Nr. 031 vom 14. M\u00e4rz 1994.<\/em><\/li>\n<li>Die R\u00e4te f\u00fcr die Herkunftsbezeichnungen passen sich derzeit an das neue\u00a0<strong><a href=\"http:\/\/www.boe.es\/boe\/dias\/2003-07-11\/pdfs\/A27165-27179.pdf\" target=\"_blank\" rel=\"noopener noreferrer\">Weingesetz an. Gesetz 24\/2003 vom 10. Juni \u00fcber Weinbau und Wein.<\/a>.<\/strong><br \/>\n<em>Verk\u00fcndet im spanischen Gesetzesblatt Nr. 165 vom 11. Juli 2003.<\/em><\/li>\n<li><a href=\"http:\/\/www.gobiernodecanarias.org\/boc\/2008\/033\/006.html\" target=\"_blank\" rel=\"noopener noreferrer\">Erlass vom 6. Februar 2008,<br \/>\n<strong>zur Genehmigung<\/strong><\/a><strong><a href=\"http:\/\/www.gobiernodecanarias.org\/boc\/2008\/033\/006.html\" target=\"_blank\" rel=\"noopener noreferrer\">\u00a0der Satzung des Rates f\u00fcr die Herkunftsbezeichnung Vinos de Lanzarote.<\/a><\/strong><br \/>\n<em>Verk\u00fcndet im kanarischen Gesetzesblatt Nr. 033 vom 14. Februar 2008.<\/em><\/li>\n<li><a href=\"https:\/\/dolanzarote.com\/wp-content\/uploads\/2011\/05\/Modificacion-Estatutos-Consejo-Regulador.pdf\" target=\"_blank\" rel=\"noopener noreferrer\">Erlass vom 24. Oktober 2009,<br \/>\n<strong>zur<\/strong><\/a><strong><a href=\"https:\/\/dolanzarote.com\/wp-content\/uploads\/2011\/05\/Modificacion-Estatutos-Consejo-Regulador.pdf\" target=\"_blank\" rel=\"noopener noreferrer\">\u00a0\u00c4nderung des Erlasses vom 6. Februar 2008 zur Genehmigung der Satzung des Rates f\u00fcr die Herkunftsbezeichnung <\/a><\/strong><a href=\"https:\/\/dolanzarote.com\/wp-content\/uploads\/2011\/05\/Modificacion-Estatutos-Consejo-Regulador.pdf\" target=\"_blank\" rel=\"noopener noreferrer\"> \u201cVinos de Lanzarote\u201d<\/a>.<br \/>\n<em>Verk\u00fcndet im kanarischen Gesetzesblatt Nr. 217 vom 5. November 2009<\/em><\/li>\n<li><a href=\"https:\/\/dolanzarote.com\/wp-content\/uploads\/2011\/05\/Nombramiento-Presidente-Javier-Betancort.pdf\" target=\"_blank\" rel=\"noopener noreferrer\">Beschluss vom 10. Juni 2010 des Kanarischen Institut f\u00fcr Agrar- und Lebensmittelqualit\u00e4t<\/a><br \/>\n<strong>zur\u00a0<a title=\"Nombramiento del Presidente D.O. Lanzarote\" href=\"https:\/\/dolanzarote.com\/wp-content\/uploads\/2011\/05\/Nombramiento-Presidente-Javier-Betancort.pdf\" target=\"_blank\" rel=\"noopener noreferrer\"> Berufung von Javier Betancort Tubau zum Vorsitzenden des Rates f\u00fcr die Herkunftsbezeichnung &#8222;Lanzarote&#8220;<\/a>.<\/strong><br \/>\n<em>Verk\u00fcndet im kanarischen Gesetzesblatt Nr. 120 vom 21. Juni.<\/em><\/li>\n<li>Erlass vom 7. Februar 2011<br \/>\n<strong>zur<\/strong><a href=\"http:\/\/www.gobiernodecanarias.org\/boc\/2011\/035\/002.html\" target=\"_blank\" rel=\"noopener noreferrer\"><strong>Genehmigung der Regelung f\u00fcr die Herkunftsbezeichnung Vinos Lanzarote.<\/strong><br \/>\n<\/a><em>Verk\u00fcndet im kanarischen Gesetzesblatt Nr. 35 vom 17. Februar 2011.<\/em><\/li>\n<li>Erlass vom 26. Mai 2011,<br \/>\n<strong>zur<a href=\"https:\/\/dolanzarote.com\/wp-content\/uploads\/2011\/05\/Reglamento-Consejo-Regulador-2011-I.pdf\" target=\"_blank\" rel=\"noopener noreferrer\"> Berichtigung eines Fehlers im Erlass vom 7. Februar 2011 zur Genehmigung der Regelung der Herkunftsbezeichnung Vinos de Lanzarote<br \/>\n<\/a><\/strong><em>Verk\u00fcndet im kanarischen Gesetzesblatt Nr. 115 vom 13. Juni 2011<\/em><\/li>\n<li>Beschluss vom 28. November 2013 des Kanarischen Instituts f\u00fcr Agrar- und Lebensmittelqualit\u00e4t<br \/>\n<strong>zur\u00a0<a href=\"https:\/\/dolanzarote.com\/wp-content\/uploads\/2011\/05\/Publicacion-en-el-BOC-nombramiento-Presidenta.pdf\" target=\"_blank\" rel=\"noopener noreferrer\">Berufung von Ascensi\u00f3n Vicenta Robayna Elvira als Vorsitzende des Rates f\u00fcr die Herkunftsbezeichnung Lanzarote<\/a>.<\/strong><br \/>\n<em>Ver\u00f6ffentlicht im kanarischen Gesetzesblatt  Nummer 236 vom 9. Dezember<\/em><\/li>\n<\/ol>\n<p><\/div>[\/vc_column][vc_column width=&#8220;1\/3&#8243;][vc_single_image image=&#8220;5018&#8243; img_size=&#8220;full&#8220; alignment=&#8220;center&#8220; qode_css_animation=&#8220;element_from_right&#8220;][vc_single_image image=&#8220;4707&#8243; img_size=&#8220;full&#8220; qode_css_animation=&#8220;element_from_fade&#8220; transition_delay=&#8220;1&#8243; css=&#8220;.vc_custom_1474028578721{margin-bottom: 20px !important;}&#8220;][\/vc_column][\/vc_row]<\/p>\n<!-- Begin Yuzo --><div class='yuzo_related_post style-1'  data-version='5.12.89'><!-- without result --><div class='yuzo_clearfixed yuzo__title yuzo__title'><h3>Noticias relacionadas<\/h3><\/div>\n\t\t\t\t\t\t  <div class=\"relatedthumb \" style=\"width:215px;float:left;overflow:hidden;\">  \n\t\t\t\t\t\t\t  \n\t\t\t\t\t\t\t  <a rel='nofollow' href=\"https:\/\/dolanzarote.com\/de\/los-vinos-de-lanzarote-triunfan-en-bilbao-por-segundo-ano-consecutivo\/\"  >\n\t\t\t\t\t\t\t\t\t  <div class=\"yuzo-img-wrap \" style=\"width: 215px;height:180px;\">\n\t\t\t\t\t\t\t\t\t\t\n\t\t\t\t\t\t\t\t\t\t<div class=\"yuzo-img\" style=\"background:url('https:\/\/dolanzarote.com\/wp-content\/uploads\/2017\/05\/Presentacion-de-Vinos-de-Lanzarote-en-Bilbao-20171-300x200.jpg') 50% 50% no-repeat;width: 215px;height:180px;margin-bottom: 5px;background-size: cover; \"><\/div>\n\t\t\t\t\t\t\t\t\t  <\/div>\n\t\t\t\t\t\t\t\t\t  \n\t\t\t\t\t\t\t\t   <span class=\"yuzo__text--title\" style=\"font-size:18px;font-weight:bold;\">Los vinos de Lanzarote triunfan en Bilbao por segundo a\u00f1o consecutivo<\/span>\n\t\t\t\t\t\t\t  <span class=\"yuzo_text\" style=\"font-size:14px;\" >El jueves pasado\u00a0se celebr\u00f3 una nueva presentaci\u00f3n con cata a cargo del Consejo Regulador\r\nEl doming...<\/span>\n\t\t\t\t\t\t\t  \n\t\t\t\t\t\t\t  <\/a>\n\n\t\t\t\t\t\t  <\/div>\n\t\t\t\t\t\t  <div class=\"relatedthumb \" style=\"width:215px;float:left;overflow:hidden;\">  \n\t\t\t\t\t\t\t  \n\t\t\t\t\t\t\t  <a rel='nofollow' href=\"https:\/\/dolanzarote.com\/de\/los-vinos-denominacion-de-origen-lanzarote-siguen-cosechando-premios-en-prestigiosos-concursos-internacionales\/\"  >\n\t\t\t\t\t\t\t\t\t  <div class=\"yuzo-img-wrap \" style=\"width: 215px;height:180px;\">\n\t\t\t\t\t\t\t\t\t\t\n\t\t\t\t\t\t\t\t\t\t<div class=\"yuzo-img\" style=\"background:url('http:\/\/dolanzarote.lztic.com\/wp-content\/plugins\/yuzo-related-post\/assets\/images\/default.png') 50% 50% no-repeat;width: 215px;height:180px;margin-bottom: 5px;background-size: cover; \"><\/div>\n\t\t\t\t\t\t\t\t\t  <\/div>\n\t\t\t\t\t\t\t\t\t  \n\t\t\t\t\t\t\t\t   <span class=\"yuzo__text--title\" style=\"font-size:18px;font-weight:bold;\">Los Vinos Denominaci\u00f3n de Origen Lanzarote siguen cosechando premios en ...<\/span>\n\t\t\t\t\t\t\t  <span class=\"yuzo_text\" style=\"font-size:14px;\" >Los \u00faltimos galardones han reca\u00eddo en el Tinto Ariana, el Seco Colecci\u00f3n y el Malvas\u00eda Fermentado en...<\/span>\n\t\t\t\t\t\t\t  \n\t\t\t\t\t\t\t  <\/a>\n\n\t\t\t\t\t\t  <\/div>\n\t\t\t\t\t\t  <div class=\"relatedthumb \" style=\"width:215px;float:left;overflow:hidden;\">  \n\t\t\t\t\t\t\t  \n\t\t\t\t\t\t\t  <a rel='nofollow' href=\"https:\/\/dolanzarote.com\/de\/sorteo-semana-malvasia-2021\/\"  >\n\t\t\t\t\t\t\t\t\t  <div class=\"yuzo-img-wrap \" style=\"width: 215px;height:180px;\">\n\t\t\t\t\t\t\t\t\t\t\n\t\t\t\t\t\t\t\t\t\t<div class=\"yuzo-img\" style=\"background:url('https:\/\/dolanzarote.com\/wp-content\/uploads\/2021\/11\/Sorteo-Semana-Malvasia-del-vino-de-Lanzarote-2021-300x300.jpg') 50% 50% no-repeat;width: 215px;height:180px;margin-bottom: 5px;background-size: cover; \"><\/div>\n\t\t\t\t\t\t\t\t\t  <\/div>\n\t\t\t\t\t\t\t\t\t  \n\t\t\t\t\t\t\t\t   <span class=\"yuzo__text--title\" style=\"font-size:18px;font-weight:bold;\">(Espa\u00f1ol) Sorteo Semana Malvas\u00eda 2021<\/span>\n\t\t\t\t\t\t\t  <span class=\"yuzo_text\" style=\"font-size:14px;\" >Leider ist der Eintrag nur auf Espa\u00f1ol verf\u00fcgbar.<\/span>\n\t\t\t\t\t\t\t  \n\t\t\t\t\t\t\t  <\/a>\n\n\t\t\t\t\t\t  <\/div>\n<\/div> <script>\n\t\t\t\t\t\t  jQuery(document).ready(function( $ ){\n\t\t\t\t\t\t\t\/\/jQuery('.yuzo_related_post').equalizer({ overflow : 'relatedthumb' });\n\t\t\t\t\t\t\tjQuery('.yuzo_related_post .yuzo_wraps').equalizer({ columns : '> div' });\n\t\t\t\t\t\t   })\n\t\t\t\t\t\t  <\/script> <!-- End Yuzo :) --><!-- AddThis Advanced Settings generic via filter on the_content --><!-- AddThis Share Buttons generic via filter on the_content -->","protected":false},"excerpt":{"rendered":"<p>[vc_row row_type=&#8220;row&#8220; use_row_as_full_screen_section=&#8220;no&#8220; type=&#8220;full_width&#8220; angled_section=&#8220;no&#8220; text_align=&#8220;left&#8220; background_image_as_pattern=&#8220;without_pattern&#8220; css_animation=&#8220;&#8220;][vc_column width=&#8220;2\/3&#8243;][\/vc_column][vc_column width=&#8220;1\/3&#8243;][vc_single_image image=&#8220;5018&#8243; img_size=&#8220;full&#8220; alignment=&#8220;center&#8220; qode_css_animation=&#8220;element_from_right&#8220;][vc_single_image image=&#8220;4707&#8243; img_size=&#8220;full&#8220; qode_css_animation=&#8220;element_from_fade&#8220; transition_delay=&#8220;1&#8243; css=&#8220;.vc_custom_1474028578721{margin-bottom: 20px !important;}&#8220;][\/vc_column][\/vc_row] Noticias relacionadas (Espa\u00f1ol) El Consejo Regulador se prepara para la pr\u00f3xima vendimia Leider ist der Eintrag nur auf Espa\u00f1ol verf\u00fcgbar. (Espa\u00f1ol) Bodega Vulcano de&#8230;<!-- AddThis Advanced Settings generic via filter on get_the_excerpt --><!-- AddThis Share Buttons generic via filter on get_the_excerpt --><\/p>\n","protected":false},"author":1,"featured_media":0,"parent":4594,"menu_order":0,"comment_status":"closed","ping_status":"closed","template":"","meta":{"_mc_calendar":[],"footnotes":""},"class_list":["post-4623","page","type-page","status-publish","hentry"],"yoast_head":"<!-- This site is optimized with the Yoast SEO plugin v27.4 - https:\/\/yoast.com\/product\/yoast-seo-wordpress\/ -->\n<title>Rechtliches Umfeld - D.O. Lanzarote<\/title>\n<meta name=\"robots\" content=\"index, follow, max-snippet:-1, max-image-preview:large, max-video-preview:-1\" \/>\n<link rel=\"canonical\" href=\"https:\/\/dolanzarote.com\/dolanzarote\/entorno-juridico\/\" \/>\n<meta property=\"og:locale\" content=\"de_DE\" \/>\n<meta property=\"og:type\" content=\"article\" \/>\n<meta property=\"og:title\" content=\"Rechtliches Umfeld - D.O. Lanzarote\" \/>\n<meta property=\"og:description\" content=\"[vc_row row_type=&#8220;row&#8220; use_row_as_full_screen_section=&#8220;no&#8220; type=&#8220;full_width&#8220; angled_section=&#8220;no&#8220; text_align=&#8220;left&#8220; background_image_as_pattern=&#8220;without_pattern&#8220; css_animation=&#8220;&#8220;][vc_column width=&#8220;2\/3&#8243;][\/vc_column][vc_column width=&#8220;1\/3&#8243;][vc_single_image image=&#8220;5018&#8243; img_size=&#8220;full&#8220; alignment=&#8220;center&#8220; qode_css_animation=&#8220;element_from_right&#8220;][vc_single_image image=&#8220;4707&#8243; img_size=&#8220;full&#8220; qode_css_animation=&#8220;element_from_fade&#8220; transition_delay=&#8220;1&#8243; css=&#8220;.vc_custom_1474028578721{margin-bottom: 20px !important;}&#8220;][\/vc_column][\/vc_row] Noticias relacionadas Las elecciones al Consejo Regulador se celebrar\u00e1n finalmente el 14 de oc... El Bolet\u00edn Oficial de Canarias ha\u00a0publicado la resoluci\u00f3n del Instituto...\" \/>\n<meta property=\"og:url\" content=\"https:\/\/dolanzarote.com\/dolanzarote\/entorno-juridico\/\" \/>\n<meta property=\"og:site_name\" content=\"D.O. Lanzarote\" \/>\n<meta property=\"article:modified_time\" content=\"2020-03-06T12:34:07+00:00\" \/>\n<meta name=\"twitter:card\" content=\"summary_large_image\" \/>\n<meta name=\"twitter:label1\" content=\"Gesch\u00e4tzte Lesezeit\" \/>\n\t<meta name=\"twitter:data1\" content=\"2\u00a0Minuten\" \/>\n<script type=\"application\/ld+json\" class=\"yoast-schema-graph\">{\"@context\":\"https:\\\/\\\/schema.org\",\"@graph\":[{\"@type\":\"WebPage\",\"@id\":\"https:\\\/\\\/dolanzarote.com\\\/dolanzarote\\\/entorno-juridico\\\/\",\"url\":\"https:\\\/\\\/dolanzarote.com\\\/dolanzarote\\\/entorno-juridico\\\/\",\"name\":\"Rechtliches Umfeld - D.O. Lanzarote\",\"isPartOf\":{\"@id\":\"https:\\\/\\\/dolanzarote.com\\\/de\\\/#website\"},\"datePublished\":\"2016-08-16T18:37:09+00:00\",\"dateModified\":\"2020-03-06T12:34:07+00:00\",\"breadcrumb\":{\"@id\":\"https:\\\/\\\/dolanzarote.com\\\/dolanzarote\\\/entorno-juridico\\\/#breadcrumb\"},\"inLanguage\":\"de\",\"potentialAction\":[{\"@type\":\"ReadAction\",\"target\":[\"https:\\\/\\\/dolanzarote.com\\\/dolanzarote\\\/entorno-juridico\\\/\"]}]},{\"@type\":\"BreadcrumbList\",\"@id\":\"https:\\\/\\\/dolanzarote.com\\\/dolanzarote\\\/entorno-juridico\\\/#breadcrumb\",\"itemListElement\":[{\"@type\":\"ListItem\",\"position\":1,\"name\":\"Portada\",\"item\":\"https:\\\/\\\/dolanzarote.com\\\/\"},{\"@type\":\"ListItem\",\"position\":2,\"name\":\"DOLanzarote\",\"item\":\"https:\\\/\\\/dolanzarote.com\\\/dolanzarote\\\/\"},{\"@type\":\"ListItem\",\"position\":3,\"name\":\"Entorno jur\u00eddico\"}]},{\"@type\":\"WebSite\",\"@id\":\"https:\\\/\\\/dolanzarote.com\\\/de\\\/#website\",\"url\":\"https:\\\/\\\/dolanzarote.com\\\/de\\\/\",\"name\":\"D.O. Lanzarote\",\"description\":\"Vinos de Lanzarote\",\"potentialAction\":[{\"@type\":\"SearchAction\",\"target\":{\"@type\":\"EntryPoint\",\"urlTemplate\":\"https:\\\/\\\/dolanzarote.com\\\/de\\\/?s={search_term_string}\"},\"query-input\":{\"@type\":\"PropertyValueSpecification\",\"valueRequired\":true,\"valueName\":\"search_term_string\"}}],\"inLanguage\":\"de\"}]}<\/script>\n<!-- \/ Yoast SEO plugin. -->","yoast_head_json":{"title":"Rechtliches Umfeld - D.O. Lanzarote","robots":{"index":"index","follow":"follow","max-snippet":"max-snippet:-1","max-image-preview":"max-image-preview:large","max-video-preview":"max-video-preview:-1"},"canonical":"https:\/\/dolanzarote.com\/dolanzarote\/entorno-juridico\/","og_locale":"de_DE","og_type":"article","og_title":"Rechtliches Umfeld - D.O. Lanzarote","og_description":"[vc_row row_type=&#8220;row&#8220; use_row_as_full_screen_section=&#8220;no&#8220; type=&#8220;full_width&#8220; angled_section=&#8220;no&#8220; text_align=&#8220;left&#8220; background_image_as_pattern=&#8220;without_pattern&#8220; css_animation=&#8220;&#8220;][vc_column width=&#8220;2\/3&#8243;][\/vc_column][vc_column width=&#8220;1\/3&#8243;][vc_single_image image=&#8220;5018&#8243; img_size=&#8220;full&#8220; alignment=&#8220;center&#8220; qode_css_animation=&#8220;element_from_right&#8220;][vc_single_image image=&#8220;4707&#8243; img_size=&#8220;full&#8220; qode_css_animation=&#8220;element_from_fade&#8220; transition_delay=&#8220;1&#8243; css=&#8220;.vc_custom_1474028578721{margin-bottom: 20px !important;}&#8220;][\/vc_column][\/vc_row] Noticias relacionadas Las elecciones al Consejo Regulador se celebrar\u00e1n finalmente el 14 de oc... El Bolet\u00edn Oficial de Canarias ha\u00a0publicado la resoluci\u00f3n del Instituto...","og_url":"https:\/\/dolanzarote.com\/dolanzarote\/entorno-juridico\/","og_site_name":"D.O. Lanzarote","article_modified_time":"2020-03-06T12:34:07+00:00","twitter_card":"summary_large_image","twitter_misc":{"Gesch\u00e4tzte Lesezeit":"2\u00a0Minuten"},"schema":{"@context":"https:\/\/schema.org","@graph":[{"@type":"WebPage","@id":"https:\/\/dolanzarote.com\/dolanzarote\/entorno-juridico\/","url":"https:\/\/dolanzarote.com\/dolanzarote\/entorno-juridico\/","name":"Rechtliches Umfeld - D.O. Lanzarote","isPartOf":{"@id":"https:\/\/dolanzarote.com\/de\/#website"},"datePublished":"2016-08-16T18:37:09+00:00","dateModified":"2020-03-06T12:34:07+00:00","breadcrumb":{"@id":"https:\/\/dolanzarote.com\/dolanzarote\/entorno-juridico\/#breadcrumb"},"inLanguage":"de","potentialAction":[{"@type":"ReadAction","target":["https:\/\/dolanzarote.com\/dolanzarote\/entorno-juridico\/"]}]},{"@type":"BreadcrumbList","@id":"https:\/\/dolanzarote.com\/dolanzarote\/entorno-juridico\/#breadcrumb","itemListElement":[{"@type":"ListItem","position":1,"name":"Portada","item":"https:\/\/dolanzarote.com\/"},{"@type":"ListItem","position":2,"name":"DOLanzarote","item":"https:\/\/dolanzarote.com\/dolanzarote\/"},{"@type":"ListItem","position":3,"name":"Entorno jur\u00eddico"}]},{"@type":"WebSite","@id":"https:\/\/dolanzarote.com\/de\/#website","url":"https:\/\/dolanzarote.com\/de\/","name":"D.O. Lanzarote","description":"Vinos de Lanzarote","potentialAction":[{"@type":"SearchAction","target":{"@type":"EntryPoint","urlTemplate":"https:\/\/dolanzarote.com\/de\/?s={search_term_string}"},"query-input":{"@type":"PropertyValueSpecification","valueRequired":true,"valueName":"search_term_string"}}],"inLanguage":"de"}]}},"_links":{"self":[{"href":"https:\/\/dolanzarote.com\/de\/wp-json\/wp\/v2\/pages\/4623","targetHints":{"allow":["GET"]}}],"collection":[{"href":"https:\/\/dolanzarote.com\/de\/wp-json\/wp\/v2\/pages"}],"about":[{"href":"https:\/\/dolanzarote.com\/de\/wp-json\/wp\/v2\/types\/page"}],"author":[{"embeddable":true,"href":"https:\/\/dolanzarote.com\/de\/wp-json\/wp\/v2\/users\/1"}],"replies":[{"embeddable":true,"href":"https:\/\/dolanzarote.com\/de\/wp-json\/wp\/v2\/comments?post=4623"}],"version-history":[{"count":18,"href":"https:\/\/dolanzarote.com\/de\/wp-json\/wp\/v2\/pages\/4623\/revisions"}],"predecessor-version":[{"id":8757,"href":"https:\/\/dolanzarote.com\/de\/wp-json\/wp\/v2\/pages\/4623\/revisions\/8757"}],"up":[{"embeddable":true,"href":"https:\/\/dolanzarote.com\/de\/wp-json\/wp\/v2\/pages\/4594"}],"wp:attachment":[{"href":"https:\/\/dolanzarote.com\/de\/wp-json\/wp\/v2\/media?parent=4623"}],"curies":[{"name":"wp","href":"https:\/\/api.w.org\/{rel}","templated":true}]}}