{"id":4621,"date":"2016-08-16T18:36:54","date_gmt":"2016-08-16T18:36:54","guid":{"rendered":"https:\/\/dolanzarote.com\/?page_id=4621"},"modified":"2020-03-06T12:17:22","modified_gmt":"2020-03-06T12:17:22","slug":"darse-de-alta","status":"publish","type":"page","link":"https:\/\/dolanzarote.com\/de\/dolanzarote\/darse-de-alta\/","title":{"rendered":"Mitglied werden"},"content":{"rendered":"<p>[vc_row row_type=&#8220;row&#8220; use_row_as_full_screen_section=&#8220;no&#8220; type=&#8220;full_width&#8220; angled_section=&#8220;no&#8220; text_align=&#8220;left&#8220; background_image_as_pattern=&#8220;without_pattern&#8220; css_animation=&#8220;&#8220; css=&#8220;.vc_custom_1473700594913{margin-bottom: 30px !important;}&#8220;][vc_column css=&#8220;.vc_custom_1473699839111{background-color: #cecece !important;}&#8220;][vc_column_text]<\/p>\n<h3 style=\"text-align: center;\">Unterlagen f\u00fcr die Mitgliedschaft<\/h3>\n<p>[\/vc_column_text][\/vc_column][\/vc_row][vc_row row_type=&#8220;row&#8220; use_row_as_full_screen_section=&#8220;no&#8220; type=&#8220;full_width&#8220; angled_section=&#8220;no&#8220; text_align=&#8220;left&#8220; background_image_as_pattern=&#8220;without_pattern&#8220; css_animation=&#8220;&#8220;][vc_column width=&#8220;1\/2&#8243;][vc_column_text]<\/p>\n<h3>Kellereien<\/h3>\n<p>[\/vc_column_text]<div class='q_list circle light animate_list'><\/p>\n<ul>\n<li><strong>Kommunale Genehmigung der Kellerei.<\/strong><\/li>\n<li><strong>Gesundheitsamtliche Anmeldung<\/strong>: zu beantragen beim <strong>Gesundheitsamt in Valterra.<\/strong><\/li>\n<li><strong>Bescheinigung \u00fcber die Eintragung im Landwirtschaftsregister.<\/strong><br \/>\n<span style=\"color: #993366;\"><em>Kontaktperson im Regionalministerium f\u00fcr Land-. Viehwirtschaft, Fischerei und Lebensmitte:<br \/>\nConsuelo Lorenzo.<br \/>\nTel\u00e9fono: 928.117549.<\/em><\/span><\/li>\n<li><strong><strong>Bescheinigung \u00fcber die Eintragung im Register der Wein- und Alkoholika-Abf\u00fcllbetriebe. <\/strong><\/strong><br \/>\n<span style=\"color: #993366;\"><em>Kontaktperson im Regionalministerium f\u00fcr Land-. Viehwirtschaft, Fischerei und Lebensmittel: <\/em><\/span><br \/>\n<span style=\"color: #993366;\"><em>Dolores Armas Santana. <\/em><\/span><br \/>\n<span style=\"color: #993366;\"><em>Tel\u00e9fono: 928.458388.<\/em><\/span><\/li>\n<li><strong>Antrag auf Mitgliedschaft im<\/strong> C.R.D.O. Vinos de Lanzarote.<br \/>\n( Antragsformular f\u00fcr die <a href=\"https:\/\/dolanzarote.com\/wp-content\/uploads\/2011\/06\/Solicitud-inscripcion-bodega-1.pdf\" target=\"_blank\" rel=\"noopener noreferrer\"> Mitgliedschaft herunterladen<\/a> ).<\/li>\n<li><strong>Kellerei-Steckbrief.<br \/>\n<\/strong> (Formular f\u00fcr<a href=\"https:\/\/dolanzarote.com\/wp-content\/uploads\/2011\/06\/Memoria-de-bodega-1.pdf\" target=\"_blank\" rel=\"noopener noreferrer\"> Kellerei-Steckbrief herunterladen <\/a>).<\/li>\n<li><strong>Grundriss der Kellerei.<\/strong><\/li>\n<li>Falls Gesellschaft <strong> Satzung, Gr\u00fcndungsurkunde und Steuer-Id-Nr. der Firma.<\/strong><\/li>\n<li><strong>Formular 036<\/strong> f\u00fcr Gewerbesteuer.<\/li>\n<li><strong>Zahlung eines Beitrags von 150 \u20ac an den Consejo Regulador.<\/strong><\/li>\n<\/ul>\n<p><\/div>[\/vc_column][vc_column width=&#8220;1\/2&#8243;][vc_column_text]<\/p>\n<h3>Winzerin<\/h3>\n<p>[\/vc_column_text]<div class='q_list circle light animate_list'><\/p>\n<ul>\n<li><strong>Antrag auf Mitgliedschaft<\/strong> im C.R.D.O. Vinos de Lanzarote.<br \/>\n(Hier Antrag auf <a href=\"https:\/\/dolanzarote.com\/wp-content\/uploads\/2011\/06\/Solicitud-inscripcion-viticultor-1.pdf\" target=\"_blank\" rel=\"noopener noreferrer\">Winzer-Mitgliedschaft herunterladen <\/a>).<\/li>\n<li><strong>Personalausweisnummer des k\u00fcnftigen Mitglieds.<\/strong><\/li>\n<li><strong>Pl\u00e4ne der Lagen<\/strong>, mit Angabe der Katasterkennung, das hei\u00dft, Gebiet, Parzelle und Fl\u00e4che. Sie k\u00f6nnen bei der Gemeinde, in der die Parzelle liegt, bezogen werden.<\/li>\n<li><strong>Bankbescheinigung<\/strong> mit Angabe der 20-stelligen Kontonummer.<\/li>\n<li><strong>Eigentumsnachweise<\/strong>.<\/li>\n<li>Zahlung eines <strong>Beitrags von 10 \u20ac.<\/strong><\/li>\n<\/ul>\n<p><\/div>[vc_single_image image=&#8220;4735&#8243; img_size=&#8220;full&#8220; alignment=&#8220;center&#8220; qode_css_animation=&#8220;&#8220; css=&#8220;.vc_custom_1473700997995{padding-top: 20px !important;padding-right: 80px !important;padding-bottom: 50px !important;padding-left: 80px !important;}&#8220;][\/vc_column][\/vc_row]<\/p>\n<!-- Begin Yuzo --><div class='yuzo_related_post style-1'  data-version='5.12.89'><!-- without result --><div class='yuzo_clearfixed yuzo__title yuzo__title'><h3>Noticias relacionadas<\/h3><\/div>\n\t\t\t\t\t\t  <div class=\"relatedthumb \" style=\"width:215px;float:left;overflow:hidden;\">  \n\t\t\t\t\t\t\t  \n\t\t\t\t\t\t\t  <a rel='nofollow' href=\"https:\/\/dolanzarote.com\/de\/el-museo-del-vino-de-bodegas-el-grifo-fue-escenario-del-foro-cafe-cientifico-sobre-lanzarote-ciencias-volcanes-y-vino\/\"  >\n\t\t\t\t\t\t\t\t\t  <div class=\"yuzo-img-wrap \" style=\"width: 215px;height:180px;\">\n\t\t\t\t\t\t\t\t\t\t\n\t\t\t\t\t\t\t\t\t\t<div class=\"yuzo-img\" style=\"background:url('https:\/\/dolanzarote.com\/wp-content\/uploads\/2014\/11\/MG_1468-300x184.jpg') 50% 50% no-repeat;width: 215px;height:180px;margin-bottom: 5px;background-size: cover; \"><\/div>\n\t\t\t\t\t\t\t\t\t  <\/div>\n\t\t\t\t\t\t\t\t\t  \n\t\t\t\t\t\t\t\t   <span class=\"yuzo__text--title\" style=\"font-size:18px;font-weight:bold;\">El Museo del Vino de Bodegas El Grifo fue escenario del foro \u201aCaf\u00e9...<\/span>\n\t\t\t\t\t\t\t  <span class=\"yuzo_text\" style=\"font-size:14px;\" >\n\nPromovido por el Cabildo a trav\u00e9s de la Casa de los Volcanes y en colaboraci\u00f3n con la Agencia Cana...<\/span>\n\t\t\t\t\t\t\t  \n\t\t\t\t\t\t\t  <\/a>\n\n\t\t\t\t\t\t  <\/div>\n\t\t\t\t\t\t  <div class=\"relatedthumb \" style=\"width:215px;float:left;overflow:hidden;\">  \n\t\t\t\t\t\t\t  \n\t\t\t\t\t\t\t  <a rel='nofollow' href=\"https:\/\/dolanzarote.com\/de\/el-consejo-regulador-pone-en-marcha-un-proyecto-para-conocer-las-necesidades-nutricionales-y-de-tratamiento-fitosanitario-que-precisa-la-viticultura-ecologica-en-lanzarote\/\"  >\n\t\t\t\t\t\t\t\t\t  <div class=\"yuzo-img-wrap \" style=\"width: 215px;height:180px;\">\n\t\t\t\t\t\t\t\t\t\t\n\t\t\t\t\t\t\t\t\t\t<div class=\"yuzo-img\" style=\"background:url('http:\/\/dolanzarote.lztic.com\/wp-content\/plugins\/yuzo-related-post\/assets\/images\/default.png') 50% 50% no-repeat;width: 215px;height:180px;margin-bottom: 5px;background-size: cover; \"><\/div>\n\t\t\t\t\t\t\t\t\t  <\/div>\n\t\t\t\t\t\t\t\t\t  \n\t\t\t\t\t\t\t\t   <span class=\"yuzo__text--title\" style=\"font-size:18px;font-weight:bold;\">El Consejo Regulador pone en marcha un proyecto para conocer las necesid...<\/span>\n\t\t\t\t\t\t\t  <span class=\"yuzo_text\" style=\"font-size:14px;\" >Aportar un abonado org\u00e1nico racional acorde a las condiciones de los cultivos locales y buscar soluc...<\/span>\n\t\t\t\t\t\t\t  \n\t\t\t\t\t\t\t  <\/a>\n\n\t\t\t\t\t\t  <\/div>\n\t\t\t\t\t\t  <div class=\"relatedthumb \" style=\"width:215px;float:left;overflow:hidden;\">  \n\t\t\t\t\t\t\t  \n\t\t\t\t\t\t\t  <a rel='nofollow' href=\"https:\/\/dolanzarote.com\/de\/puro-rofe-da-el-pistoletazo-de-salida-a-la-vendimia-2021-en-lanzarote\/\"  >\n\t\t\t\t\t\t\t\t\t  <div class=\"yuzo-img-wrap \" style=\"width: 215px;height:180px;\">\n\t\t\t\t\t\t\t\t\t\t\n\t\t\t\t\t\t\t\t\t\t<div class=\"yuzo-img\" style=\"background:url('https:\/\/dolanzarote.com\/wp-content\/uploads\/2021\/07\/Vendimia-2021-en-Lanzarote-Bodega-Puro-Rofe-225x300.jpeg') 50% 50% no-repeat;width: 215px;height:180px;margin-bottom: 5px;background-size: cover; \"><\/div>\n\t\t\t\t\t\t\t\t\t  <\/div>\n\t\t\t\t\t\t\t\t\t  \n\t\t\t\t\t\t\t\t   <span class=\"yuzo__text--title\" style=\"font-size:18px;font-weight:bold;\">(Espa\u00f1ol) Puro Rofe da el pistoletazo de salida a la vendimia 2021 en La...<\/span>\n\t\t\t\t\t\t\t  <span class=\"yuzo_text\" style=\"font-size:14px;\" >Leider ist der Eintrag nur auf Espa\u00f1ol verf\u00fcgbar.<\/span>\n\t\t\t\t\t\t\t  \n\t\t\t\t\t\t\t  <\/a>\n\n\t\t\t\t\t\t  <\/div>\n<\/div> <script>\n\t\t\t\t\t\t  jQuery(document).ready(function( $ ){\n\t\t\t\t\t\t\t\/\/jQuery('.yuzo_related_post').equalizer({ overflow : 'relatedthumb' });\n\t\t\t\t\t\t\tjQuery('.yuzo_related_post .yuzo_wraps').equalizer({ columns : '> div' });\n\t\t\t\t\t\t   })\n\t\t\t\t\t\t  <\/script> <!-- End Yuzo :) --><!-- AddThis Advanced Settings generic via filter on the_content --><!-- AddThis Share Buttons generic via filter on the_content -->","protected":false},"excerpt":{"rendered":"<p>[vc_row row_type=&#8220;row&#8220; use_row_as_full_screen_section=&#8220;no&#8220; type=&#8220;full_width&#8220; angled_section=&#8220;no&#8220; text_align=&#8220;left&#8220; background_image_as_pattern=&#8220;without_pattern&#8220; css_animation=&#8220;&#8220; css=&#8220;.vc_custom_1473700594913{margin-bottom: 30px !important;}&#8220;][vc_column css=&#8220;.vc_custom_1473699839111{background-color: #cecece !important;}&#8220;][vc_column_text] Unterlagen f\u00fcr die Mitgliedschaft [\/vc_column_text][\/vc_column][\/vc_row][vc_row row_type=&#8220;row&#8220; use_row_as_full_screen_section=&#8220;no&#8220; type=&#8220;full_width&#8220; angled_section=&#8220;no&#8220; text_align=&#8220;left&#8220; background_image_as_pattern=&#8220;without_pattern&#8220; css_animation=&#8220;&#8220;][vc_column width=&#8220;1\/2&#8243;][vc_column_text] Kellereien [\/vc_column_text][\/vc_column][vc_column width=&#8220;1\/2&#8243;][vc_column_text] Winzerin [\/vc_column_text][vc_single_image image=&#8220;4735&#8243; img_size=&#8220;full&#8220; alignment=&#8220;center&#8220; qode_css_animation=&#8220;&#8220; css=&#8220;.vc_custom_1473700997995{padding-top: 20px !important;padding-right: 80px !important;padding-bottom: 50px !important;padding-left: 80px !important;}&#8220;][\/vc_column][\/vc_row]&#8230;<!-- AddThis Advanced Settings generic via filter on get_the_excerpt --><!-- AddThis Share Buttons generic via filter on get_the_excerpt --><\/p>\n","protected":false},"author":1,"featured_media":0,"parent":4594,"menu_order":0,"comment_status":"closed","ping_status":"closed","template":"","meta":{"_mc_calendar":[],"footnotes":""},"class_list":["post-4621","page","type-page","status-publish","hentry"],"yoast_head":"<!-- This site is optimized with the Yoast SEO plugin v27.4 - https:\/\/yoast.com\/product\/yoast-seo-wordpress\/ -->\n<title>Mitglied werden - D.O. Lanzarote<\/title>\n<meta name=\"robots\" content=\"index, follow, max-snippet:-1, max-image-preview:large, max-video-preview:-1\" \/>\n<link rel=\"canonical\" href=\"https:\/\/dolanzarote.com\/dolanzarote\/darse-de-alta\/\" \/>\n<meta property=\"og:locale\" content=\"de_DE\" \/>\n<meta property=\"og:type\" content=\"article\" \/>\n<meta property=\"og:title\" content=\"Mitglied werden - D.O. Lanzarote\" \/>\n<meta property=\"og:description\" content=\"[vc_row row_type=&#8220;row&#8220; use_row_as_full_screen_section=&#8220;no&#8220; type=&#8220;full_width&#8220; angled_section=&#8220;no&#8220; text_align=&#8220;left&#8220; background_image_as_pattern=&#8220;without_pattern&#8220; css_animation=&#8220;&#8220; css=&#8220;.vc_custom_1473700594913{margin-bottom: 30px !important;}&#8220;][vc_column css=&#8220;.vc_custom_1473699839111{background-color: #cecece !important;}&#8220;][vc_column_text] Unterlagen f\u00fcr die Mitgliedschaft [\/vc_column_text][\/vc_column][\/vc_row][vc_row row_type=&#8220;row&#8220; use_row_as_full_screen_section=&#8220;no&#8220; type=&#8220;full_width&#8220; angled_section=&#8220;no&#8220; text_align=&#8220;left&#8220; background_image_as_pattern=&#8220;without_pattern&#8220; css_animation=&#8220;&#8220;][vc_column width=&#8220;1\/2&#8243;][vc_column_text] Kellereien [\/vc_column_text][\/vc_column][vc_column width=&#8220;1\/2&#8243;][vc_column_text] Winzerin [\/vc_column_text][vc_single_image image=&#8220;4735&#8243; img_size=&#8220;full&#8220; alignment=&#8220;center&#8220; qode_css_animation=&#8220;&#8220; css=&#8220;.vc_custom_1473700997995{padding-top: 20px !important;padding-right: 80px !important;padding-bottom: 50px !important;padding-left: 80px !important;}&#8220;][\/vc_column][\/vc_row]...\" \/>\n<meta property=\"og:url\" content=\"https:\/\/dolanzarote.com\/dolanzarote\/darse-de-alta\/\" \/>\n<meta property=\"og:site_name\" content=\"D.O. Lanzarote\" \/>\n<meta property=\"article:modified_time\" content=\"2020-03-06T12:17:22+00:00\" \/>\n<meta name=\"twitter:card\" content=\"summary_large_image\" \/>\n<meta name=\"twitter:label1\" content=\"Gesch\u00e4tzte Lesezeit\" \/>\n\t<meta name=\"twitter:data1\" content=\"2\u00a0Minuten\" \/>\n<script type=\"application\/ld+json\" class=\"yoast-schema-graph\">{\"@context\":\"https:\\\/\\\/schema.org\",\"@graph\":[{\"@type\":\"WebPage\",\"@id\":\"https:\\\/\\\/dolanzarote.com\\\/dolanzarote\\\/darse-de-alta\\\/\",\"url\":\"https:\\\/\\\/dolanzarote.com\\\/dolanzarote\\\/darse-de-alta\\\/\",\"name\":\"Mitglied werden - D.O. Lanzarote\",\"isPartOf\":{\"@id\":\"https:\\\/\\\/dolanzarote.com\\\/de\\\/#website\"},\"datePublished\":\"2016-08-16T18:36:54+00:00\",\"dateModified\":\"2020-03-06T12:17:22+00:00\",\"breadcrumb\":{\"@id\":\"https:\\\/\\\/dolanzarote.com\\\/dolanzarote\\\/darse-de-alta\\\/#breadcrumb\"},\"inLanguage\":\"de\",\"potentialAction\":[{\"@type\":\"ReadAction\",\"target\":[\"https:\\\/\\\/dolanzarote.com\\\/dolanzarote\\\/darse-de-alta\\\/\"]}]},{\"@type\":\"BreadcrumbList\",\"@id\":\"https:\\\/\\\/dolanzarote.com\\\/dolanzarote\\\/darse-de-alta\\\/#breadcrumb\",\"itemListElement\":[{\"@type\":\"ListItem\",\"position\":1,\"name\":\"Portada\",\"item\":\"https:\\\/\\\/dolanzarote.com\\\/\"},{\"@type\":\"ListItem\",\"position\":2,\"name\":\"DOLanzarote\",\"item\":\"https:\\\/\\\/dolanzarote.com\\\/dolanzarote\\\/\"},{\"@type\":\"ListItem\",\"position\":3,\"name\":\"Darse de alta\"}]},{\"@type\":\"WebSite\",\"@id\":\"https:\\\/\\\/dolanzarote.com\\\/de\\\/#website\",\"url\":\"https:\\\/\\\/dolanzarote.com\\\/de\\\/\",\"name\":\"D.O. Lanzarote\",\"description\":\"Vinos de Lanzarote\",\"potentialAction\":[{\"@type\":\"SearchAction\",\"target\":{\"@type\":\"EntryPoint\",\"urlTemplate\":\"https:\\\/\\\/dolanzarote.com\\\/de\\\/?s={search_term_string}\"},\"query-input\":{\"@type\":\"PropertyValueSpecification\",\"valueRequired\":true,\"valueName\":\"search_term_string\"}}],\"inLanguage\":\"de\"}]}<\/script>\n<!-- \/ Yoast SEO plugin. -->","yoast_head_json":{"title":"Mitglied werden - D.O. Lanzarote","robots":{"index":"index","follow":"follow","max-snippet":"max-snippet:-1","max-image-preview":"max-image-preview:large","max-video-preview":"max-video-preview:-1"},"canonical":"https:\/\/dolanzarote.com\/dolanzarote\/darse-de-alta\/","og_locale":"de_DE","og_type":"article","og_title":"Mitglied werden - D.O. Lanzarote","og_description":"[vc_row row_type=&#8220;row&#8220; use_row_as_full_screen_section=&#8220;no&#8220; type=&#8220;full_width&#8220; angled_section=&#8220;no&#8220; text_align=&#8220;left&#8220; background_image_as_pattern=&#8220;without_pattern&#8220; css_animation=&#8220;&#8220; css=&#8220;.vc_custom_1473700594913{margin-bottom: 30px !important;}&#8220;][vc_column css=&#8220;.vc_custom_1473699839111{background-color: #cecece !important;}&#8220;][vc_column_text] Unterlagen f\u00fcr die Mitgliedschaft [\/vc_column_text][\/vc_column][\/vc_row][vc_row row_type=&#8220;row&#8220; use_row_as_full_screen_section=&#8220;no&#8220; type=&#8220;full_width&#8220; angled_section=&#8220;no&#8220; text_align=&#8220;left&#8220; background_image_as_pattern=&#8220;without_pattern&#8220; css_animation=&#8220;&#8220;][vc_column width=&#8220;1\/2&#8243;][vc_column_text] Kellereien [\/vc_column_text][\/vc_column][vc_column width=&#8220;1\/2&#8243;][vc_column_text] Winzerin [\/vc_column_text][vc_single_image image=&#8220;4735&#8243; img_size=&#8220;full&#8220; alignment=&#8220;center&#8220; qode_css_animation=&#8220;&#8220; css=&#8220;.vc_custom_1473700997995{padding-top: 20px !important;padding-right: 80px !important;padding-bottom: 50px !important;padding-left: 80px !important;}&#8220;][\/vc_column][\/vc_row]...","og_url":"https:\/\/dolanzarote.com\/dolanzarote\/darse-de-alta\/","og_site_name":"D.O. Lanzarote","article_modified_time":"2020-03-06T12:17:22+00:00","twitter_card":"summary_large_image","twitter_misc":{"Gesch\u00e4tzte Lesezeit":"2\u00a0Minuten"},"schema":{"@context":"https:\/\/schema.org","@graph":[{"@type":"WebPage","@id":"https:\/\/dolanzarote.com\/dolanzarote\/darse-de-alta\/","url":"https:\/\/dolanzarote.com\/dolanzarote\/darse-de-alta\/","name":"Mitglied werden - D.O. Lanzarote","isPartOf":{"@id":"https:\/\/dolanzarote.com\/de\/#website"},"datePublished":"2016-08-16T18:36:54+00:00","dateModified":"2020-03-06T12:17:22+00:00","breadcrumb":{"@id":"https:\/\/dolanzarote.com\/dolanzarote\/darse-de-alta\/#breadcrumb"},"inLanguage":"de","potentialAction":[{"@type":"ReadAction","target":["https:\/\/dolanzarote.com\/dolanzarote\/darse-de-alta\/"]}]},{"@type":"BreadcrumbList","@id":"https:\/\/dolanzarote.com\/dolanzarote\/darse-de-alta\/#breadcrumb","itemListElement":[{"@type":"ListItem","position":1,"name":"Portada","item":"https:\/\/dolanzarote.com\/"},{"@type":"ListItem","position":2,"name":"DOLanzarote","item":"https:\/\/dolanzarote.com\/dolanzarote\/"},{"@type":"ListItem","position":3,"name":"Darse de alta"}]},{"@type":"WebSite","@id":"https:\/\/dolanzarote.com\/de\/#website","url":"https:\/\/dolanzarote.com\/de\/","name":"D.O. Lanzarote","description":"Vinos de Lanzarote","potentialAction":[{"@type":"SearchAction","target":{"@type":"EntryPoint","urlTemplate":"https:\/\/dolanzarote.com\/de\/?s={search_term_string}"},"query-input":{"@type":"PropertyValueSpecification","valueRequired":true,"valueName":"search_term_string"}}],"inLanguage":"de"}]}},"_links":{"self":[{"href":"https:\/\/dolanzarote.com\/de\/wp-json\/wp\/v2\/pages\/4621","targetHints":{"allow":["GET"]}}],"collection":[{"href":"https:\/\/dolanzarote.com\/de\/wp-json\/wp\/v2\/pages"}],"about":[{"href":"https:\/\/dolanzarote.com\/de\/wp-json\/wp\/v2\/types\/page"}],"author":[{"embeddable":true,"href":"https:\/\/dolanzarote.com\/de\/wp-json\/wp\/v2\/users\/1"}],"replies":[{"embeddable":true,"href":"https:\/\/dolanzarote.com\/de\/wp-json\/wp\/v2\/comments?post=4621"}],"version-history":[{"count":21,"href":"https:\/\/dolanzarote.com\/de\/wp-json\/wp\/v2\/pages\/4621\/revisions"}],"predecessor-version":[{"id":8756,"href":"https:\/\/dolanzarote.com\/de\/wp-json\/wp\/v2\/pages\/4621\/revisions\/8756"}],"up":[{"embeddable":true,"href":"https:\/\/dolanzarote.com\/de\/wp-json\/wp\/v2\/pages\/4594"}],"wp:attachment":[{"href":"https:\/\/dolanzarote.com\/de\/wp-json\/wp\/v2\/media?parent=4621"}],"curies":[{"name":"wp","href":"https:\/\/api.w.org\/{rel}","templated":true}]}}