{"id":4611,"date":"2016-08-16T18:35:19","date_gmt":"2016-08-16T18:35:19","guid":{"rendered":"https:\/\/dolanzarote.com\/?page_id=4611"},"modified":"2025-03-06T08:54:21","modified_gmt":"2025-03-06T08:54:21","slug":"equipo","status":"publish","type":"page","link":"https:\/\/dolanzarote.com\/de\/dolanzarote\/equipo\/","title":{"rendered":"Team"},"content":{"rendered":"<p>[vc_row row_type=&#8220;row&#8220; use_row_as_full_screen_section=&#8220;no&#8220; type=&#8220;grid&#8220; angled_section=&#8220;no&#8220; text_align=&#8220;left&#8220; background_image_as_pattern=&#8220;without_pattern&#8220; css_animation=&#8220;&#8220;][vc_column width=&#8220;1\/3&#8243; css=&#8220;.vc_custom_1473698118100{background-color: #353535 !important;}&#8220;][vc_column_text css=&#8220;.vc_custom_1741251192751{padding-top: 20px !important;padding-right: 20px !important;padding-bottom: 20px !important;padding-left: 20px !important;}&#8220;]<\/p>\n<h3><span style=\"color: #ffffff;\">Sitz des Rates<\/span><\/h3>\n<h4><span style=\"color: #ffffff;\">Adresse<\/span><\/h4>\n<p><span style=\"color: #ffffff;\">Casa-Museo del Campesino<\/span><br \/>\n<span style=\"color: #ffffff;\">Carretera Arrecife-Tinajo, 8<\/span><br \/>\n<span style=\"color: #ffffff;\">C.P. 35559 Mozaga<\/span><br \/>\n<span style=\"color: #ffffff;\">Las Palmas<\/span><\/p>\n<h4><span style=\"color: #ffffff;\">Tel\u00e9fonos<\/span><\/h4>\n<p><span style=\"color: #ffffff;\">928 52 10 48<\/span><\/p>\n<h4><span style=\"color: #ffffff;\">E-MAIL<\/span><\/h4>\n<p><span style=\"color: #ffffff;\">info@dolanzarote.com<\/span><\/p>\n<p>&nbsp;<\/p>\n<h2><span style=\"color: #ffffff;\">\u00a0<\/span><\/h2>\n<p>[\/vc_column_text][\/vc_column][vc_column width=&#8220;2\/3&#8243;][vc_column_text css=&#8220;.vc_custom_1725605694608{margin-left: 30px !important;}&#8220;]<\/p>\n<h3>AUFGABEN<\/h3>\n<ul>\n<li>GESCH\u00c4FTSF\u00dcHRUNG: <strong>D\u00f1a. Nereida P\u00e9rez Gonz\u00e1lez<\/strong><\/li>\n<li>VERWALTUNG : <strong>D\u00f1a. Pilar Esther de Le\u00f3n P\u00e9rez<\/strong><\/li>\n<li>KELLERFACHKRAFT: <strong>D. Dar\u00edo P\u00e9rez Gopar<\/strong><\/li>\n<li>WINZERIN: <strong>D\u00f1a Nereida P\u00e9rez Gonz\u00e1lez<\/strong><\/li>\n<li>VERWALTUNG: <strong>D\u00f1a. M\u00f3nica Garc\u00eda Abell\u00e1n<\/strong><\/li>\n<\/ul>\n<p>&nbsp;<\/p>\n<h3>GEW\u00c4HLTE VORSTANDSMITGLIEDER<\/h3>\n<ul>\n<li>Vorsitzender: <strong>D. Jorge Rodr\u00edguez Alonso<\/strong><\/li>\n<li>Stellv. Vorsitzender: <strong>D. Francisco Jos\u00e9 Fabelo Marrero<\/strong><\/li>\n<li>Schatzmeister: <strong>D. V\u00edctor Rafael D\u00edaz Figueroa,<\/strong> im Namen von Bodegas Vulcano de Lanzarote, S.L.<\/li>\n<li>Vorstandsmitglied: <strong>D. Eamonn Rafael L\u00f3pez O\u00b4Rourke<\/strong><\/li>\n<li>Vorstandsmitglied: <strong>D. Jos\u00e9 Miguel Morales Mor\u00edn<\/strong><\/li>\n<li>Vorstandsmitglied: <strong>D\u00f1a. Mar\u00eda Teresa Valls de Quintana,<\/strong><\/li>\n<li>Vorstandsmitglied: <strong>D. Ferm\u00edn Otamendi Rodr\u00edguez-Bethencourt,<\/strong> im Namen von Bodegas El Grifo, S.A.<\/li>\n<li>Vorstandsmitglied: <strong>D. Ricardo Socas Romero,<\/strong> im Namen von Bodegas Malpa\u00eds de M\u00e1guez, S.L.U.<\/li>\n<\/ul>\n<p>[\/vc_column_text][\/vc_column][\/vc_row][vc_row row_type=&#8220;row&#8220; use_row_as_full_screen_section=&#8220;no&#8220; type=&#8220;grid&#8220; angled_section=&#8220;no&#8220; text_align=&#8220;left&#8220; background_image_as_pattern=&#8220;without_pattern&#8220; css_animation=&#8220;&#8220;][vc_column][vc_column_text css=&#8220;.vc_custom_1583488112598{margin-top: 20px !important;margin-bottom: 20px !important;}&#8220;]<\/p>\n<p style=\"text-align: center;\"><a  itemprop=\"url\" href=\"https:\/\/dolanzarote.com\/wp-content\/uploads\/2011\/05\/Estrategia-interna-2011-2014.pdf\" target=\"_blank\" data-hover-background-color=#ededed data-hover-border-color=#000000 data-hover-color=#454545 class=\"qbutton  medium center default\" style=\"color: #ffffff; border-color: #ffffff; margin: 10px; background-color: #7a7a7a;\">Interne Arbeitsstrategie<i class=\"qode_icon_font_awesome fa fa-book qode_button_icon_element\" style=\"\" ><\/i><\/a><\/p>\n<p>[\/vc_column_text][vc_column_text css=&#8220;.vc_custom_1583488153911{margin-top: 30px !important;margin-bottom: 30px !important;}&#8220;]<\/p>\n<h2>Geografischer Bereich<\/h2>\n<p>[\/vc_column_text][\/vc_column][\/vc_row][vc_row row_type=&#8220;row&#8220; use_row_as_full_screen_section=&#8220;no&#8220; type=&#8220;grid&#8220; angled_section=&#8220;no&#8220; text_align=&#8220;left&#8220; background_image_as_pattern=&#8220;without_pattern&#8220; css_animation=&#8220;&#8220;][vc_column width=&#8220;1\/3&#8243;][vc_column_text]<\/p>\n<h4>Ortschaften<\/h4>\n<p>Die sieben Gemeinden der Insel Lanzarote:<\/p>\n<ul>\n<li>Arrecife<\/li>\n<li>San Bartolom\u00e9<\/li>\n<li>T\u00edas<\/li>\n<li>Tinajo<\/li>\n<li>Har\u00eda<\/li>\n<li>Yaiza<\/li>\n<li>Teguise<\/li>\n<\/ul>\n<h4><\/h4>\n<p>[\/vc_column_text][\/vc_column][vc_column width=&#8220;1\/3&#8243;][vc_column_text]<\/p>\n<h4><\/h4>\n<h4>H\u00f6he \u00fcber NN<\/h4>\n<p>Die Anbaugebiete liegen zwischen <strong>100 und 500 m.<\/strong><\/p>\n<p><strong><br \/>\n<\/strong><em> Der h\u00f6chste Punkt der Insel liegt 670 m hoch<\/em><\/p>\n<h4><\/h4>\n<p>[\/vc_column_text][\/vc_column][vc_column width=&#8220;1\/3&#8243;][vc_column_text]<\/p>\n<h4><\/h4>\n<h4>Die Hauptanbaugebiete.<\/h4>\n<ul>\n<li>La Geria<\/li>\n<li>T\u00edas-Masdache<\/li>\n<li>Ye-Lajares<\/li>\n<li>Tinajo<\/li>\n<li>San Bartolom\u00e9,<\/li>\n<li>resto de los municipios.<\/li>\n<\/ul>\n<h4><\/h4>\n<p>[\/vc_column_text][\/vc_column][\/vc_row][vc_row row_type=&#8220;row&#8220; use_row_as_full_screen_section=&#8220;yes&#8220; type=&#8220;full_width&#8220; angled_section=&#8220;no&#8220; text_align=&#8220;left&#8220; background_image_as_pattern=&#8220;without_pattern&#8220; css_animation=&#8220;&#8220;][vc_column][vc_gmaps link=&#8220;#E-8_JTNDaWZyYW1lJTIwc3JjJTNEJTIyaHR0cHMlM0ElMkYlMkZ3d3cuZ29vZ2xlLmNvbSUyRm1hcHMlMkZtcyUzRm1zYSUzRDAlMjZhbXAlM0Jtc2lkJTNEMjA2MTAzMTExODk4NzQwMDQyMzMxLjAwMDRhYWQ4YWQxMmEzNTI1MTAzMyUyNmFtcCUzQmllJTNEVVRGOCUyNmFtcCUzQnZwc3JjJTNENiUyNmFtcCUzQmxsJTNEMjkuMDQ5NTY3JTJDLTEzLjYxMjc0NyUyNmFtcCUzQnNwbiUzRDAuMzAwMTMzJTJDMC40NDYzMiUyNmFtcCUzQnolM0QxMSUyNmFtcCUzQm91dHB1dCUzRGVtYmVkJTIyJTIwd2lkdGglM0QlMjIxMDAlMjUlMjIlMjBoZWlnaHQlM0QlMjI2MDAlMjIlMjBmcmFtZWJvcmRlciUzRCUyMjAlMjIlMjBzdHlsZSUzRCUyMmJvcmRlciUzQTAlMjIlMjBhbGxvd2Z1bGxzY3JlZW4lM0UlM0MlMkZpZnJhbWUlM0U=&#8220;][\/vc_column][\/vc_row]<\/p>\n<!-- Begin Yuzo --><div class='yuzo_related_post style-1'  data-version='5.12.89'><!-- without result --><div class='yuzo_clearfixed yuzo__title yuzo__title'><h3>Noticias relacionadas<\/h3><\/div>\n\t\t\t\t\t\t  <div class=\"relatedthumb \" style=\"width:215px;float:left;overflow:hidden;\">  \n\t\t\t\t\t\t\t  \n\t\t\t\t\t\t\t  <a rel='nofollow' href=\"https:\/\/dolanzarote.com\/de\/boletin-2\/\"  >\n\t\t\t\t\t\t\t\t\t  <div class=\"yuzo-img-wrap \" style=\"width: 215px;height:180px;\">\n\t\t\t\t\t\t\t\t\t\t\n\t\t\t\t\t\t\t\t\t\t<div class=\"yuzo-img\" style=\"background:url('http:\/\/dolanzarote.lztic.com\/wp-content\/plugins\/yuzo-related-post\/assets\/images\/default.png') 50% 50% no-repeat;width: 215px;height:180px;margin-bottom: 5px;background-size: cover; \"><\/div>\n\t\t\t\t\t\t\t\t\t  <\/div>\n\t\t\t\t\t\t\t\t\t  \n\t\t\t\t\t\t\t\t   <span class=\"yuzo__text--title\" style=\"font-size:18px;font-weight:bold;\">Boletin n\u00ba 2<\/span>\n\t\t\t\t\t\t\t  <span class=\"yuzo_text\" style=\"font-size:14px;\" ><\/span>\n\t\t\t\t\t\t\t  \n\t\t\t\t\t\t\t  <\/a>\n\n\t\t\t\t\t\t  <\/div>\n\t\t\t\t\t\t  <div class=\"relatedthumb \" style=\"width:215px;float:left;overflow:hidden;\">  \n\t\t\t\t\t\t\t  \n\t\t\t\t\t\t\t  <a rel='nofollow' href=\"https:\/\/dolanzarote.com\/de\/la-vi-semana-de-los-vinos-del-volcan-comienza-manana-martes-con-una-cata-destinada-a-restauradores-y-periodistas\/\"  >\n\t\t\t\t\t\t\t\t\t  <div class=\"yuzo-img-wrap \" style=\"width: 215px;height:180px;\">\n\t\t\t\t\t\t\t\t\t\t\n\t\t\t\t\t\t\t\t\t\t<div class=\"yuzo-img\" style=\"background:url('http:\/\/dolanzarote.lztic.com\/wp-content\/plugins\/yuzo-related-post\/assets\/images\/default.png') 50% 50% no-repeat;width: 215px;height:180px;margin-bottom: 5px;background-size: cover; \"><\/div>\n\t\t\t\t\t\t\t\t\t  <\/div>\n\t\t\t\t\t\t\t\t\t  \n\t\t\t\t\t\t\t\t   <span class=\"yuzo__text--title\" style=\"font-size:18px;font-weight:bold;\">La VI Semana de los Vinos del Volc\u00e1n comienza ma\u00f1ana martes con una cata...<\/span>\n\t\t\t\t\t\t\t  <span class=\"yuzo_text\" style=\"font-size:14px;\" ><\/span>\n\t\t\t\t\t\t\t  \n\t\t\t\t\t\t\t  <\/a>\n\n\t\t\t\t\t\t  <\/div>\n\t\t\t\t\t\t  <div class=\"relatedthumb \" style=\"width:215px;float:left;overflow:hidden;\">  \n\t\t\t\t\t\t\t  \n\t\t\t\t\t\t\t  <a rel='nofollow' href=\"https:\/\/dolanzarote.com\/de\/mas-de-5-000-personas-disfrutaron-este-fin-de-semana-en-teguise-del-festival-enogastronomico-saborea-lanzarote\/\"  >\n\t\t\t\t\t\t\t\t\t  <div class=\"yuzo-img-wrap \" style=\"width: 215px;height:180px;\">\n\t\t\t\t\t\t\t\t\t\t\n\t\t\t\t\t\t\t\t\t\t<div class=\"yuzo-img\" style=\"background:url('https:\/\/dolanzarote.com\/wp-content\/uploads\/2011\/11\/6412563457_f68fc2746a11-300x224.jpg') 50% 50% no-repeat;width: 215px;height:180px;margin-bottom: 5px;background-size: cover; \"><\/div>\n\t\t\t\t\t\t\t\t\t  <\/div>\n\t\t\t\t\t\t\t\t\t  \n\t\t\t\t\t\t\t\t   <span class=\"yuzo__text--title\" style=\"font-size:18px;font-weight:bold;\">M\u00e1s de 5.000 personas disfrutaron este fin de semana en Teguise del Fest...<\/span>\n\t\t\t\t\t\t\t  <span class=\"yuzo_text\" style=\"font-size:14px;\" >El Consejo Regulador felicita a los grupos de gobierno del Cabildo y Ayuntamiento de Teguise por el ...<\/span>\n\t\t\t\t\t\t\t  \n\t\t\t\t\t\t\t  <\/a>\n\n\t\t\t\t\t\t  <\/div>\n<\/div> <script>\n\t\t\t\t\t\t  jQuery(document).ready(function( $ ){\n\t\t\t\t\t\t\t\/\/jQuery('.yuzo_related_post').equalizer({ overflow : 'relatedthumb' });\n\t\t\t\t\t\t\tjQuery('.yuzo_related_post .yuzo_wraps').equalizer({ columns : '> div' });\n\t\t\t\t\t\t   })\n\t\t\t\t\t\t  <\/script> <!-- End Yuzo :) --><!-- AddThis Advanced Settings generic via filter on the_content --><!-- AddThis Share Buttons generic via filter on the_content -->","protected":false},"excerpt":{"rendered":"<p>[vc_row row_type=&#8220;row&#8220; use_row_as_full_screen_section=&#8220;no&#8220; type=&#8220;grid&#8220; angled_section=&#8220;no&#8220; text_align=&#8220;left&#8220; background_image_as_pattern=&#8220;without_pattern&#8220; css_animation=&#8220;&#8220;][vc_column width=&#8220;1\/3&#8243; css=&#8220;.vc_custom_1473698118100{background-color: #353535 !important;}&#8220;][vc_column_text css=&#8220;.vc_custom_1741251192751{padding-top: 20px !important;padding-right: 20px !important;padding-bottom: 20px !important;padding-left: 20px !important;}&#8220;] Sitz des Rates Adresse Casa-Museo del Campesino Carretera Arrecife-Tinajo, 8 C.P. 35559 Mozaga Las Palmas Tel\u00e9fonos 928 52 10 48 E-MAIL info@dolanzarote.com &nbsp; \u00a0&#8230;<!-- AddThis Advanced Settings generic via filter on get_the_excerpt --><!-- AddThis Share Buttons generic via filter on get_the_excerpt --><\/p>\n","protected":false},"author":1,"featured_media":0,"parent":4594,"menu_order":0,"comment_status":"closed","ping_status":"closed","template":"","meta":{"_mc_calendar":[],"footnotes":""},"class_list":["post-4611","page","type-page","status-publish","hentry"],"yoast_head":"<!-- This site is optimized with the Yoast SEO plugin v27.4 - https:\/\/yoast.com\/product\/yoast-seo-wordpress\/ -->\n<title>Team - D.O. Lanzarote<\/title>\n<meta name=\"robots\" content=\"index, follow, max-snippet:-1, max-image-preview:large, max-video-preview:-1\" \/>\n<link rel=\"canonical\" href=\"https:\/\/dolanzarote.com\/dolanzarote\/equipo\/\" \/>\n<meta property=\"og:locale\" content=\"de_DE\" \/>\n<meta property=\"og:type\" content=\"article\" \/>\n<meta property=\"og:title\" content=\"Team - D.O. Lanzarote\" \/>\n<meta property=\"og:description\" content=\"[vc_row row_type=&#8220;row&#8220; use_row_as_full_screen_section=&#8220;no&#8220; type=&#8220;grid&#8220; angled_section=&#8220;no&#8220; text_align=&#8220;left&#8220; background_image_as_pattern=&#8220;without_pattern&#8220; css_animation=&#8220;&#8220;][vc_column width=&#8220;1\/3&#8243; css=&#8220;.vc_custom_1473698118100{background-color: #353535 !important;}&#8220;][vc_column_text css=&#8220;.vc_custom_1741251192751{padding-top: 20px !important;padding-right: 20px !important;padding-bottom: 20px !important;padding-left: 20px !important;}&#8220;] Sitz des Rates Adresse Casa-Museo del Campesino Carretera Arrecife-Tinajo, 8 C.P. 35559 Mozaga Las Palmas Tel\u00e9fonos 928 52 10 48 E-MAIL info@dolanzarote.com &nbsp; \u00a0...\" \/>\n<meta property=\"og:url\" content=\"https:\/\/dolanzarote.com\/dolanzarote\/equipo\/\" \/>\n<meta property=\"og:site_name\" content=\"D.O. Lanzarote\" \/>\n<meta property=\"article:modified_time\" content=\"2025-03-06T08:54:21+00:00\" \/>\n<meta name=\"twitter:card\" content=\"summary_large_image\" \/>\n<meta name=\"twitter:label1\" content=\"Gesch\u00e4tzte Lesezeit\" \/>\n\t<meta name=\"twitter:data1\" content=\"2\u00a0Minuten\" \/>\n<script type=\"application\/ld+json\" class=\"yoast-schema-graph\">{\"@context\":\"https:\\\/\\\/schema.org\",\"@graph\":[{\"@type\":\"WebPage\",\"@id\":\"https:\\\/\\\/dolanzarote.com\\\/dolanzarote\\\/equipo\\\/\",\"url\":\"https:\\\/\\\/dolanzarote.com\\\/dolanzarote\\\/equipo\\\/\",\"name\":\"Team - D.O. Lanzarote\",\"isPartOf\":{\"@id\":\"https:\\\/\\\/dolanzarote.com\\\/de\\\/#website\"},\"datePublished\":\"2016-08-16T18:35:19+00:00\",\"dateModified\":\"2025-03-06T08:54:21+00:00\",\"breadcrumb\":{\"@id\":\"https:\\\/\\\/dolanzarote.com\\\/dolanzarote\\\/equipo\\\/#breadcrumb\"},\"inLanguage\":\"de\",\"potentialAction\":[{\"@type\":\"ReadAction\",\"target\":[\"https:\\\/\\\/dolanzarote.com\\\/dolanzarote\\\/equipo\\\/\"]}]},{\"@type\":\"BreadcrumbList\",\"@id\":\"https:\\\/\\\/dolanzarote.com\\\/dolanzarote\\\/equipo\\\/#breadcrumb\",\"itemListElement\":[{\"@type\":\"ListItem\",\"position\":1,\"name\":\"Portada\",\"item\":\"https:\\\/\\\/dolanzarote.com\\\/\"},{\"@type\":\"ListItem\",\"position\":2,\"name\":\"DOLanzarote\",\"item\":\"https:\\\/\\\/dolanzarote.com\\\/dolanzarote\\\/\"},{\"@type\":\"ListItem\",\"position\":3,\"name\":\"Equipo\"}]},{\"@type\":\"WebSite\",\"@id\":\"https:\\\/\\\/dolanzarote.com\\\/de\\\/#website\",\"url\":\"https:\\\/\\\/dolanzarote.com\\\/de\\\/\",\"name\":\"D.O. Lanzarote\",\"description\":\"Vinos de Lanzarote\",\"potentialAction\":[{\"@type\":\"SearchAction\",\"target\":{\"@type\":\"EntryPoint\",\"urlTemplate\":\"https:\\\/\\\/dolanzarote.com\\\/de\\\/?s={search_term_string}\"},\"query-input\":{\"@type\":\"PropertyValueSpecification\",\"valueRequired\":true,\"valueName\":\"search_term_string\"}}],\"inLanguage\":\"de\"}]}<\/script>\n<!-- \/ Yoast SEO plugin. -->","yoast_head_json":{"title":"Team - D.O. Lanzarote","robots":{"index":"index","follow":"follow","max-snippet":"max-snippet:-1","max-image-preview":"max-image-preview:large","max-video-preview":"max-video-preview:-1"},"canonical":"https:\/\/dolanzarote.com\/dolanzarote\/equipo\/","og_locale":"de_DE","og_type":"article","og_title":"Team - D.O. Lanzarote","og_description":"[vc_row row_type=&#8220;row&#8220; use_row_as_full_screen_section=&#8220;no&#8220; type=&#8220;grid&#8220; angled_section=&#8220;no&#8220; text_align=&#8220;left&#8220; background_image_as_pattern=&#8220;without_pattern&#8220; css_animation=&#8220;&#8220;][vc_column width=&#8220;1\/3&#8243; css=&#8220;.vc_custom_1473698118100{background-color: #353535 !important;}&#8220;][vc_column_text css=&#8220;.vc_custom_1741251192751{padding-top: 20px !important;padding-right: 20px !important;padding-bottom: 20px !important;padding-left: 20px !important;}&#8220;] Sitz des Rates Adresse Casa-Museo del Campesino Carretera Arrecife-Tinajo, 8 C.P. 35559 Mozaga Las Palmas Tel\u00e9fonos 928 52 10 48 E-MAIL info@dolanzarote.com &nbsp; \u00a0...","og_url":"https:\/\/dolanzarote.com\/dolanzarote\/equipo\/","og_site_name":"D.O. Lanzarote","article_modified_time":"2025-03-06T08:54:21+00:00","twitter_card":"summary_large_image","twitter_misc":{"Gesch\u00e4tzte Lesezeit":"2\u00a0Minuten"},"schema":{"@context":"https:\/\/schema.org","@graph":[{"@type":"WebPage","@id":"https:\/\/dolanzarote.com\/dolanzarote\/equipo\/","url":"https:\/\/dolanzarote.com\/dolanzarote\/equipo\/","name":"Team - D.O. Lanzarote","isPartOf":{"@id":"https:\/\/dolanzarote.com\/de\/#website"},"datePublished":"2016-08-16T18:35:19+00:00","dateModified":"2025-03-06T08:54:21+00:00","breadcrumb":{"@id":"https:\/\/dolanzarote.com\/dolanzarote\/equipo\/#breadcrumb"},"inLanguage":"de","potentialAction":[{"@type":"ReadAction","target":["https:\/\/dolanzarote.com\/dolanzarote\/equipo\/"]}]},{"@type":"BreadcrumbList","@id":"https:\/\/dolanzarote.com\/dolanzarote\/equipo\/#breadcrumb","itemListElement":[{"@type":"ListItem","position":1,"name":"Portada","item":"https:\/\/dolanzarote.com\/"},{"@type":"ListItem","position":2,"name":"DOLanzarote","item":"https:\/\/dolanzarote.com\/dolanzarote\/"},{"@type":"ListItem","position":3,"name":"Equipo"}]},{"@type":"WebSite","@id":"https:\/\/dolanzarote.com\/de\/#website","url":"https:\/\/dolanzarote.com\/de\/","name":"D.O. Lanzarote","description":"Vinos de Lanzarote","potentialAction":[{"@type":"SearchAction","target":{"@type":"EntryPoint","urlTemplate":"https:\/\/dolanzarote.com\/de\/?s={search_term_string}"},"query-input":{"@type":"PropertyValueSpecification","valueRequired":true,"valueName":"search_term_string"}}],"inLanguage":"de"}]}},"_links":{"self":[{"href":"https:\/\/dolanzarote.com\/de\/wp-json\/wp\/v2\/pages\/4611","targetHints":{"allow":["GET"]}}],"collection":[{"href":"https:\/\/dolanzarote.com\/de\/wp-json\/wp\/v2\/pages"}],"about":[{"href":"https:\/\/dolanzarote.com\/de\/wp-json\/wp\/v2\/types\/page"}],"author":[{"embeddable":true,"href":"https:\/\/dolanzarote.com\/de\/wp-json\/wp\/v2\/users\/1"}],"replies":[{"embeddable":true,"href":"https:\/\/dolanzarote.com\/de\/wp-json\/wp\/v2\/comments?post=4611"}],"version-history":[{"count":52,"href":"https:\/\/dolanzarote.com\/de\/wp-json\/wp\/v2\/pages\/4611\/revisions"}],"predecessor-version":[{"id":10510,"href":"https:\/\/dolanzarote.com\/de\/wp-json\/wp\/v2\/pages\/4611\/revisions\/10510"}],"up":[{"embeddable":true,"href":"https:\/\/dolanzarote.com\/de\/wp-json\/wp\/v2\/pages\/4594"}],"wp:attachment":[{"href":"https:\/\/dolanzarote.com\/de\/wp-json\/wp\/v2\/media?parent=4611"}],"curies":[{"name":"wp","href":"https:\/\/api.w.org\/{rel}","templated":true}]}}